{"id":1607,"date":"2019-02-13T12:25:45","date_gmt":"2019-02-13T11:25:45","guid":{"rendered":"https:\/\/www.tec4net.com\/web\/?page_id=1607"},"modified":"2019-03-15T15:44:10","modified_gmt":"2019-03-15T14:44:10","slug":"it-sa-nuernberg","status":"publish","type":"page","link":"https:\/\/www.tec4net.com\/web\/it-sa-nuernberg\/","title":{"rendered":"Messeauftritt"},"content":{"rendered":"<p>[vc_row full_width=&#8220;stretch_row&#8220; equal_height=&#8220;yes&#8220; css=&#8220;.vc_custom_1550058233678{margin-top: -85px !important;padding-top: 50px !important;padding-bottom: 30px !important;background-color: #f0f0f0 !important;}&#8220;][vc_column width=&#8220;1\/4&#8243;][vc_column_text]<\/p>\n<h2 style=\"text-align: right;\"><span style=\"color: #026198;\">IT-SA N\u00dcRNBERG<\/span><\/h2>\n<p style=\"text-align: right;\"><span style=\"color: #026198;\"><strong>Die tec4net konnte sich vom 10. bis 12. Oktober 2017 erfolgreich auf der Messe it-sa in N\u00fcrnberg pr\u00e4sentieren. Gezeigt wurden Ausz\u00fcge Leistungsangebot des IT-Dienstleisters.<\/strong><\/span><\/p>\n<p>[\/vc_column_text][\/vc_column][vc_column width=&#8220;3\/4&#8243;][vc_single_image image=&#8220;2001&#8243; img_size=&#8220;full&#8220; css_animation=&#8220;fadeInUp&#8220;][\/vc_column][\/vc_row][vc_row][vc_column][vc_empty_space height=&#8220;30px&#8220;][\/vc_column][\/vc_row][vc_row][vc_column width=&#8220;1\/4&#8243;][vc_single_image image=&#8220;1625&#8243; img_size=&#8220;100&#215;90&#8243; alignment=&#8220;center&#8220; css=&#8220;.vc_custom_1550059558988{margin-top: 0px !important;padding-top: 10px !important;}&#8220;][\/vc_column][vc_column width=&#8220;3\/4&#8243;][vc_column_text]Mit Unterst\u00fctzung eines Partners konnte das Unternehmen IT-Security-Verfahren in Verbindung mit Bladecentern als Plattform f\u00fcr den Mittelstand pr\u00e4sentieren. Durch die Kombination von Bladeservern und Virtualisierungstechnologien, ist es m\u00f6glich ein kleines Rechenzentrum mit Komponenten wie Servern, Switches und der Netzwerkinfrastruktur auf engem Raum abzubilden.<\/p>\n<p>Durch die mitgebrachte Teststellung gelang es der Firma tec4net die IT-Infrastruktur eines Unternehmens mit ca. 100 Mitarbeitern nachzubilden und Interessierten m\u00f6gliche Sicherheitsl\u00fccken aufzuzeigen. Im zweiten Schritt wurden Risiken und m\u00f6gliche Gegenma\u00dfnahmen gem\u00e4\u00df den Vorgaben des Sicherheitsstandards ISO\/IEC 27001 besprochen.<\/p>\n<p>Als zweiten Messeschwerpunkt befasste sich die Firma tec4net mit dem Thema Datenschutz und Compliance im modernen Unternehmen. Neben der Verteilung diverser Infomaterialien gab es einen Vortrag zu diesen Themen.<\/p>\n<p>Die it-sa in N\u00fcrnberg ist die gr\u00f6\u00dfte IT-Security Messe in Europa und eine der bedeutendsten Platt-formen f\u00fcr Cloud-, Mobile-und Cyber Security sowie Daten- und Netzwerksicherheit weltweit. Rund 700 Aussteller pr\u00e4sentieren mehr als 14.000 Besuchern j\u00e4hrlich ihre Produkte und Dienstleistungen rund um die IT-Sicherheit.[\/vc_column_text][\/vc_column][\/vc_row]<\/p>\n","protected":false},"excerpt":{"rendered":"<p>[vc_row full_width=&#8220;stretch_row&#8220; equal_height=&#8220;yes&#8220; css=&#8220;.vc_custom_1550058233678{margin-top: -85px !important;padding-top: 50px !important;padding-bottom: 30px !important;background-color: #f0f0f0 !important;}&#8220;][vc_column width=&#8220;1\/4&#8243;][vc_column_text] IT-SA N\u00dcRNBERG Die tec4net konnte sich vom 10. bis 12. Oktober 2017 erfolgreich auf der Messe it-sa in N\u00fcrnberg pr\u00e4sentieren. Gezeigt wurden Ausz\u00fcge Leistungsangebot des IT-Dienstleisters. [\/vc_column_text][\/vc_column][vc_column width=&#8220;3\/4&#8243;][vc_single_image image=&#8220;2001&#8243; img_size=&#8220;full&#8220; css_animation=&#8220;fadeInUp&#8220;][\/vc_column][\/vc_row][vc_row][vc_column][vc_empty_space height=&#8220;30px&#8220;][\/vc_column][\/vc_row][vc_row][vc_column width=&#8220;1\/4&#8243;][vc_single_image image=&#8220;1625&#8243; img_size=&#8220;100&#215;90&#8243; alignment=&#8220;center&#8220; css=&#8220;.vc_custom_1550059558988{margin-top: [&hellip;]<\/p>\n","protected":false},"author":1,"featured_media":0,"parent":0,"menu_order":0,"comment_status":"closed","ping_status":"closed","template":"","meta":[],"yoast_head":"<!-- This site is optimized with the Yoast SEO plugin v21.5 - https:\/\/yoast.com\/wordpress\/plugins\/seo\/ -->\n<title>Messeauftritt - tec4net<\/title>\n<meta name=\"description\" content=\"Mit Unterst\u00fctzung eines Partners konnte das Unternehmen IT-Security-Verfahren in Verbindung mit Bladecentern als Plattform f\u00fcr den Mittelstand pr\u00e4sentieren. Durch die Kombination von Bladeservern und Virtualisierungstechnologien, ist es m\u00f6glich ein kleines Rechenzentrum mit Komponenten wie Servern, Switches und der Netzwerkinfrastruktur auf engem Raum abzubilden.\" \/>\n<meta name=\"robots\" content=\"index, follow, max-snippet:-1, max-image-preview:large, max-video-preview:-1\" \/>\n<link rel=\"canonical\" href=\"https:\/\/www.tec4net.com\/web\/it-sa-nuernberg\/\" \/>\n<meta property=\"og:locale\" content=\"de_DE\" \/>\n<meta property=\"og:type\" content=\"article\" \/>\n<meta property=\"og:title\" content=\"Messeauftritt - tec4net\" \/>\n<meta property=\"og:description\" content=\"Mit Unterst\u00fctzung eines Partners konnte das Unternehmen IT-Security-Verfahren in Verbindung mit Bladecentern als Plattform f\u00fcr den Mittelstand pr\u00e4sentieren. Durch die Kombination von Bladeservern und Virtualisierungstechnologien, ist es m\u00f6glich ein kleines Rechenzentrum mit Komponenten wie Servern, Switches und der Netzwerkinfrastruktur auf engem Raum abzubilden.\" \/>\n<meta property=\"og:url\" content=\"https:\/\/www.tec4net.com\/web\/it-sa-nuernberg\/\" \/>\n<meta property=\"og:site_name\" content=\"tec4net\" \/>\n<meta property=\"article:modified_time\" content=\"2019-03-15T14:44:10+00:00\" \/>\n<meta name=\"twitter:card\" content=\"summary_large_image\" \/>\n<meta name=\"twitter:label1\" content=\"Gesch\u00e4tzte Lesezeit\" \/>\n\t<meta name=\"twitter:data1\" content=\"2\u00a0Minuten\" \/>\n<script type=\"application\/ld+json\" class=\"yoast-schema-graph\">{\"@context\":\"https:\/\/schema.org\",\"@graph\":[{\"@type\":\"WebPage\",\"@id\":\"https:\/\/www.tec4net.com\/web\/it-sa-nuernberg\/\",\"url\":\"https:\/\/www.tec4net.com\/web\/it-sa-nuernberg\/\",\"name\":\"Messeauftritt - tec4net\",\"isPartOf\":{\"@id\":\"https:\/\/www.tec4net.com\/web\/#website\"},\"datePublished\":\"2019-02-13T11:25:45+00:00\",\"dateModified\":\"2019-03-15T14:44:10+00:00\",\"description\":\"Mit Unterst\u00fctzung eines Partners konnte das Unternehmen IT-Security-Verfahren in Verbindung mit Bladecentern als Plattform f\u00fcr den Mittelstand pr\u00e4sentieren. Durch die Kombination von Bladeservern und Virtualisierungstechnologien, ist es m\u00f6glich ein kleines Rechenzentrum mit Komponenten wie Servern, Switches und der Netzwerkinfrastruktur auf engem Raum abzubilden.\",\"breadcrumb\":{\"@id\":\"https:\/\/www.tec4net.com\/web\/it-sa-nuernberg\/#breadcrumb\"},\"inLanguage\":\"de\",\"potentialAction\":[{\"@type\":\"ReadAction\",\"target\":[\"https:\/\/www.tec4net.com\/web\/it-sa-nuernberg\/\"]}]},{\"@type\":\"BreadcrumbList\",\"@id\":\"https:\/\/www.tec4net.com\/web\/it-sa-nuernberg\/#breadcrumb\",\"itemListElement\":[{\"@type\":\"ListItem\",\"position\":1,\"name\":\"Startseite\",\"item\":\"https:\/\/www.tec4net.com\/web\/\"},{\"@type\":\"ListItem\",\"position\":2,\"name\":\"Messeauftritt\"}]},{\"@type\":\"WebSite\",\"@id\":\"https:\/\/www.tec4net.com\/web\/#website\",\"url\":\"https:\/\/www.tec4net.com\/web\/\",\"name\":\"tec4net\",\"description\":\"Ihr starker IT-Partner\",\"publisher\":{\"@id\":\"https:\/\/www.tec4net.com\/web\/#organization\"},\"potentialAction\":[{\"@type\":\"SearchAction\",\"target\":{\"@type\":\"EntryPoint\",\"urlTemplate\":\"https:\/\/www.tec4net.com\/web\/?s={search_term_string}\"},\"query-input\":\"required name=search_term_string\"}],\"inLanguage\":\"de\"},{\"@type\":\"Organization\",\"@id\":\"https:\/\/www.tec4net.com\/web\/#organization\",\"name\":\"tec4net\",\"url\":\"https:\/\/www.tec4net.com\/web\/\",\"logo\":{\"@type\":\"ImageObject\",\"inLanguage\":\"de\",\"@id\":\"https:\/\/www.tec4net.com\/web\/#\/schema\/logo\/image\/\",\"url\":\"https:\/\/www.tec4net.com\/web\/wp-content\/uploads\/2018\/12\/t4n_Logo_startseite.png\",\"contentUrl\":\"https:\/\/www.tec4net.com\/web\/wp-content\/uploads\/2018\/12\/t4n_Logo_startseite.png\",\"width\":178,\"height\":163,\"caption\":\"tec4net\"},\"image\":{\"@id\":\"https:\/\/www.tec4net.com\/web\/#\/schema\/logo\/image\/\"}}]}<\/script>\n<!-- \/ Yoast SEO plugin. -->","yoast_head_json":{"title":"Messeauftritt - tec4net","description":"Mit Unterst\u00fctzung eines Partners konnte das Unternehmen IT-Security-Verfahren in Verbindung mit Bladecentern als Plattform f\u00fcr den Mittelstand pr\u00e4sentieren. Durch die Kombination von Bladeservern und Virtualisierungstechnologien, ist es m\u00f6glich ein kleines Rechenzentrum mit Komponenten wie Servern, Switches und der Netzwerkinfrastruktur auf engem Raum abzubilden.","robots":{"index":"index","follow":"follow","max-snippet":"max-snippet:-1","max-image-preview":"max-image-preview:large","max-video-preview":"max-video-preview:-1"},"canonical":"https:\/\/www.tec4net.com\/web\/it-sa-nuernberg\/","og_locale":"de_DE","og_type":"article","og_title":"Messeauftritt - tec4net","og_description":"Mit Unterst\u00fctzung eines Partners konnte das Unternehmen IT-Security-Verfahren in Verbindung mit Bladecentern als Plattform f\u00fcr den Mittelstand pr\u00e4sentieren. Durch die Kombination von Bladeservern und Virtualisierungstechnologien, ist es m\u00f6glich ein kleines Rechenzentrum mit Komponenten wie Servern, Switches und der Netzwerkinfrastruktur auf engem Raum abzubilden.","og_url":"https:\/\/www.tec4net.com\/web\/it-sa-nuernberg\/","og_site_name":"tec4net","article_modified_time":"2019-03-15T14:44:10+00:00","twitter_card":"summary_large_image","twitter_misc":{"Gesch\u00e4tzte Lesezeit":"2\u00a0Minuten"},"schema":{"@context":"https:\/\/schema.org","@graph":[{"@type":"WebPage","@id":"https:\/\/www.tec4net.com\/web\/it-sa-nuernberg\/","url":"https:\/\/www.tec4net.com\/web\/it-sa-nuernberg\/","name":"Messeauftritt - tec4net","isPartOf":{"@id":"https:\/\/www.tec4net.com\/web\/#website"},"datePublished":"2019-02-13T11:25:45+00:00","dateModified":"2019-03-15T14:44:10+00:00","description":"Mit Unterst\u00fctzung eines Partners konnte das Unternehmen IT-Security-Verfahren in Verbindung mit Bladecentern als Plattform f\u00fcr den Mittelstand pr\u00e4sentieren. Durch die Kombination von Bladeservern und Virtualisierungstechnologien, ist es m\u00f6glich ein kleines Rechenzentrum mit Komponenten wie Servern, Switches und der Netzwerkinfrastruktur auf engem Raum abzubilden.","breadcrumb":{"@id":"https:\/\/www.tec4net.com\/web\/it-sa-nuernberg\/#breadcrumb"},"inLanguage":"de","potentialAction":[{"@type":"ReadAction","target":["https:\/\/www.tec4net.com\/web\/it-sa-nuernberg\/"]}]},{"@type":"BreadcrumbList","@id":"https:\/\/www.tec4net.com\/web\/it-sa-nuernberg\/#breadcrumb","itemListElement":[{"@type":"ListItem","position":1,"name":"Startseite","item":"https:\/\/www.tec4net.com\/web\/"},{"@type":"ListItem","position":2,"name":"Messeauftritt"}]},{"@type":"WebSite","@id":"https:\/\/www.tec4net.com\/web\/#website","url":"https:\/\/www.tec4net.com\/web\/","name":"tec4net","description":"Ihr starker IT-Partner","publisher":{"@id":"https:\/\/www.tec4net.com\/web\/#organization"},"potentialAction":[{"@type":"SearchAction","target":{"@type":"EntryPoint","urlTemplate":"https:\/\/www.tec4net.com\/web\/?s={search_term_string}"},"query-input":"required name=search_term_string"}],"inLanguage":"de"},{"@type":"Organization","@id":"https:\/\/www.tec4net.com\/web\/#organization","name":"tec4net","url":"https:\/\/www.tec4net.com\/web\/","logo":{"@type":"ImageObject","inLanguage":"de","@id":"https:\/\/www.tec4net.com\/web\/#\/schema\/logo\/image\/","url":"https:\/\/www.tec4net.com\/web\/wp-content\/uploads\/2018\/12\/t4n_Logo_startseite.png","contentUrl":"https:\/\/www.tec4net.com\/web\/wp-content\/uploads\/2018\/12\/t4n_Logo_startseite.png","width":178,"height":163,"caption":"tec4net"},"image":{"@id":"https:\/\/www.tec4net.com\/web\/#\/schema\/logo\/image\/"}}]}},"_links":{"self":[{"href":"https:\/\/www.tec4net.com\/web\/wp-json\/wp\/v2\/pages\/1607"}],"collection":[{"href":"https:\/\/www.tec4net.com\/web\/wp-json\/wp\/v2\/pages"}],"about":[{"href":"https:\/\/www.tec4net.com\/web\/wp-json\/wp\/v2\/types\/page"}],"author":[{"embeddable":true,"href":"https:\/\/www.tec4net.com\/web\/wp-json\/wp\/v2\/users\/1"}],"replies":[{"embeddable":true,"href":"https:\/\/www.tec4net.com\/web\/wp-json\/wp\/v2\/comments?post=1607"}],"version-history":[{"count":33,"href":"https:\/\/www.tec4net.com\/web\/wp-json\/wp\/v2\/pages\/1607\/revisions"}],"predecessor-version":[{"id":2048,"href":"https:\/\/www.tec4net.com\/web\/wp-json\/wp\/v2\/pages\/1607\/revisions\/2048"}],"wp:attachment":[{"href":"https:\/\/www.tec4net.com\/web\/wp-json\/wp\/v2\/media?parent=1607"}],"curies":[{"name":"wp","href":"https:\/\/api.w.org\/{rel}","templated":true}]}}