{"id":1997,"date":"2019-02-21T09:27:15","date_gmt":"2019-02-21T08:27:15","guid":{"rendered":"https:\/\/www.tec4net.com\/web\/?page_id=1997"},"modified":"2019-03-15T16:07:07","modified_gmt":"2019-03-15T15:07:07","slug":"standorte","status":"publish","type":"page","link":"https:\/\/www.tec4net.com\/web\/standorte\/","title":{"rendered":"Standorte"},"content":{"rendered":"<p>[vc_row][vc_column][vc_single_image image=&#8220;740&#8243; img_size=&#8220;full&#8220; alignment=&#8220;right&#8220;][\/vc_column][\/vc_row][vc_row full_width=&#8220;stretch_row&#8220; content_placement=&#8220;top&#8220; css=&#8220;.vc_custom_1544353595998{background-position: center !important;background-repeat: no-repeat !important;background-size: contain !important;}&#8220;][vc_column width=&#8220;1\/4&#8243;][vc_column_text]<\/p>\n<h4 style=\"text-align: right;\"><span style=\"color: #026198;\">STANDORTE<\/span><\/h4>\n<p>[\/vc_column_text][\/vc_column][vc_column width=&#8220;1\/4&#8243;][vc_column_text]<strong>B\u00dcRO M\u00dcNCHEN<\/strong><br \/>\ntec4net GmbH<br \/>\nLohenstra\u00dfe 13<br \/>\n82166 Gr\u00e4felfing<\/p>\n<p>Tel.: +49 (89) 54043630<\/p>\n<p>Gesch\u00e4ftszeiten:<br \/>\nMontag bis Freitag 9.00 bis 17.00 Uhr<\/p>\n<hr \/>\n<p><strong>B\u00dcRO BERLIN<\/strong><br \/>\ntec4net GmbH<br \/>\nKilstetter Stra\u00dfe 33a<br \/>\n14167 Berlin<\/p>\n<p>Tel: +49 (30) 57703130<\/p>\n<p>Gesch\u00e4ftszeiten:<br \/>\nMontag bis Freitag 9.00 bis 17.00 Uhr<\/p>\n<hr \/>\n<p><strong>B\u00dcRO N\u00dcRNBERG<\/strong><br \/>\ntec4net GmbH<br \/>\nPassauer Stra\u00dfe 7<br \/>\n90480 N\u00fcrnberg<\/p>\n<p>Tel: +49 (911) 14879820<\/p>\n<p>Gesch\u00e4ftszeiten:<br \/>\nMontag bis Freitag 9.00 bis 17.00 Uhr[\/vc_column_text][\/vc_column][vc_column width=&#8220;1\/2&#8243;][vc_single_image image=&#8220;855&#8243; img_size=&#8220;full&#8220; alignment=&#8220;center&#8220; css_animation=&#8220;flipInX&#8220;][\/vc_column][\/vc_row]<\/p>\n","protected":false},"excerpt":{"rendered":"<p>[vc_row][vc_column][vc_single_image image=&#8220;740&#8243; img_size=&#8220;full&#8220; alignment=&#8220;right&#8220;][\/vc_column][\/vc_row][vc_row full_width=&#8220;stretch_row&#8220; content_placement=&#8220;top&#8220; css=&#8220;.vc_custom_1544353595998{background-position: center !important;background-repeat: no-repeat !important;background-size: contain !important;}&#8220;][vc_column width=&#8220;1\/4&#8243;][vc_column_text] STANDORTE [\/vc_column_text][\/vc_column][vc_column width=&#8220;1\/4&#8243;][vc_column_text]B\u00dcRO M\u00dcNCHEN tec4net GmbH Lohenstra\u00dfe 13 82166 Gr\u00e4felfing Tel.: +49 (89) 54043630 Gesch\u00e4ftszeiten: Montag bis Freitag 9.00 bis 17.00 Uhr B\u00dcRO BERLIN tec4net GmbH Kilstetter Stra\u00dfe 33a 14167 Berlin Tel: +49 (30) 57703130 Gesch\u00e4ftszeiten: [&hellip;]<\/p>\n","protected":false},"author":1,"featured_media":0,"parent":0,"menu_order":0,"comment_status":"closed","ping_status":"closed","template":"","meta":[],"yoast_head":"<!-- This site is optimized with the Yoast SEO plugin v21.5 - https:\/\/yoast.com\/wordpress\/plugins\/seo\/ -->\n<title>Standorte - tec4net<\/title>\n<meta name=\"description\" content=\"M\u00fcnchen, Berlin, N\u00fcrnberg\" \/>\n<meta name=\"robots\" content=\"index, follow, max-snippet:-1, max-image-preview:large, max-video-preview:-1\" \/>\n<link rel=\"canonical\" href=\"https:\/\/www.tec4net.com\/web\/standorte\/\" \/>\n<meta property=\"og:locale\" content=\"de_DE\" \/>\n<meta property=\"og:type\" content=\"article\" \/>\n<meta property=\"og:title\" content=\"Standorte - tec4net\" \/>\n<meta property=\"og:description\" content=\"M\u00fcnchen, Berlin, N\u00fcrnberg\" \/>\n<meta property=\"og:url\" content=\"https:\/\/www.tec4net.com\/web\/standorte\/\" \/>\n<meta property=\"og:site_name\" content=\"tec4net\" \/>\n<meta property=\"article:modified_time\" content=\"2019-03-15T15:07:07+00:00\" \/>\n<meta name=\"twitter:card\" content=\"summary_large_image\" \/>\n<meta name=\"twitter:label1\" content=\"Gesch\u00e4tzte Lesezeit\" \/>\n\t<meta name=\"twitter:data1\" content=\"1\u00a0Minute\" \/>\n<script type=\"application\/ld+json\" class=\"yoast-schema-graph\">{\"@context\":\"https:\/\/schema.org\",\"@graph\":[{\"@type\":\"WebPage\",\"@id\":\"https:\/\/www.tec4net.com\/web\/standorte\/\",\"url\":\"https:\/\/www.tec4net.com\/web\/standorte\/\",\"name\":\"Standorte - tec4net\",\"isPartOf\":{\"@id\":\"https:\/\/www.tec4net.com\/web\/#website\"},\"datePublished\":\"2019-02-21T08:27:15+00:00\",\"dateModified\":\"2019-03-15T15:07:07+00:00\",\"description\":\"M\u00fcnchen, Berlin, N\u00fcrnberg\",\"breadcrumb\":{\"@id\":\"https:\/\/www.tec4net.com\/web\/standorte\/#breadcrumb\"},\"inLanguage\":\"de\",\"potentialAction\":[{\"@type\":\"ReadAction\",\"target\":[\"https:\/\/www.tec4net.com\/web\/standorte\/\"]}]},{\"@type\":\"BreadcrumbList\",\"@id\":\"https:\/\/www.tec4net.com\/web\/standorte\/#breadcrumb\",\"itemListElement\":[{\"@type\":\"ListItem\",\"position\":1,\"name\":\"Startseite\",\"item\":\"https:\/\/www.tec4net.com\/web\/\"},{\"@type\":\"ListItem\",\"position\":2,\"name\":\"Standorte\"}]},{\"@type\":\"WebSite\",\"@id\":\"https:\/\/www.tec4net.com\/web\/#website\",\"url\":\"https:\/\/www.tec4net.com\/web\/\",\"name\":\"tec4net\",\"description\":\"Ihr starker IT-Partner\",\"publisher\":{\"@id\":\"https:\/\/www.tec4net.com\/web\/#organization\"},\"potentialAction\":[{\"@type\":\"SearchAction\",\"target\":{\"@type\":\"EntryPoint\",\"urlTemplate\":\"https:\/\/www.tec4net.com\/web\/?s={search_term_string}\"},\"query-input\":\"required name=search_term_string\"}],\"inLanguage\":\"de\"},{\"@type\":\"Organization\",\"@id\":\"https:\/\/www.tec4net.com\/web\/#organization\",\"name\":\"tec4net\",\"url\":\"https:\/\/www.tec4net.com\/web\/\",\"logo\":{\"@type\":\"ImageObject\",\"inLanguage\":\"de\",\"@id\":\"https:\/\/www.tec4net.com\/web\/#\/schema\/logo\/image\/\",\"url\":\"https:\/\/www.tec4net.com\/web\/wp-content\/uploads\/2018\/12\/t4n_Logo_startseite.png\",\"contentUrl\":\"https:\/\/www.tec4net.com\/web\/wp-content\/uploads\/2018\/12\/t4n_Logo_startseite.png\",\"width\":178,\"height\":163,\"caption\":\"tec4net\"},\"image\":{\"@id\":\"https:\/\/www.tec4net.com\/web\/#\/schema\/logo\/image\/\"}}]}<\/script>\n<!-- \/ Yoast SEO plugin. -->","yoast_head_json":{"title":"Standorte - tec4net","description":"M\u00fcnchen, Berlin, N\u00fcrnberg","robots":{"index":"index","follow":"follow","max-snippet":"max-snippet:-1","max-image-preview":"max-image-preview:large","max-video-preview":"max-video-preview:-1"},"canonical":"https:\/\/www.tec4net.com\/web\/standorte\/","og_locale":"de_DE","og_type":"article","og_title":"Standorte - tec4net","og_description":"M\u00fcnchen, Berlin, N\u00fcrnberg","og_url":"https:\/\/www.tec4net.com\/web\/standorte\/","og_site_name":"tec4net","article_modified_time":"2019-03-15T15:07:07+00:00","twitter_card":"summary_large_image","twitter_misc":{"Gesch\u00e4tzte Lesezeit":"1\u00a0Minute"},"schema":{"@context":"https:\/\/schema.org","@graph":[{"@type":"WebPage","@id":"https:\/\/www.tec4net.com\/web\/standorte\/","url":"https:\/\/www.tec4net.com\/web\/standorte\/","name":"Standorte - tec4net","isPartOf":{"@id":"https:\/\/www.tec4net.com\/web\/#website"},"datePublished":"2019-02-21T08:27:15+00:00","dateModified":"2019-03-15T15:07:07+00:00","description":"M\u00fcnchen, Berlin, N\u00fcrnberg","breadcrumb":{"@id":"https:\/\/www.tec4net.com\/web\/standorte\/#breadcrumb"},"inLanguage":"de","potentialAction":[{"@type":"ReadAction","target":["https:\/\/www.tec4net.com\/web\/standorte\/"]}]},{"@type":"BreadcrumbList","@id":"https:\/\/www.tec4net.com\/web\/standorte\/#breadcrumb","itemListElement":[{"@type":"ListItem","position":1,"name":"Startseite","item":"https:\/\/www.tec4net.com\/web\/"},{"@type":"ListItem","position":2,"name":"Standorte"}]},{"@type":"WebSite","@id":"https:\/\/www.tec4net.com\/web\/#website","url":"https:\/\/www.tec4net.com\/web\/","name":"tec4net","description":"Ihr starker IT-Partner","publisher":{"@id":"https:\/\/www.tec4net.com\/web\/#organization"},"potentialAction":[{"@type":"SearchAction","target":{"@type":"EntryPoint","urlTemplate":"https:\/\/www.tec4net.com\/web\/?s={search_term_string}"},"query-input":"required name=search_term_string"}],"inLanguage":"de"},{"@type":"Organization","@id":"https:\/\/www.tec4net.com\/web\/#organization","name":"tec4net","url":"https:\/\/www.tec4net.com\/web\/","logo":{"@type":"ImageObject","inLanguage":"de","@id":"https:\/\/www.tec4net.com\/web\/#\/schema\/logo\/image\/","url":"https:\/\/www.tec4net.com\/web\/wp-content\/uploads\/2018\/12\/t4n_Logo_startseite.png","contentUrl":"https:\/\/www.tec4net.com\/web\/wp-content\/uploads\/2018\/12\/t4n_Logo_startseite.png","width":178,"height":163,"caption":"tec4net"},"image":{"@id":"https:\/\/www.tec4net.com\/web\/#\/schema\/logo\/image\/"}}]}},"_links":{"self":[{"href":"https:\/\/www.tec4net.com\/web\/wp-json\/wp\/v2\/pages\/1997"}],"collection":[{"href":"https:\/\/www.tec4net.com\/web\/wp-json\/wp\/v2\/pages"}],"about":[{"href":"https:\/\/www.tec4net.com\/web\/wp-json\/wp\/v2\/types\/page"}],"author":[{"embeddable":true,"href":"https:\/\/www.tec4net.com\/web\/wp-json\/wp\/v2\/users\/1"}],"replies":[{"embeddable":true,"href":"https:\/\/www.tec4net.com\/web\/wp-json\/wp\/v2\/comments?post=1997"}],"version-history":[{"count":2,"href":"https:\/\/www.tec4net.com\/web\/wp-json\/wp\/v2\/pages\/1997\/revisions"}],"predecessor-version":[{"id":2053,"href":"https:\/\/www.tec4net.com\/web\/wp-json\/wp\/v2\/pages\/1997\/revisions\/2053"}],"wp:attachment":[{"href":"https:\/\/www.tec4net.com\/web\/wp-json\/wp\/v2\/media?parent=1997"}],"curies":[{"name":"wp","href":"https:\/\/api.w.org\/{rel}","templated":true}]}}