{"id":2567,"date":"2023-11-14T23:08:05","date_gmt":"2023-11-14T22:08:05","guid":{"rendered":"https:\/\/www.tec4net.com\/web\/?page_id=2567"},"modified":"2025-04-15T14:39:02","modified_gmt":"2025-04-15T12:39:02","slug":"website-compliance","status":"publish","type":"page","link":"https:\/\/www.tec4net.com\/web\/website-compliance\/","title":{"rendered":"Website-Compliance"},"content":{"rendered":"<p>[vc_row full_width=&#8220;stretch_row&#8220; equal_height=&#8220;yes&#8220; css=&#8220;.vc_custom_1544084854793{margin-top: -85px !important;padding-top: 50px !important;padding-bottom: 30px !important;background-color: #f0f0f0 !important;}&#8220;][vc_column width=&#8220;1\/4&#8243;][vc_column_text]<\/p>\n<h2 style=\"text-align: right;\"><span style=\"color: #026198;\">Website-Compliance<\/span><\/h2>\n<p style=\"text-align: right;\"><strong><span style=\"color: #026198;\">Datenschutz und Rechtskonformit\u00e4t sind f\u00fcr Webseiten von entscheidender Bedeutung. Die Einhaltung gesetzlicher Vorschriften ist nicht nur eine Notwendigkeit, sondern erh\u00f6ht das Ansehen Ihres Unternehmens und st\u00e4rkt das Vertrauen der Besucher.<br \/>\n<\/span><\/strong><\/p>\n<p style=\"text-align: right;\"><strong><span style=\"color: #026198;\">\u00a0<\/span><\/strong><\/p>\n<p style=\"text-align: right;\"><strong><span style=\"color: #026198;\">\u00a0<\/span><\/strong><\/p>\n<p>[\/vc_column_text][\/vc_column][vc_column width=&#8220;3\/4&#8243;][vc_single_image image=&#8220;627&#8243; img_size=&#8220;full&#8220; alignment=&#8220;center&#8220; style=&#8220;vc_box_shadow_3d&#8220; css_animation=&#8220;fadeInUp&#8220;][\/vc_column][\/vc_row][vc_row css=&#8220;.vc_custom_1544085464815{padding-top: 20px !important;}&#8220;][vc_column width=&#8220;1\/4&#8243;][vc_single_image image=&#8220;633&#8243; img_size=&#8220;200&#215;128&#8243; alignment=&#8220;center&#8220;][vc_empty_space][\/vc_column][vc_column width=&#8220;3\/4&#8243;][vc_column_text css=&#8220;.vc_custom_1743805610232{padding-bottom: 20px !important;}&#8220;]<\/p>\n<div class=\"wpb_text_column wpb_content_element vc_custom_1743789278813\">\n<div class=\"wpb_wrapper\">\n<h3><strong>Datenschutzkonforme Webseiten f\u00fcr Unternehmen<\/strong><\/h3>\n<\/div>\n<\/div>\n<p>[\/vc_column_text][vc_column_text css=&#8220;.vc_custom_1743810047474{padding-bottom: 20px !important;}&#8220;]<\/p>\n<div class=\"wpb_text_column wpb_content_element vc_custom_1743789278813\">\n<div class=\"wpb_wrapper\">\n<h4><strong>Sch\u00fctzen Sie Ihr Unternehmen vor Abmahnungen und Bu\u00dfgeldern!<\/strong><\/h4>\n<p>Eine nicht rechtskonforme Webseite kann teuer werden: Verst\u00f6\u00dfe gegen Datenschutzvorgaben wie die DSGVO f\u00fchren zu Abmahnungen, Bu\u00dfgeldern und Klagen. Doch nicht nur finanzielle Sch\u00e4den drohen \u2013 auch das Vertrauen Ihrer Kunden und die Reputation Ihres Unternehmens k\u00f6nnen erheblichen Schaden nehmen.<\/p>\n<p>Im Tagesgesch\u00e4ft stellen wir leider dennoch fest, dass Webseiten von Unternehmen teilweise gravierende datenschutzrechtliche M\u00e4ngel aufweisen. Die Verantwortlichen wissen oft nichts davon und somit auch nicht, welche rechtlichen Folgen daraus resultieren k\u00f6nnen. Vereinzelt werden datenschutzrechtliche Vorgaben aber auch vors\u00e4tzlich strapaziert. In einigen F\u00e4llen wurde bei der Erstellung der Webseite schlichtweg nicht bedacht, dass es aus fachlichen Gr\u00fcnden nicht in den Aufgabenbereich des Webentwicklers f\u00e4llt, datenschutzrechtliche Fragestellungen zu ber\u00fccksichtigen.<\/p>\n<\/div>\n<\/div>\n<p>[\/vc_column_text][\/vc_column][\/vc_row][vc_row][vc_column width=&#8220;1\/4&#8243;][vc_empty_space][\/vc_column][vc_column width=&#8220;3\/4&#8243;][vc_empty_space][vc_column_text css=&#8220;.vc_custom_1743810881617{padding-bottom: 20px !important;}&#8220;]<\/p>\n<h4>Unsere Beratungsleistung<\/h4>\n<p>Als Experten f\u00fcr Datenschutz unterst\u00fctzen wir Unternehmen sowohl bei der Erstellung einer rechtskonformen neuen Webseite als auch bei der \u00dcberpr\u00fcfung bestehender Seiten auf datenschutzrechtliche Konformit\u00e4t.[\/vc_column_text][\/vc_column][\/vc_row][vc_row][vc_column width=&#8220;1\/4&#8243;][vc_empty_space][\/vc_column][vc_column width=&#8220;1\/3&#8243;][vc_column_text]<\/p>\n<h4><span style=\"color: #026198;\">Beratung zur Gestaltung<br \/>\n<\/span><\/h4>\n<p><span style=\"color: #026198;\">\u2192\u00a0\u00a0 DATENSCHUTZERKL\u00c4RUNG<br \/>\n<\/span><\/p>\n<hr \/>\n<p><span style=\"color: #026198;\">\u2192\u00a0\u00a0 HINWEIS ZU HAFTUNG UND RECHT<br \/>\n<\/span><\/p>\n<hr \/>\n<p><span style=\"color: #026198;\">\u2192\u00a0\u00a0 RECHTSKONFORMES IMPRESSUM<br \/>\n<\/span><\/p>\n<hr \/>\n<p><span style=\"color: #026198;\">\u2192\u00a0\u00a0 EINWILLIGUNGSMANAGEMENT<br \/>\n<\/span><\/p>\n<hr \/>\n<p><span style=\"color: #026198;\">\u2192\u00a0\u00a0 COOKIEBANNER &amp; ANALYSETOOL<br \/>\n<\/span><\/p>\n<hr \/>\n<p>[\/vc_column_text][\/vc_column][vc_column width=&#8220;1\/3&#8243;][vc_column_text]<\/p>\n<h4><span style=\"color: #026198;\">Compliance-Check<br \/>\n<\/span><\/h4>\n<p><span style=\"color: #026198;\">\u2192\u00a0\u00a0 ANALYSE DER WEBSEITE<br \/>\n<\/span><\/p>\n<hr \/>\n<p><span style=\"color: #026198;\">\u2192\u00a0\u00a0 BEWERTUNGSBERICHT<br \/>\n<\/span><\/p>\n<hr \/>\n<p><span style=\"color: #026198;\">\u2192\u00a0\u00a0 ABWEICHUNGSBERICHT<br \/>\n<\/span><\/p>\n<hr \/>\n<p><span style=\"color: #026198;\">\u2192\u00a0\u00a0 HANDLUNGSEMPFEHLUNG<br \/>\n<\/span><\/p>\n<hr \/>\n<p><span style=\"color: #026198;\">\u2192\u00a0\u00a0 KONFIGURATIONSEMPFEHLUNG<br \/>\n<\/span><\/p>\n<hr \/>\n<p>[\/vc_column_text][\/vc_column][\/vc_row][vc_row][vc_column width=&#8220;1\/4&#8243;][vc_empty_space][\/vc_column][vc_column width=&#8220;3\/4&#8243;][vc_empty_space][vc_column_text]<\/p>\n<p style=\"text-align: center;\">Infoblatt zum Download: \u00a0<a href=\"http:\/\/\u2192\u00a0\u00a0 tec4net_Infoblatt_Website-Compliance (0,3 MB)\" target=\"_blank\" rel=\"noopener noreferrer\">\u2192\u00a0 <\/a><a href=\"https:\/\/www.tec4net.com\/web\/wp-content\/uploads\/2025\/04\/tec4net_Infoblatt_Website-Compliance.pdf\" target=\"_blank\" rel=\"noopener noreferrer\">tec4net_Brosch\u00fcre_<\/a><a href=\"https:\/\/www.tec4net.com\/web\/wp-content\/uploads\/2025\/04\/tec4net_Infoblatt_Website-Compliance.pdf\" target=\"_blank\" rel=\"noopener noreferrer\">Website-Compliance (0,3 MB)<\/a><\/p>\n<p>[\/vc_column_text][vc_separator][vc_empty_space][\/vc_column][\/vc_row][vc_row][vc_column width=&#8220;1\/4&#8243;][vc_empty_space][\/vc_column][vc_column width=&#8220;3\/4&#8243; css=&#8220;.vc_custom_1743811723350{background-color: #f0f0f0 !important;}&#8220;][vc_column_text css=&#8220;.vc_custom_1743811472599{padding-bottom: 20px !important;}&#8220;]<\/p>\n<h4 style=\"text-align: left;\"><strong>Unsere Beratung umfasst unter anderem&#8230;<br \/>\n<\/strong><\/h4>\n<ul>\n<li><strong>Datenschutzerkl\u00e4rung &#8211;\u00a0<\/strong>Transparente Information \u00fcber die Datenverarbeitung<\/li>\n<li><strong>Zustimmungs- und Cookie-Banner &#8211;\u00a0<\/strong>Einwilligungsmanagement f\u00fcr Cookies und Tracking<\/li>\n<li><strong>Einwilligungsmanagement &#8211;\u00a0<\/strong>Opt-In\/Opt-Out-M\u00f6glichkeiten f\u00fcr personenbezogene Daten<\/li>\n<li><strong>Analysetools &#8211;\u00a0<\/strong>DSGVO-konforme Nutzung von Analyse- und Tracking-Tools (z.\u202fB. Google Analytics, Matomo)<\/li>\n<li><strong>SSL-\/TLS-Verschl\u00fcsselung &#8211;\u00a0<\/strong>Sicherstellung der Daten\u00fcbertragung<\/li>\n<li><strong>Kontakt- und Bewerbungsformulare &#8211;\u00a0<\/strong>DSGVO-konforme Gestaltung und Einbindung von Formularen<\/li>\n<li><strong>Auftragsverarbeitung &#8211;\u00a0<\/strong>Abschluss von AV-Vertr\u00e4gen mit den beteiligten Dienstleistern<\/li>\n<li><strong>Drittanbieter-Integrationen &#8211;\u00a0<\/strong>Pr\u00fcfung von Social-Media-Plugins und externen Inhalten<\/li>\n<li><strong>Serverstandort und Hosting &#8211;\u00a0<\/strong>Ber\u00fccksichtigung datenschutzrechtlicher Vorgaben zum Hosting<\/li>\n<\/ul>\n<p>[\/vc_column_text][vc_column_text css=&#8220;.vc_custom_1744720118834{padding-bottom: 20px !important;}&#8220;]<\/p>\n<p style=\"text-align: center;\"><strong>Details zu unserem Website-Compliance-Check<\/strong><\/p>\n<p>[\/vc_column_text][vc_btn title=&#8220;Website-Compliance-Check&#8220; style=&#8220;classic&#8220; align=&#8220;center&#8220; link=&#8220;url:https%3A%2F%2Fwww.tec4net.com%2Fweb%2Fwebsite-compliance-check|title:https%3A%2F%2Fwww.tec4net.com%2Fweb%2Fwebsite-compliance-check|target:%20_blank|&#8220;][vc_empty_space][\/vc_column][\/vc_row][vc_row][vc_column width=&#8220;1\/4&#8243;][vc_empty_space][\/vc_column][vc_column width=&#8220;3\/4&#8243;][vc_empty_space][vc_empty_space][vc_column_text]<\/p>\n<div class=\"wpb_text_column wpb_content_element \">\n<div class=\"wpb_wrapper\">\n<p style=\"text-align: center;\"><strong>Vertrauen Sie auf unsere Expertise!<\/strong><\/p>\n<p style=\"text-align: center;\">Seit 2003 beraten und auditieren wir in den Bereichen Datenschutz, IT-Sicherheit und Compliance. Unsere Fachexperten verbinden fundiertes rechtliches Wissen mit technischer Kompetenz, um regulatorische Vorgaben wie die DSGVO und NIS-2 sowie Sicherheitsstandards wie die ISO 27001 und TISAX in Unternehmen nachhaltig und zukunftssicher umzusetzen.<\/p>\n<\/div>\n<\/div>\n<p>[\/vc_column_text][vc_btn title=&#8220;\u2709 Kostenloses Erstgespr\u00e4ch&#8220; color=&#8220;pink&#8220; align=&#8220;center&#8220; link=&#8220;url:mailto%3Ainfo%40tec4net.com%3Fsubject%3DKostenloses%2520Erstgespr%25C3%25A4ch%2520-%2520Hinweisgeberschutzgesetz%20|||&#8220;][\/vc_column][\/vc_row][vc_row][vc_column width=&#8220;1\/4&#8243;][\/vc_column][vc_column width=&#8220;3\/4&#8243;][vc_empty_space][vc_empty_space][vc_column_text]<\/p>\n<p style=\"text-align: center;\"><strong>Qualifizierte Experten<\/strong><\/p>\n<p style=\"text-align: center;\">Datenschutzauditor (T\u00dcV)\u00a0 |\u00a0 Datenschutzbeauftragter (GDDcert)<br \/>\nFachanwalt Urheber- und Medienrecht<\/p>\n<p>[\/vc_column_text][\/vc_column][\/vc_row]<\/p>\n","protected":false},"excerpt":{"rendered":"<p>[vc_row full_width=&#8220;stretch_row&#8220; equal_height=&#8220;yes&#8220; css=&#8220;.vc_custom_1544084854793{margin-top: -85px !important;padding-top: 50px !important;padding-bottom: 30px !important;background-color: #f0f0f0 !important;}&#8220;][vc_column width=&#8220;1\/4&#8243;][vc_column_text] Website-Compliance Datenschutz und Rechtskonformit\u00e4t sind f\u00fcr Webseiten von entscheidender Bedeutung. Die Einhaltung gesetzlicher Vorschriften ist nicht nur eine Notwendigkeit, sondern erh\u00f6ht das Ansehen Ihres Unternehmens und st\u00e4rkt das Vertrauen der Besucher. \u00a0 \u00a0 [\/vc_column_text][\/vc_column][vc_column width=&#8220;3\/4&#8243;][vc_single_image image=&#8220;627&#8243; img_size=&#8220;full&#8220; [&hellip;]<\/p>\n","protected":false},"author":1,"featured_media":0,"parent":0,"menu_order":0,"comment_status":"closed","ping_status":"closed","template":"","meta":[],"yoast_head":"<!-- This site is optimized with the Yoast SEO plugin v21.5 - https:\/\/yoast.com\/wordpress\/plugins\/seo\/ -->\n<title>Website-Compliance - tec4net<\/title>\n<meta name=\"description\" content=\"Datenschutz und Rechtskonformit\u00e4t sind f\u00fcr Webseiten von entscheidender Bedeutung. Die Einhaltung gesetzlicher Vorschriften ist nicht nur eine Notwendigkeit, sondern erh\u00f6ht das Ansehen Ihres Unternehmens und st\u00e4rkt das Vertrauen der Besucher.\" \/>\n<meta name=\"robots\" content=\"index, follow, max-snippet:-1, max-image-preview:large, max-video-preview:-1\" \/>\n<link rel=\"canonical\" href=\"https:\/\/www.tec4net.com\/web\/website-compliance\/\" \/>\n<meta property=\"og:locale\" content=\"de_DE\" \/>\n<meta property=\"og:type\" content=\"article\" \/>\n<meta property=\"og:title\" content=\"Website-Compliance - tec4net\" \/>\n<meta property=\"og:description\" content=\"Datenschutz und Rechtskonformit\u00e4t sind f\u00fcr Webseiten von entscheidender Bedeutung. Die Einhaltung gesetzlicher Vorschriften ist nicht nur eine Notwendigkeit, sondern erh\u00f6ht das Ansehen Ihres Unternehmens und st\u00e4rkt das Vertrauen der Besucher.\" \/>\n<meta property=\"og:url\" content=\"https:\/\/www.tec4net.com\/web\/website-compliance\/\" \/>\n<meta property=\"og:site_name\" content=\"tec4net\" \/>\n<meta property=\"article:modified_time\" content=\"2025-04-15T12:39:02+00:00\" \/>\n<meta name=\"twitter:card\" content=\"summary_large_image\" \/>\n<meta name=\"twitter:label1\" content=\"Gesch\u00e4tzte Lesezeit\" \/>\n\t<meta name=\"twitter:data1\" content=\"3\u00a0Minuten\" \/>\n<script type=\"application\/ld+json\" class=\"yoast-schema-graph\">{\"@context\":\"https:\/\/schema.org\",\"@graph\":[{\"@type\":\"WebPage\",\"@id\":\"https:\/\/www.tec4net.com\/web\/website-compliance\/\",\"url\":\"https:\/\/www.tec4net.com\/web\/website-compliance\/\",\"name\":\"Website-Compliance - tec4net\",\"isPartOf\":{\"@id\":\"https:\/\/www.tec4net.com\/web\/#website\"},\"datePublished\":\"2023-11-14T22:08:05+00:00\",\"dateModified\":\"2025-04-15T12:39:02+00:00\",\"description\":\"Datenschutz und Rechtskonformit\u00e4t sind f\u00fcr Webseiten von entscheidender Bedeutung. Die Einhaltung gesetzlicher Vorschriften ist nicht nur eine Notwendigkeit, sondern erh\u00f6ht das Ansehen Ihres Unternehmens und st\u00e4rkt das Vertrauen der Besucher.\",\"breadcrumb\":{\"@id\":\"https:\/\/www.tec4net.com\/web\/website-compliance\/#breadcrumb\"},\"inLanguage\":\"de\",\"potentialAction\":[{\"@type\":\"ReadAction\",\"target\":[\"https:\/\/www.tec4net.com\/web\/website-compliance\/\"]}]},{\"@type\":\"BreadcrumbList\",\"@id\":\"https:\/\/www.tec4net.com\/web\/website-compliance\/#breadcrumb\",\"itemListElement\":[{\"@type\":\"ListItem\",\"position\":1,\"name\":\"Startseite\",\"item\":\"https:\/\/www.tec4net.com\/web\/\"},{\"@type\":\"ListItem\",\"position\":2,\"name\":\"Website-Compliance\"}]},{\"@type\":\"WebSite\",\"@id\":\"https:\/\/www.tec4net.com\/web\/#website\",\"url\":\"https:\/\/www.tec4net.com\/web\/\",\"name\":\"tec4net\",\"description\":\"Ihr starker IT-Partner\",\"publisher\":{\"@id\":\"https:\/\/www.tec4net.com\/web\/#organization\"},\"potentialAction\":[{\"@type\":\"SearchAction\",\"target\":{\"@type\":\"EntryPoint\",\"urlTemplate\":\"https:\/\/www.tec4net.com\/web\/?s={search_term_string}\"},\"query-input\":\"required name=search_term_string\"}],\"inLanguage\":\"de\"},{\"@type\":\"Organization\",\"@id\":\"https:\/\/www.tec4net.com\/web\/#organization\",\"name\":\"tec4net\",\"url\":\"https:\/\/www.tec4net.com\/web\/\",\"logo\":{\"@type\":\"ImageObject\",\"inLanguage\":\"de\",\"@id\":\"https:\/\/www.tec4net.com\/web\/#\/schema\/logo\/image\/\",\"url\":\"https:\/\/www.tec4net.com\/web\/wp-content\/uploads\/2018\/12\/t4n_Logo_startseite.png\",\"contentUrl\":\"https:\/\/www.tec4net.com\/web\/wp-content\/uploads\/2018\/12\/t4n_Logo_startseite.png\",\"width\":178,\"height\":163,\"caption\":\"tec4net\"},\"image\":{\"@id\":\"https:\/\/www.tec4net.com\/web\/#\/schema\/logo\/image\/\"}}]}<\/script>\n<!-- \/ Yoast SEO plugin. -->","yoast_head_json":{"title":"Website-Compliance - tec4net","description":"Datenschutz und Rechtskonformit\u00e4t sind f\u00fcr Webseiten von entscheidender Bedeutung. Die Einhaltung gesetzlicher Vorschriften ist nicht nur eine Notwendigkeit, sondern erh\u00f6ht das Ansehen Ihres Unternehmens und st\u00e4rkt das Vertrauen der Besucher.","robots":{"index":"index","follow":"follow","max-snippet":"max-snippet:-1","max-image-preview":"max-image-preview:large","max-video-preview":"max-video-preview:-1"},"canonical":"https:\/\/www.tec4net.com\/web\/website-compliance\/","og_locale":"de_DE","og_type":"article","og_title":"Website-Compliance - tec4net","og_description":"Datenschutz und Rechtskonformit\u00e4t sind f\u00fcr Webseiten von entscheidender Bedeutung. Die Einhaltung gesetzlicher Vorschriften ist nicht nur eine Notwendigkeit, sondern erh\u00f6ht das Ansehen Ihres Unternehmens und st\u00e4rkt das Vertrauen der Besucher.","og_url":"https:\/\/www.tec4net.com\/web\/website-compliance\/","og_site_name":"tec4net","article_modified_time":"2025-04-15T12:39:02+00:00","twitter_card":"summary_large_image","twitter_misc":{"Gesch\u00e4tzte Lesezeit":"3\u00a0Minuten"},"schema":{"@context":"https:\/\/schema.org","@graph":[{"@type":"WebPage","@id":"https:\/\/www.tec4net.com\/web\/website-compliance\/","url":"https:\/\/www.tec4net.com\/web\/website-compliance\/","name":"Website-Compliance - tec4net","isPartOf":{"@id":"https:\/\/www.tec4net.com\/web\/#website"},"datePublished":"2023-11-14T22:08:05+00:00","dateModified":"2025-04-15T12:39:02+00:00","description":"Datenschutz und Rechtskonformit\u00e4t sind f\u00fcr Webseiten von entscheidender Bedeutung. Die Einhaltung gesetzlicher Vorschriften ist nicht nur eine Notwendigkeit, sondern erh\u00f6ht das Ansehen Ihres Unternehmens und st\u00e4rkt das Vertrauen der Besucher.","breadcrumb":{"@id":"https:\/\/www.tec4net.com\/web\/website-compliance\/#breadcrumb"},"inLanguage":"de","potentialAction":[{"@type":"ReadAction","target":["https:\/\/www.tec4net.com\/web\/website-compliance\/"]}]},{"@type":"BreadcrumbList","@id":"https:\/\/www.tec4net.com\/web\/website-compliance\/#breadcrumb","itemListElement":[{"@type":"ListItem","position":1,"name":"Startseite","item":"https:\/\/www.tec4net.com\/web\/"},{"@type":"ListItem","position":2,"name":"Website-Compliance"}]},{"@type":"WebSite","@id":"https:\/\/www.tec4net.com\/web\/#website","url":"https:\/\/www.tec4net.com\/web\/","name":"tec4net","description":"Ihr starker IT-Partner","publisher":{"@id":"https:\/\/www.tec4net.com\/web\/#organization"},"potentialAction":[{"@type":"SearchAction","target":{"@type":"EntryPoint","urlTemplate":"https:\/\/www.tec4net.com\/web\/?s={search_term_string}"},"query-input":"required name=search_term_string"}],"inLanguage":"de"},{"@type":"Organization","@id":"https:\/\/www.tec4net.com\/web\/#organization","name":"tec4net","url":"https:\/\/www.tec4net.com\/web\/","logo":{"@type":"ImageObject","inLanguage":"de","@id":"https:\/\/www.tec4net.com\/web\/#\/schema\/logo\/image\/","url":"https:\/\/www.tec4net.com\/web\/wp-content\/uploads\/2018\/12\/t4n_Logo_startseite.png","contentUrl":"https:\/\/www.tec4net.com\/web\/wp-content\/uploads\/2018\/12\/t4n_Logo_startseite.png","width":178,"height":163,"caption":"tec4net"},"image":{"@id":"https:\/\/www.tec4net.com\/web\/#\/schema\/logo\/image\/"}}]}},"_links":{"self":[{"href":"https:\/\/www.tec4net.com\/web\/wp-json\/wp\/v2\/pages\/2567"}],"collection":[{"href":"https:\/\/www.tec4net.com\/web\/wp-json\/wp\/v2\/pages"}],"about":[{"href":"https:\/\/www.tec4net.com\/web\/wp-json\/wp\/v2\/types\/page"}],"author":[{"embeddable":true,"href":"https:\/\/www.tec4net.com\/web\/wp-json\/wp\/v2\/users\/1"}],"replies":[{"embeddable":true,"href":"https:\/\/www.tec4net.com\/web\/wp-json\/wp\/v2\/comments?post=2567"}],"version-history":[{"count":17,"href":"https:\/\/www.tec4net.com\/web\/wp-json\/wp\/v2\/pages\/2567\/revisions"}],"predecessor-version":[{"id":5269,"href":"https:\/\/www.tec4net.com\/web\/wp-json\/wp\/v2\/pages\/2567\/revisions\/5269"}],"wp:attachment":[{"href":"https:\/\/www.tec4net.com\/web\/wp-json\/wp\/v2\/media?parent=2567"}],"curies":[{"name":"wp","href":"https:\/\/api.w.org\/{rel}","templated":true}]}}