{"id":2743,"date":"2025-03-15T01:40:53","date_gmt":"2025-03-15T00:40:53","guid":{"rendered":"https:\/\/www.tec4net.com\/web\/?page_id=2743"},"modified":"2025-03-24T20:11:12","modified_gmt":"2025-03-24T19:11:12","slug":"zti","status":"publish","type":"page","link":"https:\/\/www.tec4net.com\/web\/zti\/","title":{"rendered":"ZTI COMMUNICATIONS"},"content":{"rendered":"<p>[vc_row full_width=&#8220;stretch_row&#8220; equal_height=&#8220;yes&#8220; content_placement=&#8220;top&#8220; css=&#8220;.vc_custom_1547476626915{margin-top: -85px !important;padding-top: 50px !important;padding-bottom: 30px !important;background-color: #f0f0f0 !important;}&#8220;][vc_column width=&#8220;1\/4&#8243;][vc_column_text css=&#8220;.vc_custom_1713291262935{padding-bottom: -20px !important;}&#8220;]<\/p>\n<h2 style=\"text-align: right;\"><span style=\"color: #026198;\">ZTI Communications<br \/>\n<\/span><\/h2>\n<p>[\/vc_column_text][vc_column_text css=&#8220;.vc_custom_1741991903979{margin-top: -10px !important;}&#8220;]<\/p>\n<h3 style=\"text-align: right;\"><span style=\"color: #e6443c;\">NETZWERKL\u00d6SUNGEN<\/span><\/h3>\n<p>[\/vc_column_text][vc_column_text]<\/p>\n<p style=\"text-align: right;\"><span style=\"color: #026198;\"><strong>ZTI Communications ist auf die Entwicklung von hochpr\u00e4zisen Test- und Messprodukten f\u00fcr IP-Netzwerke spezialisiert. Das Unternehmen entwickelt auch hochwertigen Timing- und Synchronisationsprodukte mit GNSS-Empf\u00e4ngern, die weltweit in den Bereichen Geolokalisierung und Netzwerksynchronisation eingesetzt werden.<br \/>\n<\/strong><\/span><\/p>\n<p>[\/vc_column_text][\/vc_column][vc_column width=&#8220;3\/4&#8243;][vc_single_image image=&#8220;1982&#8243; img_size=&#8220;full&#8220; alignment=&#8220;right&#8220; css_animation=&#8220;fadeInUp&#8220; css=&#8220;.vc_custom_1742002190488{margin-top: -20px !important;margin-right: -20px !important;margin-bottom: 0px !important;margin-left: -20px !important;border-right-width: 0px !important;border-bottom-width: 0px !important;border-left-width: 0px !important;}&#8220;][\/vc_column][\/vc_row][vc_row css=&#8220;.vc_custom_1547716706751{margin-top: -35px !important;}&#8220;][vc_column][vc_empty_space height=&#8220;5&#8243;][\/vc_column][\/vc_row][vc_row full_width=&#8220;stretch_row&#8220; css=&#8220;.vc_custom_1547716978122{background-color: #026198 !important;}&#8220;][vc_column width=&#8220;1\/4&#8243;][\/vc_column][vc_column width=&#8220;3\/4&#8243;][vc_column_text]<\/p>\n<h2 style=\"text-align: left;\"><span style=\"color: #ffffff;\">ZTI Communications<\/span><\/h2>\n<p>[\/vc_column_text][\/vc_column][\/vc_row][vc_row css=&#8220;.vc_custom_1547714617467{margin-top: 20px !important;}&#8220;][vc_column width=&#8220;1\/4&#8243;][vc_column_text]<\/p>\n<p style=\"text-align: right;\"><strong><span style=\"color: #e6443c;\">Wir sind offizieller<br \/>\nDistributer f\u00fcr Deutschland,<br \/>\n\u00d6sterreich <\/span><\/strong><strong><span style=\"color: #e6443c;\">und die Schweiz<br \/>\n<\/span><\/strong><\/p>\n<p>[\/vc_column_text][\/vc_column][vc_column width=&#8220;3\/4&#8243;][vc_column_text css=&#8220;.vc_custom_1741999202559{margin-right: 20px !important;padding-right: 0px !important;}&#8220;]<\/p>\n<h4>Hochwertige Test- und Synchronisationsl\u00f6sungen f\u00fcr IP-Netzwerke<\/h4>\n<p>Als offizieller Distributor f\u00fcr die DACH-Region pr\u00e4sentieren wir Ihnen die innovativen Produkte von ZTI Communications. Der franz\u00f6sische Hersteller ist f\u00fchrend in der Entwicklung von Test- und Messl\u00f6sungen f\u00fcr IP-Netzwerke (IPv4 &amp; IPv6) sowie Timing- und Synchronisationssystemen mit GNSS-Technologie.[\/vc_column_text][vc_separator style=&#8220;dotted&#8220; border_width=&#8220;2&#8243;][vc_column_text css=&#8220;.vc_custom_1741990186272{margin-right: 20px !important;padding-right: 0px !important;}&#8220;]ZTI-Produkte werden weltweit in kritischen Branchen wie Telekommunikation, Finanzwesen, Energie, Medien, Milit\u00e4r und Forschungseinrichtungen eingesetzt. Sie \u00fcberzeugen durch h\u00f6chste Pr\u00e4zision, Qualit\u00e4t und Zuverl\u00e4ssigkeit.[\/vc_column_text][vc_separator style=&#8220;dotted&#8220; border_width=&#8220;2&#8243;][\/vc_column][\/vc_row][vc_row full_width=&#8220;stretch_row&#8220; css=&#8220;.vc_custom_1550579321935{margin-top: 20px !important;background-color: #026198 !important;}&#8220;][vc_column width=&#8220;1\/4&#8243;][\/vc_column][vc_column width=&#8220;1\/2&#8243;][vc_column_text css=&#8220;.vc_custom_1742003873932{margin-top: 5px !important;}&#8220;]<\/p>\n<h4><span style=\"color: #ffffff;\">Sie m\u00f6chten mehr erfahren?<br \/>\nWir beraten Sie gerne.<\/span><\/h4>\n<p><span style=\"color: #ffffff;\">Telefon: +49 89 54 04 36 30<br \/>\noder <\/span><a href=\"mailto:info@tec4net.com?subject=Produktanfrage%20-%20ZTI%20Communications\"><span style=\"color: #e6443c;\"><span style=\"color: #ffffff;\">info@tec4net.com<\/span><\/span><\/a>[\/vc_column_text][\/vc_column][vc_column width=&#8220;1\/4&#8243;][vc_single_image image=&#8220;4896&#8243; img_size=&#8220;200&#215;100&#8243; css=&#8220;.vc_custom_1741991419124{margin-top: 15px !important;}&#8220;][\/vc_column][\/vc_row][vc_row css=&#8220;.vc_custom_1547800143192{margin-top: 20px !important;}&#8220;][vc_column width=&#8220;1\/4&#8243;][vc_column_text]<\/p>\n<h4 style=\"text-align: right;\"><span style=\"color: #026198;\">Entdecken Sie unser Produktangebot<\/span><\/h4>\n<p>[\/vc_column_text][\/vc_column][vc_column width=&#8220;3\/4&#8243;][vc_column_text]<\/p>\n<h4><strong>Produkte von ZTI Communications umfassen<\/strong><\/h4>\n<ul>\n<li><strong>IP-Traffic-Generatoren<\/strong> \/ IP Traffic Generators | Erzeugung von Datenstr\u00f6men<\/li>\n<li><strong>Netzwerk-St\u00f6rungs-Emulatoren<\/strong> \/ Network Impairment Emulators | Simulation von Netzwrkt\u00f6rungen<\/li>\n<li><strong>QoS- und QoE-Messwerte<\/strong> \/ QoS and QoE metrics | Messung und \u00dcberwachung der Netzwerkqualit\u00e4t<\/li>\n<li><strong>GNSS-Empf\u00e4nger<\/strong> \/ GNSS receivers | Erfassung Standortdaten, Zeitynchronisation und Navigation<\/li>\n<li><strong>NTP- und PTP-Zeitserver<\/strong> \/ NTP and PTP servers | Pr\u00e4zise Zeitsynchronisation im Netzwerk<\/li>\n<\/ul>\n<p>[\/vc_column_text][\/vc_column][\/vc_row][vc_row css=&#8220;.vc_custom_1547801354956{margin-top: 20px !important;margin-bottom: 20px !important;}&#8220;][vc_column][vc_separator style=&#8220;dotted&#8220; border_width=&#8220;2&#8243;][\/vc_column][\/vc_row][vc_row full_width=&#8220;stretch_row&#8220; equal_height=&#8220;yes&#8220; content_placement=&#8220;top&#8220;][vc_column width=&#8220;1\/4&#8243;][vc_single_image image=&#8220;678&#8243; img_size=&#8220;100&#215;79&#8243; alignment=&#8220;right&#8220;][\/vc_column][vc_column width=&#8220;3\/4&#8243;][vc_column_text]<\/p>\n<h4>Test &amp; Measurement Software for IP Networks (IPv4 &amp; IPv6)<\/h4>\n<p>Mit unserer IP-Netzwerk-Emulationssoftware und unseren Traffic-Generatoren f\u00fcr IP-Netzwerke k\u00f6nnen Sie Netzwerke ganz einfach testen, messen, belasten und analysieren. Wir bieten kostenlose Testversionen f\u00fcr all unsere IP-Netzwerk-Testtools an. Kontaktieren Sie uns noch heute, um LanTraffic V2, unseren leistungsstarken Traffic-Generator f\u00fcr IP-Netzwerke, kennenzulernen, die erweiterte QoS von IP Traffic \u2013 Test &amp; Measure zu testen oder NetDisturb, unsere IP-Netzwerk-Emulationssoftware, auszuprobieren.[\/vc_column_text][vc_column_text]<span style=\"color: #026198;\"><strong>LanTraffic V2 Standard Edition<\/strong><br \/>\n<\/span><\/p>\n<p><strong>\u2192\u2002<\/strong>IP-Traffic-Generator IPv4 &amp; IPv6 (10|100|1000Mbps) f\u00fcr Windows-Plattformen.<\/p>\n<hr \/>\n<p><span style=\"color: #026198;\"><strong>LanTraffic V2 Enhanced Edition<\/strong><br \/>\n<\/span><\/p>\n<p>\u2192\u2002IP-Traffic-Generator IPv4 &amp; IPv6 (bis zu 10 Gbps) f\u00fcr Windows x64-Plattformen.<\/p>\n<hr \/>\n<p><span style=\"color: #026198;\"><strong>IP Traffic &#8211; Test &amp; Measure<\/strong><br \/>\n<\/span><\/p>\n<p>\u2192\u2002IP-Traffic-Generator &amp; QoS-Messwerkzeug IPv4 &amp; IPv6 (10|100|1000 Mbps) f\u00fcr Windows-Plattformen.<\/p>\n<hr \/>\n<p><span style=\"color: #026198;\"><strong>NetDisturb Standard Edition<\/strong><br \/>\n<\/span><\/p>\n<p>\u2192\u2002Impairment-Emulator IPv4 &amp; IPv6 f\u00fcr Windows-Plattformen.<\/p>\n<hr \/>\n<p><span style=\"color: #026198;\"><strong>NetDisturb Enhanced Edition<\/strong><br \/>\n<\/span><\/p>\n<p>\u2192\u2002Impairment-Emulator mit applikativen Protokollen IPv4 &amp; IPv6 f\u00fcr Windows-Plattformen.<\/p>\n<hr \/>\n<p><span style=\"color: #026198;\"><strong>iQualNet Standard Edition<\/strong><br \/>\n<\/span><\/p>\n<p>\u2192\u2002Messen von QoS- &amp; QoE-Messwerten IPv4 &amp; IPv6 (Linux-Server + Windows-Client).<\/p>\n<hr \/>\n<p><span style=\"color: #026198;\"><strong>iQualNet Enhanced Edition<\/strong> <\/span><\/p>\n<p>\u2192\u2002Messen von QoS- &amp; QoE-Messwerten IPv4 &amp; IPv6 (Linux-Server + Windows-Client) + LUA-Skripting.<\/p>\n<hr \/>\n<p>[\/vc_column_text][\/vc_column][\/vc_row][vc_row css=&#8220;.vc_custom_1547801354956{margin-top: 20px !important;margin-bottom: 20px !important;}&#8220;][vc_column width=&#8220;1\/4&#8243;][\/vc_column][vc_column width=&#8220;3\/4&#8243;][vc_column_text]<\/p>\n<p style=\"text-align: left;\" data-pm-slice=\"1 1 []\"><strong>Kontaktieren Sie uns, wenn Sie Fragen haben oder eine 14-t\u00e4gige Testversion m\u00f6chten.<\/strong><\/p>\n<p>[\/vc_column_text][vc_btn title=&#8220;\u2709 Produktanfrage&#8220; color=&#8220;pink&#8220; align=&#8220;left&#8220; link=&#8220;url:%20mailto%3Ainfo%40tec4net.com%3Fsubject%3DProduktanfrage%2520-%2520ZTI%2520Communications|||&#8220;][\/vc_column][\/vc_row][vc_row css=&#8220;.vc_custom_1547801354956{margin-top: 20px !important;margin-bottom: 20px !important;}&#8220;][vc_column][vc_separator style=&#8220;dotted&#8220; border_width=&#8220;2&#8243;][\/vc_column][\/vc_row][vc_row full_width=&#8220;stretch_row&#8220; equal_height=&#8220;yes&#8220; content_placement=&#8220;top&#8220;][vc_column width=&#8220;1\/4&#8243;][vc_single_image image=&#8220;505&#8243; img_size=&#8220;100&#215;85&#8243; alignment=&#8220;right&#8220;][\/vc_column][vc_column width=&#8220;3\/4&#8243;][vc_column_text]<\/p>\n<h4>Timing &amp; Synchronization Solutions<\/h4>\n<p>ZTI Communications bietet hochpr\u00e4zise GNSS- (Global Navigation Satellite System) Synchronisationsl\u00f6sungen, Timing-L\u00f6sungen und Ger\u00e4te zur Computersynchronisation. Unsere GNSS-Timing-L\u00f6sungen, Computer-Zeitsynchronisationsger\u00e4te und GNSS-Synchronisationsl\u00f6sungen sind sowohl f\u00fcr Netzwerke als auch f\u00fcr einzelne Arbeitsstationen oder Maschinen geeignet. Sie laufen auf Windows-, Unix- oder Linux-Plattformen und erm\u00f6glichen eine zuverl\u00e4ssige Synchronisation sowie pr\u00e4zises Zeitstempeln \u2013 essenziell f\u00fcr Bereiche wie Sicherheit, Rundfunknetz-Synchronisation und juristische Dienstleistungen.<\/p>\n<p>Zeitmessungstechnologien wie das GPS- (Global Positioning System) Satellitennetz und das Network Time Protocol (NTP) bieten in Echtzeit eine genaue Ann\u00e4herung an die UTC- (Coordinated Universal Time) Zeitskala und werden f\u00fcr zahlreiche Synchronisationsanwendungen genutzt.[\/vc_column_text][\/vc_column][\/vc_row][vc_row full_width=&#8220;stretch_row&#8220; equal_height=&#8220;yes&#8220; content_placement=&#8220;top&#8220;][vc_column width=&#8220;1\/4&#8243;][\/vc_column][vc_column width=&#8220;3\/4&#8243;][vc_column_text]<span style=\"color: #026198;\"><strong>z500 Serie NTP- und PTP-Zeitserver<\/strong><br \/>\n<\/span><\/p>\n<p>\u2192\u2002 F\u00fcr statische und mobile Anwendungen mit einem gro\u00dfen Betriebstemperaturbereich.<\/p>\n<hr \/>\n<p><span style=\"color: #026198;\"><strong>z052 Timing &amp; Navigation Modul<\/strong><br \/>\n<\/span><\/p>\n<p>\u2192\u2002 GNSS USB-Dongle mit PPS (Pulse Per Second, nutzbar f\u00fcr Timing-Anwendungen \u00fcber serielle Port-Emulation).<\/p>\n<hr \/>\n<p><span style=\"color: #026198;\"><strong>z150-Serie: GNSS-Multi-Empf\u00e4nger-Plattform<\/strong><br \/>\n<\/span><\/p>\n<p>\u2192\u2002 F\u00fcr Timing und Navigation (statische oder mobile Anwendung) in robustem Aluminiumgeh\u00e4use.<\/p>\n<p>Drei Modelle verf\u00fcgbar:<\/p>\n<ul>\n<li>Modell P200 (GPS): 1 RS232-Port + 1PPS-Ausgang.<\/li>\n<li>Modell P300 (GPS): 1 RS232-Port + 1 USB-Port + 1PPS-Ausgang.<\/li>\n<li>Modell P400 (GPS, GLONASS, GALILEO, COMPASS): 1 RS232-Port + 1 USB-Port + 1PPS-Ausgang.<\/li>\n<\/ul>\n<p>Betriebstemperaturbereich: -30\u00b0C (-22\u00b0F) bis +85\u00b0C (185\u00b0F).<\/p>\n<hr \/>\n<p><strong><span style=\"color: #026198;\">z250 NTP GNSS-Empf\u00e4nger<\/span><\/strong><\/p>\n<p>\u2192\u2002 BD940 Geh\u00e4use (GPS, GLONASS, GALILEO, COMPASS, IRNSS, QZSS, SBAS) mit IPv4 NTP-Server und erweitertem Betriebstemperaturbereich.<\/p>\n<p>1 RS232-Port + 1 USB-Port + 1 Ethernet-Port + 1PPS-Ausgang.<\/p>\n<p>Betriebstemperaturbereich: -40\u00b0C (-40\u00b0F) bis +75\u00b0C (167\u00b0F).<\/p>\n<hr \/>\n<p><strong><span style=\"color: #026198;\">Thunderbold NTP Zeit-Server TS200<\/span><\/strong><\/p>\n<p>\u2192\u2002IPV4 &amp; IPV6 mit erweitertem Betriebstemperaturbereich.<\/p>\n<p>Multi-GNSS f\u00fcr verbesserte Zuverl\u00e4ssigkeit\/Redundanz (GPS, GLONASS, Beidou und Galileo).<\/p>\n<p>Betriebstemperaturbereich: -40\u00b0C (-40\u00b0F) bis +85\u00b0C (185\u00b0F).<\/p>\n<hr \/>\n<p><strong><span style=\"color: #026198;\">Thunderbolt PTP Grandmaster Clock GM200<\/span><\/strong><\/p>\n<p>\u2192\u2002(IPV4 &amp; IPV6) mit erweitertem Betriebstemperaturbereich.<\/p>\n<p>Multi-GNSS f\u00fcr verbesserte Zuverl\u00e4ssigkeit\/Redundanz (GPS, GLONASS, Beidou und Galileo).<\/p>\n<p>Betriebstemperaturbereich: -40\u00b0C (-40\u00b0F) bis +85\u00b0C (185\u00b0F).<\/p>\n<hr \/>\n<p><span style=\"color: #026198;\"><strong>z1250 GPS-basierter Timing-Signal-Generator<\/strong><\/span><\/p>\n<p>\u2192\u2002F\u00fcr maritime und fluviale Verkehrsampeln.<\/p>\n<hr \/>\n<p><span style=\"color: #026198;\"><strong>GNSS-Zubeh\u00f6r<\/strong><br \/>\n<\/span><\/p>\n<p data-start=\"16\" data-end=\"66\" data-is-last-node=\"\" data-is-only-node=\"\">\u2192\u2002Inline-Verst\u00e4rker, Blitzschutz, Kabel &amp; Antennen.<\/p>\n<hr \/>\n<p><strong><span style=\"color: #026198;\">TTS-N Hochpr\u00e4zisions-Zeitdienst-Software<\/span><\/strong><\/p>\n<p>\u2192\u2002F\u00fcr Windows-Anwendungen mit Nutzung eines NTP-Servers.<\/p>\n<p>Garantierte Genauigkeit = 1 Millisekunde.<\/p>\n<hr \/>\n<p><strong><span style=\"color: #026198;\">TTS-P Hochpr\u00e4zise Zeitdienst-Software<\/span><\/strong><\/p>\n<p>\u2192\u2002F\u00fcr Windows-Anwendungen unter Verwendung eines GNSS-Ger\u00e4ts mit COM- oder USB-Port, das ein 1PPS-Signal und NMEA-Nachrichten bereitstellt.<\/p>\n<p>Garantierte Genauigkeit = 1 Millisekunde.<\/p>\n<hr \/>\n<p>[\/vc_column_text][\/vc_column][\/vc_row][vc_row css=&#8220;.vc_custom_1547801354956{margin-top: 20px !important;margin-bottom: 20px !important;}&#8220;][vc_column width=&#8220;1\/4&#8243;][\/vc_column][vc_column width=&#8220;3\/4&#8243;][vc_column_text]<\/p>\n<p style=\"text-align: left;\" data-pm-slice=\"1 1 []\"><strong>Kontaktieren Sie uns, wenn Sie Fragen haben oder eine 14-t\u00e4gige Testversion m\u00f6chten.<\/strong><\/p>\n<p>[\/vc_column_text][vc_btn title=&#8220;\u2709 Produktanfrage&#8220; color=&#8220;pink&#8220; align=&#8220;left&#8220; link=&#8220;url:%20mailto%3Ainfo%40tec4net.com%3Fsubject%3DProduktanfrage%2520-%2520ZTI%2520Communications|||&#8220;][\/vc_column][\/vc_row][vc_row css=&#8220;.vc_custom_1547801354956{margin-top: 20px !important;margin-bottom: 20px !important;}&#8220;][vc_column width=&#8220;1\/4&#8243;][\/vc_column][vc_column width=&#8220;3\/4&#8243;][vc_empty_space][vc_column_text]<\/p>\n<p style=\"text-align: center;\" data-pm-slice=\"1 1 []\"><strong>Als exklusiver Distributor f\u00fcr Deutschland, \u00d6sterreich und die Schweiz bieten wir Ihnen die Produkte der ZTI Communications an.<\/strong><\/p>\n<p style=\"text-align: center;\" data-pm-slice=\"1 1 []\">F\u00fcr Anfragen au\u00dferhalb der DACH-Region finden Sie die entsprechenden Distributoren auf der offiziellen Seite des Herstellers:<\/p>\n<p style=\"text-align: center;\" data-pm-slice=\"1 1 []\"><a href=\"https:\/\/www.zti-communications.com\/purchasing\">https:\/\/www.zti-communications.com\/purchasing<\/a><strong><br \/>\n<\/strong><\/p>\n<p>[\/vc_column_text][\/vc_column][\/vc_row]<\/p>\n","protected":false},"excerpt":{"rendered":"<p>[vc_row full_width=&#8220;stretch_row&#8220; equal_height=&#8220;yes&#8220; content_placement=&#8220;top&#8220; css=&#8220;.vc_custom_1547476626915{margin-top: -85px !important;padding-top: 50px !important;padding-bottom: 30px !important;background-color: #f0f0f0 !important;}&#8220;][vc_column width=&#8220;1\/4&#8243;][vc_column_text css=&#8220;.vc_custom_1713291262935{padding-bottom: -20px !important;}&#8220;] ZTI Communications [\/vc_column_text][vc_column_text css=&#8220;.vc_custom_1741991903979{margin-top: -10px !important;}&#8220;] NETZWERKL\u00d6SUNGEN [\/vc_column_text][vc_column_text] ZTI Communications ist auf die Entwicklung von hochpr\u00e4zisen Test- und Messprodukten f\u00fcr IP-Netzwerke spezialisiert. Das Unternehmen entwickelt auch hochwertigen Timing- und Synchronisationsprodukte mit GNSS-Empf\u00e4ngern, die [&hellip;]<\/p>\n","protected":false},"author":1,"featured_media":0,"parent":0,"menu_order":0,"comment_status":"closed","ping_status":"closed","template":"","meta":[],"yoast_head":"<!-- This site is optimized with the Yoast SEO plugin v21.5 - https:\/\/yoast.com\/wordpress\/plugins\/seo\/ -->\n<title>ZTI COMMUNICATIONS - tec4net<\/title>\n<meta name=\"description\" content=\"Bitdefender GravityZone ist eine Sicherheitsl\u00f6sung, die umfassenden Schutz und die Freiheit bietet, Virtualisierungs- und Cloud-Anbieter und die dazugeh\u00f6rigen Ger\u00e4te frei zu kombinieren.\" \/>\n<meta name=\"robots\" content=\"index, follow, max-snippet:-1, max-image-preview:large, max-video-preview:-1\" \/>\n<link rel=\"canonical\" href=\"https:\/\/www.tec4net.com\/web\/zti\/\" \/>\n<meta property=\"og:locale\" content=\"de_DE\" \/>\n<meta property=\"og:type\" content=\"article\" \/>\n<meta property=\"og:title\" content=\"ZTI COMMUNICATIONS - tec4net\" \/>\n<meta property=\"og:description\" content=\"Bitdefender GravityZone ist eine Sicherheitsl\u00f6sung, die umfassenden Schutz und die Freiheit bietet, Virtualisierungs- und Cloud-Anbieter und die dazugeh\u00f6rigen Ger\u00e4te frei zu kombinieren.\" \/>\n<meta property=\"og:url\" content=\"https:\/\/www.tec4net.com\/web\/zti\/\" \/>\n<meta property=\"og:site_name\" content=\"tec4net\" \/>\n<meta property=\"article:modified_time\" content=\"2025-03-24T19:11:12+00:00\" \/>\n<meta name=\"twitter:card\" content=\"summary_large_image\" \/>\n<meta name=\"twitter:label1\" content=\"Gesch\u00e4tzte Lesezeit\" \/>\n\t<meta name=\"twitter:data1\" content=\"5\u00a0Minuten\" \/>\n<script type=\"application\/ld+json\" class=\"yoast-schema-graph\">{\"@context\":\"https:\/\/schema.org\",\"@graph\":[{\"@type\":\"WebPage\",\"@id\":\"https:\/\/www.tec4net.com\/web\/zti\/\",\"url\":\"https:\/\/www.tec4net.com\/web\/zti\/\",\"name\":\"ZTI COMMUNICATIONS - tec4net\",\"isPartOf\":{\"@id\":\"https:\/\/www.tec4net.com\/web\/#website\"},\"datePublished\":\"2025-03-15T00:40:53+00:00\",\"dateModified\":\"2025-03-24T19:11:12+00:00\",\"description\":\"Bitdefender GravityZone ist eine Sicherheitsl\u00f6sung, die umfassenden Schutz und die Freiheit bietet, Virtualisierungs- und Cloud-Anbieter und die dazugeh\u00f6rigen Ger\u00e4te frei zu kombinieren.\",\"breadcrumb\":{\"@id\":\"https:\/\/www.tec4net.com\/web\/zti\/#breadcrumb\"},\"inLanguage\":\"de\",\"potentialAction\":[{\"@type\":\"ReadAction\",\"target\":[\"https:\/\/www.tec4net.com\/web\/zti\/\"]}]},{\"@type\":\"BreadcrumbList\",\"@id\":\"https:\/\/www.tec4net.com\/web\/zti\/#breadcrumb\",\"itemListElement\":[{\"@type\":\"ListItem\",\"position\":1,\"name\":\"Startseite\",\"item\":\"https:\/\/www.tec4net.com\/web\/\"},{\"@type\":\"ListItem\",\"position\":2,\"name\":\"ZTI COMMUNICATIONS\"}]},{\"@type\":\"WebSite\",\"@id\":\"https:\/\/www.tec4net.com\/web\/#website\",\"url\":\"https:\/\/www.tec4net.com\/web\/\",\"name\":\"tec4net\",\"description\":\"Ihr starker IT-Partner\",\"publisher\":{\"@id\":\"https:\/\/www.tec4net.com\/web\/#organization\"},\"potentialAction\":[{\"@type\":\"SearchAction\",\"target\":{\"@type\":\"EntryPoint\",\"urlTemplate\":\"https:\/\/www.tec4net.com\/web\/?s={search_term_string}\"},\"query-input\":\"required name=search_term_string\"}],\"inLanguage\":\"de\"},{\"@type\":\"Organization\",\"@id\":\"https:\/\/www.tec4net.com\/web\/#organization\",\"name\":\"tec4net\",\"url\":\"https:\/\/www.tec4net.com\/web\/\",\"logo\":{\"@type\":\"ImageObject\",\"inLanguage\":\"de\",\"@id\":\"https:\/\/www.tec4net.com\/web\/#\/schema\/logo\/image\/\",\"url\":\"https:\/\/www.tec4net.com\/web\/wp-content\/uploads\/2018\/12\/t4n_Logo_startseite.png\",\"contentUrl\":\"https:\/\/www.tec4net.com\/web\/wp-content\/uploads\/2018\/12\/t4n_Logo_startseite.png\",\"width\":178,\"height\":163,\"caption\":\"tec4net\"},\"image\":{\"@id\":\"https:\/\/www.tec4net.com\/web\/#\/schema\/logo\/image\/\"}}]}<\/script>\n<!-- \/ Yoast SEO plugin. -->","yoast_head_json":{"title":"ZTI COMMUNICATIONS - tec4net","description":"Bitdefender GravityZone ist eine Sicherheitsl\u00f6sung, die umfassenden Schutz und die Freiheit bietet, Virtualisierungs- und Cloud-Anbieter und die dazugeh\u00f6rigen Ger\u00e4te frei zu kombinieren.","robots":{"index":"index","follow":"follow","max-snippet":"max-snippet:-1","max-image-preview":"max-image-preview:large","max-video-preview":"max-video-preview:-1"},"canonical":"https:\/\/www.tec4net.com\/web\/zti\/","og_locale":"de_DE","og_type":"article","og_title":"ZTI COMMUNICATIONS - tec4net","og_description":"Bitdefender GravityZone ist eine Sicherheitsl\u00f6sung, die umfassenden Schutz und die Freiheit bietet, Virtualisierungs- und Cloud-Anbieter und die dazugeh\u00f6rigen Ger\u00e4te frei zu kombinieren.","og_url":"https:\/\/www.tec4net.com\/web\/zti\/","og_site_name":"tec4net","article_modified_time":"2025-03-24T19:11:12+00:00","twitter_card":"summary_large_image","twitter_misc":{"Gesch\u00e4tzte Lesezeit":"5\u00a0Minuten"},"schema":{"@context":"https:\/\/schema.org","@graph":[{"@type":"WebPage","@id":"https:\/\/www.tec4net.com\/web\/zti\/","url":"https:\/\/www.tec4net.com\/web\/zti\/","name":"ZTI COMMUNICATIONS - tec4net","isPartOf":{"@id":"https:\/\/www.tec4net.com\/web\/#website"},"datePublished":"2025-03-15T00:40:53+00:00","dateModified":"2025-03-24T19:11:12+00:00","description":"Bitdefender GravityZone ist eine Sicherheitsl\u00f6sung, die umfassenden Schutz und die Freiheit bietet, Virtualisierungs- und Cloud-Anbieter und die dazugeh\u00f6rigen Ger\u00e4te frei zu kombinieren.","breadcrumb":{"@id":"https:\/\/www.tec4net.com\/web\/zti\/#breadcrumb"},"inLanguage":"de","potentialAction":[{"@type":"ReadAction","target":["https:\/\/www.tec4net.com\/web\/zti\/"]}]},{"@type":"BreadcrumbList","@id":"https:\/\/www.tec4net.com\/web\/zti\/#breadcrumb","itemListElement":[{"@type":"ListItem","position":1,"name":"Startseite","item":"https:\/\/www.tec4net.com\/web\/"},{"@type":"ListItem","position":2,"name":"ZTI COMMUNICATIONS"}]},{"@type":"WebSite","@id":"https:\/\/www.tec4net.com\/web\/#website","url":"https:\/\/www.tec4net.com\/web\/","name":"tec4net","description":"Ihr starker IT-Partner","publisher":{"@id":"https:\/\/www.tec4net.com\/web\/#organization"},"potentialAction":[{"@type":"SearchAction","target":{"@type":"EntryPoint","urlTemplate":"https:\/\/www.tec4net.com\/web\/?s={search_term_string}"},"query-input":"required name=search_term_string"}],"inLanguage":"de"},{"@type":"Organization","@id":"https:\/\/www.tec4net.com\/web\/#organization","name":"tec4net","url":"https:\/\/www.tec4net.com\/web\/","logo":{"@type":"ImageObject","inLanguage":"de","@id":"https:\/\/www.tec4net.com\/web\/#\/schema\/logo\/image\/","url":"https:\/\/www.tec4net.com\/web\/wp-content\/uploads\/2018\/12\/t4n_Logo_startseite.png","contentUrl":"https:\/\/www.tec4net.com\/web\/wp-content\/uploads\/2018\/12\/t4n_Logo_startseite.png","width":178,"height":163,"caption":"tec4net"},"image":{"@id":"https:\/\/www.tec4net.com\/web\/#\/schema\/logo\/image\/"}}]}},"_links":{"self":[{"href":"https:\/\/www.tec4net.com\/web\/wp-json\/wp\/v2\/pages\/2743"}],"collection":[{"href":"https:\/\/www.tec4net.com\/web\/wp-json\/wp\/v2\/pages"}],"about":[{"href":"https:\/\/www.tec4net.com\/web\/wp-json\/wp\/v2\/types\/page"}],"author":[{"embeddable":true,"href":"https:\/\/www.tec4net.com\/web\/wp-json\/wp\/v2\/users\/1"}],"replies":[{"embeddable":true,"href":"https:\/\/www.tec4net.com\/web\/wp-json\/wp\/v2\/comments?post=2743"}],"version-history":[{"count":31,"href":"https:\/\/www.tec4net.com\/web\/wp-json\/wp\/v2\/pages\/2743\/revisions"}],"predecessor-version":[{"id":5011,"href":"https:\/\/www.tec4net.com\/web\/wp-json\/wp\/v2\/pages\/2743\/revisions\/5011"}],"wp:attachment":[{"href":"https:\/\/www.tec4net.com\/web\/wp-json\/wp\/v2\/media?parent=2743"}],"curies":[{"name":"wp","href":"https:\/\/api.w.org\/{rel}","templated":true}]}}