{"id":2826,"date":"2024-04-25T05:03:11","date_gmt":"2024-04-25T03:03:11","guid":{"rendered":"https:\/\/www.tec4net.com\/web\/?page_id=2826"},"modified":"2024-10-17T01:09:19","modified_gmt":"2024-10-16T23:09:19","slug":"externer-datenschutzbeauftragter-in-berlin","status":"publish","type":"page","link":"https:\/\/www.tec4net.com\/web\/externer-datenschutzbeauftragter-in-berlin\/","title":{"rendered":"Externer Datenschutzbeauftragter in Berlin"},"content":{"rendered":"<p>[vc_row full_width=&#8220;stretch_row&#8220; equal_height=&#8220;yes&#8220; css=&#8220;.vc_custom_1544084854793{margin-top: -85px !important;padding-top: 50px !important;padding-bottom: 30px !important;background-color: #f0f0f0 !important;}&#8220;][vc_column width=&#8220;1\/4&#8243;][vc_column_text]<\/p>\n<h2 style=\"text-align: right;\"><span style=\"color: #026198;\">Datenschutz-<br \/>\nbeauftragter <\/span><\/h2>\n<p style=\"text-align: right;\"><strong><span style=\"color: #026198;\">Die Datenschutz-Grundverordnung (DSGVO) regelt nicht nur den Umgang mit personenbezogenen Daten, sondern schreibt f\u00fcr viele Unternehmen die Bestellung eines Datenschutzbeauftragten (DSB) vor. Wir stellen externe Datenschutzexperten f\u00fcr Berlin und Deutschland.<br \/>\n<\/span><\/strong><\/p>\n<p style=\"text-align: right;\"><strong><span style=\"color: #026198;\">\u00a0<\/span><\/strong><\/p>\n<p>[\/vc_column_text][\/vc_column][vc_column width=&#8220;3\/4&#8243;][vc_single_image image=&#8220;627&#8243; img_size=&#8220;full&#8220; alignment=&#8220;center&#8220; style=&#8220;vc_box_shadow_3d&#8220; css_animation=&#8220;fadeInUp&#8220;][\/vc_column][\/vc_row][vc_row css=&#8220;.vc_custom_1544085464815{padding-top: 20px !important;}&#8220;][vc_column width=&#8220;1\/4&#8243;][vc_single_image image=&#8220;928&#8243; img_size=&#8220;200&#215;128&#8243; alignment=&#8220;center&#8220;][\/vc_column][vc_column width=&#8220;3\/4&#8243;][vc_column_text css=&#8220;.vc_custom_1714013069614{padding-bottom: 20px !important;}&#8220;]<\/p>\n<h4>Bestellpflicht<\/h4>\n<p>Unternehmen mit mehr als 20 Mitarbeitern sind gem. Artikel 37 DSGVO verpflichtet, einen internen oder externen Datenschutzbeauftragten zu bestellen und der Aufsichtsbeh\u00f6rde zu melden. Kleinere Unternehmen unterliegen dieser Bestellpflicht nicht, m\u00fcssen aber dennoch alle datenschutzrechtlichen Vorgaben vollumf\u00e4nglich erf\u00fcllen.[\/vc_column_text][\/vc_column][\/vc_row][vc_row][vc_column width=&#8220;1\/4&#8243;][\/vc_column][vc_column width=&#8220;3\/4&#8243;][vc_column_text]<\/p>\n<p style=\"text-align: center;\"><strong>Sie m\u00f6chten mehr erfahren?<br \/>\nWir beraten Sie gerne<br \/>\n<\/strong><\/p>\n<p>[\/vc_column_text][vc_btn title=&#8220;\u2709 Kostenloses Erstgespr\u00e4ch&#8220; color=&#8220;pink&#8220; align=&#8220;center&#8220; link=&#8220;url:mailto%3Ainfo%40tec4net.com%3Fsubject%3DKostenloses%2520Erstgespr%25C3%25A4ch%2520-%2520Datenschutz|||&#8220;][\/vc_column][\/vc_row][vc_row css=&#8220;.vc_custom_1544085464815{padding-top: 20px !important;}&#8220;][vc_column][vc_column_text css=&#8220;.vc_custom_1714014171566{padding-bottom: 20px !important;}&#8220;]<\/p>\n<h4>Externer Datenschutzbeauftragter f\u00fcr Berlin<\/h4>\n<p>Profitieren Sie von unserer umfassenden Expertise im Bereich Datenschutz &amp; Datensicherheit und bestellen Sie uns zum externen Datenschutzbeauftragten gem. Artikel 37 DSGVO f\u00fcr Ihr Unternehmen. Gerne begleiten wir Sie auch ohne eine Bestellung bei der Umsetzung der Datenschutz-Grundverordnung, sofern Sie der Bestellpflicht nicht unterliegen.<\/p>\n<p>In beiden F\u00e4llen werden wir mit Ihnen zusammen zuerst eine Ist-Analyse durchf\u00fchren und Ihre bestehenden Prozesse und Verarbeitungst\u00e4tigkeiten erfassen. Im zweiten Schritt werden wir ein wirksames Datenschutz-Management-System (DSMS) mit Ihnen entwickeln und umsetzen.<\/p>\n<p>Im Falle einer Bestellung zum DSB vertreten wir Sie gegen\u00fcber Kunden, Auftraggebern und der f\u00fcr Sie zust\u00e4ndigen Datenschutzaufsichtsbeh\u00f6rde.<\/p>\n<p>Wenn Sie Ihre Bem\u00fchungen im Datenschutz zertifizieren m\u00f6chten oder dies als Auftragsverarbeiter erforderlich wird, begleiten wir Sie durch den gesamten Auditprozess und \u00fcbernehmen die Kommunikation mit der Zertifizierungsstelle bis zur Zertifikatsvergabe.<\/p>\n<p>Gerade gro\u00dfe Unternehmen verlangen die Einhaltung der gesetzlichen Vorgaben von ihren Lieferanten und machen dies zur Voraussetzung f\u00fcr die Auftragsvergabe.[\/vc_column_text][\/vc_column][\/vc_row][vc_row][vc_column][vc_empty_space][vc_column_text]<\/p>\n<h4 style=\"text-align: left;\">Unsere Datenschutzexperten beraten zur<\/h4>\n<p>[\/vc_column_text][\/vc_column][\/vc_row][vc_row][vc_column width=&#8220;1\/2&#8243;][vc_column_text]<span style=\"color: #026198;\">\u2192\u00a0\u00a0 UMSETZUNG DES DATENSCHUTZMANAGEMENTS<br \/>\n<\/span><\/p>\n<hr \/>\n<p><span style=\"color: #026198;\">\u2192\u00a0\u00a0 BEANTWORTUNG VON DATENSCHUTZFRAGEN<br \/>\n<\/span><\/p>\n<hr \/>\n<p><span style=\"color: #026198;\">\u2192\u00a0\u00a0 UMSETZUNG DER BETROFFENENRECHTE<br \/>\n<\/span><\/p>\n<hr \/>\n<p><span style=\"color: #026198;\">\u2192\u00a0\u00a0 EINHALTUNG DER INFORMATIONS\u00adPFLICHTEN<br \/>\n<\/span><\/p>\n<hr \/>\n<p><span style=\"color: #026198;\">\u2192\u00a0\u00a0\u00a0 DURCHF\u00dcHRUNG VON DATENSCHUTZSCHULUNGEN<\/span><\/p>\n<hr \/>\n<p><span style=\"color: #026198;\">\u2192\u00a0\u00a0\u00a0 DATENVERARBEITUNG UND IT-SICHERHEIT<br \/>\n<\/span><\/p>\n<hr \/>\n<p><span style=\"color: #026198;\">\u2192\u00a0\u00a0\u00a0 ERSTELLUNG DES VERFAHRENSVERZEICHNISSES<br \/>\n<\/span><\/p>\n<hr \/>\n<p>[\/vc_column_text][\/vc_column][vc_column width=&#8220;1\/2&#8243;][vc_column_text]<span style=\"color: #026198;\">\u2192\u00a0\u00a0 BEAUFTRAGUNG VON AUFTRAGSVERARBEITERN<br \/>\n<\/span><\/p>\n<hr \/>\n<p><span style=\"color: #026198;\">\u2192\u00a0\u00a0 DURCHF\u00dcHRUNG VON RISIKOBEWERTUNGEN<br \/>\n<\/span><\/p>\n<hr \/>\n<p><span style=\"color: #026198;\">\u2192\u00a0\u00a0 ERSTELLUNG VON FOLGEABSCH\u00c4TZUNGEN<br \/>\n<\/span><\/p>\n<hr \/>\n<p><span style=\"color: #026198;\">\u2192\u00a0\u00a0 BEARBEITUNG VON DATENSCHUTZVERLETZUNGEN<br \/>\n<\/span><\/p>\n<hr \/>\n<p><span style=\"color: #026198;\">\u2192\u00a0\u00a0 KOMMUNIKATION MIT AUFSICHTSBEH\u00d6RDEN<br \/>\n<\/span><\/p>\n<hr \/>\n<p><span style=\"color: #026198;\">\u2192\u00a0\u00a0 DURCHF\u00dcHRUNG VON AUDITS<br \/>\n<\/span><\/p>\n<hr \/>\n<p><span style=\"color: #026198;\">\u2192\u00a0\u00a0 BEWERTUNG VON PR\u00dcFBERICHTEN<br \/>\n<\/span><\/p>\n<hr \/>\n<p>[\/vc_column_text][\/vc_column][\/vc_row][vc_row][vc_column][vc_empty_space][vc_column_text]<\/p>\n<h4>Vorteile eines externen Datenschutzbeauftragten<\/h4>\n<p>[\/vc_column_text][\/vc_column][\/vc_row][vc_row][vc_column width=&#8220;1\/3&#8243;][vc_column_text]<strong>Expertise und Fachwissen<\/strong><\/p>\n<p>Externe Datenschutzbeauftragte bringen ein breites Spektrum an Fachkenntnissen und Erfahrungen mit, da sie in verschiedenen Branchen und Unternehmen t\u00e4tig sind.<\/p>\n<p>Sie sind auf dem neuesten Stand der Datenschutzbestimmungen und k\u00f6nnen ma\u00dfgeschneiderte L\u00f6sungen f\u00fcr die individuellen Anforderungen der Kunden bieten.[\/vc_column_text][\/vc_column][vc_column width=&#8220;1\/3&#8243;][vc_column_text]<strong>Unabh\u00e4ngigkeit und Neutralit\u00e4t<\/strong><\/p>\n<p>Externe Datenschutzbeauftragte agieren unabh\u00e4ngig von internen Interessen und Hierarchien im Unternehmen. Hierdurch k\u00f6nnen sie objektive und neutrale Empfehlungen geben, ohne von internen Entscheidungen oder politischen Einfl\u00fcssen beeinflusst zu sein.<\/p>\n<p>Dies tr\u00e4gt zur Glaubw\u00fcrdigkeit und Vertrauensw\u00fcrdigkeit der Datenschutzma\u00dfnahmen bei.[\/vc_column_text][\/vc_column][vc_column width=&#8220;1\/3&#8243;][vc_column_text]<strong>Flexibilit\u00e4t und Skalierbarkeit<\/strong><\/p>\n<p>Externe Datenschutzbeauftragte k\u00f6nnen je nach Bedarf des Kunden flexibel eingesetzt werden. Sie bieten eine skalierbare L\u00f6sung, die sich an die individuellen Anforderungen und die Entwicklung des Unternehmens anpassen l\u00e4sst.<\/p>\n<p>Bei Ver\u00e4nderungen im Unternehmen k\u00f6nnen externe Datenschutzbeauftragte schnell und effizient reagieren.[\/vc_column_text][\/vc_column][\/vc_row][vc_row][vc_column][vc_empty_space][\/vc_column][\/vc_row][vc_row][vc_column][vc_empty_space][vc_column_text]<\/p>\n<h4 style=\"text-align: center;\"><span style=\"color: #026198;\">Externer Datenschutzbeauftragter (DSB) f\u00fcr Berlin und Deutschland<br \/>\n<\/span><\/h4>\n<p>[\/vc_column_text][vc_column_text]<\/p>\n<p style=\"text-align: center;\"><strong>Qualifizierte Experten<\/strong><\/p>\n<p style=\"text-align: center;\">Datenschutzauditor (T\u00dcV)\u00a0 |\u00a0 Datenschutzbeauftragter (T\u00dcV)<br \/>\nDatenschutzbeauftragter (GDDcert)\u00a0 |\u00a0 Zertifizierter Datenschutzbeauftragter (udiszert)<br \/>\nCertified Information Privacy Professional (iapp)<\/p>\n<p>[\/vc_column_text][\/vc_column][\/vc_row][vc_row][vc_column][vc_separator style=&#8220;dotted&#8220; border_width=&#8220;2&#8243;][vc_column_text]<\/p>\n<p style=\"text-align: center;\">Brosch\u00fcren zum Download: \u00a0<a href=\"http:\/\/\u2192\u00a0\u00a0 tec4net_Brosch\u00fcre_Datenschutz (6,3 MB)\" target=\"_blank\" rel=\"noopener noreferrer\">\u2192\u00a0 <\/a><a href=\"https:\/\/www.tec4net.com\/web\/wp-content\/uploads\/2019\/03\/tec4net_Broschuere_Datenschutz.pdf\" target=\"_blank\" rel=\"noopener noreferrer\">tec4net_Brosch\u00fcre_<\/a><a href=\"https:\/\/www.tec4net.com\/web\/wp-content\/uploads\/2019\/03\/tec4net_Broschuere_Datenschutz.pdf\" target=\"_blank\" rel=\"noopener noreferrer\">Datenschutz (6,3 MB)<\/a><\/p>\n<p>[\/vc_column_text][vc_separator style=&#8220;dotted&#8220; border_width=&#8220;2&#8243;][\/vc_column][\/vc_row][vc_row][vc_column][vc_btn title=&#8220;\u2709 Kostenloses Erstgespr\u00e4ch&#8220; color=&#8220;pink&#8220; align=&#8220;center&#8220; link=&#8220;url:mailto%3Ainfo%40tec4net.com%3Fsubject%3DKostenloses%2520Erstgespr%25C3%25A4ch%2520-%2520Datenschutz|||&#8220;][\/vc_column][\/vc_row][vc_row][vc_column][vc_empty_space][vc_column_text]<\/p>\n<p style=\"text-align: center;\"><strong>Auch in Ihrer N\u00e4he<\/strong><\/p>\n<p style=\"text-align: center;\"><a href=\"https:\/\/www.tec4net.com\/web\/externer-datenschutzbeauftragter-in-augsburg\">Augsburg<\/a> | <a href=\"https:\/\/www.tec4net.com\/web\/externer-datenschutzbeauftragter-in-berlin\">Berlin<\/a> | <a href=\"https:\/\/www.tec4net.com\/web\/externer-datenschutzbeauftragter-in-bielefeld\">Bielefeld<\/a> | <a href=\"https:\/\/www.tec4net.com\/web\/externer-datenschutzbeauftragter-in-bochum\">Bochum<\/a> | <a href=\"https:\/\/www.tec4net.com\/web\/externer-datenschutzbeauftragter-in-bremen\">Bremen<\/a> | <a href=\"https:\/\/www.tec4net.com\/web\/externer-datenschutzbeauftragter-in-dortmund\">Dortmund<\/a> | <a href=\"https:\/\/www.tec4net.com\/web\/externer-datenschutzbeauftragter-in-dresden\">Dresden<\/a> |\u00a0 <a href=\"https:\/\/www.tec4net.com\/web\/externer-datenschutzbeauftragter-in-duesseldorf\">D\u00fcsseldorf<\/a> | <a href=\"https:\/\/www.tec4net.com\/web\/externer-datenschutzbeauftragter-in-erfurt\">Erfurt<\/a> | <a href=\"https:\/\/www.tec4net.com\/web\/externer-datenschutzbeauftragter-in-essen\">Essen<\/a> | <a href=\"https:\/\/www.tec4net.com\/web\/externer-datenschutzbeauftragter-in-frankfurt\">Frankfurt<\/a> | <a href=\"https:\/\/www.tec4net.com\/web\/externer-datenschutzbeauftragter-in-hamburg\">Hamburg<\/a> | <a href=\"https:\/\/www.tec4net.com\/web\/externer-datenschutzbeauftragter-in-hannover\">Hannover<\/a> | <a href=\"https:\/\/www.tec4net.com\/web\/externer-datenschutzbeauftragter-in-ingolstadt\">Ingolstadt<\/a> | <a href=\"https:\/\/www.tec4net.com\/web\/externer-datenschutzbeauftragter-in-kiel\">Kiel<\/a> | <a href=\"https:\/\/www.tec4net.com\/web\/externer-datenschutzbeauftragter-in-koeln\">K\u00f6ln<\/a> | <a href=\"https:\/\/www.tec4net.com\/web\/externer-datenschutzbeauftragter-in-leipzig\">Leipzig<\/a> | <a href=\"https:\/\/www.tec4net.com\/web\/externer-datenschutzbeauftragter-in-magdeburg\">Magdeburg<\/a> | <a href=\"https:\/\/www.tec4net.com\/web\/externer-datenschutzbeauftragter-in-mainz\">Mainz<\/a> | <a href=\"https:\/\/www.tec4net.com\/web\/externer-datenschutzbeauftragter-in-mannheim\">Mannheim<\/a> | <a href=\"https:\/\/www.tec4net.com\/web\/externer-datenschutzbeauftragter-in-muenchen\">M\u00fcnchen<\/a> | <a href=\"https:\/\/www.tec4net.com\/web\/externer-datenschutzbeauftragter-in-nuernberg\">N\u00fcrnberg<\/a> | <a href=\"https:\/\/www.tec4net.com\/web\/externer-datenschutzbeauftragter-in-potsdam\">Potsdam<\/a> | <a href=\"https:\/\/www.tec4net.com\/web\/externer-datenschutzbeauftragter-in-regensburg\">Regensburg<\/a> | <a href=\"https:\/\/www.tec4net.com\/web\/externer-datenschutzbeauftragter-in-rostock\">Rostock<\/a> | <a href=\"https:\/\/www.tec4net.com\/web\/externer-datenschutzbeauftragter-in-saarbruecken\">Saarbr\u00fccken<\/a> | <a href=\"https:\/\/www.tec4net.com\/web\/externer-datenschutzbeauftragter-in-stuttgart\">Stuttgart<\/a> | <a href=\"https:\/\/www.tec4net.com\/web\/externer-datenschutzbeauftragter-in-wuerzburg\">W\u00fcrzburg<\/a><\/p>\n<hr \/>\n<p>[\/vc_column_text][\/vc_column][\/vc_row]<\/p>\n","protected":false},"excerpt":{"rendered":"<p>[vc_row full_width=&#8220;stretch_row&#8220; equal_height=&#8220;yes&#8220; css=&#8220;.vc_custom_1544084854793{margin-top: -85px !important;padding-top: 50px !important;padding-bottom: 30px !important;background-color: #f0f0f0 !important;}&#8220;][vc_column width=&#8220;1\/4&#8243;][vc_column_text] Datenschutz- beauftragter Die Datenschutz-Grundverordnung (DSGVO) regelt nicht nur den Umgang mit personenbezogenen Daten, sondern schreibt f\u00fcr viele Unternehmen die Bestellung eines Datenschutzbeauftragten (DSB) vor. Wir stellen externe Datenschutzexperten f\u00fcr Berlin und Deutschland. \u00a0 [\/vc_column_text][\/vc_column][vc_column width=&#8220;3\/4&#8243;][vc_single_image image=&#8220;627&#8243; img_size=&#8220;full&#8220; [&hellip;]<\/p>\n","protected":false},"author":1,"featured_media":0,"parent":0,"menu_order":0,"comment_status":"closed","ping_status":"closed","template":"","meta":[],"yoast_head":"<!-- This site is optimized with the Yoast SEO plugin v21.5 - https:\/\/yoast.com\/wordpress\/plugins\/seo\/ -->\n<title>Externer Datenschutzbeauftragter in Berlin - tec4net<\/title>\n<meta name=\"description\" content=\"Die EU-Datenschutzgrundverordnung (DSGVO) regelt den Umgang mit personenbezogenen Daten und schreibt f\u00fcr viele Unternehmen die Bestellung eines Datenschutzbeauftragten (DSB) vor.\" \/>\n<meta name=\"robots\" content=\"index, follow, max-snippet:-1, max-image-preview:large, max-video-preview:-1\" \/>\n<link rel=\"canonical\" href=\"https:\/\/www.tec4net.com\/web\/externer-datenschutzbeauftragter-in-berlin\/\" \/>\n<meta property=\"og:locale\" content=\"de_DE\" \/>\n<meta property=\"og:type\" content=\"article\" \/>\n<meta property=\"og:title\" content=\"Externer Datenschutzbeauftragter in Berlin - tec4net\" \/>\n<meta property=\"og:description\" content=\"Die EU-Datenschutzgrundverordnung (DSGVO) regelt den Umgang mit personenbezogenen Daten und schreibt f\u00fcr viele Unternehmen die Bestellung eines Datenschutzbeauftragten (DSB) vor.\" \/>\n<meta property=\"og:url\" content=\"https:\/\/www.tec4net.com\/web\/externer-datenschutzbeauftragter-in-berlin\/\" \/>\n<meta property=\"og:site_name\" content=\"tec4net\" \/>\n<meta property=\"article:modified_time\" content=\"2024-10-16T23:09:19+00:00\" \/>\n<meta name=\"twitter:card\" content=\"summary_large_image\" \/>\n<meta name=\"twitter:label1\" content=\"Gesch\u00e4tzte Lesezeit\" \/>\n\t<meta name=\"twitter:data1\" content=\"4\u00a0Minuten\" \/>\n<script type=\"application\/ld+json\" class=\"yoast-schema-graph\">{\"@context\":\"https:\/\/schema.org\",\"@graph\":[{\"@type\":\"WebPage\",\"@id\":\"https:\/\/www.tec4net.com\/web\/externer-datenschutzbeauftragter-in-berlin\/\",\"url\":\"https:\/\/www.tec4net.com\/web\/externer-datenschutzbeauftragter-in-berlin\/\",\"name\":\"Externer Datenschutzbeauftragter in Berlin - tec4net\",\"isPartOf\":{\"@id\":\"https:\/\/www.tec4net.com\/web\/#website\"},\"datePublished\":\"2024-04-25T03:03:11+00:00\",\"dateModified\":\"2024-10-16T23:09:19+00:00\",\"description\":\"Die EU-Datenschutzgrundverordnung (DSGVO) regelt den Umgang mit personenbezogenen Daten und schreibt f\u00fcr viele Unternehmen die Bestellung eines Datenschutzbeauftragten (DSB) vor.\",\"breadcrumb\":{\"@id\":\"https:\/\/www.tec4net.com\/web\/externer-datenschutzbeauftragter-in-berlin\/#breadcrumb\"},\"inLanguage\":\"de\",\"potentialAction\":[{\"@type\":\"ReadAction\",\"target\":[\"https:\/\/www.tec4net.com\/web\/externer-datenschutzbeauftragter-in-berlin\/\"]}]},{\"@type\":\"BreadcrumbList\",\"@id\":\"https:\/\/www.tec4net.com\/web\/externer-datenschutzbeauftragter-in-berlin\/#breadcrumb\",\"itemListElement\":[{\"@type\":\"ListItem\",\"position\":1,\"name\":\"Startseite\",\"item\":\"https:\/\/www.tec4net.com\/web\/\"},{\"@type\":\"ListItem\",\"position\":2,\"name\":\"Externer Datenschutzbeauftragter in Berlin\"}]},{\"@type\":\"WebSite\",\"@id\":\"https:\/\/www.tec4net.com\/web\/#website\",\"url\":\"https:\/\/www.tec4net.com\/web\/\",\"name\":\"tec4net\",\"description\":\"Ihr starker IT-Partner\",\"publisher\":{\"@id\":\"https:\/\/www.tec4net.com\/web\/#organization\"},\"potentialAction\":[{\"@type\":\"SearchAction\",\"target\":{\"@type\":\"EntryPoint\",\"urlTemplate\":\"https:\/\/www.tec4net.com\/web\/?s={search_term_string}\"},\"query-input\":\"required name=search_term_string\"}],\"inLanguage\":\"de\"},{\"@type\":\"Organization\",\"@id\":\"https:\/\/www.tec4net.com\/web\/#organization\",\"name\":\"tec4net\",\"url\":\"https:\/\/www.tec4net.com\/web\/\",\"logo\":{\"@type\":\"ImageObject\",\"inLanguage\":\"de\",\"@id\":\"https:\/\/www.tec4net.com\/web\/#\/schema\/logo\/image\/\",\"url\":\"https:\/\/www.tec4net.com\/web\/wp-content\/uploads\/2018\/12\/t4n_Logo_startseite.png\",\"contentUrl\":\"https:\/\/www.tec4net.com\/web\/wp-content\/uploads\/2018\/12\/t4n_Logo_startseite.png\",\"width\":178,\"height\":163,\"caption\":\"tec4net\"},\"image\":{\"@id\":\"https:\/\/www.tec4net.com\/web\/#\/schema\/logo\/image\/\"}}]}<\/script>\n<!-- \/ Yoast SEO plugin. -->","yoast_head_json":{"title":"Externer Datenschutzbeauftragter in Berlin - tec4net","description":"Die EU-Datenschutzgrundverordnung (DSGVO) regelt den Umgang mit personenbezogenen Daten und schreibt f\u00fcr viele Unternehmen die Bestellung eines Datenschutzbeauftragten (DSB) vor.","robots":{"index":"index","follow":"follow","max-snippet":"max-snippet:-1","max-image-preview":"max-image-preview:large","max-video-preview":"max-video-preview:-1"},"canonical":"https:\/\/www.tec4net.com\/web\/externer-datenschutzbeauftragter-in-berlin\/","og_locale":"de_DE","og_type":"article","og_title":"Externer Datenschutzbeauftragter in Berlin - tec4net","og_description":"Die EU-Datenschutzgrundverordnung (DSGVO) regelt den Umgang mit personenbezogenen Daten und schreibt f\u00fcr viele Unternehmen die Bestellung eines Datenschutzbeauftragten (DSB) vor.","og_url":"https:\/\/www.tec4net.com\/web\/externer-datenschutzbeauftragter-in-berlin\/","og_site_name":"tec4net","article_modified_time":"2024-10-16T23:09:19+00:00","twitter_card":"summary_large_image","twitter_misc":{"Gesch\u00e4tzte Lesezeit":"4\u00a0Minuten"},"schema":{"@context":"https:\/\/schema.org","@graph":[{"@type":"WebPage","@id":"https:\/\/www.tec4net.com\/web\/externer-datenschutzbeauftragter-in-berlin\/","url":"https:\/\/www.tec4net.com\/web\/externer-datenschutzbeauftragter-in-berlin\/","name":"Externer Datenschutzbeauftragter in Berlin - tec4net","isPartOf":{"@id":"https:\/\/www.tec4net.com\/web\/#website"},"datePublished":"2024-04-25T03:03:11+00:00","dateModified":"2024-10-16T23:09:19+00:00","description":"Die EU-Datenschutzgrundverordnung (DSGVO) regelt den Umgang mit personenbezogenen Daten und schreibt f\u00fcr viele Unternehmen die Bestellung eines Datenschutzbeauftragten (DSB) vor.","breadcrumb":{"@id":"https:\/\/www.tec4net.com\/web\/externer-datenschutzbeauftragter-in-berlin\/#breadcrumb"},"inLanguage":"de","potentialAction":[{"@type":"ReadAction","target":["https:\/\/www.tec4net.com\/web\/externer-datenschutzbeauftragter-in-berlin\/"]}]},{"@type":"BreadcrumbList","@id":"https:\/\/www.tec4net.com\/web\/externer-datenschutzbeauftragter-in-berlin\/#breadcrumb","itemListElement":[{"@type":"ListItem","position":1,"name":"Startseite","item":"https:\/\/www.tec4net.com\/web\/"},{"@type":"ListItem","position":2,"name":"Externer Datenschutzbeauftragter in Berlin"}]},{"@type":"WebSite","@id":"https:\/\/www.tec4net.com\/web\/#website","url":"https:\/\/www.tec4net.com\/web\/","name":"tec4net","description":"Ihr starker IT-Partner","publisher":{"@id":"https:\/\/www.tec4net.com\/web\/#organization"},"potentialAction":[{"@type":"SearchAction","target":{"@type":"EntryPoint","urlTemplate":"https:\/\/www.tec4net.com\/web\/?s={search_term_string}"},"query-input":"required name=search_term_string"}],"inLanguage":"de"},{"@type":"Organization","@id":"https:\/\/www.tec4net.com\/web\/#organization","name":"tec4net","url":"https:\/\/www.tec4net.com\/web\/","logo":{"@type":"ImageObject","inLanguage":"de","@id":"https:\/\/www.tec4net.com\/web\/#\/schema\/logo\/image\/","url":"https:\/\/www.tec4net.com\/web\/wp-content\/uploads\/2018\/12\/t4n_Logo_startseite.png","contentUrl":"https:\/\/www.tec4net.com\/web\/wp-content\/uploads\/2018\/12\/t4n_Logo_startseite.png","width":178,"height":163,"caption":"tec4net"},"image":{"@id":"https:\/\/www.tec4net.com\/web\/#\/schema\/logo\/image\/"}}]}},"_links":{"self":[{"href":"https:\/\/www.tec4net.com\/web\/wp-json\/wp\/v2\/pages\/2826"}],"collection":[{"href":"https:\/\/www.tec4net.com\/web\/wp-json\/wp\/v2\/pages"}],"about":[{"href":"https:\/\/www.tec4net.com\/web\/wp-json\/wp\/v2\/types\/page"}],"author":[{"embeddable":true,"href":"https:\/\/www.tec4net.com\/web\/wp-json\/wp\/v2\/users\/1"}],"replies":[{"embeddable":true,"href":"https:\/\/www.tec4net.com\/web\/wp-json\/wp\/v2\/comments?post=2826"}],"version-history":[{"count":3,"href":"https:\/\/www.tec4net.com\/web\/wp-json\/wp\/v2\/pages\/2826\/revisions"}],"predecessor-version":[{"id":3669,"href":"https:\/\/www.tec4net.com\/web\/wp-json\/wp\/v2\/pages\/2826\/revisions\/3669"}],"wp:attachment":[{"href":"https:\/\/www.tec4net.com\/web\/wp-json\/wp\/v2\/media?parent=2826"}],"curies":[{"name":"wp","href":"https:\/\/api.w.org\/{rel}","templated":true}]}}