{"id":297,"date":"2018-12-03T16:38:37","date_gmt":"2018-12-03T15:38:37","guid":{"rendered":"https:\/\/www.tec4net.com\/web\/?page_id=297"},"modified":"2024-10-18T00:08:16","modified_gmt":"2024-10-17T22:08:16","slug":"datenschutz","status":"publish","type":"page","link":"https:\/\/www.tec4net.com\/web\/datenschutz\/","title":{"rendered":"Datenschutz"},"content":{"rendered":"<p>[vc_row full_width=&#8220;stretch_row&#8220; equal_height=&#8220;yes&#8220; css=&#8220;.vc_custom_1544084854793{margin-top: -85px !important;padding-top: 50px !important;padding-bottom: 30px !important;background-color: #f0f0f0 !important;}&#8220;][vc_column width=&#8220;1\/4&#8243;][vc_column_text]<\/p>\n<h2 style=\"text-align: right;\"><span style=\"color: #026198;\">DATENSCHUTZ<\/span><\/h2>\n<p style=\"text-align: right;\"><strong><span style=\"color: #026198;\">Die EU-Datenschutzgrundverordnung (DSGVO) regelt nicht nur den Umgang mit personenbezogenen Daten, sondern schreibt f\u00fcr viele Unternehmen die Bestellung eines Datenschutzbeauftragten (DSB) vor.<\/span><\/strong><\/p>\n<p style=\"text-align: right;\"><strong><span style=\"color: #026198;\">\u00a0<\/span><\/strong><\/p>\n<p>[\/vc_column_text][\/vc_column][vc_column width=&#8220;3\/4&#8243;][vc_single_image image=&#8220;627&#8243; img_size=&#8220;full&#8220; alignment=&#8220;center&#8220; style=&#8220;vc_box_shadow_3d&#8220; css_animation=&#8220;fadeInUp&#8220;][\/vc_column][\/vc_row][vc_row css=&#8220;.vc_custom_1544085464815{padding-top: 20px !important;}&#8220;][vc_column width=&#8220;1\/4&#8243;][vc_single_image image=&#8220;633&#8243; img_size=&#8220;200&#215;128&#8243; alignment=&#8220;center&#8220;][\/vc_column][vc_column width=&#8220;3\/4&#8243;][vc_column_text css=&#8220;.vc_custom_1544085609843{padding-bottom: 20px !important;}&#8220;]Im Rahmen unserer Beratung k\u00f6nnen Sie sich entscheiden, ob wir Sie und Ihren bestellten DSB beraten sollen oder ob Sie uns als Datenschutzbeauftragten f\u00fcr Ihr Unternehmen bestellen m\u00f6chten. In beiden F\u00e4llen werden wir mit Ihnen zusammen eine Ist-Analyse durchf\u00fchren und Ihre bestehenden Prozesse und Verarbeitungst\u00e4tigkeiten erfassen. Im zweiten Schritt werden wir dann ein wirksames Datenschutz-Management-System (DSMS) entwickeln und umsetzen.<\/p>\n<p>Im Falle einer Bestellung zum DSB, vertreten wir Sie gegen\u00fcber Kunden, Auftraggebern und der f\u00fcr Sie zust\u00e4ndigen Datenschutzaufsichtsbeh\u00f6rde.<\/p>\n<p>Wenn Sie Ihre Bem\u00fchungen im Datenschutz zertifizieren m\u00f6chten oder dies durch Ihre Auftraggeber im Rahmen einer Auftragsverarbeitung gefordert wird, begleiten wir Sie durch den gesamten Auditprozess und \u00fcbernehmen die Kommunikation mit der Zertifizierungsstelle bis zur Zertifikatsvergabe.<\/p>\n<p>Gerade gro\u00dfe Unternehmen verlangen die Einhaltung der gesetzlichen Vorgaben von ihren Lieferanten und machen dies zur Voraussetzung f\u00fcr die Auftragsvergabe.[\/vc_column_text][vc_column_text]<\/p>\n<h4><span style=\"color: #026198;\">Wir bieten Ihnen:<\/span><\/h4>\n<p><span style=\"color: #026198;\">\u2192\u00a0\u00a0 EINF\u00dcHRUNG UND AUDITIERUNG (DSMS) ISO\/IEC 27018<br \/>\n<\/span><\/p>\n<hr \/>\n<p><span style=\"color: #026198;\">\u2192\u00a0\u00a0 EU-DATENSCHUTZGRUNDVERORDNUNG (DSGVO)<\/span><\/p>\n<hr \/>\n<p><span style=\"color: #026198;\">\u2192\u00a0\u00a0 BUNDESDATENSCHUTZGESETZ (BDSG)<\/span><\/p>\n<hr \/>\n<p><span style=\"color: #026198;\">\u2192\u00a0\u00a0 GUTACHTEN F\u00dcR AUFTRAGSVERARBEITER<\/span><\/p>\n<hr \/>\n<p><span style=\"color: #026198;\">\u2192\u00a0\u00a0\u00a0 PR\u00dcFBERICHTE UND ZERTIFIZIERUNG (T\u00dcV)<\/span><\/p>\n<hr \/>\n<p>[\/vc_column_text][\/vc_column][\/vc_row][vc_row][vc_column][vc_empty_space][\/vc_column][\/vc_row][vc_row][vc_column width=&#8220;1\/4&#8243;][\/vc_column][vc_column width=&#8220;3\/4&#8243;][vc_separator style=&#8220;dotted&#8220; border_width=&#8220;2&#8243;][vc_column_text]Brosch\u00fcren zum Download: \u00a0<a href=\"http:\/\/\u2192\u00a0\u00a0 tec4net_Brosch\u00fcre_Datenschutz (6,3 MB)\" target=\"_blank\" rel=\"noopener noreferrer\">\u2192\u00a0 <\/a><a href=\"https:\/\/www.tec4net.com\/web\/wp-content\/uploads\/2019\/03\/tec4net_Broschuere_Datenschutz.pdf\" target=\"_blank\" rel=\"noopener noreferrer\">tec4net_Brosch\u00fcre_<\/a><a href=\"https:\/\/www.tec4net.com\/web\/wp-content\/uploads\/2019\/03\/tec4net_Broschuere_Datenschutz.pdf\" target=\"_blank\" rel=\"noopener noreferrer\">Datenschutz (6,3 MB)<\/a>[\/vc_column_text][vc_separator style=&#8220;dotted&#8220; border_width=&#8220;2&#8243;][\/vc_column][\/vc_row][vc_row][vc_column width=&#8220;1\/4&#8243;][\/vc_column][vc_column width=&#8220;3\/4&#8243;][vc_btn title=&#8220;\u2709 Kostenloses Erstgespr\u00e4ch&#8220; color=&#8220;pink&#8220; link=&#8220;url:mailto%3Ainfo%40tec4net.com%3Fsubject%3DKostenloses%2520Erstgespr%25C3%25A4ch%2520-%2520Datenschutz|||&#8220;][vc_empty_space][\/vc_column][\/vc_row][vc_row css=&#8220;.vc_custom_1729202513993{background-color: #f0f0f0 !important;}&#8220;][vc_column][vc_empty_space][vc_column_text]<\/p>\n<h4 style=\"text-align: center;\"><span style=\"color: #026198;\">Externer Datenschutzbeauftragter (DSB) f\u00fcr M\u00fcnchen und Deutschland<br \/>\n<\/span><\/h4>\n<p>[\/vc_column_text][vc_column_text]<\/p>\n<p style=\"text-align: center;\"><strong>Qualifizierte Experten<\/strong><\/p>\n<p style=\"text-align: center;\">Datenschutzauditor (T\u00dcV)\u00a0 |\u00a0 Datenschutzbeauftragter (T\u00dcV)<br \/>\nDatenschutzbeauftragter (GDDcert)\u00a0 |\u00a0 Zertifizierter Datenschutzbeauftragter (udiszert)<br \/>\nCertified Information Privacy Professional (iapp)<\/p>\n<p>[\/vc_column_text][\/vc_column][\/vc_row][vc_row][vc_column][vc_empty_space][vc_column_text]<\/p>\n<p style=\"text-align: center;\"><strong><span style=\"color: #026198;\">Testen Sie jetzt Ihr Datenschutzniveau!<\/span><\/strong><\/p>\n<p>[\/vc_column_text][vc_btn title=&#8220;Datenschutz-Selbstaudit&#8220; color=&#8220;pink&#8220; align=&#8220;center&#8220; link=&#8220;url:http%3A%2F%2Fdatenschutz-muenchen.com%2F|||&#8220;][vc_empty_space][\/vc_column][\/vc_row][vc_row][vc_column][vc_empty_space][vc_column_text]<\/p>\n<p style=\"text-align: center;\"><strong>Auch in Ihrer N\u00e4he<\/strong><\/p>\n<p style=\"text-align: center;\"><a href=\"https:\/\/www.tec4net.com\/web\/externer-datenschutzbeauftragter-in-augsburg\">Augsburg<\/a> | <a href=\"https:\/\/www.tec4net.com\/web\/externer-datenschutzbeauftragter-in-berlin\">Berlin<\/a> | <a href=\"https:\/\/www.tec4net.com\/web\/externer-datenschutzbeauftragter-in-bielefeld\">Bielefeld<\/a> | <a href=\"https:\/\/www.tec4net.com\/web\/externer-datenschutzbeauftragter-in-bochum\">Bochum<\/a> | <a href=\"https:\/\/www.tec4net.com\/web\/externer-datenschutzbeauftragter-in-bremen\">Bremen<\/a> | <a href=\"https:\/\/www.tec4net.com\/web\/externer-datenschutzbeauftragter-in-dortmund\">Dortmund<\/a> | <a href=\"https:\/\/www.tec4net.com\/web\/externer-datenschutzbeauftragter-in-dresden\">Dresden<\/a> |\u00a0 <a href=\"https:\/\/www.tec4net.com\/web\/externer-datenschutzbeauftragter-in-duesseldorf\">D\u00fcsseldorf<\/a> | <a href=\"https:\/\/www.tec4net.com\/web\/externer-datenschutzbeauftragter-in-erfurt\">Erfurt<\/a> | <a href=\"https:\/\/www.tec4net.com\/web\/externer-datenschutzbeauftragter-in-essen\">Essen<\/a> | <a href=\"https:\/\/www.tec4net.com\/web\/externer-datenschutzbeauftragter-in-frankfurt\">Frankfurt<\/a> | <a href=\"https:\/\/www.tec4net.com\/web\/externer-datenschutzbeauftragter-in-hamburg\">Hamburg<\/a> | <a href=\"https:\/\/www.tec4net.com\/web\/externer-datenschutzbeauftragter-in-hannover\">Hannover<\/a> | <a href=\"https:\/\/www.tec4net.com\/web\/externer-datenschutzbeauftragter-in-ingolstadt\">Ingolstadt<\/a> | <a href=\"https:\/\/www.tec4net.com\/web\/externer-datenschutzbeauftragter-in-kiel\">Kiel<\/a> | <a href=\"https:\/\/www.tec4net.com\/web\/externer-datenschutzbeauftragter-in-koeln\">K\u00f6ln<\/a> | <a href=\"https:\/\/www.tec4net.com\/web\/externer-datenschutzbeauftragter-in-leipzig\">Leipzig<\/a> | <a href=\"https:\/\/www.tec4net.com\/web\/externer-datenschutzbeauftragter-in-magdeburg\">Magdeburg<\/a> | <a href=\"https:\/\/www.tec4net.com\/web\/externer-datenschutzbeauftragter-in-mainz\">Mainz<\/a> | <a href=\"https:\/\/www.tec4net.com\/web\/externer-datenschutzbeauftragter-in-mannheim\">Mannheim<\/a> | <a href=\"https:\/\/www.tec4net.com\/web\/externer-datenschutzbeauftragter-in-muenchen\">M\u00fcnchen<\/a> | <a href=\"https:\/\/www.tec4net.com\/web\/externer-datenschutzbeauftragter-in-nuernberg\">N\u00fcrnberg<\/a> | <a href=\"https:\/\/www.tec4net.com\/web\/externer-datenschutzbeauftragter-in-potsdam\">Potsdam<\/a> | <a href=\"https:\/\/www.tec4net.com\/web\/externer-datenschutzbeauftragter-in-regensburg\">Regensburg<\/a> | <a href=\"https:\/\/www.tec4net.com\/web\/externer-datenschutzbeauftragter-in-rostock\">Rostock<\/a> | <a href=\"https:\/\/www.tec4net.com\/web\/externer-datenschutzbeauftragter-in-saarbruecken\">Saarbr\u00fccken<\/a> | <a href=\"https:\/\/www.tec4net.com\/web\/externer-datenschutzbeauftragter-in-stuttgart\">Stuttgart<\/a> | <a href=\"https:\/\/www.tec4net.com\/web\/externer-datenschutzbeauftragter-in-wuerzburg\">W\u00fcrzburg<\/a><\/p>\n<hr \/>\n<p>[\/vc_column_text][\/vc_column][\/vc_row]<\/p>\n","protected":false},"excerpt":{"rendered":"<p>[vc_row full_width=&#8220;stretch_row&#8220; equal_height=&#8220;yes&#8220; css=&#8220;.vc_custom_1544084854793{margin-top: -85px !important;padding-top: 50px !important;padding-bottom: 30px !important;background-color: #f0f0f0 !important;}&#8220;][vc_column width=&#8220;1\/4&#8243;][vc_column_text] DATENSCHUTZ Die EU-Datenschutzgrundverordnung (DSGVO) regelt nicht nur den Umgang mit personenbezogenen Daten, sondern schreibt f\u00fcr viele Unternehmen die Bestellung eines Datenschutzbeauftragten (DSB) vor. \u00a0 [\/vc_column_text][\/vc_column][vc_column width=&#8220;3\/4&#8243;][vc_single_image image=&#8220;627&#8243; img_size=&#8220;full&#8220; alignment=&#8220;center&#8220; style=&#8220;vc_box_shadow_3d&#8220; css_animation=&#8220;fadeInUp&#8220;][\/vc_column][\/vc_row][vc_row css=&#8220;.vc_custom_1544085464815{padding-top: 20px !important;}&#8220;][vc_column width=&#8220;1\/4&#8243;][vc_single_image image=&#8220;633&#8243; img_size=&#8220;200&#215;128&#8243; [&hellip;]<\/p>\n","protected":false},"author":1,"featured_media":0,"parent":0,"menu_order":0,"comment_status":"closed","ping_status":"closed","template":"","meta":[],"yoast_head":"<!-- This site is optimized with the Yoast SEO plugin v21.5 - https:\/\/yoast.com\/wordpress\/plugins\/seo\/ -->\n<title>Datenschutz - tec4net<\/title>\n<meta name=\"description\" content=\"Die EU-Datenschutzgrundverordnung (DSGVO) regelt den Umgang mit personenbezogenen Daten und schreibt f\u00fcr viele Unternehmen die Bestellung eines Datenschutzbeauftragten (DSB) vor.\" \/>\n<meta name=\"robots\" content=\"index, follow, max-snippet:-1, max-image-preview:large, max-video-preview:-1\" \/>\n<link rel=\"canonical\" href=\"https:\/\/www.tec4net.com\/web\/datenschutz\/\" \/>\n<meta property=\"og:locale\" content=\"de_DE\" \/>\n<meta property=\"og:type\" content=\"article\" \/>\n<meta property=\"og:title\" content=\"Datenschutz - tec4net\" \/>\n<meta property=\"og:description\" content=\"Die EU-Datenschutzgrundverordnung (DSGVO) regelt den Umgang mit personenbezogenen Daten und schreibt f\u00fcr viele Unternehmen die Bestellung eines Datenschutzbeauftragten (DSB) vor.\" \/>\n<meta property=\"og:url\" content=\"https:\/\/www.tec4net.com\/web\/datenschutz\/\" \/>\n<meta property=\"og:site_name\" content=\"tec4net\" \/>\n<meta property=\"article:modified_time\" content=\"2024-10-17T22:08:16+00:00\" \/>\n<meta name=\"twitter:card\" content=\"summary_large_image\" \/>\n<meta name=\"twitter:label1\" content=\"Gesch\u00e4tzte Lesezeit\" \/>\n\t<meta name=\"twitter:data1\" content=\"2\u00a0Minuten\" \/>\n<script type=\"application\/ld+json\" class=\"yoast-schema-graph\">{\"@context\":\"https:\/\/schema.org\",\"@graph\":[{\"@type\":\"WebPage\",\"@id\":\"https:\/\/www.tec4net.com\/web\/datenschutz\/\",\"url\":\"https:\/\/www.tec4net.com\/web\/datenschutz\/\",\"name\":\"Datenschutz - tec4net\",\"isPartOf\":{\"@id\":\"https:\/\/www.tec4net.com\/web\/#website\"},\"datePublished\":\"2018-12-03T15:38:37+00:00\",\"dateModified\":\"2024-10-17T22:08:16+00:00\",\"description\":\"Die EU-Datenschutzgrundverordnung (DSGVO) regelt den Umgang mit personenbezogenen Daten und schreibt f\u00fcr viele Unternehmen die Bestellung eines Datenschutzbeauftragten (DSB) vor.\",\"breadcrumb\":{\"@id\":\"https:\/\/www.tec4net.com\/web\/datenschutz\/#breadcrumb\"},\"inLanguage\":\"de\",\"potentialAction\":[{\"@type\":\"ReadAction\",\"target\":[\"https:\/\/www.tec4net.com\/web\/datenschutz\/\"]}]},{\"@type\":\"BreadcrumbList\",\"@id\":\"https:\/\/www.tec4net.com\/web\/datenschutz\/#breadcrumb\",\"itemListElement\":[{\"@type\":\"ListItem\",\"position\":1,\"name\":\"Startseite\",\"item\":\"https:\/\/www.tec4net.com\/web\/\"},{\"@type\":\"ListItem\",\"position\":2,\"name\":\"Datenschutz\"}]},{\"@type\":\"WebSite\",\"@id\":\"https:\/\/www.tec4net.com\/web\/#website\",\"url\":\"https:\/\/www.tec4net.com\/web\/\",\"name\":\"tec4net\",\"description\":\"Ihr starker IT-Partner\",\"publisher\":{\"@id\":\"https:\/\/www.tec4net.com\/web\/#organization\"},\"potentialAction\":[{\"@type\":\"SearchAction\",\"target\":{\"@type\":\"EntryPoint\",\"urlTemplate\":\"https:\/\/www.tec4net.com\/web\/?s={search_term_string}\"},\"query-input\":\"required name=search_term_string\"}],\"inLanguage\":\"de\"},{\"@type\":\"Organization\",\"@id\":\"https:\/\/www.tec4net.com\/web\/#organization\",\"name\":\"tec4net\",\"url\":\"https:\/\/www.tec4net.com\/web\/\",\"logo\":{\"@type\":\"ImageObject\",\"inLanguage\":\"de\",\"@id\":\"https:\/\/www.tec4net.com\/web\/#\/schema\/logo\/image\/\",\"url\":\"https:\/\/www.tec4net.com\/web\/wp-content\/uploads\/2018\/12\/t4n_Logo_startseite.png\",\"contentUrl\":\"https:\/\/www.tec4net.com\/web\/wp-content\/uploads\/2018\/12\/t4n_Logo_startseite.png\",\"width\":178,\"height\":163,\"caption\":\"tec4net\"},\"image\":{\"@id\":\"https:\/\/www.tec4net.com\/web\/#\/schema\/logo\/image\/\"}}]}<\/script>\n<!-- \/ Yoast SEO plugin. -->","yoast_head_json":{"title":"Datenschutz - tec4net","description":"Die EU-Datenschutzgrundverordnung (DSGVO) regelt den Umgang mit personenbezogenen Daten und schreibt f\u00fcr viele Unternehmen die Bestellung eines Datenschutzbeauftragten (DSB) vor.","robots":{"index":"index","follow":"follow","max-snippet":"max-snippet:-1","max-image-preview":"max-image-preview:large","max-video-preview":"max-video-preview:-1"},"canonical":"https:\/\/www.tec4net.com\/web\/datenschutz\/","og_locale":"de_DE","og_type":"article","og_title":"Datenschutz - tec4net","og_description":"Die EU-Datenschutzgrundverordnung (DSGVO) regelt den Umgang mit personenbezogenen Daten und schreibt f\u00fcr viele Unternehmen die Bestellung eines Datenschutzbeauftragten (DSB) vor.","og_url":"https:\/\/www.tec4net.com\/web\/datenschutz\/","og_site_name":"tec4net","article_modified_time":"2024-10-17T22:08:16+00:00","twitter_card":"summary_large_image","twitter_misc":{"Gesch\u00e4tzte Lesezeit":"2\u00a0Minuten"},"schema":{"@context":"https:\/\/schema.org","@graph":[{"@type":"WebPage","@id":"https:\/\/www.tec4net.com\/web\/datenschutz\/","url":"https:\/\/www.tec4net.com\/web\/datenschutz\/","name":"Datenschutz - tec4net","isPartOf":{"@id":"https:\/\/www.tec4net.com\/web\/#website"},"datePublished":"2018-12-03T15:38:37+00:00","dateModified":"2024-10-17T22:08:16+00:00","description":"Die EU-Datenschutzgrundverordnung (DSGVO) regelt den Umgang mit personenbezogenen Daten und schreibt f\u00fcr viele Unternehmen die Bestellung eines Datenschutzbeauftragten (DSB) vor.","breadcrumb":{"@id":"https:\/\/www.tec4net.com\/web\/datenschutz\/#breadcrumb"},"inLanguage":"de","potentialAction":[{"@type":"ReadAction","target":["https:\/\/www.tec4net.com\/web\/datenschutz\/"]}]},{"@type":"BreadcrumbList","@id":"https:\/\/www.tec4net.com\/web\/datenschutz\/#breadcrumb","itemListElement":[{"@type":"ListItem","position":1,"name":"Startseite","item":"https:\/\/www.tec4net.com\/web\/"},{"@type":"ListItem","position":2,"name":"Datenschutz"}]},{"@type":"WebSite","@id":"https:\/\/www.tec4net.com\/web\/#website","url":"https:\/\/www.tec4net.com\/web\/","name":"tec4net","description":"Ihr starker IT-Partner","publisher":{"@id":"https:\/\/www.tec4net.com\/web\/#organization"},"potentialAction":[{"@type":"SearchAction","target":{"@type":"EntryPoint","urlTemplate":"https:\/\/www.tec4net.com\/web\/?s={search_term_string}"},"query-input":"required name=search_term_string"}],"inLanguage":"de"},{"@type":"Organization","@id":"https:\/\/www.tec4net.com\/web\/#organization","name":"tec4net","url":"https:\/\/www.tec4net.com\/web\/","logo":{"@type":"ImageObject","inLanguage":"de","@id":"https:\/\/www.tec4net.com\/web\/#\/schema\/logo\/image\/","url":"https:\/\/www.tec4net.com\/web\/wp-content\/uploads\/2018\/12\/t4n_Logo_startseite.png","contentUrl":"https:\/\/www.tec4net.com\/web\/wp-content\/uploads\/2018\/12\/t4n_Logo_startseite.png","width":178,"height":163,"caption":"tec4net"},"image":{"@id":"https:\/\/www.tec4net.com\/web\/#\/schema\/logo\/image\/"}}]}},"_links":{"self":[{"href":"https:\/\/www.tec4net.com\/web\/wp-json\/wp\/v2\/pages\/297"}],"collection":[{"href":"https:\/\/www.tec4net.com\/web\/wp-json\/wp\/v2\/pages"}],"about":[{"href":"https:\/\/www.tec4net.com\/web\/wp-json\/wp\/v2\/types\/page"}],"author":[{"embeddable":true,"href":"https:\/\/www.tec4net.com\/web\/wp-json\/wp\/v2\/users\/1"}],"replies":[{"embeddable":true,"href":"https:\/\/www.tec4net.com\/web\/wp-json\/wp\/v2\/comments?post=297"}],"version-history":[{"count":70,"href":"https:\/\/www.tec4net.com\/web\/wp-json\/wp\/v2\/pages\/297\/revisions"}],"predecessor-version":[{"id":3818,"href":"https:\/\/www.tec4net.com\/web\/wp-json\/wp\/v2\/pages\/297\/revisions\/3818"}],"wp:attachment":[{"href":"https:\/\/www.tec4net.com\/web\/wp-json\/wp\/v2\/media?parent=297"}],"curies":[{"name":"wp","href":"https:\/\/api.w.org\/{rel}","templated":true}]}}