{"id":3,"date":"2018-11-27T11:24:19","date_gmt":"2018-11-27T10:24:19","guid":{"rendered":"https:\/\/www.tec4net.com\/web\/?page_id=3"},"modified":"2023-08-11T15:53:29","modified_gmt":"2023-08-11T13:53:29","slug":"datenschutzerklaerung","status":"publish","type":"page","link":"https:\/\/www.tec4net.com\/web\/datenschutzerklaerung\/","title":{"rendered":"Datenschutzerkl\u00e4rung"},"content":{"rendered":"<p>Die tec4net GmbH, Lohenstra\u00dfe 13, 82166 Gr\u00e4felfing erhebt und verarbeitet Ihre personenbezogenen Daten entsprechend der gesetzlichen Datenschutzvorschriften sowie dieser Datenschutzerkl\u00e4rung. Im Folgenden informieren wir Sie \u00fcber Art, Umfang und Zweck der Erhebung sowie \u00fcber die Verwendung personenbezogener Daten.<\/p>\n<h5>Server-Logdateien<\/h5>\n<p>Beim Zugriff auf unsere Webseite \u00fcbermittelt Ihr Internet-Browser aus technischen Gr\u00fcnden automatisch Daten an unseren Webserver. In diesem Zusammenhang werden unter anderem das Datum und die Uhrzeit des Zugriffs, die URL der verweisenden Webseite, die angeforderte Datei, die Menge der \u00fcbertragenen Daten, der Browsertyp und dessen Version, das Betriebssystem des zugreifenden Rechners sowie dessen IP-Adresse protokolliert. Diese Daten werden getrennt von anderen Daten, die Sie im Rahmen der Nutzung unseres Webangebotes eingeben, gespeichert. Die aus technischen Gr\u00fcnden \u00fcbermittelten Daten werden ausschlie\u00dflich zu statistischen Zwecken ausgewertet und im Anschluss gel\u00f6scht. Eine Zuordnung dieser Daten zu einer bestimmten Person ist uns nicht m\u00f6glich und findet nicht statt.<\/p>\n<hr \/>\n<h5>Bestandsdaten<\/h5>\n<p>Sofern zwischen Ihnen und uns ein Vertragsverh\u00e4ltnis begr\u00fcndet, inhaltlich ausgestaltet oder ge\u00e4ndert werden soll, erheben und verarbeiten wir Ihre personenbezogenen Daten, soweit dies zur Erf\u00fcllung der vorgenannten Zwecke erforderlich ist. Eine Weitergabe der Daten an Dritte oder die Verarbeitung dieser Daten au\u00dferhalb des Europ\u00e4ischen Wirtschaftsraums (EWR) ist uns nur unter Beachtung der einschl\u00e4gigen datenschutzrechtlichen Bestimmungen der EU gestattet. Alle hieraus resultierenden Vorgaben und Ma\u00dfnahmen werden in solchen F\u00e4llen durch uns oder m\u00f6gliche beteiligte Dritte beachtet und eingehalten.<\/p>\n<hr \/>\n<h5>Nutzungsdaten<\/h5>\n<p>Um die Inanspruchnahme unseres Internetangebotes zu erm\u00f6glichen oder um eventuell kostenpflichtige Angebote abzurechnen, erheben und verarbeiten wir personenbezogene Daten, soweit dies hierf\u00fcr erforderlich ist. In diesem Zusammenhang werden Merkmale zur Identifikation des Nutzers, Angaben zu Beginn und Ende der Nutzung sowie deren Umfang erfasst. F\u00fcr Zwecke der Werbung, der Marktforschung und zur bedarfsgerechten Gestaltung unseres Internetangebotes d\u00fcrfen wir bei Verwendung von Pseudonymen Nutzungsprofile erstellen. Sie haben das Recht, dieser Verwendung Ihrer Daten zu widersprechen. Die Nutzungsprofile d\u00fcrfen und werden wir nicht mit Daten \u00fcber den Tr\u00e4ger des Pseudonyms zusammenf\u00fchren.<\/p>\n<hr \/>\n<h5>Datenherausgabe<\/h5>\n<p>Im Falle der Anordnung durch eine berechtigte Stelle d\u00fcrfen und m\u00fcssen wir im Einzelfall Auskunft \u00fcber die vorbezeichneten Daten erteilen. Diese Ausnahme tritt in Kraft, wenn dies f\u00fcr Zwecke der Strafverfolgung, der Gefahrenabwehr, zur Erf\u00fcllung gesetzlicher Aufgaben der Verfassungsschutzbeh\u00f6rden oder des Milit\u00e4rischen Abschirmdienstes sowie zur Durchsetzung der Anspr\u00fcche von Rechteinhabern erforderlich ist.<\/p>\n<hr \/>\n<h5>Sicherheit der Verarbeitung<\/h5>\n<p>Zum Schutz Ihrer personenbezogenen Daten und zur Gew\u00e4hrleistung der IT-Sicherheit haben wir angemessene technische und organisatorische Ma\u00dfnahmen umgesetzt. Diese Ma\u00dfnahmen werden regelm\u00e4\u00dfig auf Ihre Wirksamkeit hin \u00fcberpr\u00fcft und mit dem Stand der Technik abgeglichen.<\/p>\n<h5>Kontaktformular und Registrierung<\/h5>\n<p>Wenn Sie sich \u00fcber unsere Webseite registrieren oder uns per Kontaktformular Anfragen zukommen lassen, werden Ihre Angaben aus diesen Formularen f\u00fcr Bearbeitungszwecke bei uns gespeichert und verarbeitet. Unsere Seite nutzt aus Gr\u00fcnden der Sicherheit und zum Schutz der \u00dcbertragung vertraulicher Inhalte eine SSL-Verschl\u00fcsselung.<\/p>\n<h5>Cookies<\/h5>\n<p>Unsere Webseite verwendet derzeit keine Cookies.<\/p>\n<hr \/>\n<h5>Verlinkungen zu Sozialen Medien<\/h5>\n<p>Soziale Medien sind Webseiten die es Nutzern erm\u00f6glichen, sich mit anderen Nutzern auszutauschen und mediale Inhalte einzeln oder in Gemeinschaft zu erstellen. Hierbei werden \u00fcblicherweise personenbezogene Daten durch den Nutzer selbst oder den Dienstanbieter ver\u00f6ffentlicht, erhoben und verarbeitet. Auf unserer Webseite sind Verlinkungen zu Sozialen Medien wie Facebook, Twitter oder LinkedIn enthalten und in Form von kleinen Logo-Buttons anklickbar. Nach dem Anklicken eines solchen Buttons, werden Sie auf die Webseite des jeweiligen Anbieters weitergeleitet. Bereits beim \u00d6ffnen solcher Webseite k\u00f6nnen Nutzerinformationen an den jeweiligen Anbieter \u00fcbertragen werden. Informationen zum Umgang mit Ihren personenbezogenen Daten bei Nutzung dieser Webseiten, entnehmen Sie bitte den jeweiligen Datenschutzbestimmungen der Anbieter.<\/p>\n<hr \/>\n<h5>Betroffenenrechte<\/h5>\n<p>Als Betroffener haben Sie das Recht, von uns Auskunft \u00fcber die zu Ihrer Person gespeicherten Daten und deren Herkunft zu verlangen. Auf Ihr Verlangen kann die Auskunft auch elektronisch erteilt werden. Weiter haben Sie das Recht, die Berichtigung sowie die L\u00f6schung bzw. Sperrung der zu Ihrer Person gespeicherten Daten zu verlangen. Vom Betroffenen erteilte Einwilligungen z.B. in den Versand von Newslettern und zur dauerhaften Speicherung der eigenen personenbezogenen Daten k\u00f6nnen jederzeit wiederrufen werden. Die Nichtbeachtung der Betroffenenrechte stellt einen Versto\u00df gegen die datenschutzrechtlichen Bestimmungen dar und kann durch die Aufsichtsbeh\u00f6rde sanktioniert werden. Betroffene haben ein Beschwerderecht bei der zust\u00e4ndigen Aufsichtsbeh\u00f6rde.<\/p>\n<hr \/>\n<h5>Datenl\u00f6schung<\/h5>\n<p>Wir l\u00f6schen Daten nach Zweckentfall unter Beachtung von L\u00f6schfristen und der Betroffenenrechte, sofern dem kein berechtigtes Interesse unsererseits oder eine andere gesetzliche Regelung zur l\u00e4ngeren Aufbewahrung entgegensteht.<\/p>\n<hr \/>\n<h5>Datenschutzanfragen<\/h5>\n<p>Bitte wenden Sie sich in allen datenschutzrechtlichen Belangen an unseren Ansprechpartner f\u00fcr den Datenschutz dsb@tec4net.com.<\/p>\n<hr \/>\n<h5>Ansprechpartner f\u00fcr den Datenschutz<\/h5>\n<p>tec4net GmbH, Herr Matthias Walter, Lohenstra\u00dfe 13, 82166 Gr\u00e4felfing | T. +49 89 54 04 36 30 | www.tec4net.com<\/p>\n<hr \/>\n<h5>Zust\u00e4ndige Datenschutzaufsichtsbeh\u00f6rde<\/h5>\n<p>Bayerisches Landesamt f\u00fcr Datenschutzaufsicht, Promenade 27, 91522 Ansbach | T. +49 981 531300| http:\/\/www.lda.bayern.de<\/p>\n","protected":false},"excerpt":{"rendered":"<p>Die tec4net GmbH, Lohenstra\u00dfe 13, 82166 Gr\u00e4felfing erhebt und verarbeitet Ihre personenbezogenen Daten entsprechend der gesetzlichen Datenschutzvorschriften sowie dieser Datenschutzerkl\u00e4rung. Im Folgenden informieren wir Sie \u00fcber Art, Umfang und Zweck der Erhebung sowie \u00fcber die Verwendung personenbezogener Daten. Server-Logdateien Beim Zugriff auf unsere Webseite \u00fcbermittelt Ihr Internet-Browser aus technischen Gr\u00fcnden [&hellip;]<\/p>\n","protected":false},"author":1,"featured_media":0,"parent":0,"menu_order":0,"comment_status":"closed","ping_status":"open","template":"","meta":[],"yoast_head":"<!-- This site is optimized with the Yoast SEO plugin v21.5 - https:\/\/yoast.com\/wordpress\/plugins\/seo\/ -->\n<title>Datenschutzerkl\u00e4rung - tec4net<\/title>\n<meta name=\"robots\" content=\"index, follow, max-snippet:-1, max-image-preview:large, max-video-preview:-1\" \/>\n<link rel=\"canonical\" href=\"https:\/\/www.tec4net.com\/web\/datenschutzerklaerung\/\" \/>\n<meta property=\"og:locale\" content=\"de_DE\" \/>\n<meta property=\"og:type\" content=\"article\" \/>\n<meta property=\"og:title\" content=\"Datenschutzerkl\u00e4rung - tec4net\" \/>\n<meta property=\"og:description\" content=\"Die tec4net GmbH, Lohenstra\u00dfe 13, 82166 Gr\u00e4felfing erhebt und verarbeitet Ihre personenbezogenen Daten entsprechend der gesetzlichen Datenschutzvorschriften sowie dieser Datenschutzerkl\u00e4rung. Im Folgenden informieren wir Sie \u00fcber Art, Umfang und Zweck der Erhebung sowie \u00fcber die Verwendung personenbezogener Daten. Server-Logdateien Beim Zugriff auf unsere Webseite \u00fcbermittelt Ihr Internet-Browser aus technischen Gr\u00fcnden [&hellip;]\" \/>\n<meta property=\"og:url\" content=\"https:\/\/www.tec4net.com\/web\/datenschutzerklaerung\/\" \/>\n<meta property=\"og:site_name\" content=\"tec4net\" \/>\n<meta property=\"article:modified_time\" content=\"2023-08-11T13:53:29+00:00\" \/>\n<meta name=\"twitter:card\" content=\"summary_large_image\" \/>\n<meta name=\"twitter:label1\" content=\"Gesch\u00e4tzte Lesezeit\" \/>\n\t<meta name=\"twitter:data1\" content=\"5\u00a0Minuten\" \/>\n<script type=\"application\/ld+json\" class=\"yoast-schema-graph\">{\"@context\":\"https:\/\/schema.org\",\"@graph\":[{\"@type\":\"WebPage\",\"@id\":\"https:\/\/www.tec4net.com\/web\/datenschutzerklaerung\/\",\"url\":\"https:\/\/www.tec4net.com\/web\/datenschutzerklaerung\/\",\"name\":\"Datenschutzerkl\u00e4rung - tec4net\",\"isPartOf\":{\"@id\":\"https:\/\/www.tec4net.com\/web\/#website\"},\"datePublished\":\"2018-11-27T10:24:19+00:00\",\"dateModified\":\"2023-08-11T13:53:29+00:00\",\"breadcrumb\":{\"@id\":\"https:\/\/www.tec4net.com\/web\/datenschutzerklaerung\/#breadcrumb\"},\"inLanguage\":\"de\",\"potentialAction\":[{\"@type\":\"ReadAction\",\"target\":[\"https:\/\/www.tec4net.com\/web\/datenschutzerklaerung\/\"]}]},{\"@type\":\"BreadcrumbList\",\"@id\":\"https:\/\/www.tec4net.com\/web\/datenschutzerklaerung\/#breadcrumb\",\"itemListElement\":[{\"@type\":\"ListItem\",\"position\":1,\"name\":\"Startseite\",\"item\":\"https:\/\/www.tec4net.com\/web\/\"},{\"@type\":\"ListItem\",\"position\":2,\"name\":\"Datenschutzerkl\u00e4rung\"}]},{\"@type\":\"WebSite\",\"@id\":\"https:\/\/www.tec4net.com\/web\/#website\",\"url\":\"https:\/\/www.tec4net.com\/web\/\",\"name\":\"tec4net\",\"description\":\"Ihr starker IT-Partner\",\"publisher\":{\"@id\":\"https:\/\/www.tec4net.com\/web\/#organization\"},\"potentialAction\":[{\"@type\":\"SearchAction\",\"target\":{\"@type\":\"EntryPoint\",\"urlTemplate\":\"https:\/\/www.tec4net.com\/web\/?s={search_term_string}\"},\"query-input\":\"required name=search_term_string\"}],\"inLanguage\":\"de\"},{\"@type\":\"Organization\",\"@id\":\"https:\/\/www.tec4net.com\/web\/#organization\",\"name\":\"tec4net\",\"url\":\"https:\/\/www.tec4net.com\/web\/\",\"logo\":{\"@type\":\"ImageObject\",\"inLanguage\":\"de\",\"@id\":\"https:\/\/www.tec4net.com\/web\/#\/schema\/logo\/image\/\",\"url\":\"https:\/\/www.tec4net.com\/web\/wp-content\/uploads\/2018\/12\/t4n_Logo_startseite.png\",\"contentUrl\":\"https:\/\/www.tec4net.com\/web\/wp-content\/uploads\/2018\/12\/t4n_Logo_startseite.png\",\"width\":178,\"height\":163,\"caption\":\"tec4net\"},\"image\":{\"@id\":\"https:\/\/www.tec4net.com\/web\/#\/schema\/logo\/image\/\"}}]}<\/script>\n<!-- \/ Yoast SEO plugin. -->","yoast_head_json":{"title":"Datenschutzerkl\u00e4rung - tec4net","robots":{"index":"index","follow":"follow","max-snippet":"max-snippet:-1","max-image-preview":"max-image-preview:large","max-video-preview":"max-video-preview:-1"},"canonical":"https:\/\/www.tec4net.com\/web\/datenschutzerklaerung\/","og_locale":"de_DE","og_type":"article","og_title":"Datenschutzerkl\u00e4rung - tec4net","og_description":"Die tec4net GmbH, Lohenstra\u00dfe 13, 82166 Gr\u00e4felfing erhebt und verarbeitet Ihre personenbezogenen Daten entsprechend der gesetzlichen Datenschutzvorschriften sowie dieser Datenschutzerkl\u00e4rung. Im Folgenden informieren wir Sie \u00fcber Art, Umfang und Zweck der Erhebung sowie \u00fcber die Verwendung personenbezogener Daten. Server-Logdateien Beim Zugriff auf unsere Webseite \u00fcbermittelt Ihr Internet-Browser aus technischen Gr\u00fcnden [&hellip;]","og_url":"https:\/\/www.tec4net.com\/web\/datenschutzerklaerung\/","og_site_name":"tec4net","article_modified_time":"2023-08-11T13:53:29+00:00","twitter_card":"summary_large_image","twitter_misc":{"Gesch\u00e4tzte Lesezeit":"5\u00a0Minuten"},"schema":{"@context":"https:\/\/schema.org","@graph":[{"@type":"WebPage","@id":"https:\/\/www.tec4net.com\/web\/datenschutzerklaerung\/","url":"https:\/\/www.tec4net.com\/web\/datenschutzerklaerung\/","name":"Datenschutzerkl\u00e4rung - tec4net","isPartOf":{"@id":"https:\/\/www.tec4net.com\/web\/#website"},"datePublished":"2018-11-27T10:24:19+00:00","dateModified":"2023-08-11T13:53:29+00:00","breadcrumb":{"@id":"https:\/\/www.tec4net.com\/web\/datenschutzerklaerung\/#breadcrumb"},"inLanguage":"de","potentialAction":[{"@type":"ReadAction","target":["https:\/\/www.tec4net.com\/web\/datenschutzerklaerung\/"]}]},{"@type":"BreadcrumbList","@id":"https:\/\/www.tec4net.com\/web\/datenschutzerklaerung\/#breadcrumb","itemListElement":[{"@type":"ListItem","position":1,"name":"Startseite","item":"https:\/\/www.tec4net.com\/web\/"},{"@type":"ListItem","position":2,"name":"Datenschutzerkl\u00e4rung"}]},{"@type":"WebSite","@id":"https:\/\/www.tec4net.com\/web\/#website","url":"https:\/\/www.tec4net.com\/web\/","name":"tec4net","description":"Ihr starker IT-Partner","publisher":{"@id":"https:\/\/www.tec4net.com\/web\/#organization"},"potentialAction":[{"@type":"SearchAction","target":{"@type":"EntryPoint","urlTemplate":"https:\/\/www.tec4net.com\/web\/?s={search_term_string}"},"query-input":"required name=search_term_string"}],"inLanguage":"de"},{"@type":"Organization","@id":"https:\/\/www.tec4net.com\/web\/#organization","name":"tec4net","url":"https:\/\/www.tec4net.com\/web\/","logo":{"@type":"ImageObject","inLanguage":"de","@id":"https:\/\/www.tec4net.com\/web\/#\/schema\/logo\/image\/","url":"https:\/\/www.tec4net.com\/web\/wp-content\/uploads\/2018\/12\/t4n_Logo_startseite.png","contentUrl":"https:\/\/www.tec4net.com\/web\/wp-content\/uploads\/2018\/12\/t4n_Logo_startseite.png","width":178,"height":163,"caption":"tec4net"},"image":{"@id":"https:\/\/www.tec4net.com\/web\/#\/schema\/logo\/image\/"}}]}},"_links":{"self":[{"href":"https:\/\/www.tec4net.com\/web\/wp-json\/wp\/v2\/pages\/3"}],"collection":[{"href":"https:\/\/www.tec4net.com\/web\/wp-json\/wp\/v2\/pages"}],"about":[{"href":"https:\/\/www.tec4net.com\/web\/wp-json\/wp\/v2\/types\/page"}],"author":[{"embeddable":true,"href":"https:\/\/www.tec4net.com\/web\/wp-json\/wp\/v2\/users\/1"}],"replies":[{"embeddable":true,"href":"https:\/\/www.tec4net.com\/web\/wp-json\/wp\/v2\/comments?post=3"}],"version-history":[{"count":2,"href":"https:\/\/www.tec4net.com\/web\/wp-json\/wp\/v2\/pages\/3\/revisions"}],"predecessor-version":[{"id":2531,"href":"https:\/\/www.tec4net.com\/web\/wp-json\/wp\/v2\/pages\/3\/revisions\/2531"}],"wp:attachment":[{"href":"https:\/\/www.tec4net.com\/web\/wp-json\/wp\/v2\/media?parent=3"}],"curies":[{"name":"wp","href":"https:\/\/api.w.org\/{rel}","templated":true}]}}