{"id":301,"date":"2018-12-03T16:39:07","date_gmt":"2018-12-03T15:39:07","guid":{"rendered":"https:\/\/www.tec4net.com\/web\/?page_id=301"},"modified":"2023-11-11T02:24:29","modified_gmt":"2023-11-11T01:24:29","slug":"hard-software","status":"publish","type":"page","link":"https:\/\/www.tec4net.com\/web\/hard-software\/","title":{"rendered":"Hard- &#038; Software"},"content":{"rendered":"<p>[vc_row full_width=&#8220;stretch_row&#8220; equal_height=&#8220;yes&#8220; css=&#8220;.vc_custom_1544193830437{margin-top: -85px !important;padding-top: 50px !important;padding-bottom: 30px !important;background-color: #f0f0f0 !important;}&#8220;][vc_column width=&#8220;1\/4&#8243;][vc_column_text]<\/p>\n<h2 style=\"text-align: right;\"><span style=\"color: #026198;\">HARD-<br \/>\n&amp; SOFTWARE<\/span><\/h2>\n<p style=\"text-align: right;\"><strong><span style=\"color: #026198;\">Der Markt f\u00fcr Hard- und Software w\u00e4chst st\u00e4ndig und wird immer un\u00fcbersichtlicher, auch die Lizenzmodelle werden zunehmend komplexer und wechseln h\u00e4ufig. Viel zu oft wird daher nach dem Preis statt den Erfordernissen entschieden.<\/span><\/strong><\/p>\n<p style=\"text-align: right;\"><span style=\"color: #026198;\"><strong>\u00a0<\/strong><\/span><\/p>\n<p style=\"text-align: right;\"><span style=\"color: #026198;\"><strong>\u00a0<\/strong><\/span><\/p>\n<p>[\/vc_column_text][\/vc_column][vc_column width=&#8220;3\/4&#8243;][vc_single_image image=&#8220;687&#8243; img_size=&#8220;full&#8220; alignment=&#8220;center&#8220; style=&#8220;vc_box_shadow_3d&#8220; css_animation=&#8220;fadeInUp&#8220;][\/vc_column][\/vc_row][vc_row][vc_column width=&#8220;1\/4&#8243;][vc_single_image image=&#8220;690&#8243; img_size=&#8220;200&#215;128&#8243;][\/vc_column][vc_column width=&#8220;3\/4&#8243;][vc_column_text css=&#8220;.vc_custom_1544194005628{padding-bottom: 20px !important;}&#8220;]Da es aber gerade im gesch\u00e4ftlichen Bereich wichtig ist, dass Anschaffungen zukunftsorientiert erfolgen, sollte klar sein, dass Qualit\u00e4t in Form von Zuverl\u00e4ssigkeit, Skalierbarkeit oder Verf\u00fcgbarkeit auf l\u00e4ngere Sicht einen gewissen Mehrpreis rechtfertigt.<\/p>\n<p>Als zertifizierter Fachhandels- und Distributionspartner liefern wir unseren Kunden ausgew\u00e4hlte Produkte, welche diese Qualit\u00e4tsmerkmale aufweisen und den strengen Anforderungen der aktuellen IT-Security-Standards gen\u00fcgen. Nach M\u00f6glichkeit bieten wir Produkte, die eine Zertifizierung durch das Bundesamt f\u00fcr Sicherheit in der Informationstechnik (BSI) oder der NATO erhalten haben.<\/p>\n<p>Gerne beraten wir Sie und finden mit Ihnen zusammen eine passende und auf Ihre Bed\u00fcrfnisse zugeschnittene L\u00f6sung.[\/vc_column_text][vc_column_text]<\/p>\n<h4><span style=\"color: #026198;\">Wir bieten Ihnen:<\/span><\/h4>\n<p><span style=\"color: #026198;\">\u2192\u00a0\u00a0 HARDWARE<\/span><\/p>\n<hr \/>\n<p><span style=\"color: #026198;\">\u2192\u00a0\u00a0 SOFTWARE<br \/>\n<\/span><\/p>\n<hr \/>\n<p><span style=\"color: #026198;\">\u2192\u00a0\u00a0 LIZENZIERUNG<\/span><\/p>\n<hr \/>\n<p><span style=\"color: #026198;\">\u2192\u00a0\u00a0 SIZING &amp; SUPPORT<\/span><\/p>\n<hr \/>\n<p><span style=\"color: #026198;\">\u2192\u00a0\u00a0\u00a0 ZERTIFIZIERTER FACHHANDELSPARTNER<\/span><\/p>\n<hr \/>\n<p>[\/vc_column_text][\/vc_column][\/vc_row][vc_row][vc_column width=&#8220;1\/4&#8243;][vc_empty_space][\/vc_column][vc_column width=&#8220;3\/4&#8243;][vc_empty_space][vc_column_text]<\/p>\n<p style=\"text-align: center;\"><strong>Qualifizierte Fachhandelspartner<\/strong><\/p>\n<p style=\"text-align: center;\">VMware\u00a0 |\u00a0 Citrix\u00a0 |\u00a0 Bitdefender\u00a0 |\u00a0 Avocent\u00a0 |\u00a0 Cisco\u00a0 |\u00a0 NetApp\u00a0 |\u00a0 Kemp<br \/>\nBrocade\u00a0 |\u00a0 ZTI\u00a0 |\u00a0 Fluke\u00a0 |\u00a0 HP\u00a0 |\u00a0 Microsoft\u00a0 |\u00a0 Greenbone<\/p>\n<p>[\/vc_column_text][\/vc_column][\/vc_row]<\/p>\n","protected":false},"excerpt":{"rendered":"<p>[vc_row full_width=&#8220;stretch_row&#8220; equal_height=&#8220;yes&#8220; css=&#8220;.vc_custom_1544193830437{margin-top: -85px !important;padding-top: 50px !important;padding-bottom: 30px !important;background-color: #f0f0f0 !important;}&#8220;][vc_column width=&#8220;1\/4&#8243;][vc_column_text] HARD- &amp; SOFTWARE Der Markt f\u00fcr Hard- und Software w\u00e4chst st\u00e4ndig und wird immer un\u00fcbersichtlicher, auch die Lizenzmodelle werden zunehmend komplexer und wechseln h\u00e4ufig. Viel zu oft wird daher nach dem Preis statt den Erfordernissen entschieden. \u00a0 [&hellip;]<\/p>\n","protected":false},"author":1,"featured_media":0,"parent":0,"menu_order":0,"comment_status":"closed","ping_status":"closed","template":"","meta":[],"yoast_head":"<!-- This site is optimized with the Yoast SEO plugin v21.5 - https:\/\/yoast.com\/wordpress\/plugins\/seo\/ -->\n<title>Hard- &amp; Software - tec4net<\/title>\n<meta name=\"description\" content=\"Als zertifizierter Fachhandels- und Distributionspartner liefern die tec4net GmbH ihren Kunden ausgew\u00e4hlte Hard- und Software, welche den strengen Anforderungen der aktuellen IT-Security-Standards gen\u00fcgen.\" \/>\n<meta name=\"robots\" content=\"index, follow, max-snippet:-1, max-image-preview:large, max-video-preview:-1\" \/>\n<link rel=\"canonical\" href=\"https:\/\/www.tec4net.com\/web\/hard-software\/\" \/>\n<meta property=\"og:locale\" content=\"de_DE\" \/>\n<meta property=\"og:type\" content=\"article\" \/>\n<meta property=\"og:title\" content=\"Hard- &amp; Software - tec4net\" \/>\n<meta property=\"og:description\" content=\"Als zertifizierter Fachhandels- und Distributionspartner liefern die tec4net GmbH ihren Kunden ausgew\u00e4hlte Hard- und Software, welche den strengen Anforderungen der aktuellen IT-Security-Standards gen\u00fcgen.\" \/>\n<meta property=\"og:url\" content=\"https:\/\/www.tec4net.com\/web\/hard-software\/\" \/>\n<meta property=\"og:site_name\" content=\"tec4net\" \/>\n<meta property=\"article:modified_time\" content=\"2023-11-11T01:24:29+00:00\" \/>\n<meta name=\"twitter:card\" content=\"summary_large_image\" \/>\n<meta name=\"twitter:label1\" content=\"Gesch\u00e4tzte Lesezeit\" \/>\n\t<meta name=\"twitter:data1\" content=\"2\u00a0Minuten\" \/>\n<script type=\"application\/ld+json\" class=\"yoast-schema-graph\">{\"@context\":\"https:\/\/schema.org\",\"@graph\":[{\"@type\":\"WebPage\",\"@id\":\"https:\/\/www.tec4net.com\/web\/hard-software\/\",\"url\":\"https:\/\/www.tec4net.com\/web\/hard-software\/\",\"name\":\"Hard- & Software - tec4net\",\"isPartOf\":{\"@id\":\"https:\/\/www.tec4net.com\/web\/#website\"},\"datePublished\":\"2018-12-03T15:39:07+00:00\",\"dateModified\":\"2023-11-11T01:24:29+00:00\",\"description\":\"Als zertifizierter Fachhandels- und Distributionspartner liefern die tec4net GmbH ihren Kunden ausgew\u00e4hlte Hard- und Software, welche den strengen Anforderungen der aktuellen IT-Security-Standards gen\u00fcgen.\",\"breadcrumb\":{\"@id\":\"https:\/\/www.tec4net.com\/web\/hard-software\/#breadcrumb\"},\"inLanguage\":\"de\",\"potentialAction\":[{\"@type\":\"ReadAction\",\"target\":[\"https:\/\/www.tec4net.com\/web\/hard-software\/\"]}]},{\"@type\":\"BreadcrumbList\",\"@id\":\"https:\/\/www.tec4net.com\/web\/hard-software\/#breadcrumb\",\"itemListElement\":[{\"@type\":\"ListItem\",\"position\":1,\"name\":\"Startseite\",\"item\":\"https:\/\/www.tec4net.com\/web\/\"},{\"@type\":\"ListItem\",\"position\":2,\"name\":\"Hard- &#038; Software\"}]},{\"@type\":\"WebSite\",\"@id\":\"https:\/\/www.tec4net.com\/web\/#website\",\"url\":\"https:\/\/www.tec4net.com\/web\/\",\"name\":\"tec4net\",\"description\":\"Ihr starker IT-Partner\",\"publisher\":{\"@id\":\"https:\/\/www.tec4net.com\/web\/#organization\"},\"potentialAction\":[{\"@type\":\"SearchAction\",\"target\":{\"@type\":\"EntryPoint\",\"urlTemplate\":\"https:\/\/www.tec4net.com\/web\/?s={search_term_string}\"},\"query-input\":\"required name=search_term_string\"}],\"inLanguage\":\"de\"},{\"@type\":\"Organization\",\"@id\":\"https:\/\/www.tec4net.com\/web\/#organization\",\"name\":\"tec4net\",\"url\":\"https:\/\/www.tec4net.com\/web\/\",\"logo\":{\"@type\":\"ImageObject\",\"inLanguage\":\"de\",\"@id\":\"https:\/\/www.tec4net.com\/web\/#\/schema\/logo\/image\/\",\"url\":\"https:\/\/www.tec4net.com\/web\/wp-content\/uploads\/2018\/12\/t4n_Logo_startseite.png\",\"contentUrl\":\"https:\/\/www.tec4net.com\/web\/wp-content\/uploads\/2018\/12\/t4n_Logo_startseite.png\",\"width\":178,\"height\":163,\"caption\":\"tec4net\"},\"image\":{\"@id\":\"https:\/\/www.tec4net.com\/web\/#\/schema\/logo\/image\/\"}}]}<\/script>\n<!-- \/ Yoast SEO plugin. -->","yoast_head_json":{"title":"Hard- & Software - tec4net","description":"Als zertifizierter Fachhandels- und Distributionspartner liefern die tec4net GmbH ihren Kunden ausgew\u00e4hlte Hard- und Software, welche den strengen Anforderungen der aktuellen IT-Security-Standards gen\u00fcgen.","robots":{"index":"index","follow":"follow","max-snippet":"max-snippet:-1","max-image-preview":"max-image-preview:large","max-video-preview":"max-video-preview:-1"},"canonical":"https:\/\/www.tec4net.com\/web\/hard-software\/","og_locale":"de_DE","og_type":"article","og_title":"Hard- & Software - tec4net","og_description":"Als zertifizierter Fachhandels- und Distributionspartner liefern die tec4net GmbH ihren Kunden ausgew\u00e4hlte Hard- und Software, welche den strengen Anforderungen der aktuellen IT-Security-Standards gen\u00fcgen.","og_url":"https:\/\/www.tec4net.com\/web\/hard-software\/","og_site_name":"tec4net","article_modified_time":"2023-11-11T01:24:29+00:00","twitter_card":"summary_large_image","twitter_misc":{"Gesch\u00e4tzte Lesezeit":"2\u00a0Minuten"},"schema":{"@context":"https:\/\/schema.org","@graph":[{"@type":"WebPage","@id":"https:\/\/www.tec4net.com\/web\/hard-software\/","url":"https:\/\/www.tec4net.com\/web\/hard-software\/","name":"Hard- & Software - tec4net","isPartOf":{"@id":"https:\/\/www.tec4net.com\/web\/#website"},"datePublished":"2018-12-03T15:39:07+00:00","dateModified":"2023-11-11T01:24:29+00:00","description":"Als zertifizierter Fachhandels- und Distributionspartner liefern die tec4net GmbH ihren Kunden ausgew\u00e4hlte Hard- und Software, welche den strengen Anforderungen der aktuellen IT-Security-Standards gen\u00fcgen.","breadcrumb":{"@id":"https:\/\/www.tec4net.com\/web\/hard-software\/#breadcrumb"},"inLanguage":"de","potentialAction":[{"@type":"ReadAction","target":["https:\/\/www.tec4net.com\/web\/hard-software\/"]}]},{"@type":"BreadcrumbList","@id":"https:\/\/www.tec4net.com\/web\/hard-software\/#breadcrumb","itemListElement":[{"@type":"ListItem","position":1,"name":"Startseite","item":"https:\/\/www.tec4net.com\/web\/"},{"@type":"ListItem","position":2,"name":"Hard- &#038; Software"}]},{"@type":"WebSite","@id":"https:\/\/www.tec4net.com\/web\/#website","url":"https:\/\/www.tec4net.com\/web\/","name":"tec4net","description":"Ihr starker IT-Partner","publisher":{"@id":"https:\/\/www.tec4net.com\/web\/#organization"},"potentialAction":[{"@type":"SearchAction","target":{"@type":"EntryPoint","urlTemplate":"https:\/\/www.tec4net.com\/web\/?s={search_term_string}"},"query-input":"required name=search_term_string"}],"inLanguage":"de"},{"@type":"Organization","@id":"https:\/\/www.tec4net.com\/web\/#organization","name":"tec4net","url":"https:\/\/www.tec4net.com\/web\/","logo":{"@type":"ImageObject","inLanguage":"de","@id":"https:\/\/www.tec4net.com\/web\/#\/schema\/logo\/image\/","url":"https:\/\/www.tec4net.com\/web\/wp-content\/uploads\/2018\/12\/t4n_Logo_startseite.png","contentUrl":"https:\/\/www.tec4net.com\/web\/wp-content\/uploads\/2018\/12\/t4n_Logo_startseite.png","width":178,"height":163,"caption":"tec4net"},"image":{"@id":"https:\/\/www.tec4net.com\/web\/#\/schema\/logo\/image\/"}}]}},"_links":{"self":[{"href":"https:\/\/www.tec4net.com\/web\/wp-json\/wp\/v2\/pages\/301"}],"collection":[{"href":"https:\/\/www.tec4net.com\/web\/wp-json\/wp\/v2\/pages"}],"about":[{"href":"https:\/\/www.tec4net.com\/web\/wp-json\/wp\/v2\/types\/page"}],"author":[{"embeddable":true,"href":"https:\/\/www.tec4net.com\/web\/wp-json\/wp\/v2\/users\/1"}],"replies":[{"embeddable":true,"href":"https:\/\/www.tec4net.com\/web\/wp-json\/wp\/v2\/comments?post=301"}],"version-history":[{"count":10,"href":"https:\/\/www.tec4net.com\/web\/wp-json\/wp\/v2\/pages\/301\/revisions"}],"predecessor-version":[{"id":2558,"href":"https:\/\/www.tec4net.com\/web\/wp-json\/wp\/v2\/pages\/301\/revisions\/2558"}],"wp:attachment":[{"href":"https:\/\/www.tec4net.com\/web\/wp-json\/wp\/v2\/media?parent=301"}],"curies":[{"name":"wp","href":"https:\/\/api.w.org\/{rel}","templated":true}]}}