{"id":303,"date":"2018-12-03T16:39:15","date_gmt":"2018-12-03T15:39:15","guid":{"rendered":"https:\/\/www.tec4net.com\/web\/?page_id=303"},"modified":"2020-09-22T16:54:39","modified_gmt":"2020-09-22T14:54:39","slug":"schulung","status":"publish","type":"page","link":"https:\/\/www.tec4net.com\/web\/schulung\/","title":{"rendered":"Schulungen"},"content":{"rendered":"<p>[vc_row full_width=&#8220;stretch_row&#8220; equal_height=&#8220;yes&#8220; css=&#8220;.vc_custom_1544195240127{margin-top: -85px !important;padding-top: 50px !important;padding-bottom: 30px !important;background-color: #f0f0f0 !important;}&#8220;][vc_column width=&#8220;1\/4&#8243;][vc_column_text]<\/p>\n<h2 style=\"text-align: right;\"><span style=\"color: #026198;\">SCHULUNGEN<\/span><\/h2>\n<p style=\"text-align: right;\"><span style=\"color: #026198;\"><strong>Im Zuge der Digitalisierung und fortschreitenden technischen Entwicklung ist die stetige Weiterbildung der Mitarbeiter ein wesentlicher Erfolgsfaktor.<\/strong><\/span><\/p>\n<p>&nbsp;<\/p>\n<p style=\"text-align: right;\"><span style=\"color: #026198;\"><strong>\u00a0<\/strong><\/span><\/p>\n<p>[\/vc_column_text][\/vc_column][vc_column width=&#8220;3\/4&#8243;][vc_single_image image=&#8220;1718&#8243; img_size=&#8220;full&#8220; alignment=&#8220;center&#8220; style=&#8220;vc_box_shadow_3d&#8220; css_animation=&#8220;fadeInUp&#8220;][\/vc_column][\/vc_row][vc_row css=&#8220;.vc_custom_1550224894726{padding-top: 20px !important;}&#8220;][vc_column width=&#8220;1\/4&#8243;][\/vc_column][vc_column width=&#8220;3\/4&#8243;][vc_column_text css=&#8220;.vc_custom_1550734692102{padding-bottom: 20px !important;}&#8220;]Die tec4net bietet daher verschiedene Vor-Ort-Seminare und Online-Schulungen zu ihren einzelnen Kernthemen. F\u00fcr alle hier aufgef\u00fchrten Schulungen ben\u00f6tigen Sie einen von uns erstellten Login.[\/vc_column_text][\/vc_column][\/vc_row][vc_row][vc_column width=&#8220;1\/4&#8243;][\/vc_column][vc_column width=&#8220;3\/4&#8243;][vc_column_text]<\/p>\n<h4><span style=\"color: #026198;\">Zum Thema Datenschutz:<\/span><\/h4>\n<p>[\/vc_column_text][\/vc_column][\/vc_row][vc_row][vc_column width=&#8220;1\/4&#8243;][\/vc_column][vc_column width=&#8220;1\/4&#8243;][vc_hoverbox image=&#8220;1702&#8243; primary_title=&#8220;&#8220; hover_title=&#8220;&#8220; shape=&#8220;square&#8220; hover_btn_title=&#8220;zum Login&#8220; hover_btn_shape=&#8220;square&#8220; hover_btn_color=&#8220;danger&#8220; css_animation=&#8220;appear&#8220; hover_add_button=&#8220;true&#8220; hover_btn_link=&#8220;url:https%3A%2F%2Fdatenschutzkurs.tec4net.com|||&#8220;]<\/p>\n<h4 style=\"text-align: center;\"><span style=\"color: #026198;\">Datenschutz<br \/>\nBasis<br \/>\n<\/span><\/h4>\n<p style=\"text-align: center;\">Diese Schulung ist f\u00fcr alle Mitarbeiter verpflichtend.<\/p>\n<p><!--more-->[\/vc_hoverbox][\/vc_column][vc_column width=&#8220;1\/4&#8243;][vc_hoverbox image=&#8220;1685&#8243; primary_title=&#8220;&#8220; hover_title=&#8220;&#8220; shape=&#8220;square&#8220; hover_btn_title=&#8220;zum Login&#8220; hover_btn_shape=&#8220;square&#8220; hover_btn_color=&#8220;danger&#8220; css_animation=&#8220;appear&#8220; hover_add_button=&#8220;true&#8220; hover_btn_link=&#8220;url:https%3A%2F%2Fdatenschutzkurs.tec4net.com|||&#8220;]<\/p>\n<h4 style=\"text-align: center;\"><span style=\"color: #026198;\">Datenschutz<br \/>\nPersonalwesen<br \/>\n<\/span><\/h4>\n<p style=\"text-align: center;\">Diese Schulung ist f\u00fcr alle Mitarbeiter verpflichtend.<\/p>\n<p><!--more-->[\/vc_hoverbox][\/vc_column][vc_column width=&#8220;1\/4&#8243;][vc_hoverbox image=&#8220;1684&#8243; primary_title=&#8220;&#8220; hover_title=&#8220;&#8220; shape=&#8220;square&#8220; hover_btn_title=&#8220;zum Login&#8220; hover_btn_shape=&#8220;square&#8220; hover_btn_color=&#8220;danger&#8220; css_animation=&#8220;appear&#8220; hover_add_button=&#8220;true&#8220; hover_btn_link=&#8220;url:https%3A%2F%2Fdatenschutzkurs.tec4net.com|||&#8220;]<\/p>\n<h4 style=\"text-align: center;\"><span style=\"color: #026198;\">Datenschutz<br \/>\nMed. Bereich<br \/>\n<\/span><\/h4>\n<p style=\"text-align: center;\">Diese Schulung ist f\u00fcr alle Mitarbeiter verpflichtend.<\/p>\n<p><!--more-->[\/vc_hoverbox][\/vc_column][\/vc_row][vc_row][vc_column][vc_empty_space height=&#8220;40px&#8220;][\/vc_column][\/vc_row][vc_row full_width=&#8220;stretch_row&#8220; css=&#8220;.vc_custom_1550579414227{margin-top: 20px !important;background-color: #f0f0f0 !important;}&#8220;][vc_column width=&#8220;1\/4&#8243;][\/vc_column][vc_column width=&#8220;3\/4&#8243;][vc_column_text]<\/p>\n<h4><span style=\"color: #026198;\">Sie m\u00f6chten mehr erfahren?<\/span><br \/>\n<span style=\"color: #026198;\">Wir beraten Sie gerne.<\/span><\/h4>\n<p><span style=\"color: #026198;\">Telefon: +49 89 54 04 36 30<\/span><br \/>\n<span style=\"color: #026198;\">oder info@tec4net.com<\/span>[\/vc_column_text][\/vc_column][\/vc_row]<\/p>\n","protected":false},"excerpt":{"rendered":"<p>[vc_row full_width=&#8220;stretch_row&#8220; equal_height=&#8220;yes&#8220; css=&#8220;.vc_custom_1544195240127{margin-top: -85px !important;padding-top: 50px !important;padding-bottom: 30px !important;background-color: #f0f0f0 !important;}&#8220;][vc_column width=&#8220;1\/4&#8243;][vc_column_text] SCHULUNGEN Im Zuge der Digitalisierung und fortschreitenden technischen Entwicklung ist die stetige Weiterbildung der Mitarbeiter ein wesentlicher Erfolgsfaktor. &nbsp; \u00a0 [\/vc_column_text][\/vc_column][vc_column width=&#8220;3\/4&#8243;][vc_single_image image=&#8220;1718&#8243; img_size=&#8220;full&#8220; alignment=&#8220;center&#8220; style=&#8220;vc_box_shadow_3d&#8220; css_animation=&#8220;fadeInUp&#8220;][\/vc_column][\/vc_row][vc_row css=&#8220;.vc_custom_1550224894726{padding-top: 20px !important;}&#8220;][vc_column width=&#8220;1\/4&#8243;][\/vc_column][vc_column width=&#8220;3\/4&#8243;][vc_column_text css=&#8220;.vc_custom_1550734692102{padding-bottom: 20px !important;}&#8220;]Die tec4net bietet [&hellip;]<\/p>\n","protected":false},"author":1,"featured_media":0,"parent":0,"menu_order":0,"comment_status":"closed","ping_status":"closed","template":"","meta":[],"yoast_head":"<!-- This site is optimized with the Yoast SEO plugin v21.5 - https:\/\/yoast.com\/wordpress\/plugins\/seo\/ -->\n<title>Schulungen - tec4net<\/title>\n<meta name=\"description\" content=\"Die tec4net bietet verschiedene Vor-Ort-Seminare und Online-Schulungen zu Kernthemen der IT-Sicherheit und Infrastruktur.\" \/>\n<meta name=\"robots\" content=\"index, follow, max-snippet:-1, max-image-preview:large, max-video-preview:-1\" \/>\n<link rel=\"canonical\" href=\"https:\/\/www.tec4net.com\/web\/schulung\/\" \/>\n<meta property=\"og:locale\" content=\"de_DE\" \/>\n<meta property=\"og:type\" content=\"article\" \/>\n<meta property=\"og:title\" content=\"Schulungen - tec4net\" \/>\n<meta property=\"og:description\" content=\"Die tec4net bietet verschiedene Vor-Ort-Seminare und Online-Schulungen zu Kernthemen der IT-Sicherheit und Infrastruktur.\" \/>\n<meta property=\"og:url\" content=\"https:\/\/www.tec4net.com\/web\/schulung\/\" \/>\n<meta property=\"og:site_name\" content=\"tec4net\" \/>\n<meta property=\"article:modified_time\" content=\"2020-09-22T14:54:39+00:00\" \/>\n<meta name=\"twitter:card\" content=\"summary_large_image\" \/>\n<meta name=\"twitter:label1\" content=\"Gesch\u00e4tzte Lesezeit\" \/>\n\t<meta name=\"twitter:data1\" content=\"2\u00a0Minuten\" \/>\n<script type=\"application\/ld+json\" class=\"yoast-schema-graph\">{\"@context\":\"https:\/\/schema.org\",\"@graph\":[{\"@type\":\"WebPage\",\"@id\":\"https:\/\/www.tec4net.com\/web\/schulung\/\",\"url\":\"https:\/\/www.tec4net.com\/web\/schulung\/\",\"name\":\"Schulungen - tec4net\",\"isPartOf\":{\"@id\":\"https:\/\/www.tec4net.com\/web\/#website\"},\"datePublished\":\"2018-12-03T15:39:15+00:00\",\"dateModified\":\"2020-09-22T14:54:39+00:00\",\"description\":\"Die tec4net bietet verschiedene Vor-Ort-Seminare und Online-Schulungen zu Kernthemen der IT-Sicherheit und Infrastruktur.\",\"breadcrumb\":{\"@id\":\"https:\/\/www.tec4net.com\/web\/schulung\/#breadcrumb\"},\"inLanguage\":\"de\",\"potentialAction\":[{\"@type\":\"ReadAction\",\"target\":[\"https:\/\/www.tec4net.com\/web\/schulung\/\"]}]},{\"@type\":\"BreadcrumbList\",\"@id\":\"https:\/\/www.tec4net.com\/web\/schulung\/#breadcrumb\",\"itemListElement\":[{\"@type\":\"ListItem\",\"position\":1,\"name\":\"Startseite\",\"item\":\"https:\/\/www.tec4net.com\/web\/\"},{\"@type\":\"ListItem\",\"position\":2,\"name\":\"Schulungen\"}]},{\"@type\":\"WebSite\",\"@id\":\"https:\/\/www.tec4net.com\/web\/#website\",\"url\":\"https:\/\/www.tec4net.com\/web\/\",\"name\":\"tec4net\",\"description\":\"Ihr starker IT-Partner\",\"publisher\":{\"@id\":\"https:\/\/www.tec4net.com\/web\/#organization\"},\"potentialAction\":[{\"@type\":\"SearchAction\",\"target\":{\"@type\":\"EntryPoint\",\"urlTemplate\":\"https:\/\/www.tec4net.com\/web\/?s={search_term_string}\"},\"query-input\":\"required name=search_term_string\"}],\"inLanguage\":\"de\"},{\"@type\":\"Organization\",\"@id\":\"https:\/\/www.tec4net.com\/web\/#organization\",\"name\":\"tec4net\",\"url\":\"https:\/\/www.tec4net.com\/web\/\",\"logo\":{\"@type\":\"ImageObject\",\"inLanguage\":\"de\",\"@id\":\"https:\/\/www.tec4net.com\/web\/#\/schema\/logo\/image\/\",\"url\":\"https:\/\/www.tec4net.com\/web\/wp-content\/uploads\/2018\/12\/t4n_Logo_startseite.png\",\"contentUrl\":\"https:\/\/www.tec4net.com\/web\/wp-content\/uploads\/2018\/12\/t4n_Logo_startseite.png\",\"width\":178,\"height\":163,\"caption\":\"tec4net\"},\"image\":{\"@id\":\"https:\/\/www.tec4net.com\/web\/#\/schema\/logo\/image\/\"}}]}<\/script>\n<!-- \/ Yoast SEO plugin. -->","yoast_head_json":{"title":"Schulungen - tec4net","description":"Die tec4net bietet verschiedene Vor-Ort-Seminare und Online-Schulungen zu Kernthemen der IT-Sicherheit und Infrastruktur.","robots":{"index":"index","follow":"follow","max-snippet":"max-snippet:-1","max-image-preview":"max-image-preview:large","max-video-preview":"max-video-preview:-1"},"canonical":"https:\/\/www.tec4net.com\/web\/schulung\/","og_locale":"de_DE","og_type":"article","og_title":"Schulungen - tec4net","og_description":"Die tec4net bietet verschiedene Vor-Ort-Seminare und Online-Schulungen zu Kernthemen der IT-Sicherheit und Infrastruktur.","og_url":"https:\/\/www.tec4net.com\/web\/schulung\/","og_site_name":"tec4net","article_modified_time":"2020-09-22T14:54:39+00:00","twitter_card":"summary_large_image","twitter_misc":{"Gesch\u00e4tzte Lesezeit":"2\u00a0Minuten"},"schema":{"@context":"https:\/\/schema.org","@graph":[{"@type":"WebPage","@id":"https:\/\/www.tec4net.com\/web\/schulung\/","url":"https:\/\/www.tec4net.com\/web\/schulung\/","name":"Schulungen - tec4net","isPartOf":{"@id":"https:\/\/www.tec4net.com\/web\/#website"},"datePublished":"2018-12-03T15:39:15+00:00","dateModified":"2020-09-22T14:54:39+00:00","description":"Die tec4net bietet verschiedene Vor-Ort-Seminare und Online-Schulungen zu Kernthemen der IT-Sicherheit und Infrastruktur.","breadcrumb":{"@id":"https:\/\/www.tec4net.com\/web\/schulung\/#breadcrumb"},"inLanguage":"de","potentialAction":[{"@type":"ReadAction","target":["https:\/\/www.tec4net.com\/web\/schulung\/"]}]},{"@type":"BreadcrumbList","@id":"https:\/\/www.tec4net.com\/web\/schulung\/#breadcrumb","itemListElement":[{"@type":"ListItem","position":1,"name":"Startseite","item":"https:\/\/www.tec4net.com\/web\/"},{"@type":"ListItem","position":2,"name":"Schulungen"}]},{"@type":"WebSite","@id":"https:\/\/www.tec4net.com\/web\/#website","url":"https:\/\/www.tec4net.com\/web\/","name":"tec4net","description":"Ihr starker IT-Partner","publisher":{"@id":"https:\/\/www.tec4net.com\/web\/#organization"},"potentialAction":[{"@type":"SearchAction","target":{"@type":"EntryPoint","urlTemplate":"https:\/\/www.tec4net.com\/web\/?s={search_term_string}"},"query-input":"required name=search_term_string"}],"inLanguage":"de"},{"@type":"Organization","@id":"https:\/\/www.tec4net.com\/web\/#organization","name":"tec4net","url":"https:\/\/www.tec4net.com\/web\/","logo":{"@type":"ImageObject","inLanguage":"de","@id":"https:\/\/www.tec4net.com\/web\/#\/schema\/logo\/image\/","url":"https:\/\/www.tec4net.com\/web\/wp-content\/uploads\/2018\/12\/t4n_Logo_startseite.png","contentUrl":"https:\/\/www.tec4net.com\/web\/wp-content\/uploads\/2018\/12\/t4n_Logo_startseite.png","width":178,"height":163,"caption":"tec4net"},"image":{"@id":"https:\/\/www.tec4net.com\/web\/#\/schema\/logo\/image\/"}}]}},"_links":{"self":[{"href":"https:\/\/www.tec4net.com\/web\/wp-json\/wp\/v2\/pages\/303"}],"collection":[{"href":"https:\/\/www.tec4net.com\/web\/wp-json\/wp\/v2\/pages"}],"about":[{"href":"https:\/\/www.tec4net.com\/web\/wp-json\/wp\/v2\/types\/page"}],"author":[{"embeddable":true,"href":"https:\/\/www.tec4net.com\/web\/wp-json\/wp\/v2\/users\/1"}],"replies":[{"embeddable":true,"href":"https:\/\/www.tec4net.com\/web\/wp-json\/wp\/v2\/comments?post=303"}],"version-history":[{"count":86,"href":"https:\/\/www.tec4net.com\/web\/wp-json\/wp\/v2\/pages\/303\/revisions"}],"predecessor-version":[{"id":2505,"href":"https:\/\/www.tec4net.com\/web\/wp-json\/wp\/v2\/pages\/303\/revisions\/2505"}],"wp:attachment":[{"href":"https:\/\/www.tec4net.com\/web\/wp-json\/wp\/v2\/media?parent=303"}],"curies":[{"name":"wp","href":"https:\/\/api.w.org\/{rel}","templated":true}]}}