{"id":3740,"date":"2024-10-17T03:14:32","date_gmt":"2024-10-17T01:14:32","guid":{"rendered":"https:\/\/www.tec4net.com\/web\/?page_id=3740"},"modified":"2024-10-18T00:25:51","modified_gmt":"2024-10-17T22:25:51","slug":"externer-informationssicherheitsbeauftragter-in-mainz","status":"publish","type":"page","link":"https:\/\/www.tec4net.com\/web\/externer-informationssicherheitsbeauftragter-in-mainz\/","title":{"rendered":"Externer Informationssicherheitsbeauftragter in Mainz"},"content":{"rendered":"<p>[vc_row full_width=&#8220;stretch_row&#8220; equal_height=&#8220;yes&#8220; css=&#8220;.vc_custom_1544084854793{margin-top: -85px !important;padding-top: 50px !important;padding-bottom: 30px !important;background-color: #f0f0f0 !important;}&#8220;][vc_column width=&#8220;1\/4&#8243;][vc_column_text]<\/p>\n<h2 style=\"text-align: right;\"><span style=\"color: #026198;\">Informations-<br \/>\n<\/span><span style=\"color: #026198;\">sicherheits-<br \/>\nbeauftragter <\/span><\/h2>\n<p style=\"text-align: right;\"><strong><span style=\"color: #026198;\">In komplexen IT-Umgebungen ist es entscheidend, die IT-Sicherheit zu gew\u00e4hrleisten und Normen zur Informationssicherheit mit IT-Sicherheitsexperten umzusetzen. Wir stellen externe Informationssicherheitsbeauftragte f\u00fcr Mainz, Rheinland-Pfalz und Deutschland.<\/span><\/strong><\/p>\n<p>[\/vc_column_text][\/vc_column][vc_column width=&#8220;3\/4&#8243;][vc_single_image image=&#8220;574&#8243; img_size=&#8220;full&#8220; alignment=&#8220;center&#8220; style=&#8220;vc_box_shadow_3d&#8220; css_animation=&#8220;fadeInUp&#8220;][\/vc_column][\/vc_row][vc_row css=&#8220;.vc_custom_1544085464815{padding-top: 20px !important;}&#8220;][vc_column width=&#8220;1\/4&#8243;][vc_single_image image=&#8220;928&#8243; img_size=&#8220;200&#215;128&#8243; alignment=&#8220;center&#8220;][\/vc_column][vc_column width=&#8220;3\/4&#8243;][vc_column_text css=&#8220;.vc_custom_1728316150167{padding-bottom: 20px !important;}&#8220;]<\/p>\n<h4>Bestellpflicht<\/h4>\n<p>Unternehmen, die kritische Infrastrukturen betreiben oder besondere Datenverarbeitungen f\u00fcr ihre Kunden durchf\u00fchren, sind gem\u00e4\u00df regulatorischer Vorgaben verpflichtet, einen Informationssicherheitsbeauftragten (ISB) zu bestellen. Dies gilt insbesondere f\u00fcr Unternehmen mit mehr als 50 Mitarbeitern. Kleinere Unternehmen sind zwar nicht direkt betroffen, sollten jedoch die Vorteile eines ISB in Betracht ziehen, um Sicherheitsstandards zu erh\u00f6hen und Risiken zu minimieren.<\/p>\n<p>Ein ISB hilft bei der Entwicklung von Sicherheitsstrategien, unterst\u00fctzt die Umsetzung gesetzlicher Vorgaben und tr\u00e4gt dazu bei, das Vertrauen der Kunden in den verantwortungsvollen Umgang mit Daten zu st\u00e4rken.[\/vc_column_text][\/vc_column][\/vc_row][vc_row][vc_column width=&#8220;1\/4&#8243;][\/vc_column][vc_column width=&#8220;3\/4&#8243;][vc_column_text]<\/p>\n<p style=\"text-align: center;\"><strong>Sie m\u00f6chten mehr erfahren?<br \/>\nWir beraten Sie gerne<br \/>\n<\/strong><\/p>\n<p>[\/vc_column_text][vc_btn title=&#8220;\u2709 Kostenloses Erstgespr\u00e4ch&#8220; color=&#8220;pink&#8220; align=&#8220;center&#8220; link=&#8220;url:mailto%3Ainfo%40tec4net.com%3Fsubject%3DKostenloses%2520Erstgespr%25C3%25A4ch%2520-%2520IT-Sicherheit|||&#8220;][\/vc_column][\/vc_row][vc_row css=&#8220;.vc_custom_1544085464815{padding-top: 20px !important;}&#8220;][vc_column][vc_column_text css=&#8220;.vc_custom_1729127647912{padding-bottom: 20px !important;}&#8220;]<\/p>\n<h4>Externer Informationssicherheitsbeauftragter (ISB) f\u00fcr Mainz<\/h4>\n<p>Profitieren Sie von unserer umfassenden Expertise im Bereich Daten- und Informationssicherheit und bestellen Sie uns zum externen Informationssicherheitsbeauftragten f\u00fcr Ihr Unternehmen. Gerne begleiten wir Sie auch ohne eine Bestellung bei der Umsetzung von Richtlinien und Normen oder der Einf\u00fchrung eines Informationssicherheitsmanagementsystems (ISMS).<\/p>\n<p>Wenn Sie Ihre Bem\u00fchungen im Bereich Informationssicherheit zertifizieren m\u00f6chten oder dies f\u00fcr Sie als Teil einer Lieferkette erforderlich wird, begleiten wir Sie durch den gesamten Auditprozess und \u00fcbernehmen die Kommunikation mit der Zertifizierungsstelle bis zur Zertifikatsvergabe.<\/p>\n<p>Gerade gro\u00dfe Unternehmen verlangen die Einhaltung von Normen zur IT-Sicherheit von ihren Lieferanten und machen dies zur Voraussetzung f\u00fcr die Auftragsvergabe.[\/vc_column_text][\/vc_column][\/vc_row][vc_row][vc_column][vc_empty_space][vc_column_text]<\/p>\n<h4 style=\"text-align: left;\">Unsere IT-Sicherheitsexperten beraten zur<\/h4>\n<p>[\/vc_column_text][\/vc_column][\/vc_row][vc_row][vc_column width=&#8220;1\/2&#8243;][vc_column_text]<span style=\"color: #026198;\">\u2192\u00a0\u00a0 IMPLEMENTIERUNG EINES ISMS GEM\u00c4SS NORM<br \/>\n<\/span><\/p>\n<hr \/>\n<p><span style=\"color: #026198;\">\u2192\u00a0\u00a0 ENTWICKLUNG DER IT-SICHERHEITSRICHTLINIEN<br \/>\n<\/span><\/p>\n<hr \/>\n<p><span style=\"color: #026198;\">\u2192\u00a0\u00a0 UMSETZUNG REGULATORISCHER ANFORDERUNGEN<br \/>\n<\/span><\/p>\n<hr \/>\n<p><span style=\"color: #026198;\">\u2192\u00a0\u00a0 SCHWACHSTELLENANALYSE UND RISIKOMANAGEMENT<br \/>\n<\/span><\/p>\n<hr \/>\n<p><span style=\"color: #026198;\">\u2192\u00a0\u00a0 DEFINITION VON KONTROLLZIELEN UND MA\u00dfNAHMEN<br \/>\n<\/span><\/p>\n<hr \/>\n<p><span style=\"color: #026198;\">\u2192\u00a0\u00a0 SENSIBILISIERUNG UND SCHULUNG DER MITARBEITER<br \/>\n<\/span><\/p>\n<hr \/>\n<p><span style=\"color: #026198;\">\u2192\u00a0\u00a0 GESTALTUNG VON NOTFALL- UND WIEDERANLAUPL\u00c4NEN<br \/>\n<\/span><\/p>\n<hr \/>\n<p>[\/vc_column_text][\/vc_column][vc_column width=&#8220;1\/2&#8243;][vc_column_text]<span style=\"color: #026198;\">\u2192\u00a0\u00a0 \u00dcBERWACHUNG UND KONTROLLE VON DIENSTLEISTERN<br \/>\n<\/span><\/p>\n<hr \/>\n<p><span style=\"color: #026198;\">\u2192\u00a0\u00a0 DURCHF\u00dcHRUNG VON SCHUTZBEDARFSANALYSEN<br \/>\n<\/span><\/p>\n<hr \/>\n<p><span style=\"color: #026198;\">\u2192\u00a0\u00a0 ERSTELLUNG DER ANWENDBARKEITSERKL\u00c4RUNG<br \/>\n<\/span><\/p>\n<hr \/>\n<p><span style=\"color: #026198;\">\u2192\u00a0\u00a0 KOORDINATION VON IT-SICHERHEITSVORF\u00c4LLEN<br \/>\n<\/span><\/p>\n<hr \/>\n<p><span style=\"color: #026198;\">\u2192\u00a0\u00a0 KOMMUNIKATION MIT ZERTIFIZIERUNGSSTELLEN<br \/>\n<\/span><\/p>\n<hr \/>\n<p><span style=\"color: #026198;\">\u2192\u00a0\u00a0 DURCHF\u00dcHRUNG INTERNER UND EXTERNER AUDITS<br \/>\n<\/span><\/p>\n<hr \/>\n<p><span style=\"color: #026198;\">\u2192\u00a0\u00a0 BEWERTUNG VON AUDIT- UND PR\u00dcFBERICHTEN<br \/>\n<\/span><\/p>\n<hr \/>\n<p>[\/vc_column_text][\/vc_column][\/vc_row][vc_row][vc_column][vc_empty_space][vc_column_text]<\/p>\n<h4 style=\"text-align: center;\">Normen und Standards<\/h4>\n<p>[\/vc_column_text][vc_column_text]<\/p>\n<p style=\"text-align: center;\">BSI-Grundschutz &#8211; Bundesamt f\u00fcr Sicherheit in der Informationstechnik | ISO\/IEC 27001 &#8211; International Organization for Standardization<br \/>\nNIS-2 &#8211; Sicherheitsrichtlinie der Europ\u00e4ischen Union | PCI-DSS &#8211; Payment Card Industry Data Security Standard<br \/>\nTISAX &#8211; Trusted Information Security Assessment Exchange | VdS 10000 &#8211; Norm f\u00fcr Informationssicherheitsmanagement<\/p>\n<p>[\/vc_column_text][\/vc_column][\/vc_row][vc_row][vc_column][vc_empty_space][vc_column_text]<\/p>\n<h4>Vorteile eines externen Informationssicherheitsbeauftragten<\/h4>\n<p>[\/vc_column_text][\/vc_column][\/vc_row][vc_row][vc_column width=&#8220;1\/3&#8243;][vc_column_text]<strong>Expertise und Fachwissen<\/strong><\/p>\n<p>Externe Informationssicherheitsbeauftragte bringen ein breites Spektrum an Fachkenntnissen und Erfahrungen mit, da sie in verschiedenen Branchen und Unternehmen t\u00e4tig sind.<\/p>\n<p>Sie sind auf dem neuesten Stand der Richtlinien zur IT-Sicherheit und k\u00f6nnen ma\u00dfgeschneiderte L\u00f6sungen f\u00fcr die individuellen Anforderungen der Kunden bieten.[\/vc_column_text][\/vc_column][vc_column width=&#8220;1\/3&#8243;][vc_column_text]<strong>Unabh\u00e4ngigkeit und Neutralit\u00e4t<\/strong><\/p>\n<p>Externe Informationssicherheitsbeauftragte agieren unabh\u00e4ngig von internen Interessen und Hierarchien im Unternehmen. Hierdurch k\u00f6nnen sie objektive und neutrale Empfehlungen geben, ohne von internen Entscheidungen oder politischen Einfl\u00fcssen beeintr\u00e4chtigt zu sein.<\/p>\n<p>Dies tr\u00e4gt zur Glaubw\u00fcrdigkeit und Vertrauensw\u00fcrdigkeit der Schutzma\u00dfnahmen bei.[\/vc_column_text][\/vc_column][vc_column width=&#8220;1\/3&#8243;][vc_column_text]<strong>Flexibilit\u00e4t und Skalierbarkeit<\/strong><\/p>\n<p>Externe Informationssicherheitsbeauftragte k\u00f6nnen je nach Bedarf des Kunden flexibel eingesetzt werden. Sie bieten eine skalierbare L\u00f6sung, die sich an die individuellen Anforderungen und die Entwicklung des Unternehmens anpassen l\u00e4sst.<\/p>\n<p>Bei Ver\u00e4nderungen im Unternehmen k\u00f6nnen externe Informationssicherheitsbeauftragte schnell und effizient reagieren.[\/vc_column_text][\/vc_column][\/vc_row][vc_row][vc_column][vc_empty_space][\/vc_column][\/vc_row][vc_row][vc_column][vc_empty_space][vc_column_text]<\/p>\n<h4 style=\"text-align: center;\"><span style=\"color: #026198;\">Externer Informationssicherheitsbeauftragter (ISB) f\u00fcr Mainz, Rheinland-Pfalz und Deutschland<br \/>\n<\/span><\/h4>\n<p>[\/vc_column_text][vc_column_text]<\/p>\n<p style=\"text-align: center;\"><strong>Qualifizierte Experten<\/strong><\/p>\n<p style=\"text-align: center;\">Chief Information Security Officer (DGI)\u00a0 |\u00a0 IT-Sicherheitsbeauftragter (DGI)<br \/>\nCertified Information Security Manager (CISM)\u00a0 |\u00a0 Certified Ethical Hacker (CEH)<br \/>\nCertified in Risk and Information Systems Control (CRISC)<\/p>\n<p>[\/vc_column_text][\/vc_column][\/vc_row][vc_row][vc_column][vc_separator style=&#8220;dotted&#8220; border_width=&#8220;2&#8243;][vc_column_text]<\/p>\n<p style=\"text-align: center;\">Brosch\u00fcren zum Download: \u00a0<a href=\"https:\/\/www.tec4net.com\/web\/wp-content\/uploads\/2019\/03\/tec4net_Broschuere_IT-Security.pdf\" target=\"_blank\" rel=\"noopener noreferrer\">\u2192\u00a0\u00a0 <\/a><a href=\"https:\/\/www.tec4net.com\/web\/wp-content\/uploads\/2019\/03\/tec4net_Broschuere_IT-Security.pdf\" target=\"_blank\" rel=\"noopener noreferrer\">tec4net_Brosch\u00fcre_<\/a><a href=\"https:\/\/www.tec4net.com\/web\/wp-content\/uploads\/2019\/03\/tec4net_Broschuere_IT-Security.pdf\" target=\"_blank\" rel=\"noopener noreferrer\">IT-Security (4,8 MB)<\/a><\/p>\n<p>[\/vc_column_text][vc_separator style=&#8220;dotted&#8220; border_width=&#8220;2&#8243;][\/vc_column][\/vc_row][vc_row][vc_column][vc_btn title=&#8220;\u2709 Kostenloses Erstgespr\u00e4ch&#8220; color=&#8220;pink&#8220; align=&#8220;center&#8220; link=&#8220;url:mailto%3Ainfo%40tec4net.com%3Fsubject%3DKostenloses%2520Erstgespr%25C3%25A4ch%2520-%2520IT-Sicherheit|||&#8220;][\/vc_column][\/vc_row][vc_row][vc_column][vc_empty_space][vc_column_text]<\/p>\n<p style=\"text-align: center;\"><strong>Auch in Ihrer N\u00e4he<\/strong><\/p>\n<p style=\"text-align: center;\"><a href=\"https:\/\/www.tec4net.com\/web\/externer-informationssicherheitsbeauftragter-in-augsburg\">Augsburg<\/a> | <a href=\"https:\/\/www.tec4net.com\/web\/externer-informationssicherheitsbeauftragter-in-berlin\">Berlin<\/a> | <a href=\"https:\/\/www.tec4net.com\/web\/externer-informationssicherheitsbeauftragter-in-bielefeld\">Bielefeld<\/a> | <a href=\"https:\/\/www.tec4net.com\/web\/externer-informationssicherheitsbeauftragter-in-bochum\">Bochum<\/a> | <a href=\"https:\/\/www.tec4net.com\/web\/externer-informationssicherheitsbeauftragter-in-bremen\">Bremen<\/a> | <a href=\"https:\/\/www.tec4net.com\/web\/externer-informationssicherheitsbeauftragter-in-dortmund\">Dortmund<\/a> | <a href=\"https:\/\/www.tec4net.com\/web\/externer-informationssicherheitsbeauftragter-in-dresden\">Dresden<\/a> |\u00a0 <a href=\"https:\/\/www.tec4net.com\/web\/externer-informationssicherheitsbeauftragter-in-duesseldorf\">D\u00fcsseldorf<\/a> | <a href=\"https:\/\/www.tec4net.com\/web\/externer-informationssicherheitsbeauftragter-in-erfurt\">Erfurt<\/a> | <a href=\"https:\/\/www.tec4net.com\/web\/externer-informationssicherheitsbeauftragter-in-essen\">Essen<\/a> | <a href=\"https:\/\/www.tec4net.com\/web\/externer-informationssicherheitsbeauftragter-in-frankfurt\">Frankfurt<\/a> | <a href=\"https:\/\/www.tec4net.com\/web\/externer-informationssicherheitsbeauftragter-in-hamburg\">Hamburg<\/a> | <a href=\"https:\/\/www.tec4net.com\/web\/externer-informationssicherheitsbeauftragter-in-hannover\">Hannover<\/a> | <a href=\"https:\/\/www.tec4net.com\/web\/externer-informationssicherheitsbeauftragter-in-ingolstadt\">Ingolstadt<\/a> | <a href=\"https:\/\/www.tec4net.com\/web\/externer-informationssicherheitsbeauftragter-in-kiel\">Kiel<\/a> | <a href=\"https:\/\/www.tec4net.com\/web\/externer-informationssicherheitsbeauftragter-in-koeln\">K\u00f6ln<\/a> | <a href=\"https:\/\/www.tec4net.com\/web\/externer-informationssicherheitsbeauftragter-in-leipzig\">Leipzig<\/a> | <a href=\"https:\/\/www.tec4net.com\/web\/externer-informationssicherheitsbeauftragter-in-magdeburg\">Magdeburg<\/a> | <a href=\"https:\/\/www.tec4net.com\/web\/externer-informationssicherheitsbeauftragter-in-mainz\">Mainz<\/a> | <a href=\"https:\/\/www.tec4net.com\/web\/externer-informationssicherheitsbeauftragter-in-mannheim\">Mannheim<\/a> | <a href=\"https:\/\/www.tec4net.com\/web\/externer-informationssicherheitsbeauftragter-in-muenchen\">M\u00fcnchen<\/a> | <a href=\"https:\/\/www.tec4net.com\/web\/externer-informationssicherheitsbeauftragter-in-nuernberg\">N\u00fcrnberg<\/a> | <a href=\"https:\/\/www.tec4net.com\/web\/externer-informationssicherheitsbeauftragter-in-potsdam\">Potsdam<\/a> | <a href=\"https:\/\/www.tec4net.com\/web\/externer-informationssicherheitsbeauftragter-in-regensburg\">Regensburg<\/a> | <a href=\"https:\/\/www.tec4net.com\/web\/externer-informationssicherheitsbeauftragter-in-rostock\">Rostock<\/a> | <a href=\"https:\/\/www.tec4net.com\/web\/externer-informationssicherheitsbeauftragter-in-saarbruecken\">Saarbr\u00fccken<\/a> | <a href=\"https:\/\/www.tec4net.com\/web\/externer-informationssicherheitsbeauftragter-in-stuttgart\">Stuttgart<\/a> | <a href=\"https:\/\/www.tec4net.com\/web\/externer-informationssicherheitsbeauftragter-in-wuerzburg\">W\u00fcrzburg<\/a><\/p>\n<hr \/>\n<p>[\/vc_column_text][\/vc_column][\/vc_row]<\/p>\n","protected":false},"excerpt":{"rendered":"<p>[vc_row full_width=&#8220;stretch_row&#8220; equal_height=&#8220;yes&#8220; css=&#8220;.vc_custom_1544084854793{margin-top: -85px !important;padding-top: 50px !important;padding-bottom: 30px !important;background-color: #f0f0f0 !important;}&#8220;][vc_column width=&#8220;1\/4&#8243;][vc_column_text] Informations- sicherheits- beauftragter In komplexen IT-Umgebungen ist es entscheidend, die IT-Sicherheit zu gew\u00e4hrleisten und Normen zur Informationssicherheit mit IT-Sicherheitsexperten umzusetzen. Wir stellen externe Informationssicherheitsbeauftragte f\u00fcr Mainz, Rheinland-Pfalz und Deutschland. [\/vc_column_text][\/vc_column][vc_column width=&#8220;3\/4&#8243;][vc_single_image image=&#8220;574&#8243; img_size=&#8220;full&#8220; alignment=&#8220;center&#8220; style=&#8220;vc_box_shadow_3d&#8220; css_animation=&#8220;fadeInUp&#8220;][\/vc_column][\/vc_row][vc_row css=&#8220;.vc_custom_1544085464815{padding-top: [&hellip;]<\/p>\n","protected":false},"author":1,"featured_media":0,"parent":0,"menu_order":0,"comment_status":"closed","ping_status":"closed","template":"","meta":[],"yoast_head":"<!-- This site is optimized with the Yoast SEO plugin v21.5 - https:\/\/yoast.com\/wordpress\/plugins\/seo\/ -->\n<title>Externer Informationssicherheitsbeauftragter in Mainz - tec4net<\/title>\n<meta name=\"description\" content=\"Die EU-Datenschutzgrundverordnung (DSGVO) regelt den Umgang mit personenbezogenen Daten und schreibt f\u00fcr viele Unternehmen die Bestellung eines Datenschutzbeauftragten (DSB) vor.\" \/>\n<meta name=\"robots\" content=\"index, follow, max-snippet:-1, max-image-preview:large, max-video-preview:-1\" \/>\n<link rel=\"canonical\" href=\"https:\/\/www.tec4net.com\/web\/externer-informationssicherheitsbeauftragter-in-mainz\/\" \/>\n<meta property=\"og:locale\" content=\"de_DE\" \/>\n<meta property=\"og:type\" content=\"article\" \/>\n<meta property=\"og:title\" content=\"Externer Informationssicherheitsbeauftragter in Mainz - tec4net\" \/>\n<meta property=\"og:description\" content=\"Die EU-Datenschutzgrundverordnung (DSGVO) regelt den Umgang mit personenbezogenen Daten und schreibt f\u00fcr viele Unternehmen die Bestellung eines Datenschutzbeauftragten (DSB) vor.\" \/>\n<meta property=\"og:url\" content=\"https:\/\/www.tec4net.com\/web\/externer-informationssicherheitsbeauftragter-in-mainz\/\" \/>\n<meta property=\"og:site_name\" content=\"tec4net\" \/>\n<meta property=\"article:modified_time\" content=\"2024-10-17T22:25:51+00:00\" \/>\n<meta name=\"twitter:card\" content=\"summary_large_image\" \/>\n<meta name=\"twitter:label1\" content=\"Gesch\u00e4tzte Lesezeit\" \/>\n\t<meta name=\"twitter:data1\" content=\"4\u00a0Minuten\" \/>\n<script type=\"application\/ld+json\" class=\"yoast-schema-graph\">{\"@context\":\"https:\/\/schema.org\",\"@graph\":[{\"@type\":\"WebPage\",\"@id\":\"https:\/\/www.tec4net.com\/web\/externer-informationssicherheitsbeauftragter-in-mainz\/\",\"url\":\"https:\/\/www.tec4net.com\/web\/externer-informationssicherheitsbeauftragter-in-mainz\/\",\"name\":\"Externer Informationssicherheitsbeauftragter in Mainz - tec4net\",\"isPartOf\":{\"@id\":\"https:\/\/www.tec4net.com\/web\/#website\"},\"datePublished\":\"2024-10-17T01:14:32+00:00\",\"dateModified\":\"2024-10-17T22:25:51+00:00\",\"description\":\"Die EU-Datenschutzgrundverordnung (DSGVO) regelt den Umgang mit personenbezogenen Daten und schreibt f\u00fcr viele Unternehmen die Bestellung eines Datenschutzbeauftragten (DSB) vor.\",\"breadcrumb\":{\"@id\":\"https:\/\/www.tec4net.com\/web\/externer-informationssicherheitsbeauftragter-in-mainz\/#breadcrumb\"},\"inLanguage\":\"de\",\"potentialAction\":[{\"@type\":\"ReadAction\",\"target\":[\"https:\/\/www.tec4net.com\/web\/externer-informationssicherheitsbeauftragter-in-mainz\/\"]}]},{\"@type\":\"BreadcrumbList\",\"@id\":\"https:\/\/www.tec4net.com\/web\/externer-informationssicherheitsbeauftragter-in-mainz\/#breadcrumb\",\"itemListElement\":[{\"@type\":\"ListItem\",\"position\":1,\"name\":\"Startseite\",\"item\":\"https:\/\/www.tec4net.com\/web\/\"},{\"@type\":\"ListItem\",\"position\":2,\"name\":\"Externer Informationssicherheitsbeauftragter in Mainz\"}]},{\"@type\":\"WebSite\",\"@id\":\"https:\/\/www.tec4net.com\/web\/#website\",\"url\":\"https:\/\/www.tec4net.com\/web\/\",\"name\":\"tec4net\",\"description\":\"Ihr starker IT-Partner\",\"publisher\":{\"@id\":\"https:\/\/www.tec4net.com\/web\/#organization\"},\"potentialAction\":[{\"@type\":\"SearchAction\",\"target\":{\"@type\":\"EntryPoint\",\"urlTemplate\":\"https:\/\/www.tec4net.com\/web\/?s={search_term_string}\"},\"query-input\":\"required name=search_term_string\"}],\"inLanguage\":\"de\"},{\"@type\":\"Organization\",\"@id\":\"https:\/\/www.tec4net.com\/web\/#organization\",\"name\":\"tec4net\",\"url\":\"https:\/\/www.tec4net.com\/web\/\",\"logo\":{\"@type\":\"ImageObject\",\"inLanguage\":\"de\",\"@id\":\"https:\/\/www.tec4net.com\/web\/#\/schema\/logo\/image\/\",\"url\":\"https:\/\/www.tec4net.com\/web\/wp-content\/uploads\/2018\/12\/t4n_Logo_startseite.png\",\"contentUrl\":\"https:\/\/www.tec4net.com\/web\/wp-content\/uploads\/2018\/12\/t4n_Logo_startseite.png\",\"width\":178,\"height\":163,\"caption\":\"tec4net\"},\"image\":{\"@id\":\"https:\/\/www.tec4net.com\/web\/#\/schema\/logo\/image\/\"}}]}<\/script>\n<!-- \/ Yoast SEO plugin. -->","yoast_head_json":{"title":"Externer Informationssicherheitsbeauftragter in Mainz - tec4net","description":"Die EU-Datenschutzgrundverordnung (DSGVO) regelt den Umgang mit personenbezogenen Daten und schreibt f\u00fcr viele Unternehmen die Bestellung eines Datenschutzbeauftragten (DSB) vor.","robots":{"index":"index","follow":"follow","max-snippet":"max-snippet:-1","max-image-preview":"max-image-preview:large","max-video-preview":"max-video-preview:-1"},"canonical":"https:\/\/www.tec4net.com\/web\/externer-informationssicherheitsbeauftragter-in-mainz\/","og_locale":"de_DE","og_type":"article","og_title":"Externer Informationssicherheitsbeauftragter in Mainz - tec4net","og_description":"Die EU-Datenschutzgrundverordnung (DSGVO) regelt den Umgang mit personenbezogenen Daten und schreibt f\u00fcr viele Unternehmen die Bestellung eines Datenschutzbeauftragten (DSB) vor.","og_url":"https:\/\/www.tec4net.com\/web\/externer-informationssicherheitsbeauftragter-in-mainz\/","og_site_name":"tec4net","article_modified_time":"2024-10-17T22:25:51+00:00","twitter_card":"summary_large_image","twitter_misc":{"Gesch\u00e4tzte Lesezeit":"4\u00a0Minuten"},"schema":{"@context":"https:\/\/schema.org","@graph":[{"@type":"WebPage","@id":"https:\/\/www.tec4net.com\/web\/externer-informationssicherheitsbeauftragter-in-mainz\/","url":"https:\/\/www.tec4net.com\/web\/externer-informationssicherheitsbeauftragter-in-mainz\/","name":"Externer Informationssicherheitsbeauftragter in Mainz - tec4net","isPartOf":{"@id":"https:\/\/www.tec4net.com\/web\/#website"},"datePublished":"2024-10-17T01:14:32+00:00","dateModified":"2024-10-17T22:25:51+00:00","description":"Die EU-Datenschutzgrundverordnung (DSGVO) regelt den Umgang mit personenbezogenen Daten und schreibt f\u00fcr viele Unternehmen die Bestellung eines Datenschutzbeauftragten (DSB) vor.","breadcrumb":{"@id":"https:\/\/www.tec4net.com\/web\/externer-informationssicherheitsbeauftragter-in-mainz\/#breadcrumb"},"inLanguage":"de","potentialAction":[{"@type":"ReadAction","target":["https:\/\/www.tec4net.com\/web\/externer-informationssicherheitsbeauftragter-in-mainz\/"]}]},{"@type":"BreadcrumbList","@id":"https:\/\/www.tec4net.com\/web\/externer-informationssicherheitsbeauftragter-in-mainz\/#breadcrumb","itemListElement":[{"@type":"ListItem","position":1,"name":"Startseite","item":"https:\/\/www.tec4net.com\/web\/"},{"@type":"ListItem","position":2,"name":"Externer Informationssicherheitsbeauftragter in Mainz"}]},{"@type":"WebSite","@id":"https:\/\/www.tec4net.com\/web\/#website","url":"https:\/\/www.tec4net.com\/web\/","name":"tec4net","description":"Ihr starker IT-Partner","publisher":{"@id":"https:\/\/www.tec4net.com\/web\/#organization"},"potentialAction":[{"@type":"SearchAction","target":{"@type":"EntryPoint","urlTemplate":"https:\/\/www.tec4net.com\/web\/?s={search_term_string}"},"query-input":"required name=search_term_string"}],"inLanguage":"de"},{"@type":"Organization","@id":"https:\/\/www.tec4net.com\/web\/#organization","name":"tec4net","url":"https:\/\/www.tec4net.com\/web\/","logo":{"@type":"ImageObject","inLanguage":"de","@id":"https:\/\/www.tec4net.com\/web\/#\/schema\/logo\/image\/","url":"https:\/\/www.tec4net.com\/web\/wp-content\/uploads\/2018\/12\/t4n_Logo_startseite.png","contentUrl":"https:\/\/www.tec4net.com\/web\/wp-content\/uploads\/2018\/12\/t4n_Logo_startseite.png","width":178,"height":163,"caption":"tec4net"},"image":{"@id":"https:\/\/www.tec4net.com\/web\/#\/schema\/logo\/image\/"}}]}},"_links":{"self":[{"href":"https:\/\/www.tec4net.com\/web\/wp-json\/wp\/v2\/pages\/3740"}],"collection":[{"href":"https:\/\/www.tec4net.com\/web\/wp-json\/wp\/v2\/pages"}],"about":[{"href":"https:\/\/www.tec4net.com\/web\/wp-json\/wp\/v2\/types\/page"}],"author":[{"embeddable":true,"href":"https:\/\/www.tec4net.com\/web\/wp-json\/wp\/v2\/users\/1"}],"replies":[{"embeddable":true,"href":"https:\/\/www.tec4net.com\/web\/wp-json\/wp\/v2\/comments?post=3740"}],"version-history":[{"count":3,"href":"https:\/\/www.tec4net.com\/web\/wp-json\/wp\/v2\/pages\/3740\/revisions"}],"predecessor-version":[{"id":3869,"href":"https:\/\/www.tec4net.com\/web\/wp-json\/wp\/v2\/pages\/3740\/revisions\/3869"}],"wp:attachment":[{"href":"https:\/\/www.tec4net.com\/web\/wp-json\/wp\/v2\/media?parent=3740"}],"curies":[{"name":"wp","href":"https:\/\/api.w.org\/{rel}","templated":true}]}}