{"id":4605,"date":"2025-02-04T12:39:03","date_gmt":"2025-02-04T11:39:03","guid":{"rendered":"https:\/\/www.tec4net.com\/web\/?page_id=4605"},"modified":"2025-03-14T21:45:00","modified_gmt":"2025-03-14T20:45:00","slug":"meldestelle-und-externer-meldestellenbeauftragter-in-rostock","status":"publish","type":"page","link":"https:\/\/www.tec4net.com\/web\/meldestelle-und-externer-meldestellenbeauftragter-in-rostock\/","title":{"rendered":"Meldestelle und externer Meldestellenbeauftragter in Rostock"},"content":{"rendered":"<p>[vc_row full_width=&#8220;stretch_row&#8220; equal_height=&#8220;yes&#8220; css=&#8220;.vc_custom_1544084854793{margin-top: -85px !important;padding-top: 50px !important;padding-bottom: 30px !important;background-color: #f0f0f0 !important;}&#8220;][vc_column width=&#8220;1\/4&#8243;][vc_column_text]<\/p>\n<h2 style=\"text-align: right;\"><span style=\"color: #026198;\">Meldestellen-<br \/>\nManagement<br \/>\n<\/span><\/h2>\n<p style=\"text-align: right;\"><strong><span style=\"color: #026198;\">Das Hinweisgeberschutzgesetz (HinSchG) verpflichtet Unternehmen zur Einrichtung und dem Betrieb einer Meldestelle. Wir bieten ein rechtskonformes Meldesystem und stellen externe Meldestellenbeauftragte (MSB) f\u00fcr Rostock, Mecklenburg-Vorpommern und Deutschland.<\/span><\/strong><\/p>\n<p>[\/vc_column_text][\/vc_column][vc_column width=&#8220;3\/4&#8243;][vc_single_image image=&#8220;627&#8243; img_size=&#8220;full&#8220; alignment=&#8220;center&#8220; style=&#8220;vc_box_shadow_3d&#8220; css_animation=&#8220;fadeInUp&#8220;][\/vc_column][\/vc_row][vc_row css=&#8220;.vc_custom_1544085464815{padding-top: 20px !important;}&#8220;][vc_column width=&#8220;1\/4&#8243;][vc_single_image image=&#8220;928&#8243; img_size=&#8220;200&#215;128&#8243; alignment=&#8220;center&#8220;][\/vc_column][vc_column width=&#8220;3\/4&#8243;][vc_column_text css=&#8220;.vc_custom_1738539724127{padding-bottom: 20px !important;}&#8220;]<\/p>\n<h3>Schutz f\u00fcr Hinweisgeber<\/h3>\n<p>Das Hinweisgeberschutzgesetz (HinSchG) sch\u00fctzt Personen, die w\u00e4hrend ihrer beruflichen T\u00e4tigkeit Verst\u00f6\u00dfe melden, vor Repressionen. Es verpflichtet Unternehmen ab 50 Mitarbeitern, eine Meldestelle einzurichten, die sichere Meldewege bietet und die Vertraulichkeit der Hinweisgeber sowie die Anforderungen der Datenschutz-Grundverordnung gew\u00e4hrleistet.<\/p>\n<p>Unternehmen sollen durch den Schutz der Hinweisgeber mehr Meldungen zu Mi\u00dfst\u00e4nden erhalten, um diese fr\u00fchzeitig abstellen zu k\u00f6nnen.<\/p>\n<p><strong>Meldestellenbeauftragter<\/strong><\/p>\n<p>Eine Meldestelle muss von mindestens zwei fachkundigen und unabh\u00e4ngigen Personen betrieben werden. Als Meldestellenbeauftragter darf keine F\u00fchrungskraft oder Person mit Interessenkonflikten benannt werden, die m\u00f6glicherweise von den gemeldeten Vorf\u00e4llen betroffen ist.<\/p>\n<p><strong>Antwortfrist<\/strong><\/p>\n<p>Hinweisgeber m\u00fcssen innerhalb von sieben Tagen \u00fcber den Eingang ihrer Meldung informiert werden. Zudem sind sie \u00fcber den Fortgang und etwaige ergriffene Ma\u00dfnahmen auf dem Laufenden zu halten.<\/p>\n<p><strong>Schadenersatz<\/strong><\/p>\n<p>Im Falle von Repressalien hat der Hinweisgeber Anspruch auf Schadenersatz, wobei die Beweislast zur Widerlegung beim Arbeitgeber liegt. Besonders bei Meldestellen die ein Unternehmen selbst betreibt, kann dies problematisch sein, da die Neutralit\u00e4t des Meldestellenbeauftragten leicht in Frage gestellt werden k\u00f6nnte.<\/p>\n<p><strong>Sanktionen<\/strong><\/p>\n<p>Verst\u00f6\u00dfe gegen das HinSchG, wie die Benachteiligung von Hinweisgebern oder das Vers\u00e4umnis, Schutzmechanismen bereitzustellen, k\u00f6nnen mit Bu\u00dfgeldern von bis zu 50.000 Euro oder Freiheitsstrafen geahndet werden.[\/vc_column_text][vc_column_text css=&#8220;.vc_custom_1738532284927{padding-bottom: 20px !important;}&#8220;]<\/p>\n<h3><strong>Unser Angebot<\/strong><\/h3>\n<p>Wir bieten Ihnen die M\u00f6glichkeit, Ihre \u201einterne\u201c Meldestelle an uns auszulagern, umso alle Anforderungen des Gesetzes zu erf\u00fcllen und evtl. Repressionsvorw\u00fcrfen aus dem Weg zu gehen.<\/p>\n<p>Die M\u00f6glichkeit einer Auslagerung, ist gem. \u00a7 14 HinSchG ausdr\u00fccklich vorgesehen.[\/vc_column_text][\/vc_column][\/vc_row][vc_row][vc_column width=&#8220;1\/4&#8243;][\/vc_column][vc_column width=&#8220;3\/4&#8243;][vc_column_text]<\/p>\n<p style=\"text-align: center;\"><strong>Sie m\u00f6chten mehr erfahren?<br \/>\nWir beraten Sie gerne<br \/>\n<\/strong><\/p>\n<p>[\/vc_column_text][vc_btn title=&#8220;\u2709 Kostenloses Erstgespr\u00e4ch&#8220; color=&#8220;pink&#8220; align=&#8220;center&#8220; link=&#8220;url:mailto%3Ainfo%40tec4net.com%3Fsubject%3DKostenloses%2520Erstgespr%25C3%25A4ch%2520-%2520Hinweisgeberschutz|||&#8220;][\/vc_column][\/vc_row][vc_row][vc_column][vc_empty_space][\/vc_column][\/vc_row][vc_row css=&#8220;.vc_custom_1544085464815{padding-top: 20px !important;}&#8220;][vc_column][vc_column_text css=&#8220;.vc_custom_1738529962080{padding-bottom: 20px !important;}&#8220;]<\/p>\n<h4>Meldestelle und externer Meldestellenbeauftragter (MSB) f\u00fcr Rostock<\/h4>\n<p>Profitieren Sie von unserer umfassenden Expertise im Bereich des Hinweisgeberschutzes (HinSchG). Wir betreiben die gesetzlich geforderte interne Meldestelle und stellen die erforderlichen Meldestellenbeauftragten (MSB) f\u00fcr Ihr Unternehmen. Gerne unterst\u00fctzen wir Sie auch bei der Einrichtung einer internen Meldestelle und der Entwicklung entsprechender Prozesse, falls Sie die Vorgaben eigenst\u00e4ndig in Ihrem Unternehmen umsetzen und mit eigenen Mitarbeitern betreiben m\u00f6chten.<\/p>\n<p>Wenn Sie sicherstellen m\u00f6chten, dass Ihr Unternehmen den gesetzlichen Vorgaben entspricht oder dies f\u00fcr Ihre Gesch\u00e4ftspartner belegt werden muss, begleiten wir Sie durch den gesamten Implementierungsprozess und stellen sicher, dass Ihre Meldestelle sowohl intern als auch extern rechtskonform betrieben wird.<\/p>\n<p>Besonders f\u00fcr Unternehmen, die Teil einer Lieferkette sind, ist die Einhaltung von gesetzlichen Vorgaben wie die des Hinweisgeberschutzgesetzes ein wichtiges Kriterium in der Zusammenarbeit mit Lieferanten und Partnern. Wir helfen Ihnen, diese Anforderungen zu erf\u00fcllen und Ihre Reputation zu st\u00e4rken.[\/vc_column_text][\/vc_column][\/vc_row][vc_row][vc_column][vc_empty_space][\/vc_column][\/vc_row][vc_row][vc_column width=&#8220;1\/2&#8243;][vc_column_text]<\/p>\n<h4><span style=\"color: #026198;\">Wir bieten Ihnen:<\/span><\/h4>\n<p><span style=\"color: #026198;\">\u2192\u00a0\u00a0 BETRIEB DER INTERNEN MELDESTELLE\u00a0 (\u00a7 14 HinSchG)<\/span><\/p>\n<hr \/>\n<p><span style=\"color: #026198;\">\u2192\u00a0\u00a0 FACHKUNDIGE FALLBEARBEITER (\u00a7 15 HinSchG)<\/span><\/p>\n<hr \/>\n<p><span style=\"color: #026198;\">\u2192\u00a0\u00a0 RECHTSKONFORME MELDEPROZESSE (\u00a7\u00a7 16, 17, 18 HinSchG)<\/span><\/p>\n<hr \/>\n<p><span style=\"color: #026198;\">\u2192\u00a0\u00a0 SICHERSTELLUNG DER VERTRAULICHKEIT (\u00a7 8 HinSchG)<br \/>\n<\/span><\/p>\n<hr \/>\n<p><span style=\"color: #026198;\">\u2192\u00a0\u00a0\u00a0 RECHTSSICHERE DOKUMENTATION (\u00a7 11 HinSchG)<br \/>\n<\/span><\/p>\n<hr \/>\n<p>[\/vc_column_text][\/vc_column][vc_column width=&#8220;1\/2&#8243;][vc_column_text]<\/p>\n<h4><span style=\"color: #026198;\">Ihre Vorteile:<\/span><\/h4>\n<p><span style=\"color: #026198;\">\u2192\u00a0\u00a0 TRANSPARENTER MELDEPROZESS<br \/>\n<\/span><\/p>\n<hr \/>\n<p><span style=\"color: #026198;\">\u2192\u00a0\u00a0 VERMEIDUNG VON REPRESSIONSVERDACHT<br \/>\n<\/span><\/p>\n<hr \/>\n<p><span style=\"color: #026198;\">\u2192\u00a0\u00a0 KEIN PERSONALAUFWAND<br \/>\n<\/span><\/p>\n<hr \/>\n<p><span style=\"color: #026198;\">\u2192\u00a0\u00a0 VERBINDLICHE RECHTSKONFORMIT\u00c4T<br \/>\n<\/span><\/p>\n<hr \/>\n<p><span style=\"color: #026198;\">\u2192\u00a0\u00a0\u00a0 FACHKUNDIGE FALLBEARBEITUNG<br \/>\n<\/span><\/p>\n<hr \/>\n<p>[\/vc_column_text][\/vc_column][\/vc_row][vc_row css=&#8220;.vc_custom_1738540650996{background-color: #f0f0f0 !important;}&#8220;][vc_column][vc_empty_space][vc_column_text]<\/p>\n<h4 style=\"text-align: center;\">Ihr externer Meldestellenbeauftragter (MSB) f\u00fcr Rostock und Deutschland<\/h4>\n<p>[\/vc_column_text][vc_column_text]<\/p>\n<p style=\"text-align: center;\"><strong>Qualifizierte Experten<br \/>\n<\/strong><\/p>\n<p style=\"text-align: center;\">Meldestellenbeauftragter (T\u00dcV-RL)\u00a0 |\u00a0 Meldestellenbeauftragter (HinSchG)<br \/>\nDatenschutzbeauftragter (T\u00dcV)\u00a0 |\u00a0 Zertifizierter Mediator (BM)<\/p>\n<p>[\/vc_column_text][\/vc_column][\/vc_row][vc_row][vc_column][vc_empty_space][vc_column_text]<\/p>\n<h4>Vorteile eines externen Meldestellenbeauftragten<\/h4>\n<p>[\/vc_column_text][\/vc_column][\/vc_row][vc_row][vc_column width=&#8220;1\/3&#8243;][vc_column_text]<strong>Expertise und Fachwissen<\/strong><\/p>\n<p>Unsere externen Meldestellenbeauftragten verf\u00fcgen \u00fcber ein breites Spektrum an Fachkenntnissen und Erfahrungen, da sie in verschiedenen Branchen und Unternehmen t\u00e4tig sind.<\/p>\n<p>Sie sind stets auf dem neuesten Stand der regulatorischen Vorgaben und bieten ma\u00dfgeschneiderte L\u00f6sungen, die sowohl den Schutz der Hinweisgeber als auch die spezifischen Bed\u00fcrfnisse der Kunden ber\u00fccksichtigen.[\/vc_column_text][\/vc_column][vc_column width=&#8220;1\/3&#8243;][vc_column_text]<strong>Unabh\u00e4ngigkeit und Neutralit\u00e4t<\/strong><\/p>\n<p>Externe Meldestellenbeauftragte agieren unabh\u00e4ngig von internen Interessen und Hierarchien im Unternehmen. Hierdurch k\u00f6nnen sie objektive und neutrale Empfehlungen geben, ohne von internen Entscheidungen oder politischen Einfl\u00fcssen beeintr\u00e4chtigt zu sein.<\/p>\n<p>Dies tr\u00e4gt zur Vertrauensw\u00fcrdigkeit der Schutzma\u00dfnahmen bei und entlastet von m\u00f6glichen Verdachtsmomenten bez\u00fcglich der Repression gegen Hinweisgeber.[\/vc_column_text][\/vc_column][vc_column width=&#8220;1\/3&#8243;][vc_column_text]<strong>Flexibilit\u00e4t und Skalierbarkeit<\/strong><\/p>\n<p>Unsere Externen Meldestellenbeauftragte k\u00f6nnen je nach Bedarf des Kunden flexibel eingesetzt werden. Wir bieten eine skalierbare L\u00f6sung, die sich an die individuellen Anforderungen und die Entwicklung Ihres Unternehmens schnell und effizient\u00a0 anpassen l\u00e4sst.<\/p>\n<p>Interne Ressourcen werden geschont und Kosten f\u00fcr Schulungen oder Weiterbildungen vermieden. So kann sich Ihr Team voll und ganz auf seine Kernaufgaben konzentrieren.[\/vc_column_text][\/vc_column][\/vc_row][vc_row][vc_column][vc_empty_space][\/vc_column][\/vc_row][vc_row][vc_column][vc_separator style=&#8220;dotted&#8220; border_width=&#8220;2&#8243;][vc_column_text]<\/p>\n<p style=\"text-align: center;\">Brosch\u00fcren zum Download: \u00a0<a href=\"https:\/\/www.tec4net.com\/web\/wp-content\/uploads\/2025\/02\/tec4net_Infoblatt_HinSchG.pdf\">\u2192\u00a0\u00a0 tec4net_Infoblatt_Hinweisgeberschutz (0,3 MB)<\/a><\/p>\n<p>[\/vc_column_text][vc_separator style=&#8220;dotted&#8220; border_width=&#8220;2&#8243;][\/vc_column][\/vc_row][vc_row][vc_column][vc_btn title=&#8220;\u2709 Kostenloses Erstgespr\u00e4ch&#8220; color=&#8220;pink&#8220; align=&#8220;center&#8220; link=&#8220;url:mailto%3Ainfo%40tec4net.com%3Fsubject%3DKostenloses%2520Erstgespr%25C3%25A4ch%2520-%2520Hinweisgeberschutz|||&#8220;][\/vc_column][\/vc_row][vc_row][vc_column][vc_empty_space][vc_column_text]<\/p>\n<p style=\"text-align: center;\"><strong>Auch in Ihrer N\u00e4he<\/strong><\/p>\n<p style=\"text-align: center;\"><a href=\"https:\/\/www.tec4net.com\/web\/meldestelle-und-externer-meldestellenbeauftragter-in-augsburg\">Augsburg<\/a> | <a href=\"https:\/\/www.tec4net.com\/web\/meldestelle-und-externer-meldestellenbeauftragter-in-berlin\">Berlin<\/a> | <a href=\"https:\/\/www.tec4net.com\/web\/meldestelle-und-externer-meldestellenbeauftragter-in-bielefeld\">Bielefeld<\/a> | <a href=\"https:\/\/www.tec4net.com\/web\/meldestelle-und-externer-meldestellenbeauftragter-in-bochum\">Bochum<\/a> | <a href=\"https:\/\/www.tec4net.com\/web\/meldestelle-und-externer-meldestellenbeauftragter-in-bremen\">Bremen<\/a> | <a href=\"https:\/\/www.tec4net.com\/web\/meldestelle-und-externer-meldestellenbeauftragter-in-dortmund\">Dortmund<\/a> | <a href=\"https:\/\/www.tec4net.com\/web\/meldestelle-und-externer-meldestellenbeauftragter-in-dresden\">Dresden<\/a> |\u00a0 <a href=\"https:\/\/www.tec4net.com\/web\/meldestelle-und-externer-meldestellenbeauftragter-in-duesseldorf\">D\u00fcsseldorf<\/a> | <a href=\"https:\/\/www.tec4net.com\/web\/meldestelle-und-externer-meldestellenbeauftragter-in-erfurt\">Erfurt<\/a> | <a href=\"https:\/\/www.tec4net.com\/web\/meldestelle-und-externer-meldestellenbeauftragter-in-essen\">Essen<\/a> | <a href=\"https:\/\/www.tec4net.com\/web\/meldestelle-und-externer-meldestellenbeauftragter-in-frankfurt\">Frankfurt<\/a> | <a href=\"https:\/\/www.tec4net.com\/web\/meldestelle-und-externer-meldestellenbeauftragter-in-hamburg\">Hamburg<\/a> | <a href=\"https:\/\/www.tec4net.com\/web\/meldestelle-und-externer-meldestellenbeauftragter-in-hannover\">Hannover<\/a> | <a href=\"https:\/\/www.tec4net.com\/web\/meldestelle-und-externer-meldestellenbeauftragter-in-ingolstadt\">Ingolstadt<\/a> | <a href=\"https:\/\/www.tec4net.com\/web\/meldestelle-und-externer-meldestellenbeauftragter-in-kiel\">Kiel<\/a> | <a href=\"https:\/\/www.tec4net.com\/web\/meldestelle-und-externer-meldestellenbeauftragter-in-koeln\">K\u00f6ln<\/a> | <a href=\"https:\/\/www.tec4net.com\/web\/meldestelle-und-externer-meldestellenbeauftragter-in-leipzig\">Leipzig<\/a> | <a href=\"https:\/\/www.tec4net.com\/web\/meldestelle-und-externer-meldestellenbeauftragter-in-magdeburg\">Magdeburg<\/a> | <a href=\"https:\/\/www.tec4net.com\/web\/meldestelle-und-externer-meldestellenbeauftragter-in-mainz\">Mainz<\/a> | <a href=\"https:\/\/www.tec4net.com\/web\/meldestelle-und-externer-meldestellenbeauftragter-in-mannheim\">Mannheim<\/a> | <a href=\"https:\/\/www.tec4net.com\/web\/meldestelle-und-externer-meldestellenbeauftragter-in-muenchen\">M\u00fcnchen<\/a> | <a href=\"https:\/\/www.tec4net.com\/web\/meldestelle-und-externer-meldestellenbeauftragter-in-nuernberg\">N\u00fcrnberg<\/a> | <a href=\"https:\/\/www.tec4net.com\/web\/meldestelle-und-externer-meldestellenbeauftragter-in-potsdam\">Potsdam<\/a> | <a href=\"https:\/\/www.tec4net.com\/web\/meldestelle-und-externer-meldestellenbeauftragter-in-regensburg\">Regensburg<\/a> | <a href=\"https:\/\/www.tec4net.com\/web\/meldestelle-und-externer-meldestellenbeauftragter-in-rostock\">Rostock<\/a> | <a href=\"https:\/\/www.tec4net.com\/web\/meldestelle-und-externer-meldestellenbeauftragter-in-saarbruecken\">Saarbr\u00fccken<\/a> | <a href=\"https:\/\/www.tec4net.com\/web\/meldestelle-und-externer-meldestellenbeauftragter-in-stuttgart\">Stuttgart<\/a> | <a href=\"https:\/\/www.tec4net.com\/web\/meldestelle-und-externer-meldestellenbeauftragter-in-wuerzburg\">W\u00fcrzburg<\/a><\/p>\n<hr \/>\n<p>[\/vc_column_text][\/vc_column][\/vc_row]<\/p>\n","protected":false},"excerpt":{"rendered":"<p>[vc_row full_width=&#8220;stretch_row&#8220; equal_height=&#8220;yes&#8220; css=&#8220;.vc_custom_1544084854793{margin-top: -85px !important;padding-top: 50px !important;padding-bottom: 30px !important;background-color: #f0f0f0 !important;}&#8220;][vc_column width=&#8220;1\/4&#8243;][vc_column_text] Meldestellen- Management Das Hinweisgeberschutzgesetz (HinSchG) verpflichtet Unternehmen zur Einrichtung und dem Betrieb einer Meldestelle. Wir bieten ein rechtskonformes Meldesystem und stellen externe Meldestellenbeauftragte (MSB) f\u00fcr Rostock, Mecklenburg-Vorpommern und Deutschland. [\/vc_column_text][\/vc_column][vc_column width=&#8220;3\/4&#8243;][vc_single_image image=&#8220;627&#8243; img_size=&#8220;full&#8220; alignment=&#8220;center&#8220; style=&#8220;vc_box_shadow_3d&#8220; css_animation=&#8220;fadeInUp&#8220;][\/vc_column][\/vc_row][vc_row css=&#8220;.vc_custom_1544085464815{padding-top: [&hellip;]<\/p>\n","protected":false},"author":1,"featured_media":0,"parent":0,"menu_order":0,"comment_status":"closed","ping_status":"closed","template":"","meta":[],"yoast_head":"<!-- This site is optimized with the Yoast SEO plugin v21.5 - https:\/\/yoast.com\/wordpress\/plugins\/seo\/ -->\n<title>Meldestelle und externer Meldestellenbeauftragter in Rostock - tec4net<\/title>\n<meta name=\"description\" content=\"Das Hinweisgeberschutzgesetz (HinSchG) verpflichtet Unternehmen zur Einrichtung und dem Betrieb einer Meldestelle. Wir bieten ein rechtskonformes Meldesystem und externe Meldestellenbeauftragte (MSB).\" \/>\n<meta name=\"robots\" content=\"index, follow, max-snippet:-1, max-image-preview:large, max-video-preview:-1\" \/>\n<link rel=\"canonical\" href=\"https:\/\/www.tec4net.com\/web\/meldestelle-und-externer-meldestellenbeauftragter-in-rostock\/\" \/>\n<meta property=\"og:locale\" content=\"de_DE\" \/>\n<meta property=\"og:type\" content=\"article\" \/>\n<meta property=\"og:title\" content=\"Meldestelle und externer Meldestellenbeauftragter in Rostock - tec4net\" \/>\n<meta property=\"og:description\" content=\"Das Hinweisgeberschutzgesetz (HinSchG) verpflichtet Unternehmen zur Einrichtung und dem Betrieb einer Meldestelle. Wir bieten ein rechtskonformes Meldesystem und externe Meldestellenbeauftragte (MSB).\" \/>\n<meta property=\"og:url\" content=\"https:\/\/www.tec4net.com\/web\/meldestelle-und-externer-meldestellenbeauftragter-in-rostock\/\" \/>\n<meta property=\"og:site_name\" content=\"tec4net\" \/>\n<meta property=\"article:modified_time\" content=\"2025-03-14T20:45:00+00:00\" \/>\n<meta name=\"twitter:card\" content=\"summary_large_image\" \/>\n<meta name=\"twitter:label1\" content=\"Gesch\u00e4tzte Lesezeit\" \/>\n\t<meta name=\"twitter:data1\" content=\"5\u00a0Minuten\" \/>\n<script type=\"application\/ld+json\" class=\"yoast-schema-graph\">{\"@context\":\"https:\/\/schema.org\",\"@graph\":[{\"@type\":\"WebPage\",\"@id\":\"https:\/\/www.tec4net.com\/web\/meldestelle-und-externer-meldestellenbeauftragter-in-rostock\/\",\"url\":\"https:\/\/www.tec4net.com\/web\/meldestelle-und-externer-meldestellenbeauftragter-in-rostock\/\",\"name\":\"Meldestelle und externer Meldestellenbeauftragter in Rostock - tec4net\",\"isPartOf\":{\"@id\":\"https:\/\/www.tec4net.com\/web\/#website\"},\"datePublished\":\"2025-02-04T11:39:03+00:00\",\"dateModified\":\"2025-03-14T20:45:00+00:00\",\"description\":\"Das Hinweisgeberschutzgesetz (HinSchG) verpflichtet Unternehmen zur Einrichtung und dem Betrieb einer Meldestelle. Wir bieten ein rechtskonformes Meldesystem und externe Meldestellenbeauftragte (MSB).\",\"breadcrumb\":{\"@id\":\"https:\/\/www.tec4net.com\/web\/meldestelle-und-externer-meldestellenbeauftragter-in-rostock\/#breadcrumb\"},\"inLanguage\":\"de\",\"potentialAction\":[{\"@type\":\"ReadAction\",\"target\":[\"https:\/\/www.tec4net.com\/web\/meldestelle-und-externer-meldestellenbeauftragter-in-rostock\/\"]}]},{\"@type\":\"BreadcrumbList\",\"@id\":\"https:\/\/www.tec4net.com\/web\/meldestelle-und-externer-meldestellenbeauftragter-in-rostock\/#breadcrumb\",\"itemListElement\":[{\"@type\":\"ListItem\",\"position\":1,\"name\":\"Startseite\",\"item\":\"https:\/\/www.tec4net.com\/web\/\"},{\"@type\":\"ListItem\",\"position\":2,\"name\":\"Meldestelle und externer Meldestellenbeauftragter in Rostock\"}]},{\"@type\":\"WebSite\",\"@id\":\"https:\/\/www.tec4net.com\/web\/#website\",\"url\":\"https:\/\/www.tec4net.com\/web\/\",\"name\":\"tec4net\",\"description\":\"Ihr starker IT-Partner\",\"publisher\":{\"@id\":\"https:\/\/www.tec4net.com\/web\/#organization\"},\"potentialAction\":[{\"@type\":\"SearchAction\",\"target\":{\"@type\":\"EntryPoint\",\"urlTemplate\":\"https:\/\/www.tec4net.com\/web\/?s={search_term_string}\"},\"query-input\":\"required name=search_term_string\"}],\"inLanguage\":\"de\"},{\"@type\":\"Organization\",\"@id\":\"https:\/\/www.tec4net.com\/web\/#organization\",\"name\":\"tec4net\",\"url\":\"https:\/\/www.tec4net.com\/web\/\",\"logo\":{\"@type\":\"ImageObject\",\"inLanguage\":\"de\",\"@id\":\"https:\/\/www.tec4net.com\/web\/#\/schema\/logo\/image\/\",\"url\":\"https:\/\/www.tec4net.com\/web\/wp-content\/uploads\/2018\/12\/t4n_Logo_startseite.png\",\"contentUrl\":\"https:\/\/www.tec4net.com\/web\/wp-content\/uploads\/2018\/12\/t4n_Logo_startseite.png\",\"width\":178,\"height\":163,\"caption\":\"tec4net\"},\"image\":{\"@id\":\"https:\/\/www.tec4net.com\/web\/#\/schema\/logo\/image\/\"}}]}<\/script>\n<!-- \/ Yoast SEO plugin. -->","yoast_head_json":{"title":"Meldestelle und externer Meldestellenbeauftragter in Rostock - tec4net","description":"Das Hinweisgeberschutzgesetz (HinSchG) verpflichtet Unternehmen zur Einrichtung und dem Betrieb einer Meldestelle. Wir bieten ein rechtskonformes Meldesystem und externe Meldestellenbeauftragte (MSB).","robots":{"index":"index","follow":"follow","max-snippet":"max-snippet:-1","max-image-preview":"max-image-preview:large","max-video-preview":"max-video-preview:-1"},"canonical":"https:\/\/www.tec4net.com\/web\/meldestelle-und-externer-meldestellenbeauftragter-in-rostock\/","og_locale":"de_DE","og_type":"article","og_title":"Meldestelle und externer Meldestellenbeauftragter in Rostock - tec4net","og_description":"Das Hinweisgeberschutzgesetz (HinSchG) verpflichtet Unternehmen zur Einrichtung und dem Betrieb einer Meldestelle. Wir bieten ein rechtskonformes Meldesystem und externe Meldestellenbeauftragte (MSB).","og_url":"https:\/\/www.tec4net.com\/web\/meldestelle-und-externer-meldestellenbeauftragter-in-rostock\/","og_site_name":"tec4net","article_modified_time":"2025-03-14T20:45:00+00:00","twitter_card":"summary_large_image","twitter_misc":{"Gesch\u00e4tzte Lesezeit":"5\u00a0Minuten"},"schema":{"@context":"https:\/\/schema.org","@graph":[{"@type":"WebPage","@id":"https:\/\/www.tec4net.com\/web\/meldestelle-und-externer-meldestellenbeauftragter-in-rostock\/","url":"https:\/\/www.tec4net.com\/web\/meldestelle-und-externer-meldestellenbeauftragter-in-rostock\/","name":"Meldestelle und externer Meldestellenbeauftragter in Rostock - tec4net","isPartOf":{"@id":"https:\/\/www.tec4net.com\/web\/#website"},"datePublished":"2025-02-04T11:39:03+00:00","dateModified":"2025-03-14T20:45:00+00:00","description":"Das Hinweisgeberschutzgesetz (HinSchG) verpflichtet Unternehmen zur Einrichtung und dem Betrieb einer Meldestelle. Wir bieten ein rechtskonformes Meldesystem und externe Meldestellenbeauftragte (MSB).","breadcrumb":{"@id":"https:\/\/www.tec4net.com\/web\/meldestelle-und-externer-meldestellenbeauftragter-in-rostock\/#breadcrumb"},"inLanguage":"de","potentialAction":[{"@type":"ReadAction","target":["https:\/\/www.tec4net.com\/web\/meldestelle-und-externer-meldestellenbeauftragter-in-rostock\/"]}]},{"@type":"BreadcrumbList","@id":"https:\/\/www.tec4net.com\/web\/meldestelle-und-externer-meldestellenbeauftragter-in-rostock\/#breadcrumb","itemListElement":[{"@type":"ListItem","position":1,"name":"Startseite","item":"https:\/\/www.tec4net.com\/web\/"},{"@type":"ListItem","position":2,"name":"Meldestelle und externer Meldestellenbeauftragter in Rostock"}]},{"@type":"WebSite","@id":"https:\/\/www.tec4net.com\/web\/#website","url":"https:\/\/www.tec4net.com\/web\/","name":"tec4net","description":"Ihr starker IT-Partner","publisher":{"@id":"https:\/\/www.tec4net.com\/web\/#organization"},"potentialAction":[{"@type":"SearchAction","target":{"@type":"EntryPoint","urlTemplate":"https:\/\/www.tec4net.com\/web\/?s={search_term_string}"},"query-input":"required name=search_term_string"}],"inLanguage":"de"},{"@type":"Organization","@id":"https:\/\/www.tec4net.com\/web\/#organization","name":"tec4net","url":"https:\/\/www.tec4net.com\/web\/","logo":{"@type":"ImageObject","inLanguage":"de","@id":"https:\/\/www.tec4net.com\/web\/#\/schema\/logo\/image\/","url":"https:\/\/www.tec4net.com\/web\/wp-content\/uploads\/2018\/12\/t4n_Logo_startseite.png","contentUrl":"https:\/\/www.tec4net.com\/web\/wp-content\/uploads\/2018\/12\/t4n_Logo_startseite.png","width":178,"height":163,"caption":"tec4net"},"image":{"@id":"https:\/\/www.tec4net.com\/web\/#\/schema\/logo\/image\/"}}]}},"_links":{"self":[{"href":"https:\/\/www.tec4net.com\/web\/wp-json\/wp\/v2\/pages\/4605"}],"collection":[{"href":"https:\/\/www.tec4net.com\/web\/wp-json\/wp\/v2\/pages"}],"about":[{"href":"https:\/\/www.tec4net.com\/web\/wp-json\/wp\/v2\/types\/page"}],"author":[{"embeddable":true,"href":"https:\/\/www.tec4net.com\/web\/wp-json\/wp\/v2\/users\/1"}],"replies":[{"embeddable":true,"href":"https:\/\/www.tec4net.com\/web\/wp-json\/wp\/v2\/comments?post=4605"}],"version-history":[{"count":4,"href":"https:\/\/www.tec4net.com\/web\/wp-json\/wp\/v2\/pages\/4605\/revisions"}],"predecessor-version":[{"id":4883,"href":"https:\/\/www.tec4net.com\/web\/wp-json\/wp\/v2\/pages\/4605\/revisions\/4883"}],"wp:attachment":[{"href":"https:\/\/www.tec4net.com\/web\/wp-json\/wp\/v2\/media?parent=4605"}],"curies":[{"name":"wp","href":"https:\/\/api.w.org\/{rel}","templated":true}]}}