{"id":479,"date":"2018-12-04T14:46:39","date_gmt":"2018-12-04T13:46:39","guid":{"rendered":"https:\/\/www.tec4net.com\/web\/?page_id=479"},"modified":"2023-11-11T01:58:47","modified_gmt":"2023-11-11T00:58:47","slug":"it-service","status":"publish","type":"page","link":"https:\/\/www.tec4net.com\/web\/it-service\/","title":{"rendered":"IT-Service"},"content":{"rendered":"<p>[vc_row full_width=&#8220;stretch_row&#8220; equal_height=&#8220;yes&#8220; css=&#8220;.vc_custom_1543937277381{margin-top: -85px !important;padding-top: 50px !important;padding-bottom: 30px !important;background-color: #f0f0f0 !important;}&#8220;][vc_column width=&#8220;1\/4&#8243;][vc_column_text]<\/p>\n<h2 style=\"text-align: right;\"><span style=\"color: #026198;\">IT-SERVICE<\/span><\/h2>\n<p style=\"text-align: right;\"><strong><span style=\"color: #026198;\">Was das PC-Komplettsystem im Kleinen ist, das ist das Netzwerk mit seinen IT-Systemen im Gro\u00dfen. Denn hier wie dort entsteht ein elektronischer Organismus aus Einzelbausteinen, die miteinander kommunizieren.<\/span><\/strong><\/p>\n<p><strong><span style=\"color: #026198;\">\u00a0<\/span><\/strong>[\/vc_column_text][\/vc_column][vc_column width=&#8220;3\/4&#8243;][vc_single_image image=&#8220;499&#8243; img_size=&#8220;full&#8220; alignment=&#8220;center&#8220; style=&#8220;vc_box_shadow_3d&#8220; css_animation=&#8220;fadeInUp&#8220;][\/vc_column][\/vc_row][vc_row css=&#8220;.vc_custom_1544011949605{padding-top: 20px !important;}&#8220;][vc_column width=&#8220;1\/4&#8243;][vc_single_image image=&#8220;505&#8243; img_size=&#8220;200&#215;128&#8243; alignment=&#8220;center&#8220;][\/vc_column][vc_column width=&#8220;3\/4&#8243;][vc_column_text css=&#8220;.vc_custom_1543938088543{padding-bottom: 20px !important;}&#8220;]Das Netzwerk ist aber mehr als nur ein geschlossenes System, es ist auch der \u201eBr\u00fcckenkopf\u201c Ihres Unternehmens zur Welt.<\/p>\n<p>Ganz gleich, ob es um das Senden und Empfangen von E-Mails, die Datentransfers zu Ihren Kooperationspartnern oder um globale multimediale Konferenzen geht: An Ihrem Netzwerk f\u00fchrt kein Weg vorbei!<\/p>\n<p>Wir sorgen daf\u00fcr, dass Ihre IT-Landschaft rund um die Uhr zuverl\u00e4ssig funktioniert, indem wir Ihre Basis-Technologien professionell miteinander verketten. Als Full-Service-Partner k\u00fcmmern wir uns um alle weiteren Anforderungen rund um die Themen Informationstechnologie und Kommunikation.[\/vc_column_text][vc_column_text]<\/p>\n<h4><span style=\"color: #026198;\">Wir bieten Ihnen:<\/span><\/h4>\n<p><span style=\"color: #026198;\">\u2192\u00a0\u00a0 NETZWERKBETREUUNG<\/span><\/p>\n<hr \/>\n<p><span style=\"color: #026198;\">\u2192\u00a0\u00a0 INSTALLATION &amp; MIGRATION<\/span><\/p>\n<hr \/>\n<p><span style=\"color: #026198;\">\u2192\u00a0\u00a0 SYSTEMADMINISTRATION<\/span><\/p>\n<hr \/>\n<p><span style=\"color: #026198;\">\u2192\u00a0\u00a0 SUPPORT &amp; MONITORING<\/span><\/p>\n<hr \/>\n<p><span style=\"color: #026198;\">\u2192\u00a0\u00a0 \u00a0VIRTUALISIERUNG<\/span><\/p>\n<hr \/>\n<p>[\/vc_column_text][\/vc_column][\/vc_row][vc_row][vc_column width=&#8220;1\/4&#8243;][\/vc_column][vc_column width=&#8220;1\/4&#8243;][vc_btn title=&#8220;\u2709 Kostenloses Erstgespr\u00e4ch&#8220; color=&#8220;pink&#8220; link=&#8220;url:mailto%3Ainfo%40tec4net.com%3Fsubject%3DKostenloses%2520Erstgespr%25C3%25A4ch%2520-%2520IT-Service|||&#8220;][\/vc_column][vc_column width=&#8220;1\/4&#8243;][\/vc_column][vc_column width=&#8220;1\/4&#8243;][\/vc_column][\/vc_row][vc_row][vc_column width=&#8220;1\/4&#8243;][\/vc_column][vc_column width=&#8220;3\/4&#8243;][vc_empty_space][vc_column_text]<\/p>\n<p style=\"text-align: center;\"><strong>Qualifizierte Experten<\/strong><\/p>\n<p style=\"text-align: center;\">Cisco Certified Network Professional (CCNP)\u00a0 |\u00a0 Certified Migration Professional (CMP)<br \/>\nMicrosoft Certified Solutions Associate (MCSA)\u00a0 |\u00a0 VMware Certified Professional (VCP)<br \/>\nCitrix Certified Professional &#8211; Virtualization (CCP-V)<\/p>\n<p>[\/vc_column_text][\/vc_column][\/vc_row][vc_row][vc_column][\/vc_column][\/vc_row]<\/p>\n","protected":false},"excerpt":{"rendered":"<p>[vc_row full_width=&#8220;stretch_row&#8220; equal_height=&#8220;yes&#8220; css=&#8220;.vc_custom_1543937277381{margin-top: -85px !important;padding-top: 50px !important;padding-bottom: 30px !important;background-color: #f0f0f0 !important;}&#8220;][vc_column width=&#8220;1\/4&#8243;][vc_column_text] IT-SERVICE Was das PC-Komplettsystem im Kleinen ist, das ist das Netzwerk mit seinen IT-Systemen im Gro\u00dfen. Denn hier wie dort entsteht ein elektronischer Organismus aus Einzelbausteinen, die miteinander kommunizieren. \u00a0[\/vc_column_text][\/vc_column][vc_column width=&#8220;3\/4&#8243;][vc_single_image image=&#8220;499&#8243; img_size=&#8220;full&#8220; alignment=&#8220;center&#8220; style=&#8220;vc_box_shadow_3d&#8220; css_animation=&#8220;fadeInUp&#8220;][\/vc_column][\/vc_row][vc_row css=&#8220;.vc_custom_1544011949605{padding-top: [&hellip;]<\/p>\n","protected":false},"author":1,"featured_media":0,"parent":0,"menu_order":0,"comment_status":"closed","ping_status":"closed","template":"","meta":[],"yoast_head":"<!-- This site is optimized with the Yoast SEO plugin v21.5 - https:\/\/yoast.com\/wordpress\/plugins\/seo\/ -->\n<title>IT-Service - tec4net<\/title>\n<meta name=\"description\" content=\"Ganz gleich, ob es um das Senden und Empfangen von E-Mails, Datentransfers oder um multimediale Konferenzen geht: Wir sorgen daf\u00fcr, dass Ihre IT-Landschaft rund um die Uhr zuverl\u00e4ssig funktioniert.\" \/>\n<meta name=\"robots\" content=\"index, follow, max-snippet:-1, max-image-preview:large, max-video-preview:-1\" \/>\n<link rel=\"canonical\" href=\"https:\/\/www.tec4net.com\/web\/it-service\/\" \/>\n<meta property=\"og:locale\" content=\"de_DE\" \/>\n<meta property=\"og:type\" content=\"article\" \/>\n<meta property=\"og:title\" content=\"IT-Service - tec4net\" \/>\n<meta property=\"og:description\" content=\"Ganz gleich, ob es um das Senden und Empfangen von E-Mails, Datentransfers oder um multimediale Konferenzen geht: Wir sorgen daf\u00fcr, dass Ihre IT-Landschaft rund um die Uhr zuverl\u00e4ssig funktioniert.\" \/>\n<meta property=\"og:url\" content=\"https:\/\/www.tec4net.com\/web\/it-service\/\" \/>\n<meta property=\"og:site_name\" content=\"tec4net\" \/>\n<meta property=\"article:modified_time\" content=\"2023-11-11T00:58:47+00:00\" \/>\n<meta name=\"twitter:card\" content=\"summary_large_image\" \/>\n<meta name=\"twitter:label1\" content=\"Gesch\u00e4tzte Lesezeit\" \/>\n\t<meta name=\"twitter:data1\" content=\"2\u00a0Minuten\" \/>\n<script type=\"application\/ld+json\" class=\"yoast-schema-graph\">{\"@context\":\"https:\/\/schema.org\",\"@graph\":[{\"@type\":\"WebPage\",\"@id\":\"https:\/\/www.tec4net.com\/web\/it-service\/\",\"url\":\"https:\/\/www.tec4net.com\/web\/it-service\/\",\"name\":\"IT-Service - tec4net\",\"isPartOf\":{\"@id\":\"https:\/\/www.tec4net.com\/web\/#website\"},\"datePublished\":\"2018-12-04T13:46:39+00:00\",\"dateModified\":\"2023-11-11T00:58:47+00:00\",\"description\":\"Ganz gleich, ob es um das Senden und Empfangen von E-Mails, Datentransfers oder um multimediale Konferenzen geht: Wir sorgen daf\u00fcr, dass Ihre IT-Landschaft rund um die Uhr zuverl\u00e4ssig funktioniert.\",\"breadcrumb\":{\"@id\":\"https:\/\/www.tec4net.com\/web\/it-service\/#breadcrumb\"},\"inLanguage\":\"de\",\"potentialAction\":[{\"@type\":\"ReadAction\",\"target\":[\"https:\/\/www.tec4net.com\/web\/it-service\/\"]}]},{\"@type\":\"BreadcrumbList\",\"@id\":\"https:\/\/www.tec4net.com\/web\/it-service\/#breadcrumb\",\"itemListElement\":[{\"@type\":\"ListItem\",\"position\":1,\"name\":\"Startseite\",\"item\":\"https:\/\/www.tec4net.com\/web\/\"},{\"@type\":\"ListItem\",\"position\":2,\"name\":\"IT-Service\"}]},{\"@type\":\"WebSite\",\"@id\":\"https:\/\/www.tec4net.com\/web\/#website\",\"url\":\"https:\/\/www.tec4net.com\/web\/\",\"name\":\"tec4net\",\"description\":\"Ihr starker IT-Partner\",\"publisher\":{\"@id\":\"https:\/\/www.tec4net.com\/web\/#organization\"},\"potentialAction\":[{\"@type\":\"SearchAction\",\"target\":{\"@type\":\"EntryPoint\",\"urlTemplate\":\"https:\/\/www.tec4net.com\/web\/?s={search_term_string}\"},\"query-input\":\"required name=search_term_string\"}],\"inLanguage\":\"de\"},{\"@type\":\"Organization\",\"@id\":\"https:\/\/www.tec4net.com\/web\/#organization\",\"name\":\"tec4net\",\"url\":\"https:\/\/www.tec4net.com\/web\/\",\"logo\":{\"@type\":\"ImageObject\",\"inLanguage\":\"de\",\"@id\":\"https:\/\/www.tec4net.com\/web\/#\/schema\/logo\/image\/\",\"url\":\"https:\/\/www.tec4net.com\/web\/wp-content\/uploads\/2018\/12\/t4n_Logo_startseite.png\",\"contentUrl\":\"https:\/\/www.tec4net.com\/web\/wp-content\/uploads\/2018\/12\/t4n_Logo_startseite.png\",\"width\":178,\"height\":163,\"caption\":\"tec4net\"},\"image\":{\"@id\":\"https:\/\/www.tec4net.com\/web\/#\/schema\/logo\/image\/\"}}]}<\/script>\n<!-- \/ Yoast SEO plugin. -->","yoast_head_json":{"title":"IT-Service - tec4net","description":"Ganz gleich, ob es um das Senden und Empfangen von E-Mails, Datentransfers oder um multimediale Konferenzen geht: Wir sorgen daf\u00fcr, dass Ihre IT-Landschaft rund um die Uhr zuverl\u00e4ssig funktioniert.","robots":{"index":"index","follow":"follow","max-snippet":"max-snippet:-1","max-image-preview":"max-image-preview:large","max-video-preview":"max-video-preview:-1"},"canonical":"https:\/\/www.tec4net.com\/web\/it-service\/","og_locale":"de_DE","og_type":"article","og_title":"IT-Service - tec4net","og_description":"Ganz gleich, ob es um das Senden und Empfangen von E-Mails, Datentransfers oder um multimediale Konferenzen geht: Wir sorgen daf\u00fcr, dass Ihre IT-Landschaft rund um die Uhr zuverl\u00e4ssig funktioniert.","og_url":"https:\/\/www.tec4net.com\/web\/it-service\/","og_site_name":"tec4net","article_modified_time":"2023-11-11T00:58:47+00:00","twitter_card":"summary_large_image","twitter_misc":{"Gesch\u00e4tzte Lesezeit":"2\u00a0Minuten"},"schema":{"@context":"https:\/\/schema.org","@graph":[{"@type":"WebPage","@id":"https:\/\/www.tec4net.com\/web\/it-service\/","url":"https:\/\/www.tec4net.com\/web\/it-service\/","name":"IT-Service - tec4net","isPartOf":{"@id":"https:\/\/www.tec4net.com\/web\/#website"},"datePublished":"2018-12-04T13:46:39+00:00","dateModified":"2023-11-11T00:58:47+00:00","description":"Ganz gleich, ob es um das Senden und Empfangen von E-Mails, Datentransfers oder um multimediale Konferenzen geht: Wir sorgen daf\u00fcr, dass Ihre IT-Landschaft rund um die Uhr zuverl\u00e4ssig funktioniert.","breadcrumb":{"@id":"https:\/\/www.tec4net.com\/web\/it-service\/#breadcrumb"},"inLanguage":"de","potentialAction":[{"@type":"ReadAction","target":["https:\/\/www.tec4net.com\/web\/it-service\/"]}]},{"@type":"BreadcrumbList","@id":"https:\/\/www.tec4net.com\/web\/it-service\/#breadcrumb","itemListElement":[{"@type":"ListItem","position":1,"name":"Startseite","item":"https:\/\/www.tec4net.com\/web\/"},{"@type":"ListItem","position":2,"name":"IT-Service"}]},{"@type":"WebSite","@id":"https:\/\/www.tec4net.com\/web\/#website","url":"https:\/\/www.tec4net.com\/web\/","name":"tec4net","description":"Ihr starker IT-Partner","publisher":{"@id":"https:\/\/www.tec4net.com\/web\/#organization"},"potentialAction":[{"@type":"SearchAction","target":{"@type":"EntryPoint","urlTemplate":"https:\/\/www.tec4net.com\/web\/?s={search_term_string}"},"query-input":"required name=search_term_string"}],"inLanguage":"de"},{"@type":"Organization","@id":"https:\/\/www.tec4net.com\/web\/#organization","name":"tec4net","url":"https:\/\/www.tec4net.com\/web\/","logo":{"@type":"ImageObject","inLanguage":"de","@id":"https:\/\/www.tec4net.com\/web\/#\/schema\/logo\/image\/","url":"https:\/\/www.tec4net.com\/web\/wp-content\/uploads\/2018\/12\/t4n_Logo_startseite.png","contentUrl":"https:\/\/www.tec4net.com\/web\/wp-content\/uploads\/2018\/12\/t4n_Logo_startseite.png","width":178,"height":163,"caption":"tec4net"},"image":{"@id":"https:\/\/www.tec4net.com\/web\/#\/schema\/logo\/image\/"}}]}},"_links":{"self":[{"href":"https:\/\/www.tec4net.com\/web\/wp-json\/wp\/v2\/pages\/479"}],"collection":[{"href":"https:\/\/www.tec4net.com\/web\/wp-json\/wp\/v2\/pages"}],"about":[{"href":"https:\/\/www.tec4net.com\/web\/wp-json\/wp\/v2\/types\/page"}],"author":[{"embeddable":true,"href":"https:\/\/www.tec4net.com\/web\/wp-json\/wp\/v2\/users\/1"}],"replies":[{"embeddable":true,"href":"https:\/\/www.tec4net.com\/web\/wp-json\/wp\/v2\/comments?post=479"}],"version-history":[{"count":25,"href":"https:\/\/www.tec4net.com\/web\/wp-json\/wp\/v2\/pages\/479\/revisions"}],"predecessor-version":[{"id":2557,"href":"https:\/\/www.tec4net.com\/web\/wp-json\/wp\/v2\/pages\/479\/revisions\/2557"}],"wp:attachment":[{"href":"https:\/\/www.tec4net.com\/web\/wp-json\/wp\/v2\/media?parent=479"}],"curies":[{"name":"wp","href":"https:\/\/api.w.org\/{rel}","templated":true}]}}