{"id":5047,"date":"2025-04-01T08:45:02","date_gmt":"2025-04-01T06:45:02","guid":{"rendered":"https:\/\/www.tec4net.com\/web\/?page_id=5047"},"modified":"2025-06-24T19:49:39","modified_gmt":"2025-06-24T17:49:39","slug":"meldestelle-schulbegleiter","status":"publish","type":"page","link":"https:\/\/www.tec4net.com\/web\/meldestelle-schulbegleiter\/","title":{"rendered":"Meldestelle Schulbegleiter"},"content":{"rendered":"<p>[vc_row full_width=&#8220;stretch_row&#8220; equal_height=&#8220;yes&#8220; css=&#8220;.vc_custom_1544084854793{margin-top: -85px !important;padding-top: 50px !important;padding-bottom: 30px !important;background-color: #f0f0f0 !important;}&#8220;][vc_column width=&#8220;1\/2&#8243;][vc_single_image image=&#8220;1972&#8243; img_size=&#8220;full&#8220; alignment=&#8220;center&#8220; style=&#8220;vc_box_shadow_3d&#8220; css_animation=&#8220;fadeInUp&#8220;][\/vc_column][vc_column width=&#8220;1\/2&#8243;][vc_single_image image=&#8220;5049&#8243; img_size=&#8220;full&#8220; alignment=&#8220;right&#8220;][\/vc_column][vc_column][vc_column_text]<\/p>\n<h1 style=\"text-align: left;\"><span style=\"color: #026198;\">HINWEISGEBERSCHUTZ<\/span><\/h1>\n<h3 style=\"text-align: left;\"><strong><span style=\"color: #026198;\">Interne Meldestelle gem. \u00a7 14 HinSchG <\/span><\/strong><strong><span style=\"color: #026198;\">f\u00fcr die Schulbegleiter GbR<br \/>\n<\/span><\/strong><\/h3>\n<p>[\/vc_column_text][\/vc_column][\/vc_row][vc_row css=&#8220;.vc_custom_1544085464815{padding-top: 20px !important;}&#8220;][vc_column width=&#8220;1\/4&#8243;][vc_single_image image=&#8220;633&#8243; img_size=&#8220;200&#215;128&#8243; alignment=&#8220;center&#8220;][\/vc_column][vc_column width=&#8220;3\/4&#8243;][vc_column_text css=&#8220;.vc_custom_1701346266231{padding-bottom: 20px !important;}&#8220;]Die Meldestelle wurde ausgelagert und wird durch die tec4net GmbH im Auftrag des vorbezeichneten Mandanten betrieben.<\/p>\n<p>Zum externen Meldestellenbeauftragten ist Herr Matthias Walter benannt, er ist in dieser Funktion als unabh\u00e4ngiger und weisungsfreier Ombudsmann und Mediator t\u00e4tig.[\/vc_column_text][\/vc_column][\/vc_row][vc_row][vc_column][vc_empty_space][vc_column_text]<\/p>\n<h2>Wichtige Informationen<\/h2>\n<p>Bitte nehmen Sie sich einen Moment Zeit, die folgenden Informationen zu lesen, bevor Sie eine Meldung erstatten.[\/vc_column_text][vc_tta_accordion active_section=&#8220;1&#8243;][vc_tta_section title=&#8220;Was ist das HinweisgeberSchutzGesetz&#8220; tab_id=&#8220;1701342105409-b68a6b61-f9fd&#8220;][vc_column_text]Das deutsche Hinweisgeberschutzgesetz (HinSchG), welches im Rahmen der Umsetzung der EU-Richtlinie 2019\/1937 erlassen wurde, soll sicherstellen, dass Personen, die auf Missst\u00e4nde oder rechtswidriges Verhalten innerhalb des Unternehmens aufmerksam machen, angemessen gesch\u00fctzt werden. Insbesondere soll verhindert werden, dass Personen, die relevante Sachverhalte melden, Repressalien ausgesetzt werden. Hierzu verpflichtet es Unternehmen, eine interne Meldestelle f\u00fcr Hinweisgeber einzurichten, wenn mehr als 50 Mitarbeiter besch\u00e4ftigt werden.[\/vc_column_text][\/vc_tta_section][vc_tta_section title=&#8220;Was ist eine interne Meldestelle&#8220; tab_id=&#8220;1701342105440-706cfa15-6cce&#8220;][vc_column_text]Die interne Meldestelle ist Ansprechpartner f\u00fcr Hinweise auf m\u00f6gliche Rechtsverst\u00f6\u00dfe bez\u00fcglich der vorbezeichneten Organisation oder f\u00fcr Hinweise zu Vorkommnissen, die dem Ansehen dieser schaden k\u00f6nnen.[\/vc_column_text][\/vc_tta_section][vc_tta_section title=&#8220;Was kann gemeldet werden&#8220; tab_id=&#8220;1701342476625-1a918dd0-1fad&#8220;][vc_column_text]Folgende Verst\u00f6\u00dfe k\u00f6nnen insbesondere zur Meldung gebracht werden:<\/p>\n<ul>\n<li>Korruption, Bestechung oder Betrug<\/li>\n<li>Verst\u00f6\u00dfe gegen Arbeits-, Gesundheits- und Umweltschutzvorschriften<\/li>\n<li>Verst\u00f6\u00dfe gegen Vorschriften zur Produktsicherheit<\/li>\n<li>Verst\u00f6\u00dfe gegen Wettbewerbs- und Kartellrecht<\/li>\n<li>Unzumutbare Werbung, z.\u202fB. per Telefon, Fax oder E-Mail<\/li>\n<li>Verst\u00f6\u00dfe gegen den Datenschutz oder die Vertraulichkeit der Kommunikation<\/li>\n<li>Verst\u00f6\u00dfe gegen Regelungen zur IT- oder Betriebssicherheit<\/li>\n<li>Verst\u00f6\u00dfe gegen gesetzliche Vorgaben oder unternehmensinterne Richtlinien<\/li>\n<\/ul>\n<p>Verst\u00f6\u00dfe m\u00fcssen im Zusammenhang mit der Organisation stehen, f\u00fcr welche diese Meldestelle betrieben wird.[\/vc_column_text][\/vc_tta_section][vc_tta_section title=&#8220;Folgen einer falschen Meldung&#8220; tab_id=&#8220;1701342542123-fef49d16-5104&#8243;][vc_column_text]Ein Hinweisgeber darf nur wahrheitsgem\u00e4\u00df und nach bestem Wissen und Gewissen Gegebenheiten melden, von denen er \u00fcberzeugt ist, das diese mit unredlichem oder strafbarem Handeln im Kontext stehen. Vors\u00e4tzliche oder grob fahrl\u00e4ssige Falschmeldungen k\u00f6nnen strafbar sein und der Hinweisgeber muss ggf. f\u00fcr Sch\u00e4den aufkommen, die durch seine Meldung entstanden sind (\u00a7 38 HinSchG).[\/vc_column_text][\/vc_tta_section][vc_tta_section title=&#8220;Hinweise zur Vertraulichkeit&#8220; tab_id=&#8220;1701342868335-c3c03a5d-ad82&#8243;][vc_column_text]Eine Meldung kann abh\u00e4ngig vom Meldeweg anonym oder unter Angabe Ihres Namens erfolgen.<\/p>\n<p>Eine Offenlegung der Identit\u00e4t des Hinweisgebers gegen\u00fcber dem Unternehmen erfolgt in keinem Fall ohne dessen ausdr\u00fcckliche Erlaubnis.<\/p>\n<p>Der externe Meldestellenbeauftragte verf\u00fcgt \u00fcber die erforderliche Sachkunde und ist gesetzlich und vertraglich zur Vertraulichkeit verpflichtet.[\/vc_column_text][\/vc_tta_section][vc_tta_section title=&#8220;Aufgaben des Meldestellenbeauftragten&#8220; tab_id=&#8220;1701342924781-190b960b-e31a&#8220;][vc_column_text]Der Meldestellebeauftragte ist als unabh\u00e4ngiger und weisungsfreier Ombudsmann und Mediator t\u00e4tig und \u00fcbernimmt im Wesentlichen die folgenden Aufgaben:<\/p>\n<ul>\n<li>Annahme von Hinweisen auf m\u00f6gliche Rechtsverst\u00f6\u00dfe<\/li>\n<li>Best\u00e4tigung der Annahme innerhalb von sieben Tagen<\/li>\n<li>Pr\u00fcfung der Glaubhaftigkeit und Stichhaltigkeit einer Meldung<\/li>\n<li>Bildet die Schnittstelle zwischen Hinweisgeber und Unternehmen<\/li>\n<li>Erstellt Stellungnahmen und empfiehlt ggf. angemessene Folgema\u00dfnahmen<\/li>\n<li>Informiert den Hinweisgeber innerhalb von drei Monaten zum Fortgang des Verfahrens<\/li>\n<\/ul>\n<p>Im Falle einer anonymen Meldung erfolgen die R\u00fcckmeldungen an den Hinweisgeber nur sofern die Kontaktdaten dies zulasen.[\/vc_column_text][\/vc_tta_section][vc_tta_section title=&#8220;Angaben zum Mandanten&#8220; tab_id=&#8220;1701347606233-156cf916-e807&#8243;][vc_column_text]Der Betrieb dieser Meldestelle erfolgt gem. \u00a7 14 HinSchG f\u00fcr:<\/p>\n<p>die Schulbegleiter GbR &#8211; Ihre Schulbegleitung in Hannover und Umgebung<\/p>\n<p>Georgstra\u00dfe 38, 30159 Hannover<\/p>\n<p>T +49 511 35 32 46 98 | info@dieschulbegleiter.de | www.dieschulbegleiter.de[\/vc_column_text][\/vc_tta_section][\/vc_tta_accordion][vc_empty_space][\/vc_column][\/vc_row][vc_row][vc_column][vc_empty_space][vc_column_text]<\/p>\n<h2>Angaben zur Meldung<\/h2>\n<p>Um eine effiziente Bearbeitung Ihres Falls sicherzustellen, w\u00e4re es von Vorteil, wenn Sie die folgenden Informationen bereitstellen k\u00f6nnten.[\/vc_column_text][vc_tta_accordion active_section=&#8220;1&#8243;][vc_tta_section title=&#8220;Informationen zum Hinweisgeber&#8220; tab_id=&#8220;1701352670653-91ee2ab9-0ce9&#8243;][vc_column_text]Name, Adresse, Telefonnummer, E-Mail<\/p>\n<p>Zweck -&gt; Kontaktaufnahme zur Fallbearbeitung[\/vc_column_text][\/vc_tta_section][vc_tta_section title=&#8220;Beschreibung des Vorfalls&#8220; tab_id=&#8220;1701352670694-c7c68466-9ded&#8220;][vc_column_text]Datum, Uhrzeit, Ort und alle relevanten Umst\u00e4nde<\/p>\n<p>Zweck -&gt; Bewertung, Aufkl\u00e4rung und Fallbearbeitung[\/vc_column_text][\/vc_tta_section][vc_tta_section title=&#8220;Angaben zu Beteiligten und Betroffenen&#8220; tab_id=&#8220;1701352670733-c7b7cb30-b5d0&#8243;][vc_column_text]Namen, Adressen, Telefonnummern und andere relevante Informationen<\/p>\n<p>Zweck -&gt; Fallbearbeitung[\/vc_column_text][\/vc_tta_section][vc_tta_section title=&#8220;Angaben zu Zeugen&#8220; tab_id=&#8220;1701352670777-4e8ca047-9dcf&#8220;][vc_column_text]Namen, Kontaktdaten und Beschreibung, was beobachtet wurde<\/p>\n<p>Zweck \u2013&gt; Aufkl\u00e4rung und Fallbearbeitung[\/vc_column_text][\/vc_tta_section][vc_tta_section title=&#8220;Beweismaterial&#8220; tab_id=&#8220;1701352670818-5bf9c0ae-daf7&#8243;][vc_column_text]Fotos, Videos und andere Dokumente, die den gemeldeten Vorfall belegen k\u00f6nnten<\/p>\n<p>Zweck -&gt; Aufkl\u00e4rung und Fallbearbeitung[\/vc_column_text][\/vc_tta_section][\/vc_tta_accordion][vc_empty_space][\/vc_column][\/vc_row][vc_row][vc_column][vc_empty_space][vc_column_text]<\/p>\n<h2>Meldewege<\/h2>\n<p>Zur Meldung von Verst\u00f6\u00dfen stehen die nachfolgenden Wege offen.[\/vc_column_text][vc_tta_accordion active_section=&#8220;1&#8243;][vc_tta_section title=&#8220;Telefonische Meldung&#8220; tab_id=&#8220;1701343158313-e3a8c41b-d30d&#8220;][vc_column_text]Sie erreichen die Meldestelle unter der Nummer +49 89 54 04 36 30<\/p>\n<p>Erreichbarkeit der Meldestelle Mo-Fr 08:00-18:00 Uhr<\/p>\n<p>Nennen Sie das Stichwort Hinweisgeber und Ihre R\u00fcckrufnummer, der Meldestellenbeauftragte wird sich bald m\u00f6glichst mit Ihnen in Verbindung setzen.[\/vc_column_text][\/vc_tta_section][vc_tta_section title=&#8220;Postalische Meldung&#8220; tab_id=&#8220;1701343158352-87124836-c2aa&#8220;][vc_column_text]Bitte senden Sie Ihre Meldung an nachfolgende Adresse:<\/p>\n<p>tec4net GmbH<br \/>\nz. Hd. Meldebeauftragter<br \/>\nLohenstra\u00dfe 13<br \/>\n82166 Gr\u00e4felfing<\/p>\n<p>Pers\u00f6nliche Termine Vor-Ort sind nur im Ausnahmefall und nach vorheriger Absprache m\u00f6glich.[\/vc_column_text][\/vc_tta_section][vc_tta_section title=&#8220;Meldung per E-Mail&#8220; tab_id=&#8220;1701343158394-2b42c756-0a4c&#8220;][vc_column_text]Bitte Senden Sie Ihre Meldung an nachfolgende E-Mail:<\/p>\n<p>schulbegleiter-meldestelle@tec4net.com<\/p>\n<p>Das E-Mail-Postfach wird ausschlie\u00dflich vom Meldestellenbeauftragten ge\u00f6ffnet und gelesen.[\/vc_column_text][vc_btn title=&#8220;\u2709 Meldung per E-Mail&#8220; color=&#8220;pink&#8220; link=&#8220;url:mailto%3Aschulbegleiter-meldestelle%40tec4net.com%3Fsubject%3DMeldung%2520HinSchG%2520-%2520die%2520Schulbegleiter%2520GbR|||&#8220;][\/vc_tta_section][vc_tta_section title=&#8220;Meldung per Webformular&#8220; tab_id=&#8220;1701343158431-f565144f-9b67&#8243;][vc_column_text]Bitte f\u00fcllen Sie das nachfolgende Formular aus und best\u00e4tigen es anschlie\u00dfend mit senden.<\/p>\n<p>Benenen Sie unbedingt das betroffene Unternehmen und schildern Sie Ihren Verdacht oder den erkannten Sachverhalt m\u00f6glichst genau.<\/p>\n<p>Eingehende Nachrichten werden ausschlie\u00dflich vom externen Meldestellenbeauftragten ge\u00f6ffnet und gelesen.[\/vc_column_text][vc_column_text]\n<div class=\"wpcf7 no-js\" id=\"wpcf7-f2701-o1\" lang=\"de-DE\" dir=\"ltr\">\n<div class=\"screen-reader-response\"><p role=\"status\" aria-live=\"polite\" aria-atomic=\"true\"><\/p> <ul><\/ul><\/div>\n<form action=\"\/web\/wp-json\/wp\/v2\/pages\/5047#wpcf7-f2701-o1\" method=\"post\" class=\"wpcf7-form init\" aria-label=\"Kontaktformular\" enctype=\"multipart\/form-data\" novalidate=\"novalidate\" data-status=\"init\">\n<div style=\"display: none;\">\n<input type=\"hidden\" name=\"_wpcf7\" value=\"2701\" \/>\n<input type=\"hidden\" name=\"_wpcf7_version\" value=\"5.7.5.1\" \/>\n<input type=\"hidden\" name=\"_wpcf7_locale\" value=\"de_DE\" \/>\n<input type=\"hidden\" name=\"_wpcf7_unit_tag\" value=\"wpcf7-f2701-o1\" \/>\n<input type=\"hidden\" name=\"_wpcf7_container_post\" value=\"0\" \/>\n<input type=\"hidden\" name=\"_wpcf7_posted_data_hash\" value=\"\" \/>\n<\/div>\n<p><label> Betroffene Firma *<br \/>\n<span class=\"wpcf7-form-control-wrap\" data-name=\"firma\"><input size=\"40\" class=\"wpcf7-form-control wpcf7-text wpcf7-validates-as-required\" aria-required=\"true\" aria-invalid=\"false\" value=\"\" type=\"text\" name=\"firma\" \/><\/span> <\/label>\n<\/p>\n<p><label> Vorname<br \/>\n<span class=\"wpcf7-form-control-wrap\" data-name=\"first-name\"><input size=\"40\" class=\"wpcf7-form-control wpcf7-text\" aria-invalid=\"false\" value=\"\" type=\"text\" name=\"first-name\" \/><\/span> <\/label>\n<\/p>\n<p><label> Name<br \/>\n<span class=\"wpcf7-form-control-wrap\" data-name=\"last-name\"><input size=\"40\" class=\"wpcf7-form-control wpcf7-text\" aria-invalid=\"false\" value=\"\" type=\"text\" name=\"last-name\" \/><\/span> <\/label>\n<\/p>\n<p><label> Email *<br \/>\n<span class=\"wpcf7-form-control-wrap\" data-name=\"your-email\"><input size=\"40\" class=\"wpcf7-form-control wpcf7-text wpcf7-email wpcf7-validates-as-required wpcf7-validates-as-email\" aria-required=\"true\" aria-invalid=\"false\" value=\"\" type=\"email\" name=\"your-email\" \/><\/span> <\/label>\n<\/p>\n<p><label> Betreff *<br \/>\n<span class=\"wpcf7-form-control-wrap\" data-name=\"reference\"><input size=\"40\" class=\"wpcf7-form-control wpcf7-text wpcf7-validates-as-required\" aria-required=\"true\" aria-invalid=\"false\" value=\"\" type=\"text\" name=\"reference\" \/><\/span> <\/label>\n<\/p>\n<p><label> Detailbeschreibung *<br \/>\n<span class=\"wpcf7-form-control-wrap\" data-name=\"your-message\"><textarea cols=\"40\" rows=\"10\" class=\"wpcf7-form-control wpcf7-textarea wpcf7-validates-as-required\" aria-required=\"true\" aria-invalid=\"false\" name=\"your-message\"><\/textarea><\/span> <\/label>\n<\/p>\n<p><label> Dateianhang (txt, pdf, doc, docx, xls, xlsx, ppt, pptx, odt, zip, rar | max. 20 MB) <\/label><br \/>\n<div id=\"mfcf7_zl_multifilecontainer\"><span class=\"mfcf7-zl-multiline-sample\" style=\"display:none\"><p class=\"wpcf7-form-control-wrap multilinefile-23\"><input size=\"40\" class=\"wpcf7-form-control wpcf7-multilinefile\" multiple=\"multiple\" value=\"Upload\" aria-invalid=\"false\" type=\"file\" name=\"multilinefile-23[]\" \/> <span class=\"mfcf7-zl-multifile-name\"><\/span><a href=\"javascript:void(0);\" class=\"mfcf7_zl_delete_file\"><span class=\"delete-file\" aria-hidden=\"true\">&#x274C;<\/span><\/a><\/p><\/span><\/div><span class=\"wpcf7-form-control-wrap zl-form-control-wrap multilinefile-23\"><input size=\"40\" class=\"wpcf7-form-control wpcf7-multilinefile\" multiple=\"multiple\" value=\"Upload\" aria-invalid=\"false\" type=\"file\" name=\"multilinefile-23[]\" \/> <span class=\"mfcf7-zl-multifile-name\"><\/span><a href=\"javascript:void(0);\" class=\"mfcf7_zl_delete_file\"><span class=\"delete-file\" aria-hidden=\"true\">&#x274C;<\/span><\/a><\/span><p><label><span class=\"wpcf7-form-control-wrap\" data-name=\"multilinefile-23-zl-mfcf7-upld-btn\"><input type=\"button\" name=\"multilinefile-23-zl-mfcf7-upld-btn\" class=\"button button-primary qbutton\" id=\"mfcf7_zl_add_file\" value=\"Upload\"><\/span><\/label><\/p>\n<\/p>\n<p>Bitte geben Sie diesen Code unten ein *: <input type=\"hidden\" name=\"_wpcf7_captcha_challenge_captcha-170\" value=\"2167435906\" \/><img class=\"wpcf7-form-control wpcf7-captchac wpcf7-captcha-captcha-170\" width=\"72\" height=\"24\" alt=\"captcha\" src=\"https:\/\/www.tec4net.com\/web\/wp-content\/uploads\/wpcf7_captcha\/2167435906.png\" \/><br \/>\n<span class=\"wpcf7-form-control-wrap\" data-name=\"captcha-170\"><input size=\"4\" maxlength=\"4\" class=\"wpcf7-form-control wpcf7-captchar\" autocomplete=\"off\" aria-invalid=\"false\" value=\"\" type=\"text\" name=\"captcha-170\" \/><\/span><br \/>\n(*) Pflichtfelder<br \/>\n<span id=\"wpcf7-69df63f7b2b12-wrapper\" class=\"wpcf7-form-control-wrap angabe-595-wrap\" style=\"display:none !important; visibility:hidden !important;\"><label for=\"pflicht\" class=\"hp-message\">Bitte lasse dieses Feld leer.<\/label><input id=\"pflicht\"  class=\"wpcf7-form-control wpcf7-text\" type=\"text\" name=\"angabe-595\" value=\"\" size=\"40\" tabindex=\"-1\" autocomplete=\"new-password\" \/><\/span>\n<\/p>\n<p><input class=\"wpcf7-form-control has-spinner wpcf7-submit\" type=\"submit\" value=\"Senden\" \/>\n<\/p><div class=\"wpcf7-response-output\" aria-hidden=\"true\"><\/div>\n<\/form>\n<\/div>\n[\/vc_column_text][\/vc_tta_section][\/vc_tta_accordion][vc_empty_space][\/vc_column][\/vc_row][vc_row][vc_column][vc_empty_space][vc_column_text]<\/p>\n<p style=\"text-align: center;\"><strong>Unsere externen Meldestellenbeauftragten verf\u00fcgen \u00fcber folgende Qualifikationen<br \/>\n<\/strong><\/p>\n<p style=\"text-align: center;\">Meldestellenbeauftragter (T\u00dcV-RL)\u00a0 |\u00a0 Meldestellenbeauftragter (HinSchG)<br \/>\nDatenschutzbeauftragter (T\u00dcV)\u00a0 |\u00a0 Zertifizierter Mediator (BM)<\/p>\n<p>[\/vc_column_text][\/vc_column][\/vc_row]<\/p>\n","protected":false},"excerpt":{"rendered":"<p>[vc_row full_width=&#8220;stretch_row&#8220; equal_height=&#8220;yes&#8220; css=&#8220;.vc_custom_1544084854793{margin-top: -85px !important;padding-top: 50px !important;padding-bottom: 30px !important;background-color: #f0f0f0 !important;}&#8220;][vc_column width=&#8220;1\/2&#8243;][vc_single_image image=&#8220;1972&#8243; img_size=&#8220;full&#8220; alignment=&#8220;center&#8220; style=&#8220;vc_box_shadow_3d&#8220; css_animation=&#8220;fadeInUp&#8220;][\/vc_column][vc_column width=&#8220;1\/2&#8243;][vc_single_image image=&#8220;5049&#8243; img_size=&#8220;full&#8220; alignment=&#8220;right&#8220;][\/vc_column][vc_column][vc_column_text] HINWEISGEBERSCHUTZ Interne Meldestelle gem. \u00a7 14 HinSchG f\u00fcr die Schulbegleiter GbR [\/vc_column_text][\/vc_column][\/vc_row][vc_row css=&#8220;.vc_custom_1544085464815{padding-top: 20px !important;}&#8220;][vc_column width=&#8220;1\/4&#8243;][vc_single_image image=&#8220;633&#8243; img_size=&#8220;200&#215;128&#8243; alignment=&#8220;center&#8220;][\/vc_column][vc_column width=&#8220;3\/4&#8243;][vc_column_text css=&#8220;.vc_custom_1701346266231{padding-bottom: 20px !important;}&#8220;]Die Meldestelle wurde ausgelagert und wird [&hellip;]<\/p>\n","protected":false},"author":1,"featured_media":0,"parent":0,"menu_order":0,"comment_status":"closed","ping_status":"closed","template":"","meta":[],"yoast_head":"<!-- This site is optimized with the Yoast SEO plugin v21.5 - https:\/\/yoast.com\/wordpress\/plugins\/seo\/ -->\n<title>Meldestelle Schulbegleiter - tec4net<\/title>\n<meta name=\"description\" content=\"Die EU-Datenschutzgrundverordnung (DSGVO) regelt den Umgang mit personenbezogenen Daten und schreibt f\u00fcr viele Unternehmen die Bestellung eines Datenschutzbeauftragten (DSB) vor.\" \/>\n<meta name=\"robots\" content=\"index, follow, max-snippet:-1, max-image-preview:large, max-video-preview:-1\" \/>\n<link rel=\"canonical\" href=\"https:\/\/www.tec4net.com\/web\/meldestelle-schulbegleiter\/\" \/>\n<meta property=\"og:locale\" content=\"de_DE\" \/>\n<meta property=\"og:type\" content=\"article\" \/>\n<meta property=\"og:title\" content=\"Meldestelle Schulbegleiter - tec4net\" \/>\n<meta property=\"og:description\" content=\"Die EU-Datenschutzgrundverordnung (DSGVO) regelt den Umgang mit personenbezogenen Daten und schreibt f\u00fcr viele Unternehmen die Bestellung eines Datenschutzbeauftragten (DSB) vor.\" \/>\n<meta property=\"og:url\" content=\"https:\/\/www.tec4net.com\/web\/meldestelle-schulbegleiter\/\" \/>\n<meta property=\"og:site_name\" content=\"tec4net\" \/>\n<meta property=\"article:modified_time\" content=\"2025-06-24T17:49:39+00:00\" \/>\n<meta name=\"twitter:card\" content=\"summary_large_image\" \/>\n<meta name=\"twitter:label1\" content=\"Gesch\u00e4tzte Lesezeit\" \/>\n\t<meta name=\"twitter:data1\" content=\"5\u00a0Minuten\" \/>\n<script type=\"application\/ld+json\" class=\"yoast-schema-graph\">{\"@context\":\"https:\/\/schema.org\",\"@graph\":[{\"@type\":\"WebPage\",\"@id\":\"https:\/\/www.tec4net.com\/web\/meldestelle-schulbegleiter\/\",\"url\":\"https:\/\/www.tec4net.com\/web\/meldestelle-schulbegleiter\/\",\"name\":\"Meldestelle Schulbegleiter - tec4net\",\"isPartOf\":{\"@id\":\"https:\/\/www.tec4net.com\/web\/#website\"},\"datePublished\":\"2025-04-01T06:45:02+00:00\",\"dateModified\":\"2025-06-24T17:49:39+00:00\",\"description\":\"Die EU-Datenschutzgrundverordnung (DSGVO) regelt den Umgang mit personenbezogenen Daten und schreibt f\u00fcr viele Unternehmen die Bestellung eines Datenschutzbeauftragten (DSB) vor.\",\"breadcrumb\":{\"@id\":\"https:\/\/www.tec4net.com\/web\/meldestelle-schulbegleiter\/#breadcrumb\"},\"inLanguage\":\"de\",\"potentialAction\":[{\"@type\":\"ReadAction\",\"target\":[\"https:\/\/www.tec4net.com\/web\/meldestelle-schulbegleiter\/\"]}]},{\"@type\":\"BreadcrumbList\",\"@id\":\"https:\/\/www.tec4net.com\/web\/meldestelle-schulbegleiter\/#breadcrumb\",\"itemListElement\":[{\"@type\":\"ListItem\",\"position\":1,\"name\":\"Startseite\",\"item\":\"https:\/\/www.tec4net.com\/web\/\"},{\"@type\":\"ListItem\",\"position\":2,\"name\":\"Meldestelle Schulbegleiter\"}]},{\"@type\":\"WebSite\",\"@id\":\"https:\/\/www.tec4net.com\/web\/#website\",\"url\":\"https:\/\/www.tec4net.com\/web\/\",\"name\":\"tec4net\",\"description\":\"Ihr starker IT-Partner\",\"publisher\":{\"@id\":\"https:\/\/www.tec4net.com\/web\/#organization\"},\"potentialAction\":[{\"@type\":\"SearchAction\",\"target\":{\"@type\":\"EntryPoint\",\"urlTemplate\":\"https:\/\/www.tec4net.com\/web\/?s={search_term_string}\"},\"query-input\":\"required name=search_term_string\"}],\"inLanguage\":\"de\"},{\"@type\":\"Organization\",\"@id\":\"https:\/\/www.tec4net.com\/web\/#organization\",\"name\":\"tec4net\",\"url\":\"https:\/\/www.tec4net.com\/web\/\",\"logo\":{\"@type\":\"ImageObject\",\"inLanguage\":\"de\",\"@id\":\"https:\/\/www.tec4net.com\/web\/#\/schema\/logo\/image\/\",\"url\":\"https:\/\/www.tec4net.com\/web\/wp-content\/uploads\/2018\/12\/t4n_Logo_startseite.png\",\"contentUrl\":\"https:\/\/www.tec4net.com\/web\/wp-content\/uploads\/2018\/12\/t4n_Logo_startseite.png\",\"width\":178,\"height\":163,\"caption\":\"tec4net\"},\"image\":{\"@id\":\"https:\/\/www.tec4net.com\/web\/#\/schema\/logo\/image\/\"}}]}<\/script>\n<!-- \/ Yoast SEO plugin. -->","yoast_head_json":{"title":"Meldestelle Schulbegleiter - tec4net","description":"Die EU-Datenschutzgrundverordnung (DSGVO) regelt den Umgang mit personenbezogenen Daten und schreibt f\u00fcr viele Unternehmen die Bestellung eines Datenschutzbeauftragten (DSB) vor.","robots":{"index":"index","follow":"follow","max-snippet":"max-snippet:-1","max-image-preview":"max-image-preview:large","max-video-preview":"max-video-preview:-1"},"canonical":"https:\/\/www.tec4net.com\/web\/meldestelle-schulbegleiter\/","og_locale":"de_DE","og_type":"article","og_title":"Meldestelle Schulbegleiter - tec4net","og_description":"Die EU-Datenschutzgrundverordnung (DSGVO) regelt den Umgang mit personenbezogenen Daten und schreibt f\u00fcr viele Unternehmen die Bestellung eines Datenschutzbeauftragten (DSB) vor.","og_url":"https:\/\/www.tec4net.com\/web\/meldestelle-schulbegleiter\/","og_site_name":"tec4net","article_modified_time":"2025-06-24T17:49:39+00:00","twitter_card":"summary_large_image","twitter_misc":{"Gesch\u00e4tzte Lesezeit":"5\u00a0Minuten"},"schema":{"@context":"https:\/\/schema.org","@graph":[{"@type":"WebPage","@id":"https:\/\/www.tec4net.com\/web\/meldestelle-schulbegleiter\/","url":"https:\/\/www.tec4net.com\/web\/meldestelle-schulbegleiter\/","name":"Meldestelle Schulbegleiter - tec4net","isPartOf":{"@id":"https:\/\/www.tec4net.com\/web\/#website"},"datePublished":"2025-04-01T06:45:02+00:00","dateModified":"2025-06-24T17:49:39+00:00","description":"Die EU-Datenschutzgrundverordnung (DSGVO) regelt den Umgang mit personenbezogenen Daten und schreibt f\u00fcr viele Unternehmen die Bestellung eines Datenschutzbeauftragten (DSB) vor.","breadcrumb":{"@id":"https:\/\/www.tec4net.com\/web\/meldestelle-schulbegleiter\/#breadcrumb"},"inLanguage":"de","potentialAction":[{"@type":"ReadAction","target":["https:\/\/www.tec4net.com\/web\/meldestelle-schulbegleiter\/"]}]},{"@type":"BreadcrumbList","@id":"https:\/\/www.tec4net.com\/web\/meldestelle-schulbegleiter\/#breadcrumb","itemListElement":[{"@type":"ListItem","position":1,"name":"Startseite","item":"https:\/\/www.tec4net.com\/web\/"},{"@type":"ListItem","position":2,"name":"Meldestelle Schulbegleiter"}]},{"@type":"WebSite","@id":"https:\/\/www.tec4net.com\/web\/#website","url":"https:\/\/www.tec4net.com\/web\/","name":"tec4net","description":"Ihr starker IT-Partner","publisher":{"@id":"https:\/\/www.tec4net.com\/web\/#organization"},"potentialAction":[{"@type":"SearchAction","target":{"@type":"EntryPoint","urlTemplate":"https:\/\/www.tec4net.com\/web\/?s={search_term_string}"},"query-input":"required name=search_term_string"}],"inLanguage":"de"},{"@type":"Organization","@id":"https:\/\/www.tec4net.com\/web\/#organization","name":"tec4net","url":"https:\/\/www.tec4net.com\/web\/","logo":{"@type":"ImageObject","inLanguage":"de","@id":"https:\/\/www.tec4net.com\/web\/#\/schema\/logo\/image\/","url":"https:\/\/www.tec4net.com\/web\/wp-content\/uploads\/2018\/12\/t4n_Logo_startseite.png","contentUrl":"https:\/\/www.tec4net.com\/web\/wp-content\/uploads\/2018\/12\/t4n_Logo_startseite.png","width":178,"height":163,"caption":"tec4net"},"image":{"@id":"https:\/\/www.tec4net.com\/web\/#\/schema\/logo\/image\/"}}]}},"_links":{"self":[{"href":"https:\/\/www.tec4net.com\/web\/wp-json\/wp\/v2\/pages\/5047"}],"collection":[{"href":"https:\/\/www.tec4net.com\/web\/wp-json\/wp\/v2\/pages"}],"about":[{"href":"https:\/\/www.tec4net.com\/web\/wp-json\/wp\/v2\/types\/page"}],"author":[{"embeddable":true,"href":"https:\/\/www.tec4net.com\/web\/wp-json\/wp\/v2\/users\/1"}],"replies":[{"embeddable":true,"href":"https:\/\/www.tec4net.com\/web\/wp-json\/wp\/v2\/comments?post=5047"}],"version-history":[{"count":5,"href":"https:\/\/www.tec4net.com\/web\/wp-json\/wp\/v2\/pages\/5047\/revisions"}],"predecessor-version":[{"id":5628,"href":"https:\/\/www.tec4net.com\/web\/wp-json\/wp\/v2\/pages\/5047\/revisions\/5628"}],"wp:attachment":[{"href":"https:\/\/www.tec4net.com\/web\/wp-json\/wp\/v2\/media?parent=5047"}],"curies":[{"name":"wp","href":"https:\/\/api.w.org\/{rel}","templated":true}]}}