{"id":5141,"date":"2025-04-05T00:09:34","date_gmt":"2025-04-04T22:09:34","guid":{"rendered":"https:\/\/www.tec4net.com\/web\/?page_id=5141"},"modified":"2025-04-15T14:39:05","modified_gmt":"2025-04-15T12:39:05","slug":"website-compliance-check","status":"publish","type":"page","link":"https:\/\/www.tec4net.com\/web\/website-compliance-check\/","title":{"rendered":"Website-Compliance-Check"},"content":{"rendered":"<p>[vc_row full_width=&#8220;stretch_row&#8220; equal_height=&#8220;yes&#8220; css=&#8220;.vc_custom_1544084854793{margin-top: -85px !important;padding-top: 50px !important;padding-bottom: 30px !important;background-color: #f0f0f0 !important;}&#8220;][vc_column width=&#8220;1\/4&#8243;][vc_column_text]<\/p>\n<h2 style=\"text-align: right;\"><span style=\"color: #026198;\">Website-Compliance-Check<\/span><\/h2>\n<p style=\"text-align: right;\"><strong><span style=\"color: #026198;\">Wir pr\u00fcfen Ihre Website auf die Einhaltung der DSGVO, des TMG, des TTDSG und weiterer relevanter Vorschriften. So minimieren Sie rechtliche Risiken und sorgen f\u00fcr eine datenschutzkonforme Online-Pr\u00e4senz.<br \/>\n<\/span><\/strong><\/p>\n<p>[\/vc_column_text][\/vc_column][vc_column width=&#8220;3\/4&#8243;][vc_single_image image=&#8220;627&#8243; img_size=&#8220;full&#8220; alignment=&#8220;center&#8220; style=&#8220;vc_box_shadow_3d&#8220; css_animation=&#8220;fadeInUp&#8220;][\/vc_column][\/vc_row][vc_row css=&#8220;.vc_custom_1544085464815{padding-top: 20px !important;}&#8220;][vc_column width=&#8220;1\/4&#8243;][vc_single_image image=&#8220;633&#8243; img_size=&#8220;200&#215;128&#8243; alignment=&#8220;center&#8220;][vc_empty_space][\/vc_column][vc_column width=&#8220;3\/4&#8243;][vc_column_text css=&#8220;.vc_custom_1743792260702{padding-bottom: 20px !important;}&#8220;]<\/p>\n<h3><strong>Datenschutzkonforme Webseiten f\u00fcr Unternehmen <\/strong><\/h3>\n<p>[\/vc_column_text][vc_column_text css=&#8220;.vc_custom_1743789278813{padding-bottom: 20px !important;}&#8220;]<\/p>\n<h4><strong>Sch\u00fctzen Sie Ihr Unternehmen vor Abmahnungen und Bu\u00dfgeldern!<\/strong><\/h4>\n<p>Eine nicht rechtskonforme Webseite kann teuer werden: Verst\u00f6\u00dfe gegen Datenschutzvorgaben wie die DSGVO f\u00fchren zu Abmahnungen, Bu\u00dfgeldern und Klagen. Doch nicht nur finanzielle Sch\u00e4den drohen \u2013 auch das Vertrauen Ihrer Kunden und die Reputation Ihres Unternehmens k\u00f6nnen erheblichen Schaden nehmen.[\/vc_column_text][vc_column_text css=&#8220;.vc_custom_1743792299191{padding-bottom: 20px !important;}&#8220;]<\/p>\n<h4><strong>Unsere L\u00f6sung: Der Website-Compliance-Check<\/strong><\/h4>\n<p>Mit unserem umfassenden Website-Compliance-Check stellen wir sicher, dass Ihre Webseite alle relevanten datenschutzrechtlichen Vorgaben erf\u00fcllt. Wir pr\u00fcfen die Einhaltung der DSGVO, die regelkonforme Verwendung von Cookies, die Wirksamkeit der Datenschutzhinweise sowie die formale Sicherheit der Datenverarbeitung. So sch\u00fctzen Sie sich vor rechtlichen Risiken und gewinnen das Vertrauen Ihrer Besucher und Kunden.[\/vc_column_text][vc_column_text css=&#8220;.vc_custom_1743796800498{padding-bottom: 20px !important;}&#8220;]<\/p>\n<h3><strong>Was bringt Website-Compliance dem Unternehmen?<\/strong><\/h3>\n<p>[\/vc_column_text][vc_column_text]<\/p>\n<h4><strong><span style=\"color: #026198;\">Mehr Sicherheit, mehr Vertrauen und mehr Gesch\u00e4ft durch\u2026<\/span><\/strong><\/h4>\n<p><span style=\"color: #026198;\">\u2192\u00a0\u00a0 SCHUTZ DER VERTRAULICHKEIT, INTEGRIT\u00c4T UND VERF\u00dcGBARKEIT VON INFORMATIONEN<\/span><\/p>\n<hr \/>\n<p><span style=\"color: #026198;\">\u2192\u00a0\u00a0 ZUGANG ZU NEUEN KUNDEN DURCH PROFESSIONELLEN ONLINE-AUFTRITT<br \/>\n<\/span><\/p>\n<hr \/>\n<p><span style=\"color: #026198;\">\u2192\u00a0\u00a0 EINHALTUNG GESETZLICHER UND REGULATORISCHER ANFORDERUNGEN<br \/>\n<\/span><\/p>\n<hr \/>\n<p><span style=\"color: #026198;\">\u2192\u00a0\u00a0 ST\u00c4RKUNG DES VERTRAUENS BEI KUNDEN UND PARTNERN<br \/>\n<\/span><\/p>\n<hr \/>\n<p><span style=\"color: #026198;\">\u2192\u00a0\u00a0\u00a0 REDUZIERUNG VON HAFTUNGS- UND ABMAHNRISIKEN<br \/>\n<\/span><\/p>\n<hr \/>\n<p><span style=\"color: #026198;\">\u2192\u00a0\u00a0\u00a0 VERMEIDUNG VON BUSSGELDERN UND SCHADENSERSATZKLAGEN<br \/>\n<\/span><\/p>\n<hr \/>\n<p>[\/vc_column_text][\/vc_column][\/vc_row][vc_row][vc_column width=&#8220;1\/4&#8243;][\/vc_column][vc_column width=&#8220;3\/4&#8243;][vc_column_text css=&#8220;.vc_custom_1743796447484{padding-bottom: 20px !important;}&#8220;]<\/p>\n<p style=\"text-align: left;\"><strong>Kontaktieren Sie uns noch heute!<\/strong><\/p>\n<p style=\"text-align: left;\">F\u00fcr eine unverbindliche Erstberatung &#8211; wir bringen Ihre Webseite<br \/>\nauf den neuesten datenschutzrechtlichen Stand.<\/p>\n<p>[\/vc_column_text][vc_btn title=&#8220;\u2709 Kostenloses Erstgespr\u00e4ch&#8220; color=&#8220;pink&#8220; align=&#8220;left&#8220; link=&#8220;url:mailto%3Ainfo%40tec4net.com%3Fsubject%3DKostenloses%2520Erstgespr%25C3%25A4ch%2520-%2520Hinweisgeberschutzgesetz%20|||&#8220;][vc_empty_space][vc_empty_space][\/vc_column][\/vc_row][vc_row css=&#8220;.vc_custom_1743796249400{background-color: #f0f0f0 !important;}&#8220;][vc_column width=&#8220;1\/2&#8243;][vc_column_text css=&#8220;.vc_custom_1743804508742{padding-bottom: 20px !important;}&#8220;]<\/p>\n<h4><strong>Risiken nicht konformer Webseite<\/strong><\/h4>\n<ol>\n<li><strong>Rechtliche Konsequenzen<\/strong><br \/>\nVerst\u00f6\u00dfe gegen die DSGVO oder andere Datenschutzgesetze k\u00f6nnen zu Abmahnungen, Bu\u00dfgeldern oder sogar Klagen f\u00fchren. Die Datenschutzbeh\u00f6rden verh\u00e4ngen bei Verst\u00f6\u00dfen zudem Strafen.<\/li>\n<li><strong>Unwirksame Einwilligungen<\/strong><br \/>\nEingeholte Einwilligungen, beispielsweise f\u00fcr Newsletter, k\u00f6nnen unwirksam sein, wenn sie nicht rechtskonform eingeholt wurden. In solchen F\u00e4llen ist die Nutzung der Daten unzul\u00e4ssig.<\/li>\n<li><strong>Vertrauensverlust bei Kunden und Nutzern<\/strong><br \/>\nWenn Nutzer erkennen, dass ihre Daten nicht sicher verarbeitet werden, kann dies das Vertrauen in die Webseite und das Unternehmen nachhaltig sch\u00e4digen.<\/li>\n<li><strong>Abmahnungen durch Wettbewerber oder Verbrauchersch\u00fctzer<\/strong><br \/>\nUnternehmen k\u00f6nnen wegen fehlender oder fehlerhafter Datenschutzerkl\u00e4rungen oder unzul\u00e4ssiger Datenverarbeitung kostenpflichtig abgemahnt werden.<\/li>\n<li><strong>Nachteile bei Suchmaschinen-Ranking<\/strong><br \/>\nSuchmaschinen wie Google bewerten sichere und datenschutzfreundliche Webseiten besser. Mangelnde Datenschutzkonformit\u00e4t kann zu schlechteren Ranking-Ergebnissen f\u00fchren.<\/li>\n<li><strong>Sicherheitsrisiken und Datenlecks<\/strong><br \/>\nUnzureichende Datenschutzma\u00dfnahmen erh\u00f6hen das Risiko von Datenlecks oder Hackerangriffen, was nicht nur rechtliche, sondern auch finanzielle und rufsch\u00e4digende Folgen haben kann.<\/li>\n<li><strong>Einschr\u00e4nkungen durch Werbeplattformen<\/strong><br \/>\nDatenschutzverst\u00f6\u00dfe, z. B. durch unzul\u00e4ssige Cookies, k\u00f6nnen dazu f\u00fchren, dass Werbeplattformen (wie Google Ads oder Facebook Ads) Einschr\u00e4nkungen verh\u00e4ngen oder Werbekonten sperren.<\/li>\n<li><strong>Schadensersatzforderungen<\/strong><br \/>\nBetroffene Nutzer k\u00f6nnen gegen die Betreiber der Webseite Schadensersatzforderungen geltend machen, wenn ihre rechte verletzt oder personenbezogenen Daten rechtswiedrig verarbeitet wurden.<\/li>\n<li><strong>Bu\u00dfgelder durch Aufsichtsbeh\u00f6rden<\/strong><br \/>\nIn unserem Blog ver\u00f6ffentlichen wir exemplarische Bu\u00dfgelder auf Basis offizieller Pressemitteilungen und Bescheide der Aufsichtsbeh\u00f6rden. Eine \u00dcbersicht finden Sie hier: <a href=\"https:\/\/it-news-blog.com\/?cat=370\" target=\"_blank\" rel=\"noopener\">https:\/\/it-news-blog.com\/?cat=370<\/a><\/li>\n<\/ol>\n<p>[\/vc_column_text][\/vc_column][vc_column width=&#8220;1\/2&#8243;][vc_column_text css=&#8220;.vc_custom_1744713885676{padding-bottom: 20px !important;}&#8220;]<\/p>\n<h4>Verlauf unseres Pr\u00fcfverfahrens<\/h4>\n<ol>\n<li><strong>Festlegung des Pr\u00fcfbereichs<\/strong><br \/>\nZun\u00e4chst stimmen wir zusammen mit Ihnen den relevanten Pr\u00fcfbereich ab, um klar abzugrenzen, welche Elemente der Webseite \u00fcberpr\u00fcft werden sollen. Teilbereiche sind z.B. der Cookie-Banner, die Datenschutzerkl\u00e4rung oder eingesetzte Tracking- und Analyse-Tools.<\/li>\n<li><strong>Sichtung der Webseite<\/strong><br \/>\nIm n\u00e4chsten Schritt nehmen wir Ihre Webseite genau unter die Lupe. Dabei \u00fcberpr\u00fcfen wir die besprochenen \u00f6ffentlich zug\u00e4nglichen Seiten, Funktionen und interaktiven Elemente, die mit personenbezogenen Daten in Verbindung stehen k\u00f6nnten.<\/li>\n<li><strong>Analyse der Datenstr\u00f6me und -verarbeitung<\/strong><br \/>\nWir analysieren, wie und wo personenbezogene Daten auf Ihrer Webseite erfasst, verarbeitet und gespeichert werden. Dabei \u00fcberpr\u00fcfen wir insbesondere die Verwendung von Formularen, Zahlungsdiensten, Anmeldesystemen und Cookies.<\/li>\n<li><strong>\u00dcberpr\u00fcfung der Datenschutzerkl\u00e4rung und Informationstexte<\/strong><br \/>\nWir pr\u00fcfen, ob Ihre aktuellen Datenschutzhinweise den rechtlichen Anforderungen entsprechen und in Einklang mit der Datenverarbeitung, den Zwecken der Verarbeitung sowie den Rechten der betroffenen Personen stehen und ob sie transparent sowie verst\u00e4ndlich kommuniziert werden.<\/li>\n<li><strong>Erfassung der Abweichungen<\/strong><br \/>\nAlle von uns festgestellten Abweichungen werden dokumentiert und detailliert erfasst. Dabei ber\u00fccksichtigen wir sowohl Unstimmigkeiten in rechtlich relevanten Texten als auch datenschutzrechtlich problematische Funktionen.<\/li>\n<li><strong>Berichterstattung<\/strong><br \/>\nNach sorgf\u00e4ltiger Pr\u00fcfung erstellen wir einen klar strukturierten Bericht, der alle festgestellten M\u00e4ngel sowie die damit verbundenen rechtlichen Risiken aufzeigt. Dieser Bericht dient als Grundlage f\u00fcr die Umsetzung der erforderlichen Korrekturen.<\/li>\n<li><strong>Empfehlungen zur Optimierung<\/strong><br \/>\nBasierend auf den Ergebnissen unseres Berichts geben wir Ihnen konkrete Empfehlungen zu den Risiken, die mit den festgestellten Abweichungen einhergehen und zeigen auf, wie Sie diese beheben k\u00f6nnen, um die Rechtssicherheit Ihrer Webseite sicherzustellen.<\/li>\n<\/ol>\n<p>[\/vc_column_text][\/vc_column][\/vc_row][vc_row][vc_column][vc_empty_space][vc_column_text]<\/p>\n<p style=\"text-align: center;\">Infoblatt zum Download: \u00a0<a href=\"http:\/\/\u2192\u00a0\u00a0 tec4net_Infoblatt_Website-Compliance (0,3 MB)\" target=\"_blank\" rel=\"noopener noreferrer\">\u2192\u00a0 <\/a><a href=\"https:\/\/www.tec4net.com\/web\/wp-content\/uploads\/2025\/04\/tec4net_Infoblatt_Website-Compliance.pdf\" target=\"_blank\" rel=\"noopener noreferrer\">tec4net_Brosch\u00fcre_<\/a><a href=\"https:\/\/www.tec4net.com\/web\/wp-content\/uploads\/2025\/04\/tec4net_Infoblatt_Website-Compliance.pdf\" target=\"_blank\" rel=\"noopener noreferrer\">Website-Compliance (0,3 MB)<\/a><\/p>\n<p>[\/vc_column_text][vc_separator][vc_empty_space][vc_empty_space][\/vc_column][\/vc_row][vc_row][vc_column][vc_column_text]<\/p>\n<p style=\"text-align: center;\"><strong>Vertrauen Sie auf unsere Expertise!<\/strong><\/p>\n<p style=\"text-align: center;\">Seit 2003 beraten und auditieren wir in den Bereichen Datenschutz, IT-Sicherheit und Compliance. Unsere Fachexperten verbinden fundiertes rechtliches Wissen mit technischer Kompetenz, um regulatorische Vorgaben wie die DSGVO und NIS-2 sowie Sicherheitsstandards wie die ISO 27001 und TISAX in Unternehmen nachhaltig und zukunftssicher umzusetzen.<\/p>\n<p>[\/vc_column_text][vc_btn title=&#8220;\u2709 Kostenloses Erstgespr\u00e4ch&#8220; color=&#8220;pink&#8220; align=&#8220;center&#8220; link=&#8220;url:mailto%3Ainfo%40tec4net.com%3Fsubject%3DKostenloses%2520Erstgespr%25C3%25A4ch%2520-%2520Hinweisgeberschutzgesetz%20|||&#8220;][vc_empty_space][\/vc_column][\/vc_row][vc_row][vc_column][vc_empty_space][vc_column_text]<\/p>\n<p style=\"text-align: center;\"><strong>Qualifizierte Experten<\/strong><\/p>\n<p style=\"text-align: center;\">Datenschutzauditor (T\u00dcV)\u00a0 |\u00a0 Datenschutzbeauftragter (GDDcert)<br \/>\nFachanwalt Urheber- und Medienrecht<\/p>\n<p>[\/vc_column_text][\/vc_column][\/vc_row]<\/p>\n","protected":false},"excerpt":{"rendered":"<p>[vc_row full_width=&#8220;stretch_row&#8220; equal_height=&#8220;yes&#8220; css=&#8220;.vc_custom_1544084854793{margin-top: -85px !important;padding-top: 50px !important;padding-bottom: 30px !important;background-color: #f0f0f0 !important;}&#8220;][vc_column width=&#8220;1\/4&#8243;][vc_column_text] Website-Compliance-Check Wir pr\u00fcfen Ihre Website auf die Einhaltung der DSGVO, des TMG, des TTDSG und weiterer relevanter Vorschriften. So minimieren Sie rechtliche Risiken und sorgen f\u00fcr eine datenschutzkonforme Online-Pr\u00e4senz. [\/vc_column_text][\/vc_column][vc_column width=&#8220;3\/4&#8243;][vc_single_image image=&#8220;627&#8243; img_size=&#8220;full&#8220; alignment=&#8220;center&#8220; style=&#8220;vc_box_shadow_3d&#8220; css_animation=&#8220;fadeInUp&#8220;][\/vc_column][\/vc_row][vc_row css=&#8220;.vc_custom_1544085464815{padding-top: [&hellip;]<\/p>\n","protected":false},"author":1,"featured_media":0,"parent":0,"menu_order":0,"comment_status":"closed","ping_status":"closed","template":"","meta":[],"yoast_head":"<!-- This site is optimized with the Yoast SEO plugin v21.5 - https:\/\/yoast.com\/wordpress\/plugins\/seo\/ -->\n<title>Website-Compliance-Check - tec4net<\/title>\n<meta name=\"description\" content=\"Datenschutz und Rechtskonformit\u00e4t sind f\u00fcr Webseiten von entscheidender Bedeutung. Die Einhaltung gesetzlicher Vorschriften ist nicht nur eine Notwendigkeit, sondern erh\u00f6ht das Ansehen Ihres Unternehmens und st\u00e4rkt das Vertrauen der Besucher.\" \/>\n<meta name=\"robots\" content=\"index, follow, max-snippet:-1, max-image-preview:large, max-video-preview:-1\" \/>\n<link rel=\"canonical\" href=\"https:\/\/www.tec4net.com\/web\/website-compliance-check\/\" \/>\n<meta property=\"og:locale\" content=\"de_DE\" \/>\n<meta property=\"og:type\" content=\"article\" \/>\n<meta property=\"og:title\" content=\"Website-Compliance-Check - tec4net\" \/>\n<meta property=\"og:description\" content=\"Datenschutz und Rechtskonformit\u00e4t sind f\u00fcr Webseiten von entscheidender Bedeutung. Die Einhaltung gesetzlicher Vorschriften ist nicht nur eine Notwendigkeit, sondern erh\u00f6ht das Ansehen Ihres Unternehmens und st\u00e4rkt das Vertrauen der Besucher.\" \/>\n<meta property=\"og:url\" content=\"https:\/\/www.tec4net.com\/web\/website-compliance-check\/\" \/>\n<meta property=\"og:site_name\" content=\"tec4net\" \/>\n<meta property=\"article:modified_time\" content=\"2025-04-15T12:39:05+00:00\" \/>\n<meta name=\"twitter:card\" content=\"summary_large_image\" \/>\n<meta name=\"twitter:label1\" content=\"Gesch\u00e4tzte Lesezeit\" \/>\n\t<meta name=\"twitter:data1\" content=\"5\u00a0Minuten\" \/>\n<script type=\"application\/ld+json\" class=\"yoast-schema-graph\">{\"@context\":\"https:\/\/schema.org\",\"@graph\":[{\"@type\":\"WebPage\",\"@id\":\"https:\/\/www.tec4net.com\/web\/website-compliance-check\/\",\"url\":\"https:\/\/www.tec4net.com\/web\/website-compliance-check\/\",\"name\":\"Website-Compliance-Check - tec4net\",\"isPartOf\":{\"@id\":\"https:\/\/www.tec4net.com\/web\/#website\"},\"datePublished\":\"2025-04-04T22:09:34+00:00\",\"dateModified\":\"2025-04-15T12:39:05+00:00\",\"description\":\"Datenschutz und Rechtskonformit\u00e4t sind f\u00fcr Webseiten von entscheidender Bedeutung. Die Einhaltung gesetzlicher Vorschriften ist nicht nur eine Notwendigkeit, sondern erh\u00f6ht das Ansehen Ihres Unternehmens und st\u00e4rkt das Vertrauen der Besucher.\",\"breadcrumb\":{\"@id\":\"https:\/\/www.tec4net.com\/web\/website-compliance-check\/#breadcrumb\"},\"inLanguage\":\"de\",\"potentialAction\":[{\"@type\":\"ReadAction\",\"target\":[\"https:\/\/www.tec4net.com\/web\/website-compliance-check\/\"]}]},{\"@type\":\"BreadcrumbList\",\"@id\":\"https:\/\/www.tec4net.com\/web\/website-compliance-check\/#breadcrumb\",\"itemListElement\":[{\"@type\":\"ListItem\",\"position\":1,\"name\":\"Startseite\",\"item\":\"https:\/\/www.tec4net.com\/web\/\"},{\"@type\":\"ListItem\",\"position\":2,\"name\":\"Website-Compliance-Check\"}]},{\"@type\":\"WebSite\",\"@id\":\"https:\/\/www.tec4net.com\/web\/#website\",\"url\":\"https:\/\/www.tec4net.com\/web\/\",\"name\":\"tec4net\",\"description\":\"Ihr starker IT-Partner\",\"publisher\":{\"@id\":\"https:\/\/www.tec4net.com\/web\/#organization\"},\"potentialAction\":[{\"@type\":\"SearchAction\",\"target\":{\"@type\":\"EntryPoint\",\"urlTemplate\":\"https:\/\/www.tec4net.com\/web\/?s={search_term_string}\"},\"query-input\":\"required name=search_term_string\"}],\"inLanguage\":\"de\"},{\"@type\":\"Organization\",\"@id\":\"https:\/\/www.tec4net.com\/web\/#organization\",\"name\":\"tec4net\",\"url\":\"https:\/\/www.tec4net.com\/web\/\",\"logo\":{\"@type\":\"ImageObject\",\"inLanguage\":\"de\",\"@id\":\"https:\/\/www.tec4net.com\/web\/#\/schema\/logo\/image\/\",\"url\":\"https:\/\/www.tec4net.com\/web\/wp-content\/uploads\/2018\/12\/t4n_Logo_startseite.png\",\"contentUrl\":\"https:\/\/www.tec4net.com\/web\/wp-content\/uploads\/2018\/12\/t4n_Logo_startseite.png\",\"width\":178,\"height\":163,\"caption\":\"tec4net\"},\"image\":{\"@id\":\"https:\/\/www.tec4net.com\/web\/#\/schema\/logo\/image\/\"}}]}<\/script>\n<!-- \/ Yoast SEO plugin. -->","yoast_head_json":{"title":"Website-Compliance-Check - tec4net","description":"Datenschutz und Rechtskonformit\u00e4t sind f\u00fcr Webseiten von entscheidender Bedeutung. Die Einhaltung gesetzlicher Vorschriften ist nicht nur eine Notwendigkeit, sondern erh\u00f6ht das Ansehen Ihres Unternehmens und st\u00e4rkt das Vertrauen der Besucher.","robots":{"index":"index","follow":"follow","max-snippet":"max-snippet:-1","max-image-preview":"max-image-preview:large","max-video-preview":"max-video-preview:-1"},"canonical":"https:\/\/www.tec4net.com\/web\/website-compliance-check\/","og_locale":"de_DE","og_type":"article","og_title":"Website-Compliance-Check - tec4net","og_description":"Datenschutz und Rechtskonformit\u00e4t sind f\u00fcr Webseiten von entscheidender Bedeutung. Die Einhaltung gesetzlicher Vorschriften ist nicht nur eine Notwendigkeit, sondern erh\u00f6ht das Ansehen Ihres Unternehmens und st\u00e4rkt das Vertrauen der Besucher.","og_url":"https:\/\/www.tec4net.com\/web\/website-compliance-check\/","og_site_name":"tec4net","article_modified_time":"2025-04-15T12:39:05+00:00","twitter_card":"summary_large_image","twitter_misc":{"Gesch\u00e4tzte Lesezeit":"5\u00a0Minuten"},"schema":{"@context":"https:\/\/schema.org","@graph":[{"@type":"WebPage","@id":"https:\/\/www.tec4net.com\/web\/website-compliance-check\/","url":"https:\/\/www.tec4net.com\/web\/website-compliance-check\/","name":"Website-Compliance-Check - tec4net","isPartOf":{"@id":"https:\/\/www.tec4net.com\/web\/#website"},"datePublished":"2025-04-04T22:09:34+00:00","dateModified":"2025-04-15T12:39:05+00:00","description":"Datenschutz und Rechtskonformit\u00e4t sind f\u00fcr Webseiten von entscheidender Bedeutung. Die Einhaltung gesetzlicher Vorschriften ist nicht nur eine Notwendigkeit, sondern erh\u00f6ht das Ansehen Ihres Unternehmens und st\u00e4rkt das Vertrauen der Besucher.","breadcrumb":{"@id":"https:\/\/www.tec4net.com\/web\/website-compliance-check\/#breadcrumb"},"inLanguage":"de","potentialAction":[{"@type":"ReadAction","target":["https:\/\/www.tec4net.com\/web\/website-compliance-check\/"]}]},{"@type":"BreadcrumbList","@id":"https:\/\/www.tec4net.com\/web\/website-compliance-check\/#breadcrumb","itemListElement":[{"@type":"ListItem","position":1,"name":"Startseite","item":"https:\/\/www.tec4net.com\/web\/"},{"@type":"ListItem","position":2,"name":"Website-Compliance-Check"}]},{"@type":"WebSite","@id":"https:\/\/www.tec4net.com\/web\/#website","url":"https:\/\/www.tec4net.com\/web\/","name":"tec4net","description":"Ihr starker IT-Partner","publisher":{"@id":"https:\/\/www.tec4net.com\/web\/#organization"},"potentialAction":[{"@type":"SearchAction","target":{"@type":"EntryPoint","urlTemplate":"https:\/\/www.tec4net.com\/web\/?s={search_term_string}"},"query-input":"required name=search_term_string"}],"inLanguage":"de"},{"@type":"Organization","@id":"https:\/\/www.tec4net.com\/web\/#organization","name":"tec4net","url":"https:\/\/www.tec4net.com\/web\/","logo":{"@type":"ImageObject","inLanguage":"de","@id":"https:\/\/www.tec4net.com\/web\/#\/schema\/logo\/image\/","url":"https:\/\/www.tec4net.com\/web\/wp-content\/uploads\/2018\/12\/t4n_Logo_startseite.png","contentUrl":"https:\/\/www.tec4net.com\/web\/wp-content\/uploads\/2018\/12\/t4n_Logo_startseite.png","width":178,"height":163,"caption":"tec4net"},"image":{"@id":"https:\/\/www.tec4net.com\/web\/#\/schema\/logo\/image\/"}}]}},"_links":{"self":[{"href":"https:\/\/www.tec4net.com\/web\/wp-json\/wp\/v2\/pages\/5141"}],"collection":[{"href":"https:\/\/www.tec4net.com\/web\/wp-json\/wp\/v2\/pages"}],"about":[{"href":"https:\/\/www.tec4net.com\/web\/wp-json\/wp\/v2\/types\/page"}],"author":[{"embeddable":true,"href":"https:\/\/www.tec4net.com\/web\/wp-json\/wp\/v2\/users\/1"}],"replies":[{"embeddable":true,"href":"https:\/\/www.tec4net.com\/web\/wp-json\/wp\/v2\/comments?post=5141"}],"version-history":[{"count":69,"href":"https:\/\/www.tec4net.com\/web\/wp-json\/wp\/v2\/pages\/5141\/revisions"}],"predecessor-version":[{"id":5270,"href":"https:\/\/www.tec4net.com\/web\/wp-json\/wp\/v2\/pages\/5141\/revisions\/5270"}],"wp:attachment":[{"href":"https:\/\/www.tec4net.com\/web\/wp-json\/wp\/v2\/media?parent=5141"}],"curies":[{"name":"wp","href":"https:\/\/api.w.org\/{rel}","templated":true}]}}