{"id":7049,"date":"2025-09-11T14:11:55","date_gmt":"2025-09-11T12:11:55","guid":{"rendered":"https:\/\/www.tec4net.com\/web\/?page_id=7049"},"modified":"2025-11-25T17:22:13","modified_gmt":"2025-11-25T16:22:13","slug":"iso-9001","status":"publish","type":"page","link":"https:\/\/www.tec4net.com\/web\/iso-9001\/","title":{"rendered":"ISO 9001"},"content":{"rendered":"<p>[vc_row full_width=&#8220;stretch_row&#8220; equal_height=&#8220;yes&#8220; css=&#8220;.vc_custom_1544018271708{margin-top: -85px !important;padding-top: 50px !important;padding-bottom: 30px !important;background-color: #f0f0f0 !important;}&#8220;][vc_column width=&#8220;1\/4&#8243;][vc_column_text]<\/p>\n<h2 style=\"text-align: right;\"><span style=\"color: #026198;\">ISO 9001<br \/>\n<\/span><\/h2>\n<p style=\"text-align: right;\"><strong><span style=\"color: #026198;\">Ein effektives Qualit\u00e4tsmanagement-System nach ISO\u202f9001 ist f\u00fcr Unternehmen nicht nur ein Wettbewerbsvorteil, sondern sichert auch die langfristige Prozessqualit\u00e4t und Kundenzufriedenheit.<\/span><\/strong><\/p>\n<p>[\/vc_column_text][\/vc_column][vc_column width=&#8220;3\/4&#8243;][vc_single_image image=&#8220;337&#8243; img_size=&#8220;full&#8220; alignment=&#8220;center&#8220; style=&#8220;vc_box_shadow_3d&#8220; css_animation=&#8220;fadeInUp&#8220;][\/vc_column][\/vc_row][vc_row css=&#8220;.vc_custom_1544085434169{padding-top: 10px !important;}&#8220;][vc_column width=&#8220;1\/4&#8243;][vc_single_image image=&#8220;397&#8243; img_size=&#8220;200&#215;128&#8243; alignment=&#8220;center&#8220;][\/vc_column][vc_column width=&#8220;3\/4&#8243;][vc_column_text css=&#8220;.vc_custom_1757589453253{padding-bottom: 20px !important;}&#8220;]<\/p>\n<h4>Was ist die ISO 9001?<\/h4>\n<ul>\n<li>Die ISO 9001 ist eine internationale Norm f\u00fcr das Management von Qualit\u00e4t in Unternehmen. Sie legt Anforderungen f\u00fcr ein Qualit\u00e4tsmanagementsystem (QMS) fest, um Prozesse zu standardisieren, die Produkt- und Dienstleistungsqualit\u00e4t zu sichern und die Kundenzufriedenheit zu steigern.<\/li>\n<li>Die normgerechte Umsetzung der ISO 9001 kann von akkreditierten Zertifizierungsstellen gepr\u00fcft und zertifiziert werden. Eine Zertifizierung belegt, dass eine Organisation ein effektives Qualit\u00e4tsmanagementsystem eingef\u00fchrt hat und kontinuierlich an der Verbesserung ihrer Prozesse arbeitet.<\/li>\n<li>ISO steht f\u00fcr die Internationale Organisation f\u00fcr Normung, eine unabh\u00e4ngige Vereinigung nationaler Normungsorganisationen aus 167 L\u00e4ndern. Sie entwickelt und ver\u00f6ffentlicht weltweit Standards und Normen f\u00fcr nahezu alle Wirtschafts- und Technologiebereiche.<\/li>\n<\/ul>\n<p>[\/vc_column_text][\/vc_column][\/vc_row][vc_row][vc_column][vc_empty_space][\/vc_column][\/vc_row][vc_row][vc_column width=&#8220;1\/4&#8243;][vc_empty_space][\/vc_column][vc_column width=&#8220;2\/3&#8243;][vc_column_text]<\/p>\n<h3>Was bringt die Norm f\u00fcr Unternehmen?<\/h3>\n<p>[\/vc_column_text][\/vc_column][\/vc_row][vc_row][vc_column width=&#8220;1\/4&#8243;][\/vc_column][vc_column width=&#8220;2\/3&#8243;][vc_column_text]<\/p>\n<h4><span style=\"color: #026198;\">Mehr Effizienz, mehr Vertrauen und mehr Gesch\u00e4ft durch\u2026<br \/>\n<\/span><\/h4>\n<p><span style=\"color: #026198;\">\u2192\u00a0\u00a0 Standardisierte Prozesse und transparente Abl\u00e4ufe<br \/>\n<\/span><\/p>\n<p><span style=\"color: #026198;\">\u2192\u00a0\u00a0 Steigerung der Produkt- und Dienstleistungsqualit\u00e4t<br \/>\n<\/span><\/p>\n<p><span style=\"color: #026198;\">\u2192\u00a0\u00a0 Erh\u00f6hung der Kundenzufriedenheit<br \/>\n<\/span><\/p>\n<p><span style=\"color: #026198;\">\u2192\u00a0\u00a0 Einf\u00fchrung eines Qualit\u00e4tsmanagementsystems (QMS)<br \/>\n<\/span><\/p>\n<p><span style=\"color: #026198;\">\u2192\u00a0\u00a0\u00a0 Einhaltung branchenspezifischer und regulatorischer Anforderungen<br \/>\n<\/span><\/p>\n<p><span style=\"color: #026198;\">\u2192\u00a0\u00a0\u00a0 Kontinuierliche Verbesserung von Prozessen (PDCA-Zyklus)<br \/>\n<\/span><\/p>\n<p><span style=\"color: #026198;\">\u2192\u00a0\u00a0\u00a0 St\u00e4rkung des Vertrauens bei Kunden, Partnern und Stakeholdern<br \/>\n<\/span><\/p>\n<p><span style=\"color: #026198;\">\u2192\u00a0\u00a0\u00a0 Risikobewusste und prozessorientierte Unternehmensf\u00fchrung<br \/>\n<\/span><\/p>\n<p><span style=\"color: #026198;\">\u2192\u00a0\u00a0\u00a0 Reduzierung von Fehlern, Ausschuss und Kosten<br \/>\n<\/span><\/p>\n<p><span style=\"color: #026198;\">\u2192\u00a0\u00a0\u00a0 Verbesserung der Wettbewerbsf\u00e4higkeit<br \/>\n<\/span>[\/vc_column_text][vc_separator style=&#8220;dotted&#8220; border_width=&#8220;2&#8243;][vc_column_text css=&#8220;.vc_custom_1757589878970{padding-bottom: 20px !important;}&#8220;]<\/p>\n<p style=\"text-align: center;\">Wir beraten Sie bei der Umsetzung Ihres QMS auf Basis der ISO 9001 und entwickeln Methoden, Vorgaben und Regeln, die Ihr Unternehmen dabei unterst\u00fctzen, Prozesse kontinuierlich zu steuern, zu verbessern und Qualit\u00e4t nachhaltig zu sichern.<\/p>\n<p>[\/vc_column_text][vc_btn title=&#8220;\u2709 Kostenloses Erstgespr\u00e4ch&#8220; color=&#8220;pink&#8220; align=&#8220;center&#8220; link=&#8220;url:mailto%3Ainfo%40tec4net.com%3Fsubject%3DKostenloses%2520Erstgespr%25C3%25A4ch%2520-%2520QM-System|||&#8220;][\/vc_column][\/vc_row][vc_row][vc_column][vc_empty_space][vc_empty_space][\/vc_column][\/vc_row][vc_row][vc_column][vc_column_text]<\/p>\n<h3>Wettbewerbsvorteil durch Zertifizierung nach ISO 9001<\/h3>\n<p>[\/vc_column_text][\/vc_column][\/vc_row][vc_row][vc_column width=&#8220;1\/2&#8243;][vc_column_text css=&#8220;.vc_custom_1757593589476{padding-bottom: 20px !important;}&#8220;]<\/p>\n<h4>Einf\u00fchrung eines Qualit\u00e4tsmanagementsystems<\/h4>\n<ul>\n<li>Projektplanung und Initialisierung<\/li>\n<li>Management-Engagement sicherstellen<\/li>\n<li>Qualit\u00e4tsrichtlinien und -ziele entwickeln<\/li>\n<li>Initiale Prozessanalyse durchf\u00fchren<\/li>\n<li>Risikomanagement und Chancenbewertung<\/li>\n<li>Rollen und Verantwortlichkeiten festlegen<\/li>\n<li>Qualit\u00e4tsma\u00dfnahmen umsetzen<\/li>\n<li>Dokumentation des QMS erstellen<\/li>\n<li>Schulung und Sensibilisierung der Mitarbeiter<\/li>\n<li>Implementierung der Ma\u00dfnahmen<\/li>\n<li>Kontinuierliche Verbesserung (PDCA-Zyklus)<\/li>\n<li>\u00dcberwachung und Kontrolle des QMS<\/li>\n<\/ul>\n<h4>Vorbereitungen zur Zertifizierung<\/h4>\n<ul>\n<li>Interne Audits und \u00dcberpr\u00fcfungen<\/li>\n<li>Management-Review<\/li>\n<li>Zertifizierungsvorbereitung<\/li>\n<\/ul>\n<h4>Audit- und Zertifizierungsprozess<\/h4>\n<ul>\n<li>Zertifizierungsaudit durchf\u00fchren<\/li>\n<li>Erhalt der Zertifizierung<\/li>\n<li>Regelm\u00e4\u00dfige Audits und Rezertifizierung<\/li>\n<\/ul>\n<p>[\/vc_column_text][\/vc_column][vc_column width=&#8220;1\/4&#8243;][vc_column_text css=&#8220;.vc_custom_1757590155785{padding-bottom: 20px !important;}&#8220;]<\/p>\n<h4>Zugang zu neuen Kunden<\/h4>\n<p>Eine Zertifizierung nach ISO 9001 schafft Vertrauen und verbessert die Reputation. In vielen Branchen wird sie zunehmend zum T\u00fcr\u00f6ffner, da Unternehmen nur mit Dienstleistern zusammenarbeiten, die ein wirksames Qualit\u00e4tsmanagementsystem betreiben und dessen Effektivit\u00e4t nachweisen k\u00f6nnen.[\/vc_column_text][vc_empty_space][vc_column_text css=&#8220;.vc_custom_1757593484889{padding-bottom: 20px !important;}&#8220;]<\/p>\n<h4>Pflicht zur Zertifizierung?<\/h4>\n<p>Es besteht keine gesetzliche Pflicht zur Einf\u00fchrung eines QM-Systems nach ISO\u202f9001. H\u00e4ufig ist eine Zertifizierung aber Voraussetzung f\u00fcr die Auftragsvergabe, da sie belegt, dass ein Unternehmen seine Prozesse strukturiert steuert und die Qualit\u00e4t sichert.[\/vc_column_text][\/vc_column][vc_column width=&#8220;1\/4&#8243;][vc_column_text css=&#8220;.vc_custom_1757590209318{padding-bottom: 20px !important;}&#8220;]<\/p>\n<h4>QM mit System<\/h4>\n<p>Ein QMS sorgt f\u00fcr die strukturierte Planung, Umsetzung und kontinuierliche Verbesserung von Prozessen. Es erm\u00f6glicht Unternehmen, branchenspezifische Standards, gesetzliche Anforderungen und interne Vorgaben effizient zu erf\u00fcllen und gleichzeitig Fehlerquellen zu reduzieren.[\/vc_column_text][vc_empty_space][vc_column_text css=&#8220;.vc_custom_1757590244777{padding-bottom: 20px !important;}&#8220;]<\/p>\n<h4><strong>G\u00fcltigkeit des Zertifikats<\/strong><\/h4>\n<p>Eine verliehene Zertifizierung zur ISO 9001 ist drei Jahre g\u00fcltig. J\u00e4hrliche \u00dcberwachungsaudits gew\u00e4hrleisten die Konformit\u00e4t des QMS. Nach drei Jahren ist eine Rezertifizierung erforderlich, um das Zertifikat zu behalten und die Standards weiterhin einzuhalten.[\/vc_column_text][\/vc_column][\/vc_row][vc_row][vc_column][vc_empty_space][\/vc_column][\/vc_row][vc_row disable_element=&#8220;yes&#8220;][vc_column][vc_separator style=&#8220;dotted&#8220; border_width=&#8220;2&#8243;][vc_column_text]<\/p>\n<p style=\"text-align: center;\">Brosch\u00fcren zum Download: \u00a0<a href=\"https:\/\/www.tec4net.com\/web\/wp-content\/uploads\/2025\/03\/tec4net_Infoblatt_ISO27001.pdf\">\u2192\u00a0\u00a0\u00a0tec4net_Infoblatt_ISO_27001 (0,3 MB)<\/a><\/p>\n<p>[\/vc_column_text][vc_separator style=&#8220;dotted&#8220; border_width=&#8220;2&#8243;][\/vc_column][\/vc_row][vc_row][vc_column][vc_btn title=&#8220;\u2709 Kostenloses Erstgespr\u00e4ch&#8220; color=&#8220;pink&#8220; align=&#8220;center&#8220; link=&#8220;url:mailto%3Ainfo%40tec4net.com%3Fsubject%3DKostenloses%2520Erstgespr%25C3%25A4ch%2520-%2520QM-System|||&#8220;][vc_column_text css=&#8220;.vc_custom_1742089389301{padding-bottom: 20px !important;}&#8220;]<\/p>\n<p style=\"text-align: center;\">tec4net \u2013 Beratung zu Datenschutz und IT-Sicherheit \u2013 seit 2003<\/p>\n<p>[\/vc_column_text][vc_empty_space][\/vc_column][\/vc_row][vc_row css=&#8220;.vc_custom_1729202016174{background-color: #f0f0f0 !important;}&#8220;][vc_column][vc_empty_space][vc_column_text]<\/p>\n<h4 style=\"text-align: center;\"><span style=\"color: #026198;\">Ihr externer Qualit\u00e4tsmanagementbeauftragter (QMB) f\u00fcr M\u00fcnchen und Deutschland <\/span><\/h4>\n<p>[\/vc_column_text][vc_column_text]<\/p>\n<p style=\"text-align: center;\"><strong>Qualifizierte Experten<\/strong><\/p>\n<p style=\"text-align: center;\">ISO 9001 Lead Auditor (T\u00dcV) | Qualit\u00e4tsmanagementbeauftragter (DGQ)<br \/>\nQualit\u00e4tsmanager (IHK) | Qualit\u00e4tsbeauftragter (T\u00dcV)<br \/>\nCertified Manager for Quality and Organizational Excellence (CMQ\/OE)<\/p>\n<p>[\/vc_column_text][\/vc_column][\/vc_row][vc_row][vc_column][vc_empty_space][vc_empty_space][vc_column_text]<\/p>\n<p style=\"text-align: center;\"><strong>Auch in Ihrer N\u00e4he<\/strong><\/p>\n<p style=\"text-align: center;\">Augsburg | Berlin | Bielefeld | Bochum | Bremen | Dortmund | <a href=\"https:\/\/www.tec4net.com\/web\/externer-informationssicherheitsbeauftragter-in-dresden\">D<\/a>resden |\u00a0 D\u00fcsseldorf | Erfurt | Essen | Frankfurt | Hamburg | Hannover | Ingolstadt | Kiel | K\u00f6ln | Leipzig | Magdeburg | Mainz | Mannheim | M\u00fcnchen | N\u00fcrnberg | Potsdam | Regensburg | Rostock | Saarbr\u00fccken | Stuttgart | W\u00fcrzburg<\/p>\n<hr \/>\n<p>[\/vc_column_text][\/vc_column][\/vc_row]<\/p>\n","protected":false},"excerpt":{"rendered":"<p>[vc_row full_width=&#8220;stretch_row&#8220; equal_height=&#8220;yes&#8220; css=&#8220;.vc_custom_1544018271708{margin-top: -85px !important;padding-top: 50px !important;padding-bottom: 30px !important;background-color: #f0f0f0 !important;}&#8220;][vc_column width=&#8220;1\/4&#8243;][vc_column_text] ISO 9001 Ein effektives Qualit\u00e4tsmanagement-System nach ISO\u202f9001 ist f\u00fcr Unternehmen nicht nur ein Wettbewerbsvorteil, sondern sichert auch die langfristige Prozessqualit\u00e4t und Kundenzufriedenheit. [\/vc_column_text][\/vc_column][vc_column width=&#8220;3\/4&#8243;][vc_single_image image=&#8220;337&#8243; img_size=&#8220;full&#8220; alignment=&#8220;center&#8220; style=&#8220;vc_box_shadow_3d&#8220; css_animation=&#8220;fadeInUp&#8220;][\/vc_column][\/vc_row][vc_row css=&#8220;.vc_custom_1544085434169{padding-top: 10px !important;}&#8220;][vc_column width=&#8220;1\/4&#8243;][vc_single_image image=&#8220;397&#8243; img_size=&#8220;200&#215;128&#8243; alignment=&#8220;center&#8220;][\/vc_column][vc_column width=&#8220;3\/4&#8243;][vc_column_text [&hellip;]<\/p>\n","protected":false},"author":1,"featured_media":0,"parent":0,"menu_order":0,"comment_status":"closed","ping_status":"closed","template":"","meta":[],"yoast_head":"<!-- This site is optimized with the Yoast SEO plugin v21.5 - https:\/\/yoast.com\/wordpress\/plugins\/seo\/ -->\n<title>ISO 9001 - tec4net<\/title>\n<meta name=\"description\" content=\"Um IT-Bereiche vor St\u00f6rungen oder b\u00f6swilliger Manipulation wirkungsvoll zu sch\u00fctzen, muss IT-Sicherheit muss als ein zentrales Thema in Ihrem Unternehmen verstanden werden und im Denken und Handeln aller Mitarbeiter verankert sein.\" \/>\n<meta name=\"robots\" content=\"index, follow, max-snippet:-1, max-image-preview:large, max-video-preview:-1\" \/>\n<link rel=\"canonical\" href=\"https:\/\/www.tec4net.com\/web\/iso-9001\/\" \/>\n<meta property=\"og:locale\" content=\"de_DE\" \/>\n<meta property=\"og:type\" content=\"article\" \/>\n<meta property=\"og:title\" content=\"ISO 9001 - tec4net\" \/>\n<meta property=\"og:description\" content=\"Um IT-Bereiche vor St\u00f6rungen oder b\u00f6swilliger Manipulation wirkungsvoll zu sch\u00fctzen, muss IT-Sicherheit muss als ein zentrales Thema in Ihrem Unternehmen verstanden werden und im Denken und Handeln aller Mitarbeiter verankert sein.\" \/>\n<meta property=\"og:url\" content=\"https:\/\/www.tec4net.com\/web\/iso-9001\/\" \/>\n<meta property=\"og:site_name\" content=\"tec4net\" \/>\n<meta property=\"article:modified_time\" content=\"2025-11-25T16:22:13+00:00\" \/>\n<meta name=\"twitter:card\" content=\"summary_large_image\" \/>\n<meta name=\"twitter:label1\" content=\"Gesch\u00e4tzte Lesezeit\" \/>\n\t<meta name=\"twitter:data1\" content=\"4\u00a0Minuten\" \/>\n<script type=\"application\/ld+json\" class=\"yoast-schema-graph\">{\"@context\":\"https:\/\/schema.org\",\"@graph\":[{\"@type\":\"WebPage\",\"@id\":\"https:\/\/www.tec4net.com\/web\/iso-9001\/\",\"url\":\"https:\/\/www.tec4net.com\/web\/iso-9001\/\",\"name\":\"ISO 9001 - tec4net\",\"isPartOf\":{\"@id\":\"https:\/\/www.tec4net.com\/web\/#website\"},\"datePublished\":\"2025-09-11T12:11:55+00:00\",\"dateModified\":\"2025-11-25T16:22:13+00:00\",\"description\":\"Um IT-Bereiche vor St\u00f6rungen oder b\u00f6swilliger Manipulation wirkungsvoll zu sch\u00fctzen, muss IT-Sicherheit muss als ein zentrales Thema in Ihrem Unternehmen verstanden werden und im Denken und Handeln aller Mitarbeiter verankert sein.\",\"breadcrumb\":{\"@id\":\"https:\/\/www.tec4net.com\/web\/iso-9001\/#breadcrumb\"},\"inLanguage\":\"de\",\"potentialAction\":[{\"@type\":\"ReadAction\",\"target\":[\"https:\/\/www.tec4net.com\/web\/iso-9001\/\"]}]},{\"@type\":\"BreadcrumbList\",\"@id\":\"https:\/\/www.tec4net.com\/web\/iso-9001\/#breadcrumb\",\"itemListElement\":[{\"@type\":\"ListItem\",\"position\":1,\"name\":\"Startseite\",\"item\":\"https:\/\/www.tec4net.com\/web\/\"},{\"@type\":\"ListItem\",\"position\":2,\"name\":\"ISO 9001\"}]},{\"@type\":\"WebSite\",\"@id\":\"https:\/\/www.tec4net.com\/web\/#website\",\"url\":\"https:\/\/www.tec4net.com\/web\/\",\"name\":\"tec4net\",\"description\":\"Ihr starker IT-Partner\",\"publisher\":{\"@id\":\"https:\/\/www.tec4net.com\/web\/#organization\"},\"potentialAction\":[{\"@type\":\"SearchAction\",\"target\":{\"@type\":\"EntryPoint\",\"urlTemplate\":\"https:\/\/www.tec4net.com\/web\/?s={search_term_string}\"},\"query-input\":\"required name=search_term_string\"}],\"inLanguage\":\"de\"},{\"@type\":\"Organization\",\"@id\":\"https:\/\/www.tec4net.com\/web\/#organization\",\"name\":\"tec4net\",\"url\":\"https:\/\/www.tec4net.com\/web\/\",\"logo\":{\"@type\":\"ImageObject\",\"inLanguage\":\"de\",\"@id\":\"https:\/\/www.tec4net.com\/web\/#\/schema\/logo\/image\/\",\"url\":\"https:\/\/www.tec4net.com\/web\/wp-content\/uploads\/2018\/12\/t4n_Logo_startseite.png\",\"contentUrl\":\"https:\/\/www.tec4net.com\/web\/wp-content\/uploads\/2018\/12\/t4n_Logo_startseite.png\",\"width\":178,\"height\":163,\"caption\":\"tec4net\"},\"image\":{\"@id\":\"https:\/\/www.tec4net.com\/web\/#\/schema\/logo\/image\/\"}}]}<\/script>\n<!-- \/ Yoast SEO plugin. -->","yoast_head_json":{"title":"ISO 9001 - tec4net","description":"Um IT-Bereiche vor St\u00f6rungen oder b\u00f6swilliger Manipulation wirkungsvoll zu sch\u00fctzen, muss IT-Sicherheit muss als ein zentrales Thema in Ihrem Unternehmen verstanden werden und im Denken und Handeln aller Mitarbeiter verankert sein.","robots":{"index":"index","follow":"follow","max-snippet":"max-snippet:-1","max-image-preview":"max-image-preview:large","max-video-preview":"max-video-preview:-1"},"canonical":"https:\/\/www.tec4net.com\/web\/iso-9001\/","og_locale":"de_DE","og_type":"article","og_title":"ISO 9001 - tec4net","og_description":"Um IT-Bereiche vor St\u00f6rungen oder b\u00f6swilliger Manipulation wirkungsvoll zu sch\u00fctzen, muss IT-Sicherheit muss als ein zentrales Thema in Ihrem Unternehmen verstanden werden und im Denken und Handeln aller Mitarbeiter verankert sein.","og_url":"https:\/\/www.tec4net.com\/web\/iso-9001\/","og_site_name":"tec4net","article_modified_time":"2025-11-25T16:22:13+00:00","twitter_card":"summary_large_image","twitter_misc":{"Gesch\u00e4tzte Lesezeit":"4\u00a0Minuten"},"schema":{"@context":"https:\/\/schema.org","@graph":[{"@type":"WebPage","@id":"https:\/\/www.tec4net.com\/web\/iso-9001\/","url":"https:\/\/www.tec4net.com\/web\/iso-9001\/","name":"ISO 9001 - tec4net","isPartOf":{"@id":"https:\/\/www.tec4net.com\/web\/#website"},"datePublished":"2025-09-11T12:11:55+00:00","dateModified":"2025-11-25T16:22:13+00:00","description":"Um IT-Bereiche vor St\u00f6rungen oder b\u00f6swilliger Manipulation wirkungsvoll zu sch\u00fctzen, muss IT-Sicherheit muss als ein zentrales Thema in Ihrem Unternehmen verstanden werden und im Denken und Handeln aller Mitarbeiter verankert sein.","breadcrumb":{"@id":"https:\/\/www.tec4net.com\/web\/iso-9001\/#breadcrumb"},"inLanguage":"de","potentialAction":[{"@type":"ReadAction","target":["https:\/\/www.tec4net.com\/web\/iso-9001\/"]}]},{"@type":"BreadcrumbList","@id":"https:\/\/www.tec4net.com\/web\/iso-9001\/#breadcrumb","itemListElement":[{"@type":"ListItem","position":1,"name":"Startseite","item":"https:\/\/www.tec4net.com\/web\/"},{"@type":"ListItem","position":2,"name":"ISO 9001"}]},{"@type":"WebSite","@id":"https:\/\/www.tec4net.com\/web\/#website","url":"https:\/\/www.tec4net.com\/web\/","name":"tec4net","description":"Ihr starker IT-Partner","publisher":{"@id":"https:\/\/www.tec4net.com\/web\/#organization"},"potentialAction":[{"@type":"SearchAction","target":{"@type":"EntryPoint","urlTemplate":"https:\/\/www.tec4net.com\/web\/?s={search_term_string}"},"query-input":"required name=search_term_string"}],"inLanguage":"de"},{"@type":"Organization","@id":"https:\/\/www.tec4net.com\/web\/#organization","name":"tec4net","url":"https:\/\/www.tec4net.com\/web\/","logo":{"@type":"ImageObject","inLanguage":"de","@id":"https:\/\/www.tec4net.com\/web\/#\/schema\/logo\/image\/","url":"https:\/\/www.tec4net.com\/web\/wp-content\/uploads\/2018\/12\/t4n_Logo_startseite.png","contentUrl":"https:\/\/www.tec4net.com\/web\/wp-content\/uploads\/2018\/12\/t4n_Logo_startseite.png","width":178,"height":163,"caption":"tec4net"},"image":{"@id":"https:\/\/www.tec4net.com\/web\/#\/schema\/logo\/image\/"}}]}},"_links":{"self":[{"href":"https:\/\/www.tec4net.com\/web\/wp-json\/wp\/v2\/pages\/7049"}],"collection":[{"href":"https:\/\/www.tec4net.com\/web\/wp-json\/wp\/v2\/pages"}],"about":[{"href":"https:\/\/www.tec4net.com\/web\/wp-json\/wp\/v2\/types\/page"}],"author":[{"embeddable":true,"href":"https:\/\/www.tec4net.com\/web\/wp-json\/wp\/v2\/users\/1"}],"replies":[{"embeddable":true,"href":"https:\/\/www.tec4net.com\/web\/wp-json\/wp\/v2\/comments?post=7049"}],"version-history":[{"count":5,"href":"https:\/\/www.tec4net.com\/web\/wp-json\/wp\/v2\/pages\/7049\/revisions"}],"predecessor-version":[{"id":7576,"href":"https:\/\/www.tec4net.com\/web\/wp-json\/wp\/v2\/pages\/7049\/revisions\/7576"}],"wp:attachment":[{"href":"https:\/\/www.tec4net.com\/web\/wp-json\/wp\/v2\/media?parent=7049"}],"curies":[{"name":"wp","href":"https:\/\/api.w.org\/{rel}","templated":true}]}}