{"id":760,"date":"2018-12-08T19:52:14","date_gmt":"2018-12-08T18:52:14","guid":{"rendered":"https:\/\/www.tec4net.com\/web\/?page_id=760"},"modified":"2025-11-10T18:11:39","modified_gmt":"2025-11-10T17:11:39","slug":"impressum","status":"publish","type":"page","link":"https:\/\/www.tec4net.com\/web\/impressum\/","title":{"rendered":"IMPRESSUM"},"content":{"rendered":"<p>[vc_row][vc_column][vc_single_image image=&#8220;740&#8243; img_size=&#8220;full&#8220; alignment=&#8220;right&#8220;][\/vc_column][\/vc_row][vc_row css=&#8220;.vc_custom_1544295736589{margin-top: 40px !important;padding-top: 20px !important;}&#8220;][vc_column width=&#8220;1\/4&#8243;][vc_column_text]<\/p>\n<h2 style=\"text-align: right;\"><span style=\"color: #026198;\">IMPRESSUM<\/span><\/h2>\n<p>[\/vc_column_text][\/vc_column][vc_column width=&#8220;1\/2&#8243; css=&#8220;.vc_custom_1544296897840{margin-top: 0px !important;margin-left: 20px !important;padding-left: -20px !important;}&#8220;][vc_column_text css=&#8220;.vc_custom_1762794691070{margin-left: 0px !important;padding-left: 0px !important;}&#8220;]<span style=\"color: #026198;\"><strong>tec4net GmbH<\/strong><\/span><br \/>\n<span style=\"color: #026198;\">Lohenstra\u00dfe 13<\/span><br \/>\n<span style=\"color: #026198;\">82166 Gr\u00e4felfing<\/span><\/p>\n<p>T +49 89 54 04 36 30<br \/>\nF +49 89 54 04 36 31<br \/>\ninfo@tec4net.com<\/p>\n<hr \/>\n<p>Registergericht: Amtsgericht M\u00fcnchen HR B Nr.: 222513<br \/>\nUmsatzsteuer-Identifikationsnummer: DE 303854053<br \/>\nUPIK D-U-N-S Nr.: 313600003<\/p>\n<p>Gesch\u00e4ftsf\u00fchrer: Herr Matthias Walter<\/p>\n<p>Gesch\u00e4ftszeiten: Mo. bis Fr. 9.00 bis 17.00 Uhr<br \/>\nBitte vereinbaren Sie in jedem Fall einen Termin mit uns.<\/p>\n<p>Betriebs- und Berufshaftpflichtversicherung:<br \/>\nVersicherungskammer Bayern, Maximilianstra\u00dfe 53, 80530 M\u00fcnchen<br \/>\nR\u00e4umliche Geltung: Europa<\/p>\n<p>Verantwortlich f\u00fcr den Inhalt nach \u00a7 18 Abs. 2 MStV: Matthias Walter[\/vc_column_text][\/vc_column][vc_column width=&#8220;1\/4&#8243;][vc_single_image image=&#8220;1511&#8243; alignment=&#8220;right&#8220; css_animation=&#8220;fadeInDown&#8220;][\/vc_column][\/vc_row][vc_row css=&#8220;.vc_custom_1544297071873{padding-top: 20px !important;padding-bottom: 20px !important;}&#8220;][vc_column][vc_separator style=&#8220;dotted&#8220; border_width=&#8220;2&#8243;][\/vc_column][\/vc_row][vc_row full_width=&#8220;stretch_row&#8220; content_placement=&#8220;top&#8220; css=&#8220;.vc_custom_1544353595998{background-position: center !important;background-repeat: no-repeat !important;background-size: contain !important;}&#8220;][vc_column width=&#8220;1\/4&#8243;][vc_column_text]<\/p>\n<h4 style=\"text-align: right;\"><span style=\"color: #026198;\">STANDORTE<\/span><\/h4>\n<p>[\/vc_column_text][\/vc_column][vc_column width=&#8220;1\/4&#8243;][vc_column_text]<strong>B\u00dcRO M\u00dcNCHEN<\/strong><br \/>\ntec4net GmbH<br \/>\nLohenstra\u00dfe 13<br \/>\n82166 Gr\u00e4felfing<\/p>\n<p>Tel.: +49 89 54043630<\/p>\n<p>Gesch\u00e4ftszeiten:<br \/>\nMontag bis Freitag 9.00 bis 17.00 Uhr<\/p>\n<hr \/>\n<p><strong>B\u00dcRO BERLIN<\/strong><br \/>\ntec4net GmbH<br \/>\nKilstetter Stra\u00dfe 33a<br \/>\n14167 Berlin<\/p>\n<p>Tel: +49 30 57703130<\/p>\n<p>Gesch\u00e4ftszeiten:<br \/>\nMontag bis Freitag 9.00 bis 17.00 Uhr<\/p>\n<hr \/>\n<p><strong>B\u00dcRO N\u00dcRNBERG<\/strong><br \/>\ntec4net GmbH<br \/>\nOstendstra\u00dfe 181<br \/>\n90482 N\u00fcrnberg<\/p>\n<p>Tel: +49 911 14879820<\/p>\n<p>Gesch\u00e4ftszeiten:<br \/>\nMontag bis Freitag 9.00 bis 17.00 Uhr[\/vc_column_text][\/vc_column][vc_column width=&#8220;1\/2&#8243;][vc_single_image image=&#8220;855&#8243; img_size=&#8220;full&#8220; alignment=&#8220;center&#8220; css_animation=&#8220;flipInX&#8220;][\/vc_column][\/vc_row][vc_row css=&#8220;.vc_custom_1544297071873{padding-top: 20px !important;padding-bottom: 20px !important;}&#8220;][vc_column][vc_separator style=&#8220;dotted&#8220; border_width=&#8220;2&#8243;][\/vc_column][\/vc_row][vc_row][vc_column width=&#8220;1\/4&#8243;][vc_column_text]<\/p>\n<h4 style=\"text-align: right;\"><span style=\"color: #026198;\">HAFTUNG &amp; RECHT<br \/>\n<\/span><\/h4>\n<h4 style=\"text-align: right;\"><span style=\"color: #026198;\">\u00a0<\/span><\/h4>\n<p>[\/vc_column_text][\/vc_column][vc_column width=&#8220;3\/4&#8243;][vc_column_text]Die folgenden Bedingungen gelten f\u00fcr die Nutzung unserer Webseite verbindlich.<\/p>\n<p>Hiermit widersprechen wir ausdr\u00fccklich der Erhebung und Verarbeitung unserer Adress- und Kontaktdaten, zu Zwecken der Zusendung unverlangter Werbe- und Informationsmaterialien in jeglicher Form.<\/p>\n<p>Die Informationen, Daten und sonstige Inhalte unserer Website unterliegen dem Urheberrecht und sind markenrechtlich gesch\u00fctzt. Die Vervielf\u00e4ltigung und Verbreitung dieser Website oder einzelner Teile (z.B. Grafiken oder Textpassagen) ist untersagt.<\/p>\n<p>Es ist jedermann gestattet, mittels Link auf unsere Website zu verweisen. Dem Betreiber ist jedoch das Recht vorbehalten, vom Widerruf dieser Erlaubnis Gebrauch zu machen. Zudem ist die Darstellung dieser Website in einem Frame untersagt.<\/p>\n<p>Der Betreiber kann nach den gesetzlichen Bestimmungen f\u00fcr die Inhalte dieser Website haftbar gemacht werden. Er hat jedoch keine Gew\u00e4hrleistungspflicht bez\u00fcglich der Vollst\u00e4ndigkeit und Richtigkeit der Informationen und Inhalte, die auf dieser Website verf\u00fcgbar sind.<\/p>\n<p>Auf unserer Website f\u00fchren Links zu externen Webseiten Dritter, die wir inhaltlich nicht beeinflussen k\u00f6nnen. Daher ist auch der jeweilige Anbieter oder Betreiber der Seite f\u00fcr die Inhalte der verlinkten Website verantwortlich. Zum Zeitpunkt der Verlinkung wurden die verlinkten Seiten auf m\u00f6gliche Rechtsverst\u00f6\u00dfe hin \u00fcberpr\u00fcft. Rechtswidrige Inhalte waren hierbei f\u00fcr uns nicht erkennbar. Sollte sich dieser Umstand \u00e4ndern und uns eine Rechtsverletzung bekannt werden, werden wir die jeweilige Verlinkung umgehend entfernen.<\/p>\n<p>Bei Zustandekommen eines Vertragsverh\u00e4ltnisses zwischen Betreiber und Nutzer findet auf diese vertragliche Beziehung das Recht der Bundesrepublik Deutschland Anwendung. Ausgeschlossen von dieser Rechtswahl sind die zwingenden Verbraucherschutzvorschriften des Landes, in dem der Kunde seinen prim\u00e4ren Aufenthalt hat. Sollte der Nutzer die Verletzung von Immaterialg\u00fcterrecht geltend machen, wird diese Rechtswahl ebenfalls ausgehebelt. Die Anwendung des UN-Kaufrechts ist ausgeschlossen.<\/p>\n<p>Der Sitz des Betreibers gilt als Gerichtsstand f\u00fcr jedwede Streitigkeit, die im Zusammenhang mit der Nutzung der Website steht, wenn es sich bei dem Nutzer um einen Kaufmann, eine juristische Person des \u00f6ffentlichen Rechts oder ein \u00f6ffentlich-rechtliches Sonderverm\u00f6gen handelt.[\/vc_column_text][\/vc_column][\/vc_row]<\/p>\n","protected":false},"excerpt":{"rendered":"<p>[vc_row][vc_column][vc_single_image image=&#8220;740&#8243; img_size=&#8220;full&#8220; alignment=&#8220;right&#8220;][\/vc_column][\/vc_row][vc_row css=&#8220;.vc_custom_1544295736589{margin-top: 40px !important;padding-top: 20px !important;}&#8220;][vc_column width=&#8220;1\/4&#8243;][vc_column_text] IMPRESSUM [\/vc_column_text][\/vc_column][vc_column width=&#8220;1\/2&#8243; css=&#8220;.vc_custom_1544296897840{margin-top: 0px !important;margin-left: 20px !important;padding-left: -20px !important;}&#8220;][vc_column_text css=&#8220;.vc_custom_1762794691070{margin-left: 0px !important;padding-left: 0px !important;}&#8220;]tec4net GmbH Lohenstra\u00dfe 13 82166 Gr\u00e4felfing T +49 89 54 04 36 30 F +49 89 54 04 36 31 info@tec4net.com Registergericht: Amtsgericht M\u00fcnchen HR B [&hellip;]<\/p>\n","protected":false},"author":1,"featured_media":0,"parent":0,"menu_order":0,"comment_status":"closed","ping_status":"closed","template":"","meta":[],"yoast_head":"<!-- This site is optimized with the Yoast SEO plugin v21.5 - https:\/\/yoast.com\/wordpress\/plugins\/seo\/ -->\n<title>IMPRESSUM - tec4net<\/title>\n<meta name=\"robots\" content=\"index, follow, max-snippet:-1, max-image-preview:large, max-video-preview:-1\" \/>\n<link rel=\"canonical\" href=\"https:\/\/www.tec4net.com\/web\/impressum\/\" \/>\n<meta property=\"og:locale\" content=\"de_DE\" \/>\n<meta property=\"og:type\" content=\"article\" \/>\n<meta property=\"og:title\" content=\"IMPRESSUM - tec4net\" \/>\n<meta property=\"og:description\" content=\"[vc_row][vc_column][vc_single_image image=&#8220;740&#8243; img_size=&#8220;full&#8220; alignment=&#8220;right&#8220;][\/vc_column][\/vc_row][vc_row css=&#8220;.vc_custom_1544295736589{margin-top: 40px !important;padding-top: 20px !important;}&#8220;][vc_column width=&#8220;1\/4&#8243;][vc_column_text] IMPRESSUM [\/vc_column_text][\/vc_column][vc_column width=&#8220;1\/2&#8243; css=&#8220;.vc_custom_1544296897840{margin-top: 0px !important;margin-left: 20px !important;padding-left: -20px !important;}&#8220;][vc_column_text css=&#8220;.vc_custom_1762794691070{margin-left: 0px !important;padding-left: 0px !important;}&#8220;]tec4net GmbH Lohenstra\u00dfe 13 82166 Gr\u00e4felfing T +49 89 54 04 36 30 F +49 89 54 04 36 31 info@tec4net.com Registergericht: Amtsgericht M\u00fcnchen HR B [&hellip;]\" \/>\n<meta property=\"og:url\" content=\"https:\/\/www.tec4net.com\/web\/impressum\/\" \/>\n<meta property=\"og:site_name\" content=\"tec4net\" \/>\n<meta property=\"article:modified_time\" content=\"2025-11-10T17:11:39+00:00\" \/>\n<meta name=\"twitter:card\" content=\"summary_large_image\" \/>\n<meta name=\"twitter:label1\" content=\"Gesch\u00e4tzte Lesezeit\" \/>\n\t<meta name=\"twitter:data1\" content=\"3\u00a0Minuten\" \/>\n<script type=\"application\/ld+json\" class=\"yoast-schema-graph\">{\"@context\":\"https:\/\/schema.org\",\"@graph\":[{\"@type\":\"WebPage\",\"@id\":\"https:\/\/www.tec4net.com\/web\/impressum\/\",\"url\":\"https:\/\/www.tec4net.com\/web\/impressum\/\",\"name\":\"IMPRESSUM - tec4net\",\"isPartOf\":{\"@id\":\"https:\/\/www.tec4net.com\/web\/#website\"},\"datePublished\":\"2018-12-08T18:52:14+00:00\",\"dateModified\":\"2025-11-10T17:11:39+00:00\",\"breadcrumb\":{\"@id\":\"https:\/\/www.tec4net.com\/web\/impressum\/#breadcrumb\"},\"inLanguage\":\"de\",\"potentialAction\":[{\"@type\":\"ReadAction\",\"target\":[\"https:\/\/www.tec4net.com\/web\/impressum\/\"]}]},{\"@type\":\"BreadcrumbList\",\"@id\":\"https:\/\/www.tec4net.com\/web\/impressum\/#breadcrumb\",\"itemListElement\":[{\"@type\":\"ListItem\",\"position\":1,\"name\":\"Startseite\",\"item\":\"https:\/\/www.tec4net.com\/web\/\"},{\"@type\":\"ListItem\",\"position\":2,\"name\":\"IMPRESSUM\"}]},{\"@type\":\"WebSite\",\"@id\":\"https:\/\/www.tec4net.com\/web\/#website\",\"url\":\"https:\/\/www.tec4net.com\/web\/\",\"name\":\"tec4net\",\"description\":\"Ihr starker IT-Partner\",\"publisher\":{\"@id\":\"https:\/\/www.tec4net.com\/web\/#organization\"},\"potentialAction\":[{\"@type\":\"SearchAction\",\"target\":{\"@type\":\"EntryPoint\",\"urlTemplate\":\"https:\/\/www.tec4net.com\/web\/?s={search_term_string}\"},\"query-input\":\"required name=search_term_string\"}],\"inLanguage\":\"de\"},{\"@type\":\"Organization\",\"@id\":\"https:\/\/www.tec4net.com\/web\/#organization\",\"name\":\"tec4net\",\"url\":\"https:\/\/www.tec4net.com\/web\/\",\"logo\":{\"@type\":\"ImageObject\",\"inLanguage\":\"de\",\"@id\":\"https:\/\/www.tec4net.com\/web\/#\/schema\/logo\/image\/\",\"url\":\"https:\/\/www.tec4net.com\/web\/wp-content\/uploads\/2018\/12\/t4n_Logo_startseite.png\",\"contentUrl\":\"https:\/\/www.tec4net.com\/web\/wp-content\/uploads\/2018\/12\/t4n_Logo_startseite.png\",\"width\":178,\"height\":163,\"caption\":\"tec4net\"},\"image\":{\"@id\":\"https:\/\/www.tec4net.com\/web\/#\/schema\/logo\/image\/\"}}]}<\/script>\n<!-- \/ Yoast SEO plugin. -->","yoast_head_json":{"title":"IMPRESSUM - tec4net","robots":{"index":"index","follow":"follow","max-snippet":"max-snippet:-1","max-image-preview":"max-image-preview:large","max-video-preview":"max-video-preview:-1"},"canonical":"https:\/\/www.tec4net.com\/web\/impressum\/","og_locale":"de_DE","og_type":"article","og_title":"IMPRESSUM - tec4net","og_description":"[vc_row][vc_column][vc_single_image image=&#8220;740&#8243; img_size=&#8220;full&#8220; alignment=&#8220;right&#8220;][\/vc_column][\/vc_row][vc_row css=&#8220;.vc_custom_1544295736589{margin-top: 40px !important;padding-top: 20px !important;}&#8220;][vc_column width=&#8220;1\/4&#8243;][vc_column_text] IMPRESSUM [\/vc_column_text][\/vc_column][vc_column width=&#8220;1\/2&#8243; css=&#8220;.vc_custom_1544296897840{margin-top: 0px !important;margin-left: 20px !important;padding-left: -20px !important;}&#8220;][vc_column_text css=&#8220;.vc_custom_1762794691070{margin-left: 0px !important;padding-left: 0px !important;}&#8220;]tec4net GmbH Lohenstra\u00dfe 13 82166 Gr\u00e4felfing T +49 89 54 04 36 30 F +49 89 54 04 36 31 info@tec4net.com Registergericht: Amtsgericht M\u00fcnchen HR B [&hellip;]","og_url":"https:\/\/www.tec4net.com\/web\/impressum\/","og_site_name":"tec4net","article_modified_time":"2025-11-10T17:11:39+00:00","twitter_card":"summary_large_image","twitter_misc":{"Gesch\u00e4tzte Lesezeit":"3\u00a0Minuten"},"schema":{"@context":"https:\/\/schema.org","@graph":[{"@type":"WebPage","@id":"https:\/\/www.tec4net.com\/web\/impressum\/","url":"https:\/\/www.tec4net.com\/web\/impressum\/","name":"IMPRESSUM - tec4net","isPartOf":{"@id":"https:\/\/www.tec4net.com\/web\/#website"},"datePublished":"2018-12-08T18:52:14+00:00","dateModified":"2025-11-10T17:11:39+00:00","breadcrumb":{"@id":"https:\/\/www.tec4net.com\/web\/impressum\/#breadcrumb"},"inLanguage":"de","potentialAction":[{"@type":"ReadAction","target":["https:\/\/www.tec4net.com\/web\/impressum\/"]}]},{"@type":"BreadcrumbList","@id":"https:\/\/www.tec4net.com\/web\/impressum\/#breadcrumb","itemListElement":[{"@type":"ListItem","position":1,"name":"Startseite","item":"https:\/\/www.tec4net.com\/web\/"},{"@type":"ListItem","position":2,"name":"IMPRESSUM"}]},{"@type":"WebSite","@id":"https:\/\/www.tec4net.com\/web\/#website","url":"https:\/\/www.tec4net.com\/web\/","name":"tec4net","description":"Ihr starker IT-Partner","publisher":{"@id":"https:\/\/www.tec4net.com\/web\/#organization"},"potentialAction":[{"@type":"SearchAction","target":{"@type":"EntryPoint","urlTemplate":"https:\/\/www.tec4net.com\/web\/?s={search_term_string}"},"query-input":"required name=search_term_string"}],"inLanguage":"de"},{"@type":"Organization","@id":"https:\/\/www.tec4net.com\/web\/#organization","name":"tec4net","url":"https:\/\/www.tec4net.com\/web\/","logo":{"@type":"ImageObject","inLanguage":"de","@id":"https:\/\/www.tec4net.com\/web\/#\/schema\/logo\/image\/","url":"https:\/\/www.tec4net.com\/web\/wp-content\/uploads\/2018\/12\/t4n_Logo_startseite.png","contentUrl":"https:\/\/www.tec4net.com\/web\/wp-content\/uploads\/2018\/12\/t4n_Logo_startseite.png","width":178,"height":163,"caption":"tec4net"},"image":{"@id":"https:\/\/www.tec4net.com\/web\/#\/schema\/logo\/image\/"}}]}},"_links":{"self":[{"href":"https:\/\/www.tec4net.com\/web\/wp-json\/wp\/v2\/pages\/760"}],"collection":[{"href":"https:\/\/www.tec4net.com\/web\/wp-json\/wp\/v2\/pages"}],"about":[{"href":"https:\/\/www.tec4net.com\/web\/wp-json\/wp\/v2\/types\/page"}],"author":[{"embeddable":true,"href":"https:\/\/www.tec4net.com\/web\/wp-json\/wp\/v2\/users\/1"}],"replies":[{"embeddable":true,"href":"https:\/\/www.tec4net.com\/web\/wp-json\/wp\/v2\/comments?post=760"}],"version-history":[{"count":68,"href":"https:\/\/www.tec4net.com\/web\/wp-json\/wp\/v2\/pages\/760\/revisions"}],"predecessor-version":[{"id":7442,"href":"https:\/\/www.tec4net.com\/web\/wp-json\/wp\/v2\/pages\/760\/revisions\/7442"}],"wp:attachment":[{"href":"https:\/\/www.tec4net.com\/web\/wp-json\/wp\/v2\/media?parent=760"}],"curies":[{"name":"wp","href":"https:\/\/api.w.org\/{rel}","templated":true}]}}