{"id":803,"date":"2018-12-08T20:33:17","date_gmt":"2018-12-08T19:33:17","guid":{"rendered":"https:\/\/www.tec4net.com\/web\/?page_id=803"},"modified":"2019-02-28T10:34:30","modified_gmt":"2019-02-28T09:34:30","slug":"datenschutz-footer","status":"publish","type":"page","link":"https:\/\/www.tec4net.com\/web\/datenschutz-footer\/","title":{"rendered":"DATENSCHUTZ Footer"},"content":{"rendered":"<p>[vc_row][vc_column][vc_single_image image=&#8220;740&#8243; img_size=&#8220;full&#8220; alignment=&#8220;center&#8220;][\/vc_column][\/vc_row][vc_row css=&#8220;.vc_custom_1544298227606{margin-top: 40px !important;padding-top: 20px !important;}&#8220;][vc_column width=&#8220;1\/4&#8243;][vc_column_text]<\/p>\n<h2 style=\"text-align: right;\"><span style=\"color: #026198;\">DATENSCHUTZ<\/span><\/h2>\n<p>[\/vc_column_text][\/vc_column][vc_column width=&#8220;3\/4&#8243; css=&#8220;.vc_custom_1544297824313{margin-left: 20px !important;padding-left: -20px !important;}&#8220;][vc_column_text]Die tec4net GmbH, Lohenstra\u00dfe 13, 82166 Gr\u00e4felfing erhebt und verarbeitet Ihre personenbezogenen Daten entsprechend der gesetzlichen Datenschutzvorschriften sowie dieser Datenschutzerkl\u00e4rung. Im Folgenden informieren wir Sie \u00fcber Art, Umfang und Zweck der Erhebung sowie \u00fcber die Verwendung personenbezogener Daten.<\/p>\n<hr \/>\n<p><strong>Server-Logdateien<br \/>\n<\/strong>Beim Zugriff auf unsere Webseite \u00fcbermittelt Ihr Internet-Browser aus technischen Gr\u00fcnden automatisch Daten an unseren Webserver. In diesem Zusammenhang werden unter anderem das Datum und die Uhrzeit des Zugriffs, die URL der verweisenden Webseite, die angeforderte Datei, die Menge der \u00fcbertragenen Daten, der Browsertyp und dessen Version, das Betriebssystem des zugreifenden Rechners sowie dessen IP-Adresse protokolliert. Diese Daten werden getrennt von anderen Daten, die Sie im Rahmen der Nutzung unseres Webangebotes eingeben, gespeichert. Die aus technischen Gr\u00fcnden \u00fcbermittelten Daten werden ausschlie\u00dflich zu statistischen Zwecken ausgewertet und im Anschluss gel\u00f6scht. Eine Zuordnung dieser Daten zu einer bestimmten Person ist uns nicht m\u00f6glich und findet nicht statt.<\/p>\n<hr \/>\n<p><strong>Bestandsdaten<br \/>\n<\/strong>Sofern zwischen Ihnen und uns ein Vertragsverh\u00e4ltnis begr\u00fcndet, inhaltlich ausgestaltet oder ge\u00e4ndert werden soll, erheben und verarbeiten wir Ihre personenbezogenen Daten, soweit dies zur Erf\u00fcllung der vorgenannten Zwecke erforderlich ist. Eine Weitergabe der Daten an Dritte oder die Verarbeitung dieser Daten au\u00dferhalb des Europ\u00e4ischen Wirtschaftsraums (EWR) ist uns nur unter Beachtung der einschl\u00e4gigen datenschutzrechtlichen Bestimmungen der EU gestattet. Alle hieraus resultierenden Vorgaben und Ma\u00dfnahmen werden in solchen F\u00e4llen durch uns oder m\u00f6gliche beteiligte Dritte beachtet und eingehalten.<\/p>\n<hr \/>\n<p><strong>Nutzungsdaten<br \/>\n<\/strong>Um die Inanspruchnahme unseres Internetangebotes zu erm\u00f6glichen oder um eventuell kostenpflichtige Angebote abzurechnen, erheben und verarbeiten wir personenbezogene Daten, soweit dies hierf\u00fcr erforderlich ist. In diesem Zusammenhang werden Merkmale zur Identifikation des Nutzers, Angaben zu Beginn und Ende der Nutzung sowie deren Umfang erfasst. F\u00fcr Zwecke der Werbung, der Marktforschung und zur bedarfsgerechten Gestaltung unseres Internetangebotes d\u00fcrfen wir bei Verwendung von Pseudonymen Nutzungsprofile erstellen. Sie haben das Recht, dieser Verwendung Ihrer Daten zu widersprechen. Die Nutzungsprofile d\u00fcrfen und werden wir nicht mit Daten \u00fcber den Tr\u00e4ger des Pseudonyms zusammenf\u00fchren.<\/p>\n<hr \/>\n<p><strong>Datenherausgabe<br \/>\n<\/strong>Im Falle der Anordnung durch eine berechtigte Stelle d\u00fcrfen und m\u00fcssen wir im Einzelfall Auskunft \u00fcber die vorbezeichneten Daten erteilen. Diese Ausnahme tritt in Kraft, wenn dies f\u00fcr Zwecke der Strafverfolgung, der Gefahrenabwehr, zur Erf\u00fcllung gesetzlicher Aufgaben der Verfassungsschutzbeh\u00f6rden oder des Milit\u00e4rischen Abschirmdienstes sowie zur Durchsetzung der Anspr\u00fcche von Rechteinhabern erforderlich ist.<\/p>\n<hr \/>\n<p><strong>Sicherheit der Verarbeitung<br \/>\n<\/strong>Zum Schutz Ihrer personenbezogenen Daten und zur Gew\u00e4hrleistung der IT-Sicherheit haben wir angemessene technische und organisatorische Ma\u00dfnahmen umgesetzt. Diese Ma\u00dfnahmen werden regelm\u00e4\u00dfig auf Ihre Wirksamkeit hin \u00fcberpr\u00fcft und mit dem Stand der Technik abgeglichen.<\/p>\n<hr \/>\n<p><strong>Kontaktformular und Registrierung<br \/>\n<\/strong>Wenn Sie sich \u00fcber unsere Webseite registrieren oder uns per Kontaktformular Anfragen zukommen lassen, werden Ihre Angaben aus diesen Formularen f\u00fcr Bearbeitungszwecke bei uns gespeichert und verarbeitet. Unsere Seite nutzt aus Gr\u00fcnden der Sicherheit und zum Schutz der \u00dcbertragung vertraulicher Inhalte eine SSL-Verschl\u00fcsselung.<\/p>\n<hr \/>\n<p><strong>Cookies<br \/>\n<\/strong>Um den Funktionsumfang unserer Webseite zu verbessern und die Nutzung komfortabler zu gestalten, setzen wir Cookies ein. Cookies k\u00f6nnen beim Aufruf unserer Webseite Informationen auf Ihrem Rechner speichern. Das Abspeichern von Cookies auf dem zugreifenden Endger\u00e4t kann durch entsprechende Einstellungen im Browser verhindert werden. Hierdurch k\u00f6nnte allerdings der Funktionsumfang unseres Angebotes eingeschr\u00e4nkt werden. Die meisten der von uns verwendeten Cookies sind technische, so genannte \u201eSession-Cookies\u201c. Diese werden beim Verlassen unserer Webseite automatisch gel\u00f6scht. Andere Cookies bleiben auf Ihrem Endger\u00e4t gespeichert, bis Sie diese selbst l\u00f6schen. Cookies erm\u00f6glichen es uns, den Browser bei einem erneuten Aufruf unserer Webseite wiederzuerkennen.<\/p>\n<hr \/>\n<p><strong>Google Maps<br \/>\n<\/strong>Zur grafischen Darstellung unserer Adresse sowie zur Erstellung von Anfahrtsbeschreibungen verwenden wir Google Maps auf unserer Webseite. Dieser Kartendienst wird von der Google Inc. bereitgestellt. Beim Aufruf unserer Webseite ist es daher m\u00f6glich, dass Informationen \u00fcber die Benutzung der Website, einschlie\u00dflich Ihrer IP-Adresse an Google in den USA \u00fcbertragen werden. Da Ihr Browser eine direkte Verbindung mit den Servern von Google aufbaut, haben wir keinen Einfluss auf den Umfang der Daten, welche durch Google auf diese Weise erhoben werden. Die Nutzungsbedingungen f\u00fcr Google Maps finden Sie unter dem folgenden Link: <a href=\"https:\/\/www.google.com\/intl\/de_de\/help\/terms_maps.html\">https:\/\/www.google.com\/intl\/de_de\/help\/terms_maps.html<\/a><\/p>\n<hr \/>\n<p><strong>Verlinkungen zu Sozialen Medien<br \/>\n<\/strong>Soziale Medien sind Webseiten die es Nutzern erm\u00f6glichen, sich mit anderen Nutzern auszutauschen und mediale Inhalte einzeln oder in Gemeinschaft zu erstellen. Hierbei werden \u00fcblicherweise personenbezogene Daten durch den Nutzer selbst oder den Dienstanbieter ver\u00f6ffentlicht, erhoben und verarbeitet. Auf unserer Webseite sind Verlinkungen zu Sozialen Medien wie Facebook, Twitter oder LinkedIn enthalten und in Form von kleinen Logo-Buttons anklickbar. Nach dem Anklicken eines solchen Buttons, werden Sie auf die Webseite des jeweiligen Anbieters weitergeleitet. Bereits beim \u00d6ffnen solcher Webseite k\u00f6nnen Nutzerinformationen an den jeweiligen Anbieter \u00fcbertragen werden. Informationen zum Umgang mit Ihren personenbezogenen Daten bei Nutzung dieser Webseiten, entnehmen Sie bitte den jeweiligen Datenschutzbestimmungen der Anbieter.<\/p>\n<hr \/>\n<p><strong>Betroffenenrechte<br \/>\n<\/strong>Als Betroffener haben Sie das Recht, von uns Auskunft \u00fcber die zu Ihrer Person gespeicherten Daten und deren Herkunft zu verlangen. Auf Ihr Verlangen kann die Auskunft auch elektronisch erteilt werden. Weiter haben Sie das Recht, die Berichtigung sowie die L\u00f6schung bzw. Sperrung der zu Ihrer Person gespeicherten Daten zu verlangen. Vom Betroffenen erteilte Einwilligungen z.B. in den Versand von Newslettern und zur dauerhaften Speicherung der eigenen personenbezogenen Daten k\u00f6nnen jederzeit wiederrufen werden. Die Nichtbeachtung der Betroffenenrechte stellt einen Versto\u00df gegen die datenschutzrechtlichen Bestimmungen dar und kann durch die Aufsichtsbeh\u00f6rde sanktioniert werden. Betroffene haben ein Beschwerderecht bei der zust\u00e4ndigen Aufsichtsbeh\u00f6rde.<\/p>\n<hr \/>\n<p><strong>Datenl\u00f6schung<br \/>\n<\/strong>Wir l\u00f6schen Daten nach Zweckentfall unter Beachtung von L\u00f6schfristen und der Betroffenenrechte, sofern dem kein berechtigtes Interesse unsererseits oder eine andere gesetzliche Regelung zur l\u00e4ngeren Aufbewahrung entgegensteht.<\/p>\n<hr \/>\n<p><strong>Datenschutzanfragen<br \/>\n<\/strong>Bitte wenden Sie sich in allen datenschutzrechtlichen Belangen an unseren Ansprechpartner f\u00fcr den Datenschutz dsb@tec4net.com.<\/p>\n<hr \/>\n<p><strong>Ansprechpartner f\u00fcr den Datenschutz<br \/>\n<\/strong>tec4net GmbH, Herr Matthias Walter, Lohenstra\u00dfe 13, 82166 Gr\u00e4felfing | T. +49 89 54 04 36 30 | www.tec4net.com<\/p>\n<hr \/>\n<p><strong>Zust\u00e4ndige Datenschutzaufsichtsbeh\u00f6rde<br \/>\n<\/strong>Bayerisches Landesamt f\u00fcr Datenschutzaufsicht, Promenade 27, 91522 Ansbach | T. +49 981 531300| <a href=\"http:\/\/www.lda.bayern.de\">http:\/\/www.lda.bayern.de<\/a>[\/vc_column_text][\/vc_column][\/vc_row]<\/p>\n","protected":false},"excerpt":{"rendered":"<p>[vc_row][vc_column][vc_single_image image=&#8220;740&#8243; img_size=&#8220;full&#8220; alignment=&#8220;center&#8220;][\/vc_column][\/vc_row][vc_row css=&#8220;.vc_custom_1544298227606{margin-top: 40px !important;padding-top: 20px !important;}&#8220;][vc_column width=&#8220;1\/4&#8243;][vc_column_text] DATENSCHUTZ [\/vc_column_text][\/vc_column][vc_column width=&#8220;3\/4&#8243; css=&#8220;.vc_custom_1544297824313{margin-left: 20px !important;padding-left: -20px !important;}&#8220;][vc_column_text]Die tec4net GmbH, Lohenstra\u00dfe 13, 82166 Gr\u00e4felfing erhebt und verarbeitet Ihre personenbezogenen Daten entsprechend der gesetzlichen Datenschutzvorschriften sowie dieser Datenschutzerkl\u00e4rung. Im Folgenden informieren wir Sie \u00fcber Art, Umfang und Zweck der Erhebung sowie [&hellip;]<\/p>\n","protected":false},"author":1,"featured_media":0,"parent":0,"menu_order":0,"comment_status":"closed","ping_status":"closed","template":"","meta":[],"yoast_head":"<!-- This site is optimized with the Yoast SEO plugin v21.5 - https:\/\/yoast.com\/wordpress\/plugins\/seo\/ -->\n<title>DATENSCHUTZ Footer - tec4net<\/title>\n<meta name=\"robots\" content=\"index, follow, max-snippet:-1, max-image-preview:large, max-video-preview:-1\" \/>\n<link rel=\"canonical\" href=\"https:\/\/www.tec4net.com\/web\/datenschutz-footer\/\" \/>\n<meta property=\"og:locale\" content=\"de_DE\" \/>\n<meta property=\"og:type\" content=\"article\" \/>\n<meta property=\"og:title\" content=\"DATENSCHUTZ Footer - tec4net\" \/>\n<meta property=\"og:description\" content=\"[vc_row][vc_column][vc_single_image image=&#8220;740&#8243; img_size=&#8220;full&#8220; alignment=&#8220;center&#8220;][\/vc_column][\/vc_row][vc_row css=&#8220;.vc_custom_1544298227606{margin-top: 40px !important;padding-top: 20px !important;}&#8220;][vc_column width=&#8220;1\/4&#8243;][vc_column_text] DATENSCHUTZ [\/vc_column_text][\/vc_column][vc_column width=&#8220;3\/4&#8243; css=&#8220;.vc_custom_1544297824313{margin-left: 20px !important;padding-left: -20px !important;}&#8220;][vc_column_text]Die tec4net GmbH, Lohenstra\u00dfe 13, 82166 Gr\u00e4felfing erhebt und verarbeitet Ihre personenbezogenen Daten entsprechend der gesetzlichen Datenschutzvorschriften sowie dieser Datenschutzerkl\u00e4rung. Im Folgenden informieren wir Sie \u00fcber Art, Umfang und Zweck der Erhebung sowie [&hellip;]\" \/>\n<meta property=\"og:url\" content=\"https:\/\/www.tec4net.com\/web\/datenschutz-footer\/\" \/>\n<meta property=\"og:site_name\" content=\"tec4net\" \/>\n<meta property=\"article:modified_time\" content=\"2019-02-28T09:34:30+00:00\" \/>\n<meta name=\"twitter:card\" content=\"summary_large_image\" \/>\n<meta name=\"twitter:label1\" content=\"Gesch\u00e4tzte Lesezeit\" \/>\n\t<meta name=\"twitter:data1\" content=\"5\u00a0Minuten\" \/>\n<script type=\"application\/ld+json\" class=\"yoast-schema-graph\">{\"@context\":\"https:\/\/schema.org\",\"@graph\":[{\"@type\":\"WebPage\",\"@id\":\"https:\/\/www.tec4net.com\/web\/datenschutz-footer\/\",\"url\":\"https:\/\/www.tec4net.com\/web\/datenschutz-footer\/\",\"name\":\"DATENSCHUTZ Footer - tec4net\",\"isPartOf\":{\"@id\":\"https:\/\/www.tec4net.com\/web\/#website\"},\"datePublished\":\"2018-12-08T19:33:17+00:00\",\"dateModified\":\"2019-02-28T09:34:30+00:00\",\"breadcrumb\":{\"@id\":\"https:\/\/www.tec4net.com\/web\/datenschutz-footer\/#breadcrumb\"},\"inLanguage\":\"de\",\"potentialAction\":[{\"@type\":\"ReadAction\",\"target\":[\"https:\/\/www.tec4net.com\/web\/datenschutz-footer\/\"]}]},{\"@type\":\"BreadcrumbList\",\"@id\":\"https:\/\/www.tec4net.com\/web\/datenschutz-footer\/#breadcrumb\",\"itemListElement\":[{\"@type\":\"ListItem\",\"position\":1,\"name\":\"Startseite\",\"item\":\"https:\/\/www.tec4net.com\/web\/\"},{\"@type\":\"ListItem\",\"position\":2,\"name\":\"DATENSCHUTZ Footer\"}]},{\"@type\":\"WebSite\",\"@id\":\"https:\/\/www.tec4net.com\/web\/#website\",\"url\":\"https:\/\/www.tec4net.com\/web\/\",\"name\":\"tec4net\",\"description\":\"Ihr starker IT-Partner\",\"publisher\":{\"@id\":\"https:\/\/www.tec4net.com\/web\/#organization\"},\"potentialAction\":[{\"@type\":\"SearchAction\",\"target\":{\"@type\":\"EntryPoint\",\"urlTemplate\":\"https:\/\/www.tec4net.com\/web\/?s={search_term_string}\"},\"query-input\":\"required name=search_term_string\"}],\"inLanguage\":\"de\"},{\"@type\":\"Organization\",\"@id\":\"https:\/\/www.tec4net.com\/web\/#organization\",\"name\":\"tec4net\",\"url\":\"https:\/\/www.tec4net.com\/web\/\",\"logo\":{\"@type\":\"ImageObject\",\"inLanguage\":\"de\",\"@id\":\"https:\/\/www.tec4net.com\/web\/#\/schema\/logo\/image\/\",\"url\":\"https:\/\/www.tec4net.com\/web\/wp-content\/uploads\/2018\/12\/t4n_Logo_startseite.png\",\"contentUrl\":\"https:\/\/www.tec4net.com\/web\/wp-content\/uploads\/2018\/12\/t4n_Logo_startseite.png\",\"width\":178,\"height\":163,\"caption\":\"tec4net\"},\"image\":{\"@id\":\"https:\/\/www.tec4net.com\/web\/#\/schema\/logo\/image\/\"}}]}<\/script>\n<!-- \/ Yoast SEO plugin. -->","yoast_head_json":{"title":"DATENSCHUTZ Footer - tec4net","robots":{"index":"index","follow":"follow","max-snippet":"max-snippet:-1","max-image-preview":"max-image-preview:large","max-video-preview":"max-video-preview:-1"},"canonical":"https:\/\/www.tec4net.com\/web\/datenschutz-footer\/","og_locale":"de_DE","og_type":"article","og_title":"DATENSCHUTZ Footer - tec4net","og_description":"[vc_row][vc_column][vc_single_image image=&#8220;740&#8243; img_size=&#8220;full&#8220; alignment=&#8220;center&#8220;][\/vc_column][\/vc_row][vc_row css=&#8220;.vc_custom_1544298227606{margin-top: 40px !important;padding-top: 20px !important;}&#8220;][vc_column width=&#8220;1\/4&#8243;][vc_column_text] DATENSCHUTZ [\/vc_column_text][\/vc_column][vc_column width=&#8220;3\/4&#8243; css=&#8220;.vc_custom_1544297824313{margin-left: 20px !important;padding-left: -20px !important;}&#8220;][vc_column_text]Die tec4net GmbH, Lohenstra\u00dfe 13, 82166 Gr\u00e4felfing erhebt und verarbeitet Ihre personenbezogenen Daten entsprechend der gesetzlichen Datenschutzvorschriften sowie dieser Datenschutzerkl\u00e4rung. Im Folgenden informieren wir Sie \u00fcber Art, Umfang und Zweck der Erhebung sowie [&hellip;]","og_url":"https:\/\/www.tec4net.com\/web\/datenschutz-footer\/","og_site_name":"tec4net","article_modified_time":"2019-02-28T09:34:30+00:00","twitter_card":"summary_large_image","twitter_misc":{"Gesch\u00e4tzte Lesezeit":"5\u00a0Minuten"},"schema":{"@context":"https:\/\/schema.org","@graph":[{"@type":"WebPage","@id":"https:\/\/www.tec4net.com\/web\/datenschutz-footer\/","url":"https:\/\/www.tec4net.com\/web\/datenschutz-footer\/","name":"DATENSCHUTZ Footer - tec4net","isPartOf":{"@id":"https:\/\/www.tec4net.com\/web\/#website"},"datePublished":"2018-12-08T19:33:17+00:00","dateModified":"2019-02-28T09:34:30+00:00","breadcrumb":{"@id":"https:\/\/www.tec4net.com\/web\/datenschutz-footer\/#breadcrumb"},"inLanguage":"de","potentialAction":[{"@type":"ReadAction","target":["https:\/\/www.tec4net.com\/web\/datenschutz-footer\/"]}]},{"@type":"BreadcrumbList","@id":"https:\/\/www.tec4net.com\/web\/datenschutz-footer\/#breadcrumb","itemListElement":[{"@type":"ListItem","position":1,"name":"Startseite","item":"https:\/\/www.tec4net.com\/web\/"},{"@type":"ListItem","position":2,"name":"DATENSCHUTZ Footer"}]},{"@type":"WebSite","@id":"https:\/\/www.tec4net.com\/web\/#website","url":"https:\/\/www.tec4net.com\/web\/","name":"tec4net","description":"Ihr starker IT-Partner","publisher":{"@id":"https:\/\/www.tec4net.com\/web\/#organization"},"potentialAction":[{"@type":"SearchAction","target":{"@type":"EntryPoint","urlTemplate":"https:\/\/www.tec4net.com\/web\/?s={search_term_string}"},"query-input":"required name=search_term_string"}],"inLanguage":"de"},{"@type":"Organization","@id":"https:\/\/www.tec4net.com\/web\/#organization","name":"tec4net","url":"https:\/\/www.tec4net.com\/web\/","logo":{"@type":"ImageObject","inLanguage":"de","@id":"https:\/\/www.tec4net.com\/web\/#\/schema\/logo\/image\/","url":"https:\/\/www.tec4net.com\/web\/wp-content\/uploads\/2018\/12\/t4n_Logo_startseite.png","contentUrl":"https:\/\/www.tec4net.com\/web\/wp-content\/uploads\/2018\/12\/t4n_Logo_startseite.png","width":178,"height":163,"caption":"tec4net"},"image":{"@id":"https:\/\/www.tec4net.com\/web\/#\/schema\/logo\/image\/"}}]}},"_links":{"self":[{"href":"https:\/\/www.tec4net.com\/web\/wp-json\/wp\/v2\/pages\/803"}],"collection":[{"href":"https:\/\/www.tec4net.com\/web\/wp-json\/wp\/v2\/pages"}],"about":[{"href":"https:\/\/www.tec4net.com\/web\/wp-json\/wp\/v2\/types\/page"}],"author":[{"embeddable":true,"href":"https:\/\/www.tec4net.com\/web\/wp-json\/wp\/v2\/users\/1"}],"replies":[{"embeddable":true,"href":"https:\/\/www.tec4net.com\/web\/wp-json\/wp\/v2\/comments?post=803"}],"version-history":[{"count":12,"href":"https:\/\/www.tec4net.com\/web\/wp-json\/wp\/v2\/pages\/803\/revisions"}],"predecessor-version":[{"id":2246,"href":"https:\/\/www.tec4net.com\/web\/wp-json\/wp\/v2\/pages\/803\/revisions\/2246"}],"wp:attachment":[{"href":"https:\/\/www.tec4net.com\/web\/wp-json\/wp\/v2\/media?parent=803"}],"curies":[{"name":"wp","href":"https:\/\/api.w.org\/{rel}","templated":true}]}}