{"id":889,"date":"2018-12-21T11:26:28","date_gmt":"2018-12-21T10:26:28","guid":{"rendered":"https:\/\/www.tec4net.com\/web\/?page_id=889"},"modified":"2023-11-14T23:32:10","modified_gmt":"2023-11-14T22:32:10","slug":"mitarbeiter","status":"publish","type":"page","link":"https:\/\/www.tec4net.com\/web\/mitarbeiter\/","title":{"rendered":"Mitarbeiter"},"content":{"rendered":"<p>[vc_row full_width=&#8220;stretch_row&#8220; equal_height=&#8220;yes&#8220; css=&#8220;.vc_custom_1546007083123{margin-top: -85px !important;padding-top: 50px !important;padding-bottom: 30px !important;background-color: #f0f0f0 !important;}&#8220;][vc_column width=&#8220;1\/4&#8243;][vc_column_text]<\/p>\n<h2 style=\"text-align: right;\"><span style=\"color: #026198;\">MITARBEITER<\/span><\/h2>\n<p style=\"text-align: right;\"><span style=\"color: #026198;\"><strong>Eine der wertvollsten Ressourcen ist das Wissen unserer Mitarbeiter sowie deren Bereitschaft, sich Neues anzueignen und anzuwenden.<\/strong><\/span><\/p>\n<p>[\/vc_column_text][\/vc_column][vc_column width=&#8220;3\/4&#8243;][vc_single_image image=&#8220;560&#8243; img_size=&#8220;full&#8220; alignment=&#8220;center&#8220; style=&#8220;vc_box_shadow_3d&#8220; css_animation=&#8220;fadeInUp&#8220;][\/vc_column][\/vc_row][vc_row css=&#8220;.vc_custom_1546006929388{padding-top: 20px !important;}&#8220;][vc_column width=&#8220;1\/4&#8243; css=&#8220;.vc_custom_1546007563882{margin-left: 0px !important;}&#8220;][vc_single_image image=&#8220;928&#8243; alignment=&#8220;center&#8220;][\/vc_column][vc_column width=&#8220;3\/4&#8243;][vc_column_text css=&#8220;.vc_custom_1546007774953{padding-bottom: 20px !important;}&#8220;]Die Informationstechnologie ist nicht nur vielschichtig, sondern unterliegt auch einem permanenten Wandel. In keinem anderen Fachbereich \u00e4ndern sich die technischen Voraussetzungen und Schl\u00fcsseltechnologien schneller.<\/p>\n<p>Unser Personal wird regelm\u00e4\u00dfig und direkt durch unsere Software- und Hardwarelieferanten geschult, um so sicherzustellen, dass jeder im Team neben den Praxiserfahrungen auch immer \u00fcber das Spezialwissen der neuesten Technologien verf\u00fcgt. Profitieren auch Sie von diesem Wissen und unserer langj\u00e4hrigen Erfahrung bei Planung und Umsetzung komplexer IT-Projekte.<\/p>\n<p>Gerne unterst\u00fctzen wir Sie mit unseren kompetenten und zertifizierten Experten auch bei l\u00e4ngeren Projekten vor Ort. Zur Bearbeitung von ausgefallenen Anfragen bieten wir neben eigenem Personal auch bedarfsgerechte Experten \u00fcber unser praxiserprobtes Spezialisten-Netzwerk.[\/vc_column_text][vc_column_text]<\/p>\n<h4><span style=\"color: #026198;\">Unsere Experten unterst\u00fctzen Sie als:<\/span><\/h4>\n<p><span style=\"color: #026198;\">\u2192\u00a0\u00a0 NETZWERKARCHITEKTEN<\/span><\/p>\n<hr \/>\n<p><span style=\"color: #026198;\">\u2192\u00a0\u00a0 IT-ADMINISTRATOREN<\/span><\/p>\n<hr \/>\n<p><span style=\"color: #026198;\">\u2192\u00a0\u00a0IT-SICHERHEITSBEAUFTRAGTE<\/span><\/p>\n<hr \/>\n<p><span style=\"color: #026198;\">\u2192\u00a0\u00a0 DATENSCHUTZBEAUFTRAGTE<\/span><\/p>\n<hr \/>\n<p><span style=\"color: #026198;\">\u2192\u00a0\u00a0 EDV-SACHVERST\u00c4NDIGE | AUDITOREN<\/span><\/p>\n<hr \/>\n<p>[\/vc_column_text][\/vc_column][\/vc_row][vc_row][vc_column width=&#8220;1\/4&#8243;][\/vc_column][vc_column width=&#8220;3\/4&#8243;][vc_empty_space][\/vc_column][\/vc_row][vc_row][vc_column width=&#8220;1\/4&#8243;][\/vc_column][vc_column width=&#8220;3\/4&#8243;][vc_separator style=&#8220;dotted&#8220; border_width=&#8220;2&#8243;][vc_column_text]Brosch\u00fcren zum Download:\u00a0 <a href=\"https:\/\/www.tec4net.com\/web\/wp-content\/uploads\/2019\/03\/tec4net_Broschuere_IT-Experten.pdf\" target=\"_blank\" rel=\"noopener noreferrer\">\u2192\u00a0\u00a0 <\/a><a href=\"https:\/\/www.tec4net.com\/web\/wp-content\/uploads\/2019\/03\/tec4net_Broschuere_IT-Experten.pdf\" target=\"_blank\" rel=\"noopener noreferrer\">tec4net_Brosch\u00fcre_<\/a><a href=\"https:\/\/www.tec4net.com\/web\/wp-content\/uploads\/2019\/03\/tec4net_Broschuere_IT-Experten.pdf\" target=\"_blank\" rel=\"noopener noreferrer\">IT-Experten (4,2 MB)<\/a>[\/vc_column_text][vc_separator style=&#8220;dotted&#8220; border_width=&#8220;2&#8243;][\/vc_column][\/vc_row][vc_row][vc_column width=&#8220;1\/4&#8243;][\/vc_column][vc_column width=&#8220;1\/4&#8243;][vc_btn title=&#8220;\u2709 Kostenloses Erstgespr\u00e4ch&#8220; color=&#8220;pink&#8220; link=&#8220;url:mailto%3Ainfo%40tec4net.com%3Fsubject%3DKostenloses%2520Erstgespr%25C3%25A4ch%2520-%2520Experten|||&#8220;][\/vc_column][vc_column width=&#8220;1\/4&#8243;][\/vc_column][vc_column width=&#8220;1\/4&#8243;][\/vc_column][\/vc_row][vc_row][vc_column width=&#8220;1\/4&#8243;][\/vc_column][vc_column width=&#8220;3\/4&#8243;][vc_empty_space][vc_column_text]<\/p>\n<h4><span style=\"color: #026198;\">Zertifizierte Experten f\u00fcr ganz Deutschland<\/span><\/h4>\n<p>Unsere erfahrenen Experten sind bei Unternehmen und Konzernen im gesamten Bundesgebiet im Einsatz.<\/p>\n<p>Wir haben Ansprechpartner f\u00fcr Berlin, Hamburg, M\u00fcnchen, K\u00f6ln, Frankfurt am Main, Stuttgart, D\u00fcsseldorf, Essen, Leipzig, Bremen, Dresden, Hannover und N\u00fcrnberg.[\/vc_column_text][vc_column_text]<\/p>\n<p style=\"text-align: center;\"><strong>Qualifizierte Experten<\/strong><\/p>\n<p style=\"text-align: center;\">VMware Certified Professional (VCP)\u00a0 |\u00a0 Cisco Certified Network Professional (CCNP)<br \/>\nCertified Information Security Manager (CISM)\u00a0 |\u00a0 Datenschutzbeauftragter (T\u00dcV)<br \/>\nEDV-Sachverst\u00e4ndiger (DESAG)\u00a0 |\u00a0 Microsoft Certified Solutions Associate (MCSA)<br \/>\nProject Management Professional (PMP)\u00a0 |\u00a0 ITIL Service Management (T\u00dcV)<br \/>\nCertified Quality Auditor (CQA)<\/p>\n<p>[\/vc_column_text][\/vc_column][\/vc_row][vc_row][vc_column][\/vc_column][\/vc_row]<\/p>\n","protected":false},"excerpt":{"rendered":"<p>[vc_row full_width=&#8220;stretch_row&#8220; equal_height=&#8220;yes&#8220; css=&#8220;.vc_custom_1546007083123{margin-top: -85px !important;padding-top: 50px !important;padding-bottom: 30px !important;background-color: #f0f0f0 !important;}&#8220;][vc_column width=&#8220;1\/4&#8243;][vc_column_text] MITARBEITER Eine der wertvollsten Ressourcen ist das Wissen unserer Mitarbeiter sowie deren Bereitschaft, sich Neues anzueignen und anzuwenden. [\/vc_column_text][\/vc_column][vc_column width=&#8220;3\/4&#8243;][vc_single_image image=&#8220;560&#8243; img_size=&#8220;full&#8220; alignment=&#8220;center&#8220; style=&#8220;vc_box_shadow_3d&#8220; css_animation=&#8220;fadeInUp&#8220;][\/vc_column][\/vc_row][vc_row css=&#8220;.vc_custom_1546006929388{padding-top: 20px !important;}&#8220;][vc_column width=&#8220;1\/4&#8243; css=&#8220;.vc_custom_1546007563882{margin-left: 0px !important;}&#8220;][vc_single_image image=&#8220;928&#8243; alignment=&#8220;center&#8220;][\/vc_column][vc_column width=&#8220;3\/4&#8243;][vc_column_text css=&#8220;.vc_custom_1546007774953{padding-bottom: 20px [&hellip;]<\/p>\n","protected":false},"author":1,"featured_media":0,"parent":0,"menu_order":0,"comment_status":"closed","ping_status":"closed","template":"","meta":[],"yoast_head":"<!-- This site is optimized with the Yoast SEO plugin v21.5 - https:\/\/yoast.com\/wordpress\/plugins\/seo\/ -->\n<title>Mitarbeiter - tec4net<\/title>\n<meta name=\"description\" content=\"Profitieren auch Sie von diesem Wissen und unserer langj\u00e4hrigen Erfahrung bei Planung und Umsetzung komplexer IT-Projekte.\" \/>\n<meta name=\"robots\" content=\"index, follow, max-snippet:-1, max-image-preview:large, max-video-preview:-1\" \/>\n<link rel=\"canonical\" href=\"https:\/\/www.tec4net.com\/web\/mitarbeiter\/\" \/>\n<meta property=\"og:locale\" content=\"de_DE\" \/>\n<meta property=\"og:type\" content=\"article\" \/>\n<meta property=\"og:title\" content=\"Mitarbeiter - tec4net\" \/>\n<meta property=\"og:description\" content=\"Profitieren auch Sie von diesem Wissen und unserer langj\u00e4hrigen Erfahrung bei Planung und Umsetzung komplexer IT-Projekte.\" \/>\n<meta property=\"og:url\" content=\"https:\/\/www.tec4net.com\/web\/mitarbeiter\/\" \/>\n<meta property=\"og:site_name\" content=\"tec4net\" \/>\n<meta property=\"article:modified_time\" content=\"2023-11-14T22:32:10+00:00\" \/>\n<meta name=\"twitter:card\" content=\"summary_large_image\" \/>\n<meta name=\"twitter:label1\" content=\"Gesch\u00e4tzte Lesezeit\" \/>\n\t<meta name=\"twitter:data1\" content=\"2\u00a0Minuten\" \/>\n<script type=\"application\/ld+json\" class=\"yoast-schema-graph\">{\"@context\":\"https:\/\/schema.org\",\"@graph\":[{\"@type\":\"WebPage\",\"@id\":\"https:\/\/www.tec4net.com\/web\/mitarbeiter\/\",\"url\":\"https:\/\/www.tec4net.com\/web\/mitarbeiter\/\",\"name\":\"Mitarbeiter - tec4net\",\"isPartOf\":{\"@id\":\"https:\/\/www.tec4net.com\/web\/#website\"},\"datePublished\":\"2018-12-21T10:26:28+00:00\",\"dateModified\":\"2023-11-14T22:32:10+00:00\",\"description\":\"Profitieren auch Sie von diesem Wissen und unserer langj\u00e4hrigen Erfahrung bei Planung und Umsetzung komplexer IT-Projekte.\",\"breadcrumb\":{\"@id\":\"https:\/\/www.tec4net.com\/web\/mitarbeiter\/#breadcrumb\"},\"inLanguage\":\"de\",\"potentialAction\":[{\"@type\":\"ReadAction\",\"target\":[\"https:\/\/www.tec4net.com\/web\/mitarbeiter\/\"]}]},{\"@type\":\"BreadcrumbList\",\"@id\":\"https:\/\/www.tec4net.com\/web\/mitarbeiter\/#breadcrumb\",\"itemListElement\":[{\"@type\":\"ListItem\",\"position\":1,\"name\":\"Startseite\",\"item\":\"https:\/\/www.tec4net.com\/web\/\"},{\"@type\":\"ListItem\",\"position\":2,\"name\":\"Mitarbeiter\"}]},{\"@type\":\"WebSite\",\"@id\":\"https:\/\/www.tec4net.com\/web\/#website\",\"url\":\"https:\/\/www.tec4net.com\/web\/\",\"name\":\"tec4net\",\"description\":\"Ihr starker IT-Partner\",\"publisher\":{\"@id\":\"https:\/\/www.tec4net.com\/web\/#organization\"},\"potentialAction\":[{\"@type\":\"SearchAction\",\"target\":{\"@type\":\"EntryPoint\",\"urlTemplate\":\"https:\/\/www.tec4net.com\/web\/?s={search_term_string}\"},\"query-input\":\"required name=search_term_string\"}],\"inLanguage\":\"de\"},{\"@type\":\"Organization\",\"@id\":\"https:\/\/www.tec4net.com\/web\/#organization\",\"name\":\"tec4net\",\"url\":\"https:\/\/www.tec4net.com\/web\/\",\"logo\":{\"@type\":\"ImageObject\",\"inLanguage\":\"de\",\"@id\":\"https:\/\/www.tec4net.com\/web\/#\/schema\/logo\/image\/\",\"url\":\"https:\/\/www.tec4net.com\/web\/wp-content\/uploads\/2018\/12\/t4n_Logo_startseite.png\",\"contentUrl\":\"https:\/\/www.tec4net.com\/web\/wp-content\/uploads\/2018\/12\/t4n_Logo_startseite.png\",\"width\":178,\"height\":163,\"caption\":\"tec4net\"},\"image\":{\"@id\":\"https:\/\/www.tec4net.com\/web\/#\/schema\/logo\/image\/\"}}]}<\/script>\n<!-- \/ Yoast SEO plugin. -->","yoast_head_json":{"title":"Mitarbeiter - tec4net","description":"Profitieren auch Sie von diesem Wissen und unserer langj\u00e4hrigen Erfahrung bei Planung und Umsetzung komplexer IT-Projekte.","robots":{"index":"index","follow":"follow","max-snippet":"max-snippet:-1","max-image-preview":"max-image-preview:large","max-video-preview":"max-video-preview:-1"},"canonical":"https:\/\/www.tec4net.com\/web\/mitarbeiter\/","og_locale":"de_DE","og_type":"article","og_title":"Mitarbeiter - tec4net","og_description":"Profitieren auch Sie von diesem Wissen und unserer langj\u00e4hrigen Erfahrung bei Planung und Umsetzung komplexer IT-Projekte.","og_url":"https:\/\/www.tec4net.com\/web\/mitarbeiter\/","og_site_name":"tec4net","article_modified_time":"2023-11-14T22:32:10+00:00","twitter_card":"summary_large_image","twitter_misc":{"Gesch\u00e4tzte Lesezeit":"2\u00a0Minuten"},"schema":{"@context":"https:\/\/schema.org","@graph":[{"@type":"WebPage","@id":"https:\/\/www.tec4net.com\/web\/mitarbeiter\/","url":"https:\/\/www.tec4net.com\/web\/mitarbeiter\/","name":"Mitarbeiter - tec4net","isPartOf":{"@id":"https:\/\/www.tec4net.com\/web\/#website"},"datePublished":"2018-12-21T10:26:28+00:00","dateModified":"2023-11-14T22:32:10+00:00","description":"Profitieren auch Sie von diesem Wissen und unserer langj\u00e4hrigen Erfahrung bei Planung und Umsetzung komplexer IT-Projekte.","breadcrumb":{"@id":"https:\/\/www.tec4net.com\/web\/mitarbeiter\/#breadcrumb"},"inLanguage":"de","potentialAction":[{"@type":"ReadAction","target":["https:\/\/www.tec4net.com\/web\/mitarbeiter\/"]}]},{"@type":"BreadcrumbList","@id":"https:\/\/www.tec4net.com\/web\/mitarbeiter\/#breadcrumb","itemListElement":[{"@type":"ListItem","position":1,"name":"Startseite","item":"https:\/\/www.tec4net.com\/web\/"},{"@type":"ListItem","position":2,"name":"Mitarbeiter"}]},{"@type":"WebSite","@id":"https:\/\/www.tec4net.com\/web\/#website","url":"https:\/\/www.tec4net.com\/web\/","name":"tec4net","description":"Ihr starker IT-Partner","publisher":{"@id":"https:\/\/www.tec4net.com\/web\/#organization"},"potentialAction":[{"@type":"SearchAction","target":{"@type":"EntryPoint","urlTemplate":"https:\/\/www.tec4net.com\/web\/?s={search_term_string}"},"query-input":"required name=search_term_string"}],"inLanguage":"de"},{"@type":"Organization","@id":"https:\/\/www.tec4net.com\/web\/#organization","name":"tec4net","url":"https:\/\/www.tec4net.com\/web\/","logo":{"@type":"ImageObject","inLanguage":"de","@id":"https:\/\/www.tec4net.com\/web\/#\/schema\/logo\/image\/","url":"https:\/\/www.tec4net.com\/web\/wp-content\/uploads\/2018\/12\/t4n_Logo_startseite.png","contentUrl":"https:\/\/www.tec4net.com\/web\/wp-content\/uploads\/2018\/12\/t4n_Logo_startseite.png","width":178,"height":163,"caption":"tec4net"},"image":{"@id":"https:\/\/www.tec4net.com\/web\/#\/schema\/logo\/image\/"}}]}},"_links":{"self":[{"href":"https:\/\/www.tec4net.com\/web\/wp-json\/wp\/v2\/pages\/889"}],"collection":[{"href":"https:\/\/www.tec4net.com\/web\/wp-json\/wp\/v2\/pages"}],"about":[{"href":"https:\/\/www.tec4net.com\/web\/wp-json\/wp\/v2\/types\/page"}],"author":[{"embeddable":true,"href":"https:\/\/www.tec4net.com\/web\/wp-json\/wp\/v2\/users\/1"}],"replies":[{"embeddable":true,"href":"https:\/\/www.tec4net.com\/web\/wp-json\/wp\/v2\/comments?post=889"}],"version-history":[{"count":33,"href":"https:\/\/www.tec4net.com\/web\/wp-json\/wp\/v2\/pages\/889\/revisions"}],"predecessor-version":[{"id":2581,"href":"https:\/\/www.tec4net.com\/web\/wp-json\/wp\/v2\/pages\/889\/revisions\/2581"}],"wp:attachment":[{"href":"https:\/\/www.tec4net.com\/web\/wp-json\/wp\/v2\/media?parent=889"}],"curies":[{"name":"wp","href":"https:\/\/api.w.org\/{rel}","templated":true}]}}