{"id":891,"date":"2018-12-21T11:27:01","date_gmt":"2018-12-21T10:27:01","guid":{"rendered":"https:\/\/www.tec4net.com\/web\/?page_id=891"},"modified":"2019-03-15T16:03:39","modified_gmt":"2019-03-15T15:03:39","slug":"methodik","status":"publish","type":"page","link":"https:\/\/www.tec4net.com\/web\/methodik\/","title":{"rendered":"Philosophie"},"content":{"rendered":"<p>[vc_row full_width=&#8220;stretch_row&#8220; equal_height=&#8220;yes&#8220; css=&#8220;.vc_custom_1546009551106{margin-top: -85px !important;padding-top: 50px !important;padding-bottom: 30px !important;background-color: #f0f0f0 !important;}&#8220;][vc_column width=&#8220;1\/4&#8243;][vc_column_text]<\/p>\n<h2 style=\"text-align: right;\"><span style=\"color: #026198;\">PHILOSOPHIE<\/span><\/h2>\n<p style=\"text-align: right;\"><span style=\"color: #026198;\"><strong>Unser Unternehmensleitfaden als Kompass f\u00fcr den Alltag.<br \/>\n<\/strong><\/span><\/p>\n<p>[\/vc_column_text][\/vc_column][vc_column width=&#8220;3\/4&#8243;][vc_single_image image=&#8220;1982&#8243; img_size=&#8220;full&#8220; alignment=&#8220;center&#8220; style=&#8220;vc_box_shadow_3d&#8220; css_animation=&#8220;fadeInUp&#8220;][\/vc_column][\/vc_row][vc_row][vc_column][vc_empty_space height=&#8220;30&#8243;][\/vc_column][\/vc_row][vc_row full_width=&#8220;stretch_row&#8220; equal_height=&#8220;yes&#8220; css=&#8220;.vc_custom_1550054108478{padding-top: 40px !important;padding-bottom: 40px !important;}&#8220;][vc_column width=&#8220;1\/2&#8243;][vc_column_text]<\/p>\n<h4 style=\"text-align: left;\"><span style=\"color: #026198;\">Menschen<\/span><\/h4>\n<p>Wir beraten keine Strukturen, sondern Menschen in Unternehmen und legen daher gro\u00dfen Wert auf den pers\u00f6nlichen Austausch und ein offenes Wort in allen Situationen. Wir stehen unseren Kunden hierbei als ein zuverl\u00e4ssiger Partner zur Seite, der hilft die richtige Entscheidungen zu treffen.[\/vc_column_text][vc_separator style=&#8220;dotted&#8220; border_width=&#8220;2&#8243;][vc_column_text]<\/p>\n<h4 style=\"text-align: left;\"><span style=\"color: #026198;\">Vertrauen<\/span><\/h4>\n<p>Das Vertrauen zwischen einem Unternehmer und seinem Berater ist die Grundlage f\u00fcr die erfolgreiche Zusammenarbeit. Besonders stolz sind wir daher, dass wir zu mehr als 80 % unserer Neukunden durch Empfehlungen akquirieren k\u00f6nnen.[\/vc_column_text][\/vc_column][vc_column width=&#8220;1\/2&#8243;][vc_column_text]<\/p>\n<h4 style=\"text-align: left;\"><span style=\"color: #026198;\">Motivation<\/span><\/h4>\n<p>Die Motivation von Mitarbeitern sehen wir als einen zentralen Erfolgsfaktor f\u00fcr eine gute Beratungsleistung beim Kunden. Wir haben daher stets ein offenes Ohr damit Zuversicht, Mut und Selbstvertrauen als Basis f\u00fcr das Tagesgesch\u00e4ft erhalten bleiben.[\/vc_column_text][vc_separator style=&#8220;dotted&#8220; border_width=&#8220;2&#8243;][vc_column_text]<\/p>\n<h4 style=\"text-align: left;\"><span style=\"color: #026198;\">Kompetenz<\/span><\/h4>\n<p style=\"text-align: left;\">Als Unternehmerberater und Wegbegleiter unserer Kunden, achten wir auf die kontinuierliche Weiterbildung unserer Mitarbeiter hinsichtlich Fach- und Sozialkompetenz.<\/p>\n<p>[\/vc_column_text][\/vc_column][\/vc_row][vc_row full_width=&#8220;stretch_row&#8220; equal_height=&#8220;yes&#8220; css_animation=&#8220;fadeIn&#8220; css=&#8220;.vc_custom_1550056854805{background-color: #f0f0f0 !important;}&#8220;][vc_column width=&#8220;1\/2&#8243;][vc_single_image image=&#8220;1644&#8243; img_size=&#8220;full&#8220;][\/vc_column][vc_column width=&#8220;1\/2&#8243; css=&#8220;.vc_custom_1550056582803{margin-top: 120px !important;}&#8220;][vc_column_text]<\/p>\n<h2 style=\"text-align: center;\"><span style=\"color: #026198;\">METHODIK<\/span><\/h2>\n<p style=\"text-align: center;\"><span style=\"color: #000000;\">Bei unserer Beratung orientieren wir<br \/>\nuns stets <\/span><span style=\"color: #000000;\">an der PDCA-Methodik nach W. A. Shewhart,<\/span><br \/>\n<span style=\"color: #000000;\">welche auch im Rahmen der<\/span><span style=\"color: #000000;\">IT Infrastructure Library (ITIL)<br \/>\nBest Practice f\u00fcr Planung,<\/span><span style=\"color: #000000;\">Organisation<br \/>\nund Betrieb von IT-Infrastrukturen<\/span><br \/>\n<span style=\"color: #000000;\">empfohlen wird.<\/span><\/p>\n<h4 style=\"text-align: center;\"><\/h4>\n<h4 style=\"text-align: center;\"><span style=\"color: #026198;\">Profitieren Sie von unserer Erfahrung<br \/>\nin der Gestaltung effizienter Prozesse.<\/span><\/h4>\n<p>[\/vc_column_text][\/vc_column][\/vc_row]<\/p>\n","protected":false},"excerpt":{"rendered":"<p>[vc_row full_width=&#8220;stretch_row&#8220; equal_height=&#8220;yes&#8220; css=&#8220;.vc_custom_1546009551106{margin-top: -85px !important;padding-top: 50px !important;padding-bottom: 30px !important;background-color: #f0f0f0 !important;}&#8220;][vc_column width=&#8220;1\/4&#8243;][vc_column_text] PHILOSOPHIE Unser Unternehmensleitfaden als Kompass f\u00fcr den Alltag. [\/vc_column_text][\/vc_column][vc_column width=&#8220;3\/4&#8243;][vc_single_image image=&#8220;1982&#8243; img_size=&#8220;full&#8220; alignment=&#8220;center&#8220; style=&#8220;vc_box_shadow_3d&#8220; css_animation=&#8220;fadeInUp&#8220;][\/vc_column][\/vc_row][vc_row][vc_column][vc_empty_space height=&#8220;30&#8243;][\/vc_column][\/vc_row][vc_row full_width=&#8220;stretch_row&#8220; equal_height=&#8220;yes&#8220; css=&#8220;.vc_custom_1550054108478{padding-top: 40px !important;padding-bottom: 40px !important;}&#8220;][vc_column width=&#8220;1\/2&#8243;][vc_column_text] Menschen Wir beraten keine Strukturen, sondern Menschen in Unternehmen und legen daher gro\u00dfen [&hellip;]<\/p>\n","protected":false},"author":1,"featured_media":0,"parent":0,"menu_order":0,"comment_status":"closed","ping_status":"closed","template":"","meta":[],"yoast_head":"<!-- This site is optimized with the Yoast SEO plugin v21.5 - https:\/\/yoast.com\/wordpress\/plugins\/seo\/ -->\n<title>Philosophie - tec4net<\/title>\n<meta name=\"description\" content=\"Wir beraten keine Strukturen, sondern Menschen in Unternehmen und legen daher gro\u00dfen Wert auf den pers\u00f6nlichen Austausch und ein offenes Wort in allen Situationen. Wir stehen unseren Kunden hierbei als ein zuverl\u00e4ssiger Partner zur Seite, der hilft die richtige Entscheidungen zu treffen.\" \/>\n<meta name=\"robots\" content=\"index, follow, max-snippet:-1, max-image-preview:large, max-video-preview:-1\" \/>\n<link rel=\"canonical\" href=\"https:\/\/www.tec4net.com\/web\/methodik\/\" \/>\n<meta property=\"og:locale\" content=\"de_DE\" \/>\n<meta property=\"og:type\" content=\"article\" \/>\n<meta property=\"og:title\" content=\"Philosophie - tec4net\" \/>\n<meta property=\"og:description\" content=\"Wir beraten keine Strukturen, sondern Menschen in Unternehmen und legen daher gro\u00dfen Wert auf den pers\u00f6nlichen Austausch und ein offenes Wort in allen Situationen. Wir stehen unseren Kunden hierbei als ein zuverl\u00e4ssiger Partner zur Seite, der hilft die richtige Entscheidungen zu treffen.\" \/>\n<meta property=\"og:url\" content=\"https:\/\/www.tec4net.com\/web\/methodik\/\" \/>\n<meta property=\"og:site_name\" content=\"tec4net\" \/>\n<meta property=\"article:modified_time\" content=\"2019-03-15T15:03:39+00:00\" \/>\n<meta name=\"twitter:card\" content=\"summary_large_image\" \/>\n<meta name=\"twitter:label1\" content=\"Gesch\u00e4tzte Lesezeit\" \/>\n\t<meta name=\"twitter:data1\" content=\"2\u00a0Minuten\" \/>\n<script type=\"application\/ld+json\" class=\"yoast-schema-graph\">{\"@context\":\"https:\/\/schema.org\",\"@graph\":[{\"@type\":\"WebPage\",\"@id\":\"https:\/\/www.tec4net.com\/web\/methodik\/\",\"url\":\"https:\/\/www.tec4net.com\/web\/methodik\/\",\"name\":\"Philosophie - tec4net\",\"isPartOf\":{\"@id\":\"https:\/\/www.tec4net.com\/web\/#website\"},\"datePublished\":\"2018-12-21T10:27:01+00:00\",\"dateModified\":\"2019-03-15T15:03:39+00:00\",\"description\":\"Wir beraten keine Strukturen, sondern Menschen in Unternehmen und legen daher gro\u00dfen Wert auf den pers\u00f6nlichen Austausch und ein offenes Wort in allen Situationen. Wir stehen unseren Kunden hierbei als ein zuverl\u00e4ssiger Partner zur Seite, der hilft die richtige Entscheidungen zu treffen.\",\"breadcrumb\":{\"@id\":\"https:\/\/www.tec4net.com\/web\/methodik\/#breadcrumb\"},\"inLanguage\":\"de\",\"potentialAction\":[{\"@type\":\"ReadAction\",\"target\":[\"https:\/\/www.tec4net.com\/web\/methodik\/\"]}]},{\"@type\":\"BreadcrumbList\",\"@id\":\"https:\/\/www.tec4net.com\/web\/methodik\/#breadcrumb\",\"itemListElement\":[{\"@type\":\"ListItem\",\"position\":1,\"name\":\"Startseite\",\"item\":\"https:\/\/www.tec4net.com\/web\/\"},{\"@type\":\"ListItem\",\"position\":2,\"name\":\"Philosophie\"}]},{\"@type\":\"WebSite\",\"@id\":\"https:\/\/www.tec4net.com\/web\/#website\",\"url\":\"https:\/\/www.tec4net.com\/web\/\",\"name\":\"tec4net\",\"description\":\"Ihr starker IT-Partner\",\"publisher\":{\"@id\":\"https:\/\/www.tec4net.com\/web\/#organization\"},\"potentialAction\":[{\"@type\":\"SearchAction\",\"target\":{\"@type\":\"EntryPoint\",\"urlTemplate\":\"https:\/\/www.tec4net.com\/web\/?s={search_term_string}\"},\"query-input\":\"required name=search_term_string\"}],\"inLanguage\":\"de\"},{\"@type\":\"Organization\",\"@id\":\"https:\/\/www.tec4net.com\/web\/#organization\",\"name\":\"tec4net\",\"url\":\"https:\/\/www.tec4net.com\/web\/\",\"logo\":{\"@type\":\"ImageObject\",\"inLanguage\":\"de\",\"@id\":\"https:\/\/www.tec4net.com\/web\/#\/schema\/logo\/image\/\",\"url\":\"https:\/\/www.tec4net.com\/web\/wp-content\/uploads\/2018\/12\/t4n_Logo_startseite.png\",\"contentUrl\":\"https:\/\/www.tec4net.com\/web\/wp-content\/uploads\/2018\/12\/t4n_Logo_startseite.png\",\"width\":178,\"height\":163,\"caption\":\"tec4net\"},\"image\":{\"@id\":\"https:\/\/www.tec4net.com\/web\/#\/schema\/logo\/image\/\"}}]}<\/script>\n<!-- \/ Yoast SEO plugin. -->","yoast_head_json":{"title":"Philosophie - tec4net","description":"Wir beraten keine Strukturen, sondern Menschen in Unternehmen und legen daher gro\u00dfen Wert auf den pers\u00f6nlichen Austausch und ein offenes Wort in allen Situationen. Wir stehen unseren Kunden hierbei als ein zuverl\u00e4ssiger Partner zur Seite, der hilft die richtige Entscheidungen zu treffen.","robots":{"index":"index","follow":"follow","max-snippet":"max-snippet:-1","max-image-preview":"max-image-preview:large","max-video-preview":"max-video-preview:-1"},"canonical":"https:\/\/www.tec4net.com\/web\/methodik\/","og_locale":"de_DE","og_type":"article","og_title":"Philosophie - tec4net","og_description":"Wir beraten keine Strukturen, sondern Menschen in Unternehmen und legen daher gro\u00dfen Wert auf den pers\u00f6nlichen Austausch und ein offenes Wort in allen Situationen. Wir stehen unseren Kunden hierbei als ein zuverl\u00e4ssiger Partner zur Seite, der hilft die richtige Entscheidungen zu treffen.","og_url":"https:\/\/www.tec4net.com\/web\/methodik\/","og_site_name":"tec4net","article_modified_time":"2019-03-15T15:03:39+00:00","twitter_card":"summary_large_image","twitter_misc":{"Gesch\u00e4tzte Lesezeit":"2\u00a0Minuten"},"schema":{"@context":"https:\/\/schema.org","@graph":[{"@type":"WebPage","@id":"https:\/\/www.tec4net.com\/web\/methodik\/","url":"https:\/\/www.tec4net.com\/web\/methodik\/","name":"Philosophie - tec4net","isPartOf":{"@id":"https:\/\/www.tec4net.com\/web\/#website"},"datePublished":"2018-12-21T10:27:01+00:00","dateModified":"2019-03-15T15:03:39+00:00","description":"Wir beraten keine Strukturen, sondern Menschen in Unternehmen und legen daher gro\u00dfen Wert auf den pers\u00f6nlichen Austausch und ein offenes Wort in allen Situationen. Wir stehen unseren Kunden hierbei als ein zuverl\u00e4ssiger Partner zur Seite, der hilft die richtige Entscheidungen zu treffen.","breadcrumb":{"@id":"https:\/\/www.tec4net.com\/web\/methodik\/#breadcrumb"},"inLanguage":"de","potentialAction":[{"@type":"ReadAction","target":["https:\/\/www.tec4net.com\/web\/methodik\/"]}]},{"@type":"BreadcrumbList","@id":"https:\/\/www.tec4net.com\/web\/methodik\/#breadcrumb","itemListElement":[{"@type":"ListItem","position":1,"name":"Startseite","item":"https:\/\/www.tec4net.com\/web\/"},{"@type":"ListItem","position":2,"name":"Philosophie"}]},{"@type":"WebSite","@id":"https:\/\/www.tec4net.com\/web\/#website","url":"https:\/\/www.tec4net.com\/web\/","name":"tec4net","description":"Ihr starker IT-Partner","publisher":{"@id":"https:\/\/www.tec4net.com\/web\/#organization"},"potentialAction":[{"@type":"SearchAction","target":{"@type":"EntryPoint","urlTemplate":"https:\/\/www.tec4net.com\/web\/?s={search_term_string}"},"query-input":"required name=search_term_string"}],"inLanguage":"de"},{"@type":"Organization","@id":"https:\/\/www.tec4net.com\/web\/#organization","name":"tec4net","url":"https:\/\/www.tec4net.com\/web\/","logo":{"@type":"ImageObject","inLanguage":"de","@id":"https:\/\/www.tec4net.com\/web\/#\/schema\/logo\/image\/","url":"https:\/\/www.tec4net.com\/web\/wp-content\/uploads\/2018\/12\/t4n_Logo_startseite.png","contentUrl":"https:\/\/www.tec4net.com\/web\/wp-content\/uploads\/2018\/12\/t4n_Logo_startseite.png","width":178,"height":163,"caption":"tec4net"},"image":{"@id":"https:\/\/www.tec4net.com\/web\/#\/schema\/logo\/image\/"}}]}},"_links":{"self":[{"href":"https:\/\/www.tec4net.com\/web\/wp-json\/wp\/v2\/pages\/891"}],"collection":[{"href":"https:\/\/www.tec4net.com\/web\/wp-json\/wp\/v2\/pages"}],"about":[{"href":"https:\/\/www.tec4net.com\/web\/wp-json\/wp\/v2\/types\/page"}],"author":[{"embeddable":true,"href":"https:\/\/www.tec4net.com\/web\/wp-json\/wp\/v2\/users\/1"}],"replies":[{"embeddable":true,"href":"https:\/\/www.tec4net.com\/web\/wp-json\/wp\/v2\/comments?post=891"}],"version-history":[{"count":114,"href":"https:\/\/www.tec4net.com\/web\/wp-json\/wp\/v2\/pages\/891\/revisions"}],"predecessor-version":[{"id":2050,"href":"https:\/\/www.tec4net.com\/web\/wp-json\/wp\/v2\/pages\/891\/revisions\/2050"}],"wp:attachment":[{"href":"https:\/\/www.tec4net.com\/web\/wp-json\/wp\/v2\/media?parent=891"}],"curies":[{"name":"wp","href":"https:\/\/api.w.org\/{rel}","templated":true}]}}